{"id":206,"date":"2022-10-03T11:15:34","date_gmt":"2022-10-03T10:15:34","guid":{"rendered":"http:\/\/bellissima-films.com\/din-lokala-dating-match-maker\/"},"modified":"2022-11-07T13:49:27","modified_gmt":"2022-11-07T13:49:27","slug":"din-lokala-dating-match-maker","status":"publish","type":"page","link":"https:\/\/bellissima-films.com\/sv\/","title":{"rendered":"Din lokala Dating Match Maker"},"content":{"rendered":"<p>N\u00e4tdejting \u00e4r big business. Faktum \u00e4r att enligt en uppskattning \u00e4r branschen v\u00e4rd 1 miljard dollar \u00e5rligen. Men medan de flesta webbplatser \u00e4r dyra, \u00e4r vissa byggda specifikt med tanken p\u00e5 att erbjuda en gratis provperiod. Webbplatser som OkCupid, PlentyOfFish och Match.com erbjuder till och med gratis medlemskap. Och medan dessa tre \u00e4r bland de st\u00f6rsta namnen i rymden, finns det m\u00e5nga andra.<\/p>\n<h2>Kom ig\u00e5ng med gratis dejtingsajter f\u00f6r vuxna<\/h2>\n<p>Medan vissa gratiswebbplatser har begr\u00e4nsningar, som att kr\u00e4va ett kreditkortsnummer, l\u00e5ter andra dig bl\u00e4ddra och skicka meddelanden utan att betala n\u00e5got i f\u00f6rv\u00e4g. Till exempel till\u00e5ter Bumble kvinnor att g\u00f6ra det f\u00f6rsta steget, medan Hinge l\u00e5ter m\u00e4n initiera kontakt. Dessa typer av webbplatser ger dig m\u00f6jlighet att prova n\u00e5got annat utan att beg\u00e5 f\u00f6r mycket pengar.<\/p>\n<p>Men bara f\u00f6r att du kan anv\u00e4nda en webbplats gratis betyder det inte att du borde. \u00c4ven om gratis dejtingsajter inte alltid passar bra f\u00f6r alla, ger de ofta ett bra alternativ f\u00f6r folk som vill undvika att spendera massor av pengar i f\u00f6rv\u00e4g. Och om du best\u00e4mmer dig f\u00f6r att uppgradera senare har du fortfarande tillg\u00e5ng till allt du har gjort. V\u00e4rlden av online dating \u00e4r full av alternativ <a href=\"http:\/\/www.sexdating-at.com\">Sexdating-AT.com<\/a>. Fr\u00e5n betalda prenumerationssidor som Match.com och OkCupid till sociala medieplattformar som Facebook och Titter, det finns m\u00e5nga s\u00e4tt att tr\u00e4ffa m\u00e4nniskor. Men det som fungerar b\u00e4st f\u00f6r en person kanske inte fungerar f\u00f6r en annan. S\u00e5 vi s\u00e4tter ihop en lista \u00f6ver v\u00e5ra favorit dejtingappar och webbplatser. Oavsett om du vill ha n\u00e5got seri\u00f6st eller bara letar efter n\u00e5gon att g\u00e5 ut med, tror vi att du hittar en match h\u00e4r.<\/p>\n<h3>Snabbguide till appar du kan prova nu<\/h3>\n<p>Gratis dejtingsajter och appar \u00e4r ett bra s\u00e4tt att hitta n\u00e5gon speciell. Oavsett om du vill dejta avslappnat, f\u00e5 ett l\u00e5ngsiktigt f\u00f6rh\u00e5llande att fungera eller bara se vad som finns d\u00e4r ute, erbjuder dessa plattformar m\u00e5nga alternativ. H\u00e4r \u00e4r n\u00e5gra av v\u00e5ra favoriter<\/p>\n<ul>\n<li>Facebook Dating &#8211; Denna dejtingsajt \u00e4r helt gratis att anv\u00e4nda, och det g\u00f6r det enkelt att hitta matchningar eftersom den anv\u00e4nder Facebooks algoritm f\u00f6r att matcha dig med v\u00e4nner till v\u00e4nner. Du kan bl\u00e4ddra bland medlemmar baserat p\u00e5 plats, \u00e5lder, k\u00f6n, relationsstatus, intressen och till och med gemensamma v\u00e4nner.<\/li>\n<li>Hinge &#8211; Hinge \u00e4r en popul\u00e4r dejtingsapp d\u00e4r du kan f\u00e5 kontakt med m\u00e4nniskor baserat p\u00e5 delade passioner som musik, filmer, sport och hobbyer. Du kan ocks\u00e5 st\u00e4lla in inst\u00e4llningar som om du hellre vill g\u00e5 p\u00e5 datum eller umg\u00e5s med v\u00e4nner.<\/li>\n<li>OKCupid &#8211; OKCupid \u00e4r en av de \u00e4ldsta dejtingsajterna som finns, och den erbjuder fortfarande ett rent gr\u00e4nssnitt och massor av anv\u00e4ndbara verktyg. Du kan filtrera medlemmar baserat p\u00e5 \u00e5lder, avst\u00e5nd, sexuell l\u00e4ggning, religion, etnicitet, utbildningsniv\u00e5, inkomst, yrke, kroppstyp och l\u00e4ngd.<\/li>\n<li>Tinder &#8211; Tinder \u00e4r mycket som OkCupid n\u00e4r det g\u00e4ller <a href=\"http:\/\/www.deittisovellus.net\">Deittisovellus.net<\/a> hur det fungerar, men det fokuserar p\u00e5 att svepa \u00e5t v\u00e4nster eller h\u00f6ger p\u00e5 foton av potentiella matchningar. Om du sveper \u00e5t h\u00f6ger f\u00e5r du ett meddelande om att personen ocks\u00e5 gillar dig.<\/li>\n<li>Match &#8211; Match liknar OkCupid och Tinder genom att det l\u00e5ter dig svepa \u00e5t v\u00e4nster eller h\u00f6ger p\u00e5 bilder av m\u00e4nniskor. Match l\u00e5ter dig dock s\u00f6ka efter specifika typer av m\u00e4nniskor, inklusive de som \u00e4r intresserade av \u00e4ktenskap, avslappnade anslutningar, v\u00e4nskap etc.<\/li>\n<li>Zoosk &#8211; Zoosk skiljer sig lite fr\u00e5n resten av webbplatserna som listas h\u00e4r eftersom det inte kr\u00e4ver att du laddar upp ett foto. Ist\u00e4llet svarar du p\u00e5 fr\u00e5gor om dig sj\u00e4lv och l\u00e5ter Zoosk g\u00f6ra matchningen.<\/li>\n<\/ul>\n<p><img loading=\"lazy\" class=\"aligncenter wp-image-34\" src=\"http:\/\/bellissima-films.com\/wp-content\/uploads\/2022\/10\/aff-1024x649.png\" alt=\"\" width=\"860\" height=\"545\" srcset=\"https:\/\/bellissima-films.com\/wp-content\/uploads\/2022\/10\/aff-1024x649.png 1024w, https:\/\/bellissima-films.com\/wp-content\/uploads\/2022\/10\/aff-300x190.png 300w, https:\/\/bellissima-films.com\/wp-content\/uploads\/2022\/10\/aff-768x487.png 768w, https:\/\/bellissima-films.com\/wp-content\/uploads\/2022\/10\/aff-1536x974.png 1536w, https:\/\/bellissima-films.com\/wp-content\/uploads\/2022\/10\/aff.png 1553w\" sizes=\"(max-width: 860px) 100vw, 860px\" \/><\/p>\n<h2>V\u00e5rt b\u00e4sta val f\u00f6r avslappnad sex &#8211; AdultFriendFinder<\/h2>\n<p>\u00c4r du tr\u00f6tt p\u00e5 dejtingsajter som inte levererar? \u00d6nskar du att det fanns en dejtingsajt f\u00f6r vuxna som hade allt du ville ha? Om du svarade ja p\u00e5 n\u00e5gon av fr\u00e5gorna kanske du vill l\u00e4sa v\u00e5r recension av Adult Friend Finder. Vi granskade Adult Friend Finder och fann att den har massor av funktioner som de flesta andra dejtingsajter saknar. Det betyder att du inte kommer att bli uttr\u00e5kad h\u00e4r.<\/p>\n<p>F\u00f6rutom dess fantastiska funktioner erbjuder Adult Friend Finder en enorm anv\u00e4ndarbas. Det finns f\u00f6r n\u00e4rvarande \u00f6ver 1 miljon medlemmar <a href=\"http:\/\/www.treffisivusto.com\">Treffisivusto.com<\/a> som anv\u00e4nder denna webbplats. Detta g\u00f6r det till en av de st\u00f6rsta dejtingsajterna f\u00f6r vuxna online. Och eftersom den har en s\u00e5 stor anv\u00e4ndarbas kan du f\u00f6rv\u00e4nta dig att hitta massor av potentiella matchningar h\u00e4r.<\/p>\n<p>Det finns flera anledningar till varf\u00f6r Adult Friend Finder \u00e4r en av de h\u00f6gst rankade dejtingsajterna f\u00f6r vuxna. L\u00e5t oss g\u00e5 igenom dem just nu.<\/p>\n<h3>Anv\u00e4ndarbas<\/h3>\n<p>Som n\u00e4mnts ovan har Adult Friend Finder \u00f6ver 1 miljon aktiva anv\u00e4ndare. Det \u00e4r ganska imponerande med tanke p\u00e5 att det har funnits i \u00f6ver 10 \u00e5r.<\/p>\n<p>Hittills har webbplatsen inte saktat ner. Det forts\u00e4tter att v\u00e4xa varje m\u00e5nad.<\/p>\n<h3>S\u00e4kerhet<\/h3>\n<p>N\u00e4r du g\u00e5r med i Adult Friend Finder kommer du att m\u00e4rka att det inte verkar som n\u00e5gon annan dejtingsajt. Detta beror p\u00e5 att Adult Friend Finder fokuserar p\u00e5 att tillhandah\u00e5lla en s\u00e4ker milj\u00f6 f\u00f6r sina medlemmar. De erbjuder ett brett utbud av s\u00e4kerhets\u00e5tg\u00e4rder f\u00f6r att skydda mot bedragare och rovdjur. Dessa inkluderar saker som att verifiera e-postadresser, kr\u00e4va foto-ID och erbjuda 24\/7 kundsupport.<\/p>\n<p>Alla dessa skydds\u00e5tg\u00e4rder s\u00e4kerst\u00e4ller att du k\u00e4nner dig bekv\u00e4m med att g\u00e5 med i Adult Friend Finder.<\/p>\n<h3>Funktioner<\/h3>\n<p>Adult Friend Finder har massor av funktioner. De t\u00e4cker n\u00e4stan alla aspekter av ditt liv. Du kan till exempel s\u00f6ka efter medlemmar baserat p\u00e5 plats, k\u00f6n, etnicitet, sexuell l\u00e4ggning, relationsstatus, intressen och mycket mer. Du kan ocks\u00e5 bl\u00e4ddra bland profiler, skicka meddelanden, visa medlemsbilder och chatta med medlemmar. Viktigast av allt \u00e4r att du kan dela dina favoritvideor, musik och b\u00f6cker med andra medlemmar.<\/p>\n<p>Med alla dessa funktioner f\u00e5r du aldrig slut p\u00e5 saker att g\u00f6ra p\u00e5 Adult Friend Finder.<\/p>\n","protected":false},"excerpt":{"rendered":"<p>N\u00e4tdejting \u00e4r big business. Faktum \u00e4r att enligt en uppskattning \u00e4r branschen v\u00e4rd 1 miljard dollar \u00e5rligen. Men medan de flesta webbplatser \u00e4r dyra, \u00e4r vissa byggda specifikt med tanken p\u00e5 att erbjuda en gratis provperiod. Webbplatser som OkCupid, PlentyOfFish och Match.com erbjuder till och med gratis medlemskap. Och medan\u2026<\/p>\n","protected":false},"author":1,"featured_media":116,"parent":0,"menu_order":0,"comment_status":"closed","ping_status":"closed","template":"","meta":[],"yoast_head":"<!-- This site is optimized with the Yoast SEO plugin v17.7.1 - https:\/\/yoast.com\/wordpress\/plugins\/seo\/ -->\n<title>Din lokala Dating Match Maker - Film Reviews<\/title>\n<meta name=\"robots\" content=\"index, follow, max-snippet:-1, max-image-preview:large, max-video-preview:-1\" \/>\n<link rel=\"canonical\" href=\"https:\/\/bellissima-films.com\/sv\/\" \/>\n<meta property=\"og:locale\" content=\"sv_SE\" \/>\n<meta property=\"og:type\" content=\"article\" \/>\n<meta property=\"og:title\" content=\"Din lokala Dating Match Maker - Film Reviews\" \/>\n<meta property=\"og:description\" content=\"N\u00e4tdejting \u00e4r big business. Faktum \u00e4r att enligt en uppskattning \u00e4r branschen v\u00e4rd 1 miljard dollar \u00e5rligen. Men medan de flesta webbplatser \u00e4r dyra, \u00e4r vissa byggda specifikt med tanken p\u00e5 att erbjuda en gratis provperiod. Webbplatser som OkCupid, PlentyOfFish och Match.com erbjuder till och med gratis medlemskap. Och medan\u2026\" \/>\n<meta property=\"og:url\" content=\"https:\/\/bellissima-films.com\/sv\/\" \/>\n<meta property=\"og:site_name\" content=\"Film Reviews\" \/>\n<meta property=\"article:modified_time\" content=\"2022-11-07T13:49:27+00:00\" \/>\n<meta name=\"twitter:card\" content=\"summary_large_image\" \/>\n<meta name=\"twitter:image\" content=\"https:\/\/bellissima-films.com\/wp-content\/uploads\/2022\/10\/meet-for-dating.webp\" \/>\n<meta name=\"twitter:label1\" content=\"Ber\u00e4knad l\u00e4stid\" \/>\n\t<meta name=\"twitter:data1\" content=\"5 minuter\" \/>\n<script type=\"application\/ld+json\" class=\"yoast-schema-graph\">{\"@context\":\"https:\/\/schema.org\",\"@graph\":[{\"@type\":\"WebSite\",\"@id\":\"http:\/\/bellissima-films.com\/sv\/#website\",\"url\":\"http:\/\/bellissima-films.com\/sv\/\",\"name\":\"Film Reviews\",\"description\":\"Real Hookups\",\"potentialAction\":[{\"@type\":\"SearchAction\",\"target\":{\"@type\":\"EntryPoint\",\"urlTemplate\":\"http:\/\/bellissima-films.com\/sv\/?s={search_term_string}\"},\"query-input\":\"required name=search_term_string\"}],\"inLanguage\":\"sv-SE\"},{\"@type\":\"ImageObject\",\"@id\":\"https:\/\/bellissima-films.com\/sv\/#primaryimage\",\"inLanguage\":\"sv-SE\",\"url\":\"https:\/\/bellissima-films.com\/wp-content\/uploads\/2022\/10\/meet-for-dating.webp\",\"contentUrl\":\"https:\/\/bellissima-films.com\/wp-content\/uploads\/2022\/10\/meet-for-dating.webp\",\"width\":1125,\"height\":750},{\"@type\":\"WebPage\",\"@id\":\"https:\/\/bellissima-films.com\/sv\/#webpage\",\"url\":\"https:\/\/bellissima-films.com\/sv\/\",\"name\":\"Din lokala Dating Match Maker - Film Reviews\",\"isPartOf\":{\"@id\":\"http:\/\/bellissima-films.com\/sv\/#website\"},\"primaryImageOfPage\":{\"@id\":\"https:\/\/bellissima-films.com\/sv\/#primaryimage\"},\"datePublished\":\"2022-10-03T10:15:34+00:00\",\"dateModified\":\"2022-11-07T13:49:27+00:00\",\"breadcrumb\":{\"@id\":\"https:\/\/bellissima-films.com\/sv\/#breadcrumb\"},\"inLanguage\":\"sv-SE\",\"potentialAction\":[{\"@type\":\"ReadAction\",\"target\":[\"https:\/\/bellissima-films.com\/sv\/\"]}]},{\"@type\":\"BreadcrumbList\",\"@id\":\"https:\/\/bellissima-films.com\/sv\/#breadcrumb\",\"itemListElement\":[{\"@type\":\"ListItem\",\"position\":1,\"name\":\"Home\",\"item\":\"http:\/\/bellissima-films.com\/sv\/\"},{\"@type\":\"ListItem\",\"position\":2,\"name\":\"Din lokala Dating Match Maker\"}]}]}<\/script>\n<!-- \/ Yoast SEO plugin. -->","yoast_head_json":{"title":"Din lokala Dating Match Maker - Film Reviews","robots":{"index":"index","follow":"follow","max-snippet":"max-snippet:-1","max-image-preview":"max-image-preview:large","max-video-preview":"max-video-preview:-1"},"canonical":"https:\/\/bellissima-films.com\/sv\/","og_locale":"sv_SE","og_type":"article","og_title":"Din lokala Dating Match Maker - Film Reviews","og_description":"N\u00e4tdejting \u00e4r big business. Faktum \u00e4r att enligt en uppskattning \u00e4r branschen v\u00e4rd 1 miljard dollar \u00e5rligen. Men medan de flesta webbplatser \u00e4r dyra, \u00e4r vissa byggda specifikt med tanken p\u00e5 att erbjuda en gratis provperiod. Webbplatser som OkCupid, PlentyOfFish och Match.com erbjuder till och med gratis medlemskap. Och medan\u2026","og_url":"https:\/\/bellissima-films.com\/sv\/","og_site_name":"Film Reviews","article_modified_time":"2022-11-07T13:49:27+00:00","twitter_card":"summary_large_image","twitter_image":"https:\/\/bellissima-films.com\/wp-content\/uploads\/2022\/10\/meet-for-dating.webp","twitter_misc":{"Ber\u00e4knad l\u00e4stid":"5 minuter"},"schema":{"@context":"https:\/\/schema.org","@graph":[{"@type":"WebSite","@id":"http:\/\/bellissima-films.com\/sv\/#website","url":"http:\/\/bellissima-films.com\/sv\/","name":"Film Reviews","description":"Real Hookups","potentialAction":[{"@type":"SearchAction","target":{"@type":"EntryPoint","urlTemplate":"http:\/\/bellissima-films.com\/sv\/?s={search_term_string}"},"query-input":"required name=search_term_string"}],"inLanguage":"sv-SE"},{"@type":"ImageObject","@id":"https:\/\/bellissima-films.com\/sv\/#primaryimage","inLanguage":"sv-SE","url":"https:\/\/bellissima-films.com\/wp-content\/uploads\/2022\/10\/meet-for-dating.webp","contentUrl":"https:\/\/bellissima-films.com\/wp-content\/uploads\/2022\/10\/meet-for-dating.webp","width":1125,"height":750},{"@type":"WebPage","@id":"https:\/\/bellissima-films.com\/sv\/#webpage","url":"https:\/\/bellissima-films.com\/sv\/","name":"Din lokala Dating Match Maker - Film Reviews","isPartOf":{"@id":"http:\/\/bellissima-films.com\/sv\/#website"},"primaryImageOfPage":{"@id":"https:\/\/bellissima-films.com\/sv\/#primaryimage"},"datePublished":"2022-10-03T10:15:34+00:00","dateModified":"2022-11-07T13:49:27+00:00","breadcrumb":{"@id":"https:\/\/bellissima-films.com\/sv\/#breadcrumb"},"inLanguage":"sv-SE","potentialAction":[{"@type":"ReadAction","target":["https:\/\/bellissima-films.com\/sv\/"]}]},{"@type":"BreadcrumbList","@id":"https:\/\/bellissima-films.com\/sv\/#breadcrumb","itemListElement":[{"@type":"ListItem","position":1,"name":"Home","item":"http:\/\/bellissima-films.com\/sv\/"},{"@type":"ListItem","position":2,"name":"Din lokala Dating Match Maker"}]}]}},"_links":{"self":[{"href":"https:\/\/bellissima-films.com\/sv\/wp-json\/wp\/v2\/pages\/206"}],"collection":[{"href":"https:\/\/bellissima-films.com\/sv\/wp-json\/wp\/v2\/pages"}],"about":[{"href":"https:\/\/bellissima-films.com\/sv\/wp-json\/wp\/v2\/types\/page"}],"author":[{"embeddable":true,"href":"https:\/\/bellissima-films.com\/sv\/wp-json\/wp\/v2\/users\/1"}],"replies":[{"embeddable":true,"href":"https:\/\/bellissima-films.com\/sv\/wp-json\/wp\/v2\/comments?post=206"}],"version-history":[{"count":2,"href":"https:\/\/bellissima-films.com\/sv\/wp-json\/wp\/v2\/pages\/206\/revisions"}],"predecessor-version":[{"id":307,"href":"https:\/\/bellissima-films.com\/sv\/wp-json\/wp\/v2\/pages\/206\/revisions\/307"}],"wp:featuredmedia":[{"embeddable":true,"href":"https:\/\/bellissima-films.com\/sv\/wp-json\/wp\/v2\/media\/116"}],"wp:attachment":[{"href":"https:\/\/bellissima-films.com\/sv\/wp-json\/wp\/v2\/media?parent=206"}],"curies":[{"name":"wp","href":"https:\/\/api.w.org\/{rel}","templated":true}]}}