{"id":174,"date":"2022-10-03T13:29:28","date_gmt":"2022-10-03T12:29:28","guid":{"rendered":"http:\/\/bellissima-films.com\/sexting-webbplatser-online\/"},"modified":"2022-10-03T13:29:28","modified_gmt":"2022-10-03T12:29:28","slug":"sexting-webbplatser-online","status":"publish","type":"page","link":"https:\/\/bellissima-films.com\/sv\/sexting-webbplatser-online\/","title":{"rendered":"Sexting webbplatser online"},"content":{"rendered":"<p>Det finns en m\u00e4ngd olika sextingwebbplatser online som till\u00e5ter anv\u00e4ndare att skicka och ta emot sexuellt uttryckliga meddelanden och bilder. Dessa webbplatser kan vara ett bra s\u00e4tt att ansluta sig till n\u00e5gon som delar dina intressen och \u00f6nskem\u00e5l. Det \u00e4r dock viktigt att vara medveten om de potentiella riskerna med att anv\u00e4nda dessa webbplatser. I synnerhet finns det potential f\u00f6r n\u00e5gon att spara eller dela dina meddelanden eller bilder utan ditt samtycke. Detta kan leda till f\u00f6rl\u00e4genhet eller till och med juridiska problem. D\u00e4rf\u00f6r \u00e4r det viktigt att bara sexta med n\u00e5gon som du litar p\u00e5 och som du \u00e4r s\u00e4ker p\u00e5 kommer att h\u00e5lla dina meddelanden och bilder privata.<\/p>\n<h2>Gratis Sexting Webbplatser<\/h2>\n<p>\u00c4ven om sexting kan vara ett roligt och enkelt s\u00e4tt att krydda ditt sexliv, finns det ocks\u00e5 n\u00e5gra risker att t\u00e4nka p\u00e5. Om du till exempel sextar med n\u00e5gon du inte har ett f\u00f6rh\u00e5llande med kan de dela dina foton eller meddelanden utan ditt samtycke. Dessutom finns det alltid m\u00f6jligheten att dina sexts kan f\u00e5ngas upp av n\u00e5gon annan, som en hackare.<\/p>\n<p>Det \u00e4r d\u00e4rf\u00f6r det \u00e4r viktigt att vara f\u00f6rsiktig n\u00e4r du v\u00e4ljer en sextingpartner och se till att ni b\u00e5da \u00e4r p\u00e5 samma sida om att h\u00e5lla saker privata. Det finns n\u00e5gra olika s\u00e4tt att g\u00f6ra detta. F\u00f6r det f\u00f6rsta kan du bara sexta med n\u00e5gon du k\u00e4nner och litar p\u00e5. Eller s\u00e5 kan du anv\u00e4nda en sexting-webbplats eller app som erbjuder end-to-end-kryptering, vilket inneb\u00e4r att dina meddelanden \u00e4r krypterade och bara kan l\u00e4sas av den person de \u00e4r avsedda f\u00f6r. Slutligen \u00e4r det alltid en bra id\u00e9 att ha en konversation med din sextingpartner om vad ni b\u00e5da \u00e4r bekv\u00e4ma med innan ni b\u00f6rjar utbyta meddelanden. P\u00e5 s\u00e5 s\u00e4tt kan du undvika eventuella missf\u00f6rst\u00e5nd eller s\u00e5rade k\u00e4nslor.<\/p>\n<h2>Avslappnad sexchatt<\/h2>\n<p>I v\u00e4rlden av online dating kan avslappnad sexchatt vara ett bra s\u00e4tt att l\u00e4ra k\u00e4nna n\u00e5gon ny. Det kan vara ett roligt och enkelt s\u00e4tt att f\u00e5 kontakt med n\u00e5gon utan pressen fr\u00e5n ett engagerat f\u00f6rh\u00e5llande. Det \u00e4r dock viktigt att komma ih\u00e5g att avslappnad sexchatt \u00e4r just det &#8211; avslappnad. L\u00e5t det inte leda till n\u00e5got allvarligare om ni inte b\u00e5da \u00e4r p\u00e5 samma sida. Om du bara letar efter lite kul, njut av chatten, men bli inte f\u00f6r knuten.<\/p>\n<h2>Sexchattrum<\/h2>\n<p>Internet har gett m\u00e4nniskor ett bra s\u00e4tt att f\u00e5 kontakt med andra f\u00f6r dejting och sexchattrum \u00e4r ett bra s\u00e4tt att g\u00f6ra det. Du kan hitta chattrum f\u00f6r personer som \u00e4r intresserade av alla m\u00f6jliga olika saker och du kan l\u00e4ra k\u00e4nna m\u00e4nniskor innan du n\u00e5gonsin tr\u00e4ffar dem personligen. Detta kan vara ett bra s\u00e4tt att tr\u00e4ffa nya m\u00e4nniskor och att utforska din sexualitet.<\/p>\n<h3>FlingPals<\/h3>\n<p>FlingPals \u00e4r en ny sexting-app som till\u00e5ter anv\u00e4ndare att skicka och ta emot smutsiga texter och foton fr\u00e5n andra anv\u00e4ndare. Appen \u00e4r gratis att ladda ner och anv\u00e4nda, och den erbjuder en premiumprenumeration f\u00f6r $ 4.99 per m\u00e5nad. Appen \u00e4r tillg\u00e4nglig f\u00f6r iOS- och Android-enheter. FlingPals \u00e4r en fantastisk sexting-app f\u00f6r m\u00e4nniskor som letar efter ett nytt s\u00e4tt att bli smutsiga med sina partners. Appen \u00e4r enkel att anv\u00e4nda och den \u00e4r gratis att ladda ner och anv\u00e4nda. Appen erbjuder ocks\u00e5 en premiumprenumeration f\u00f6r $ 4.99 per m\u00e5nad. Appen \u00e4r tillg\u00e4nglig f\u00f6r iOS- och Android-enheter.<\/p>\n<h3>Xpress<\/h3>\n<p>Om du letar efter en dejtingsapp som g\u00f6r det enkelt att ansluta till lokala singlar, \u00e4r Xpress v\u00e4rt att kolla in. Den h\u00e4r appen \u00e4r enkel att anv\u00e4nda och den \u00e4r gratis att ladda ner, vilket g\u00f6r den till ett utm\u00e4rkt alternativ f\u00f6r alla som letar efter ett snabbt och enkelt s\u00e4tt att ansluta till potentiella anslutningar.<\/p>\n<p>En nackdel med Xpress \u00e4r dock att det inte \u00e4r den mest p\u00e5litliga appen n\u00e4r det g\u00e4ller sexting. \u00c4ven om du s\u00e4kert kan hitta m\u00e4nniskor att sexta med i den h\u00e4r appen, kanske du har b\u00e4ttre tur p\u00e5 andra plattformar som \u00e4r speciellt utformade f\u00f6r sexting.<\/p>\n<h3>BBWCupid<\/h3>\n<p>BBWCupid \u00e4r en dejtingapp designad speciellt f\u00f6r singlar i plusstorlek och deras beundrare. Appen \u00e4r gratis att ladda ner och anv\u00e4nda, men du kan uppgradera till ett premiummedlemskap f\u00f6r att l\u00e5sa upp ytterligare funktioner. Med ett premiummedlemskap kan du visa profiler f\u00f6r andra anv\u00e4ndare som \u00e4r intresserade av dejting i plusstorlek, skicka och ta emot meddelanden och anv\u00e4nda appens avancerade s\u00f6kfilter. Om du letar efter en dejtingsapp i plusstorlek som g\u00f6r det enkelt att ansluta till andra singlar \u00e4r BBWCupid definitivt v\u00e4rt att kolla in. Appens anv\u00e4ndarv\u00e4nliga gr\u00e4nssnitt och omfattande s\u00f6kfilter g\u00f6r det till ett utm\u00e4rkt alternativ f\u00f6r att hitta ditt n\u00e4sta datum eller anslutning. Och med ett gratis medlemskap kan du prova utan att bryta banken.<\/p>\n","protected":false},"excerpt":{"rendered":"<p>Det finns en m\u00e4ngd olika sextingwebbplatser online som till\u00e5ter anv\u00e4ndare att skicka och ta emot sexuellt uttryckliga meddelanden och bilder. Dessa webbplatser kan vara ett bra s\u00e4tt att ansluta sig till n\u00e5gon som delar dina intressen och \u00f6nskem\u00e5l. Det \u00e4r dock viktigt att vara medveten om de potentiella riskerna med\u2026<\/p>\n","protected":false},"author":1,"featured_media":0,"parent":0,"menu_order":0,"comment_status":"closed","ping_status":"closed","template":"","meta":[],"yoast_head":"<!-- This site is optimized with the Yoast SEO plugin v17.7.1 - https:\/\/yoast.com\/wordpress\/plugins\/seo\/ -->\n<title>Sexting webbplatser online - Film Reviews<\/title>\n<meta name=\"robots\" content=\"index, follow, max-snippet:-1, max-image-preview:large, max-video-preview:-1\" \/>\n<link rel=\"canonical\" href=\"https:\/\/bellissima-films.com\/sv\/sexting-webbplatser-online\/\" \/>\n<meta property=\"og:locale\" content=\"sv_SE\" \/>\n<meta property=\"og:type\" content=\"article\" \/>\n<meta property=\"og:title\" content=\"Sexting webbplatser online - Film Reviews\" \/>\n<meta property=\"og:description\" content=\"Det finns en m\u00e4ngd olika sextingwebbplatser online som till\u00e5ter anv\u00e4ndare att skicka och ta emot sexuellt uttryckliga meddelanden och bilder. Dessa webbplatser kan vara ett bra s\u00e4tt att ansluta sig till n\u00e5gon som delar dina intressen och \u00f6nskem\u00e5l. Det \u00e4r dock viktigt att vara medveten om de potentiella riskerna med\u2026\" \/>\n<meta property=\"og:url\" content=\"https:\/\/bellissima-films.com\/sv\/sexting-webbplatser-online\/\" \/>\n<meta property=\"og:site_name\" content=\"Film Reviews\" \/>\n<meta name=\"twitter:card\" content=\"summary_large_image\" \/>\n<meta name=\"twitter:label1\" content=\"Ber\u00e4knad l\u00e4stid\" \/>\n\t<meta name=\"twitter:data1\" content=\"4 minuter\" \/>\n<script type=\"application\/ld+json\" class=\"yoast-schema-graph\">{\"@context\":\"https:\/\/schema.org\",\"@graph\":[{\"@type\":\"WebSite\",\"@id\":\"https:\/\/bellissima-films.com\/sv\/#website\",\"url\":\"https:\/\/bellissima-films.com\/sv\/\",\"name\":\"Film Reviews\",\"description\":\"Real Hookups\",\"potentialAction\":[{\"@type\":\"SearchAction\",\"target\":{\"@type\":\"EntryPoint\",\"urlTemplate\":\"https:\/\/bellissima-films.com\/sv\/?s={search_term_string}\"},\"query-input\":\"required name=search_term_string\"}],\"inLanguage\":\"sv-SE\"},{\"@type\":\"WebPage\",\"@id\":\"https:\/\/bellissima-films.com\/sv\/sexting-webbplatser-online\/#webpage\",\"url\":\"https:\/\/bellissima-films.com\/sv\/sexting-webbplatser-online\/\",\"name\":\"Sexting webbplatser online - Film Reviews\",\"isPartOf\":{\"@id\":\"https:\/\/bellissima-films.com\/sv\/#website\"},\"datePublished\":\"2022-10-03T12:29:28+00:00\",\"dateModified\":\"2022-10-03T12:29:28+00:00\",\"breadcrumb\":{\"@id\":\"https:\/\/bellissima-films.com\/sv\/sexting-webbplatser-online\/#breadcrumb\"},\"inLanguage\":\"sv-SE\",\"potentialAction\":[{\"@type\":\"ReadAction\",\"target\":[\"https:\/\/bellissima-films.com\/sv\/sexting-webbplatser-online\/\"]}]},{\"@type\":\"BreadcrumbList\",\"@id\":\"https:\/\/bellissima-films.com\/sv\/sexting-webbplatser-online\/#breadcrumb\",\"itemListElement\":[{\"@type\":\"ListItem\",\"position\":1,\"name\":\"Home\",\"item\":\"https:\/\/bellissima-films.com\/sv\/\"},{\"@type\":\"ListItem\",\"position\":2,\"name\":\"Sexting webbplatser online\"}]}]}<\/script>\n<!-- \/ Yoast SEO plugin. -->","yoast_head_json":{"title":"Sexting webbplatser online - Film Reviews","robots":{"index":"index","follow":"follow","max-snippet":"max-snippet:-1","max-image-preview":"max-image-preview:large","max-video-preview":"max-video-preview:-1"},"canonical":"https:\/\/bellissima-films.com\/sv\/sexting-webbplatser-online\/","og_locale":"sv_SE","og_type":"article","og_title":"Sexting webbplatser online - Film Reviews","og_description":"Det finns en m\u00e4ngd olika sextingwebbplatser online som till\u00e5ter anv\u00e4ndare att skicka och ta emot sexuellt uttryckliga meddelanden och bilder. Dessa webbplatser kan vara ett bra s\u00e4tt att ansluta sig till n\u00e5gon som delar dina intressen och \u00f6nskem\u00e5l. Det \u00e4r dock viktigt att vara medveten om de potentiella riskerna med\u2026","og_url":"https:\/\/bellissima-films.com\/sv\/sexting-webbplatser-online\/","og_site_name":"Film Reviews","twitter_card":"summary_large_image","twitter_misc":{"Ber\u00e4knad l\u00e4stid":"4 minuter"},"schema":{"@context":"https:\/\/schema.org","@graph":[{"@type":"WebSite","@id":"https:\/\/bellissima-films.com\/sv\/#website","url":"https:\/\/bellissima-films.com\/sv\/","name":"Film Reviews","description":"Real Hookups","potentialAction":[{"@type":"SearchAction","target":{"@type":"EntryPoint","urlTemplate":"https:\/\/bellissima-films.com\/sv\/?s={search_term_string}"},"query-input":"required name=search_term_string"}],"inLanguage":"sv-SE"},{"@type":"WebPage","@id":"https:\/\/bellissima-films.com\/sv\/sexting-webbplatser-online\/#webpage","url":"https:\/\/bellissima-films.com\/sv\/sexting-webbplatser-online\/","name":"Sexting webbplatser online - Film Reviews","isPartOf":{"@id":"https:\/\/bellissima-films.com\/sv\/#website"},"datePublished":"2022-10-03T12:29:28+00:00","dateModified":"2022-10-03T12:29:28+00:00","breadcrumb":{"@id":"https:\/\/bellissima-films.com\/sv\/sexting-webbplatser-online\/#breadcrumb"},"inLanguage":"sv-SE","potentialAction":[{"@type":"ReadAction","target":["https:\/\/bellissima-films.com\/sv\/sexting-webbplatser-online\/"]}]},{"@type":"BreadcrumbList","@id":"https:\/\/bellissima-films.com\/sv\/sexting-webbplatser-online\/#breadcrumb","itemListElement":[{"@type":"ListItem","position":1,"name":"Home","item":"https:\/\/bellissima-films.com\/sv\/"},{"@type":"ListItem","position":2,"name":"Sexting webbplatser online"}]}]}},"_links":{"self":[{"href":"https:\/\/bellissima-films.com\/sv\/wp-json\/wp\/v2\/pages\/174"}],"collection":[{"href":"https:\/\/bellissima-films.com\/sv\/wp-json\/wp\/v2\/pages"}],"about":[{"href":"https:\/\/bellissima-films.com\/sv\/wp-json\/wp\/v2\/types\/page"}],"author":[{"embeddable":true,"href":"https:\/\/bellissima-films.com\/sv\/wp-json\/wp\/v2\/users\/1"}],"replies":[{"embeddable":true,"href":"https:\/\/bellissima-films.com\/sv\/wp-json\/wp\/v2\/comments?post=174"}],"version-history":[{"count":0,"href":"https:\/\/bellissima-films.com\/sv\/wp-json\/wp\/v2\/pages\/174\/revisions"}],"wp:attachment":[{"href":"https:\/\/bellissima-films.com\/sv\/wp-json\/wp\/v2\/media?parent=174"}],"curies":[{"name":"wp","href":"https:\/\/api.w.org\/{rel}","templated":true}]}}