{"id":169,"date":"2022-10-03T13:29:46","date_gmt":"2022-10-03T12:29:46","guid":{"rendered":"http:\/\/bellissima-films.com\/farmor-dejting\/"},"modified":"2022-10-03T13:29:46","modified_gmt":"2022-10-03T12:29:46","slug":"farmor-dejting","status":"publish","type":"page","link":"https:\/\/bellissima-films.com\/sv\/farmor-dejting\/","title":{"rendered":"Farmor Dejting"},"content":{"rendered":"<p>Det finns m\u00e5nga dejtingsajter f\u00f6r mormor som l\u00e5ter dig ansluta dig till \u00e4ldre kvinnor. Dessa <a href=\"http:\/\/bellissima-films.com\/online-sexting-sites\/\">webbplatser<\/a> \u00e4r ett utm\u00e4rkt s\u00e4tt att tr\u00e4ffa \u00e4ldre kvinnor som letar efter en yngre man. Du kan hitta m\u00e5nga \u00e4ldre kvinnor som letar efter en yngre man p\u00e5 dessa webbplatser. Du kan ocks\u00e5 hitta m\u00e5nga \u00e4ldre kvinnor som letar efter en yngre man p\u00e5 andra webbplatser, men dessa webbplatser \u00e4r ett bra s\u00e4tt att tr\u00e4ffa \u00e4ldre kvinnor som letar efter en yngre man.<\/p>\n<h2>Anslutning med mogna kvinnor<\/h2>\n<p>Det \u00e4r n\u00e5got otroligt lockande med att dejta \u00e4ldre kvinnor. De tenderar att vara mer sj\u00e4lvs\u00e4kra, mer erfarna och mer i kontroll \u00f6ver sina liv. De vet vad de vill och de \u00e4r inte r\u00e4dda f\u00f6r att g\u00e5 efter det. D\u00e4rmed inte sagt att det \u00e4r fel att dejta yngre kvinnor &#8211; l\u00e5ngt d\u00e4rifr\u00e5n. Men om du letar efter n\u00e5got lite mer moget kan det vara det perfekta s\u00e4ttet att g\u00e5 att tr\u00e4ffa en \u00e4ldre kvinna.<\/p>\n<h2>Lokala granny dejtingsajter<\/h2>\n<p>Det finns ett antal mormor dejtingsajter tillg\u00e4ngliga f\u00f6r m\u00e4nniskor som letar efter k\u00e4rlek. Dessa webbplatser tillgodoser individer som \u00e4r intresserade av att dejta \u00e4ldre kvinnor. N\u00e5gra av de lokala mormor dejtingsajter inkluderar GrannyDatingSite.com och GrannyDate.com. B\u00e5da dessa webbplatser erbjuder en m\u00e4ngd olika funktioner som g\u00f6r det m\u00f6jligt f\u00f6r anv\u00e4ndare att ansluta till potentiella matchningar och b\u00f6rja chatta. Farmor dejtingsajter ger en m\u00f6jlighet f\u00f6r m\u00e4nniskor att f\u00e5 kontakt med andra som letar efter samma sak.<\/p>\n<p>Det finns gott om lokala gilfs i dejtingscenen som letar efter en bra tid. De \u00e4r vanligtvis \u00e4ldre kvinnor som lockas till yngre m\u00e4n. De letar vanligtvis efter ett f\u00f6rh\u00e5llande eller n\u00e5got avslappnat. M\u00e5nga gilfs \u00e4r \u00f6ppna f\u00f6r att prova nya saker och \u00e4r villiga att ha det bra.<\/p>\n<h3>SwapFinder<\/h3>\n<p>SwapFinder \u00e4r en dejtingsapp som l\u00e5ter dig hitta mormor som letar efter en avslappnad anslutning. Appen \u00e4r enkel att anv\u00e4nda och har m\u00e5nga funktioner som g\u00f6r den till ett utm\u00e4rkt val f\u00f6r mormorsdejting. Appen \u00e4r gratis att ladda ner och anv\u00e4nda, och den erbjuder en premiumprenumeration som ger dig tillg\u00e5ng till fler funktioner. Appen \u00e4r tillg\u00e4nglig f\u00f6r iOS- och Android-enheter.<\/p>\n<h3>Xmeets<\/h3>\n<p>Om du letar efter en dejtingsapp f\u00f6r mormor \u00e4r Xmeets ett bra alternativ. Det \u00e4r l\u00e4tt att anv\u00e4nda och har m\u00e5nga funktioner som g\u00f6r det till ett utm\u00e4rkt val f\u00f6r dem som letar efter en mogen kvinna att dejta. S\u00f6kfunktionen \u00e4r omfattande och l\u00e5ter dig hitta exakt det du letar efter. Meddelandesystemet \u00e4r ocks\u00e5 bra, och du kan enkelt h\u00e5lla kontakten med dina matchningar. Sammantaget \u00e4r Xmeets ett bra alternativ f\u00f6r dem som letar efter en dejtingsapp f\u00f6r mormor.<\/p>\n<h3>SextFun<\/h3>\n<p>Om du gillar mormor dejting, vill du definitivt kolla in SextFun. Denna dejtingsapp \u00e4r speciellt utformad f\u00f6r m\u00e4nniskor som letar efter lite utan str\u00e4ngar med \u00e4ldre kvinnor. Appen \u00e4r enkel att anv\u00e4nda och det \u00e4r gratis att registrera sig. N\u00e4r du har registrerat dig kan du bl\u00e4ddra igenom profiler av lokala mormor som letar efter kul. N\u00e4r du hittar n\u00e5gon du tycker om kan du skicka ett meddelande till dem och se om de \u00e4r intresserade av att tr\u00e4ffas. Appen \u00e4r diskret och privat, s\u00e5 du kan vara s\u00e4ker p\u00e5 att dina mormors dejtings\u00e4ventyr kommer att stanna mellan dig och de mormor du tr\u00e4ffar.<\/p>\n","protected":false},"excerpt":{"rendered":"<p>Det finns m\u00e5nga dejtingsajter f\u00f6r mormor som l\u00e5ter dig ansluta dig till \u00e4ldre kvinnor. Dessa webbplatser \u00e4r ett utm\u00e4rkt s\u00e4tt att tr\u00e4ffa \u00e4ldre kvinnor som letar efter en yngre man. Du kan hitta m\u00e5nga \u00e4ldre kvinnor som letar efter en yngre man p\u00e5 dessa webbplatser. Du kan ocks\u00e5 hitta m\u00e5nga\u2026<\/p>\n","protected":false},"author":1,"featured_media":0,"parent":0,"menu_order":0,"comment_status":"closed","ping_status":"closed","template":"","meta":[],"yoast_head":"<!-- This site is optimized with the Yoast SEO plugin v17.7.1 - https:\/\/yoast.com\/wordpress\/plugins\/seo\/ -->\n<title>Farmor Dejting - Film Reviews<\/title>\n<meta name=\"robots\" content=\"index, follow, max-snippet:-1, max-image-preview:large, max-video-preview:-1\" \/>\n<link rel=\"canonical\" href=\"https:\/\/bellissima-films.com\/sv\/farmor-dejting\/\" \/>\n<meta property=\"og:locale\" content=\"sv_SE\" \/>\n<meta property=\"og:type\" content=\"article\" \/>\n<meta property=\"og:title\" content=\"Farmor Dejting - Film Reviews\" \/>\n<meta property=\"og:description\" content=\"Det finns m\u00e5nga dejtingsajter f\u00f6r mormor som l\u00e5ter dig ansluta dig till \u00e4ldre kvinnor. Dessa webbplatser \u00e4r ett utm\u00e4rkt s\u00e4tt att tr\u00e4ffa \u00e4ldre kvinnor som letar efter en yngre man. Du kan hitta m\u00e5nga \u00e4ldre kvinnor som letar efter en yngre man p\u00e5 dessa webbplatser. Du kan ocks\u00e5 hitta m\u00e5nga\u2026\" \/>\n<meta property=\"og:url\" content=\"https:\/\/bellissima-films.com\/sv\/farmor-dejting\/\" \/>\n<meta property=\"og:site_name\" content=\"Film Reviews\" \/>\n<meta name=\"twitter:card\" content=\"summary_large_image\" \/>\n<meta name=\"twitter:label1\" content=\"Ber\u00e4knad l\u00e4stid\" \/>\n\t<meta name=\"twitter:data1\" content=\"3 minuter\" \/>\n<script type=\"application\/ld+json\" class=\"yoast-schema-graph\">{\"@context\":\"https:\/\/schema.org\",\"@graph\":[{\"@type\":\"WebSite\",\"@id\":\"https:\/\/bellissima-films.com\/sv\/#website\",\"url\":\"https:\/\/bellissima-films.com\/sv\/\",\"name\":\"Film Reviews\",\"description\":\"Real Hookups\",\"potentialAction\":[{\"@type\":\"SearchAction\",\"target\":{\"@type\":\"EntryPoint\",\"urlTemplate\":\"https:\/\/bellissima-films.com\/sv\/?s={search_term_string}\"},\"query-input\":\"required name=search_term_string\"}],\"inLanguage\":\"sv-SE\"},{\"@type\":\"WebPage\",\"@id\":\"https:\/\/bellissima-films.com\/sv\/farmor-dejting\/#webpage\",\"url\":\"https:\/\/bellissima-films.com\/sv\/farmor-dejting\/\",\"name\":\"Farmor Dejting - Film Reviews\",\"isPartOf\":{\"@id\":\"https:\/\/bellissima-films.com\/sv\/#website\"},\"datePublished\":\"2022-10-03T12:29:46+00:00\",\"dateModified\":\"2022-10-03T12:29:46+00:00\",\"breadcrumb\":{\"@id\":\"https:\/\/bellissima-films.com\/sv\/farmor-dejting\/#breadcrumb\"},\"inLanguage\":\"sv-SE\",\"potentialAction\":[{\"@type\":\"ReadAction\",\"target\":[\"https:\/\/bellissima-films.com\/sv\/farmor-dejting\/\"]}]},{\"@type\":\"BreadcrumbList\",\"@id\":\"https:\/\/bellissima-films.com\/sv\/farmor-dejting\/#breadcrumb\",\"itemListElement\":[{\"@type\":\"ListItem\",\"position\":1,\"name\":\"Home\",\"item\":\"https:\/\/bellissima-films.com\/sv\/\"},{\"@type\":\"ListItem\",\"position\":2,\"name\":\"Farmor Dejting\"}]}]}<\/script>\n<!-- \/ Yoast SEO plugin. -->","yoast_head_json":{"title":"Farmor Dejting - Film Reviews","robots":{"index":"index","follow":"follow","max-snippet":"max-snippet:-1","max-image-preview":"max-image-preview:large","max-video-preview":"max-video-preview:-1"},"canonical":"https:\/\/bellissima-films.com\/sv\/farmor-dejting\/","og_locale":"sv_SE","og_type":"article","og_title":"Farmor Dejting - Film Reviews","og_description":"Det finns m\u00e5nga dejtingsajter f\u00f6r mormor som l\u00e5ter dig ansluta dig till \u00e4ldre kvinnor. Dessa webbplatser \u00e4r ett utm\u00e4rkt s\u00e4tt att tr\u00e4ffa \u00e4ldre kvinnor som letar efter en yngre man. Du kan hitta m\u00e5nga \u00e4ldre kvinnor som letar efter en yngre man p\u00e5 dessa webbplatser. Du kan ocks\u00e5 hitta m\u00e5nga\u2026","og_url":"https:\/\/bellissima-films.com\/sv\/farmor-dejting\/","og_site_name":"Film Reviews","twitter_card":"summary_large_image","twitter_misc":{"Ber\u00e4knad l\u00e4stid":"3 minuter"},"schema":{"@context":"https:\/\/schema.org","@graph":[{"@type":"WebSite","@id":"https:\/\/bellissima-films.com\/sv\/#website","url":"https:\/\/bellissima-films.com\/sv\/","name":"Film Reviews","description":"Real Hookups","potentialAction":[{"@type":"SearchAction","target":{"@type":"EntryPoint","urlTemplate":"https:\/\/bellissima-films.com\/sv\/?s={search_term_string}"},"query-input":"required name=search_term_string"}],"inLanguage":"sv-SE"},{"@type":"WebPage","@id":"https:\/\/bellissima-films.com\/sv\/farmor-dejting\/#webpage","url":"https:\/\/bellissima-films.com\/sv\/farmor-dejting\/","name":"Farmor Dejting - Film Reviews","isPartOf":{"@id":"https:\/\/bellissima-films.com\/sv\/#website"},"datePublished":"2022-10-03T12:29:46+00:00","dateModified":"2022-10-03T12:29:46+00:00","breadcrumb":{"@id":"https:\/\/bellissima-films.com\/sv\/farmor-dejting\/#breadcrumb"},"inLanguage":"sv-SE","potentialAction":[{"@type":"ReadAction","target":["https:\/\/bellissima-films.com\/sv\/farmor-dejting\/"]}]},{"@type":"BreadcrumbList","@id":"https:\/\/bellissima-films.com\/sv\/farmor-dejting\/#breadcrumb","itemListElement":[{"@type":"ListItem","position":1,"name":"Home","item":"https:\/\/bellissima-films.com\/sv\/"},{"@type":"ListItem","position":2,"name":"Farmor Dejting"}]}]}},"_links":{"self":[{"href":"https:\/\/bellissima-films.com\/sv\/wp-json\/wp\/v2\/pages\/169"}],"collection":[{"href":"https:\/\/bellissima-films.com\/sv\/wp-json\/wp\/v2\/pages"}],"about":[{"href":"https:\/\/bellissima-films.com\/sv\/wp-json\/wp\/v2\/types\/page"}],"author":[{"embeddable":true,"href":"https:\/\/bellissima-films.com\/sv\/wp-json\/wp\/v2\/users\/1"}],"replies":[{"embeddable":true,"href":"https:\/\/bellissima-films.com\/sv\/wp-json\/wp\/v2\/comments?post=169"}],"version-history":[{"count":0,"href":"https:\/\/bellissima-films.com\/sv\/wp-json\/wp\/v2\/pages\/169\/revisions"}],"wp:attachment":[{"href":"https:\/\/bellissima-films.com\/sv\/wp-json\/wp\/v2\/media?parent=169"}],"curies":[{"name":"wp","href":"https:\/\/api.w.org\/{rel}","templated":true}]}}