{"id":168,"date":"2022-10-03T13:30:04","date_gmt":"2022-10-03T12:30:04","guid":{"rendered":"http:\/\/bellissima-films.com\/gratis-milf-anslutningswebbplatser\/"},"modified":"2022-10-03T13:30:04","modified_gmt":"2022-10-03T12:30:04","slug":"gratis-milf-anslutningswebbplatser","status":"publish","type":"page","link":"https:\/\/bellissima-films.com\/sv\/gratis-milf-anslutningswebbplatser\/","title":{"rendered":"Gratis MILF-anslutningswebbplatser"},"content":{"rendered":"<p>Det finns m\u00e5nga gratis MILF-anslutningssidor online, s\u00e5 det \u00e4r l\u00e4tt att hitta en som passar dig. Se till att l\u00e4sa recensionerna innan du registrerar dig f\u00f6r n\u00e5gon webbplats och se till att leta efter en webbplats som har ett gott rykte. N\u00e4r du har hittat en webbplats du \u00e4r bekv\u00e4m med, skapa en profil och b\u00f6rja bl\u00e4ddra igenom profilerna f\u00f6r heta MILF i ditt omr\u00e5de. N\u00e4r du hittar n\u00e5gon du \u00e4r intresserad av, skicka ett meddelande till dem och se om de \u00e4r intresserade av att tr\u00e4ffas. Om de \u00e4r det kan du st\u00e4lla in en tid och plats f\u00f6r att tr\u00e4ffas och se om det finns n\u00e5gon kemi. Om det finns, kan du ta saker till n\u00e4sta niv\u00e5 och ansluta!<\/p>\n<h2>Lokala MILF:er<\/h2>\n<p>Det \u00e4r n\u00e5got med en MILF som bara g\u00f6r oss svaga i kn\u00e4na. Kanske \u00e4r det deras sj\u00e4lvf\u00f6rtroende, kanske \u00e4r det deras erfarenhet, eller kanske \u00e4r det det faktum att de bara verkar veta vad de g\u00f6r. Oavsett anledning \u00e4r lokala MILFs definitivt v\u00e4rda att dejta.<\/p>\n<p>Om du vill <a href=\"http:\/\/bellissima-films.com\/granny-dating\/\">dejta en MILF<\/a> finns det n\u00e5gra saker du b\u00f6r t\u00e4nka p\u00e5. F\u00f6r det f\u00f6rsta letar de inte efter ett f\u00f6rh\u00e5llande &#8211; de letar vanligtvis bara efter en bra tid. S\u00e5 om du letar efter n\u00e5got allvarligt kanske du vill leta n\u00e5gon annanstans. F\u00f6r det andra \u00e4r de vanligtvis ganska upptagna, s\u00e5 du m\u00e5ste vara flexibel med ditt schema. Slutligen vet de vad de vill ha, s\u00e5 var beredd att ge dem vad de beh\u00f6ver.<\/p>\n<p>Om du kan hantera allt detta kan det vara en otroligt rolig och givande upplevelse att dejta en MILF. Se bara till att ta det lugnt, var respektfull och var redo att ha det bra.<\/p>\n<p>Det finns gott om lokala milfs n\u00e4ra mig som letar efter k\u00e4rlek. Det b\u00e4sta s\u00e4ttet att hitta dem \u00e4r att anv\u00e4nda online dating webbplatser. P\u00e5 s\u00e5 s\u00e4tt kan du se profiler av alla lokala milfs n\u00e4ra mig och best\u00e4mma vem du vill prata med. Du kan ocks\u00e5 l\u00e4sa recensioner av de olika webbplatserna innan du registrerar dig f\u00f6r en. P\u00e5 s\u00e5 s\u00e4tt kan du vara s\u00e4ker p\u00e5 att du anv\u00e4nder en ansedd webbplats.<\/p>\n<h2>Milfs dejtingsajter<\/h2>\n<p>Det finns m\u00e5nga MILF dejtingsajter tillg\u00e4ngliga online och de har blivit ganska popul\u00e4ra de senaste \u00e5ren. Dessa webbplatser ger ett bra s\u00e4tt f\u00f6r \u00e4ldre kvinnor att tr\u00e4ffa yngre m\u00e4n och vice versa. De erbjuder en trygg och rolig milj\u00f6 f\u00f6r m\u00e4nniskor att m\u00f6tas och interagera, och m\u00e5nga av dem har m\u00e5nga medlemmar. Det betyder att det finns gott om m\u00f6jligheter att hitta en match.<\/p>\n<p>Det \u00e4r dock viktigt att vara medveten om att inte alla MILF-dejtingsajter skapas lika. Det finns n\u00e5gra som \u00e4r b\u00e4ttre \u00e4n andra, och det \u00e4r viktigt att g\u00f6ra lite forskning innan du g\u00e5r med i en. P\u00e5 s\u00e5 s\u00e4tt kan du vara s\u00e4ker p\u00e5 att du f\u00e5r b\u00e4sta m\u00f6jliga upplevelse.<\/p>\n<h3>OneNightFriend<\/h3>\n<p>OneNightFriend dejtingsapp \u00e4r en av de b\u00e4sta gratis milf-anslutningssajterna. Den har utformats f\u00f6r att hj\u00e4lpa ensamst\u00e5ende m\u00e4n och kvinnor att hitta varandra f\u00f6r avslappnade datum och anslutningar. Appen \u00e4r anv\u00e4ndarv\u00e4nlig och enkel att anv\u00e4nda. Du kan registrera dig gratis och skapa din profil inom n\u00e5gra minuter. N\u00e4r du har skapat din profil kan du b\u00f6rja s\u00f6ka efter lokala milfs i ditt omr\u00e5de. OneNightFriend har en stor databas med milfs som letar efter avslappnade anslutningar och datum. Du kan ocks\u00e5 anv\u00e4nda appen f\u00f6r att chatta med andra medlemmar och utbyta meddelanden. Appen \u00e4r tillg\u00e4nglig gratis i App Store och Google Play Store.<\/p>\n<h3>WetHunt<\/h3>\n<p>WetHunt \u00e4r en ny dejtingapp som snabbt blir popul\u00e4r bland milf hookup-fans. Det \u00e4r gratis att ladda ner och anv\u00e4nda, och det erbjuder m\u00e5nga funktioner som andra appar inte g\u00f6r. Du kan till exempel s\u00f6ka efter medlemmar efter plats, \u00e5lder, intressen och till och med kroppstyp. Appen har ocks\u00e5 en meddelandefunktion s\u00e5 att du kan chatta med potentiella datum innan du tr\u00e4ffas personligen. WetHunt \u00e4r ett bra alternativ f\u00f6r alla som letar efter en gratis milf-anslutningsapp.<\/p>\n<h3>FlingPals<\/h3>\n<p>FlingPals \u00e4r en ny dejtingsapp som snabbt blir popul\u00e4r bland anv\u00e4ndare i alla \u00e5ldrar, s\u00e4rskilt de i 20- och 30-\u00e5rs\u00e5ldern. Appen till\u00e5ter anv\u00e4ndare att ansluta till andra baserat p\u00e5 deras plats och \u00e5lder och sedan chatta och ordna att tr\u00e4ffas. Appen \u00e4r gratis att ladda ner och anv\u00e4nda, och det finns inga k\u00f6p i appen. FlingPals har hyllats f\u00f6r sin enkelhet och anv\u00e4ndarv\u00e4nlighet, och m\u00e5nga anv\u00e4ndare har tyckt att det \u00e4r ett bra s\u00e4tt att tr\u00e4ffa nya m\u00e4nniskor i sitt omr\u00e5de. Appen \u00e4r ocks\u00e5 popul\u00e4r bland m\u00e4nniskor som letar efter en snabb anslutning, eftersom det g\u00f6r det enkelt att ordna att tr\u00e4ffa n\u00e5gon i n\u00e4rheten.<\/p>\n<p>Sammantaget \u00e4r FlingPals en fantastisk ny dejtingsapp som s\u00e4kert kommer att tilltala ett brett spektrum av anv\u00e4ndare. Det \u00e4r enkelt att anv\u00e4nda och erbjuder ett bra s\u00e4tt att tr\u00e4ffa nya m\u00e4nniskor och potentiellt hitta en fling.<\/p>\n","protected":false},"excerpt":{"rendered":"<p>Det finns m\u00e5nga gratis MILF-anslutningssidor online, s\u00e5 det \u00e4r l\u00e4tt att hitta en som passar dig. Se till att l\u00e4sa recensionerna innan du registrerar dig f\u00f6r n\u00e5gon webbplats och se till att leta efter en webbplats som har ett gott rykte. N\u00e4r du har hittat en webbplats du \u00e4r bekv\u00e4m\u2026<\/p>\n","protected":false},"author":1,"featured_media":0,"parent":0,"menu_order":0,"comment_status":"closed","ping_status":"closed","template":"","meta":[],"yoast_head":"<!-- This site is optimized with the Yoast SEO plugin v17.7.1 - https:\/\/yoast.com\/wordpress\/plugins\/seo\/ -->\n<title>Gratis MILF-anslutningswebbplatser - Film Reviews<\/title>\n<meta name=\"robots\" content=\"index, follow, max-snippet:-1, max-image-preview:large, max-video-preview:-1\" \/>\n<link rel=\"canonical\" href=\"https:\/\/bellissima-films.com\/sv\/gratis-milf-anslutningswebbplatser\/\" \/>\n<meta property=\"og:locale\" content=\"sv_SE\" \/>\n<meta property=\"og:type\" content=\"article\" \/>\n<meta property=\"og:title\" content=\"Gratis MILF-anslutningswebbplatser - Film Reviews\" \/>\n<meta property=\"og:description\" content=\"Det finns m\u00e5nga gratis MILF-anslutningssidor online, s\u00e5 det \u00e4r l\u00e4tt att hitta en som passar dig. Se till att l\u00e4sa recensionerna innan du registrerar dig f\u00f6r n\u00e5gon webbplats och se till att leta efter en webbplats som har ett gott rykte. N\u00e4r du har hittat en webbplats du \u00e4r bekv\u00e4m\u2026\" \/>\n<meta property=\"og:url\" content=\"https:\/\/bellissima-films.com\/sv\/gratis-milf-anslutningswebbplatser\/\" \/>\n<meta property=\"og:site_name\" content=\"Film Reviews\" \/>\n<meta name=\"twitter:card\" content=\"summary_large_image\" \/>\n<meta name=\"twitter:label1\" content=\"Ber\u00e4knad l\u00e4stid\" \/>\n\t<meta name=\"twitter:data1\" content=\"5 minuter\" \/>\n<script type=\"application\/ld+json\" class=\"yoast-schema-graph\">{\"@context\":\"https:\/\/schema.org\",\"@graph\":[{\"@type\":\"WebSite\",\"@id\":\"https:\/\/bellissima-films.com\/sv\/#website\",\"url\":\"https:\/\/bellissima-films.com\/sv\/\",\"name\":\"Film Reviews\",\"description\":\"Real Hookups\",\"potentialAction\":[{\"@type\":\"SearchAction\",\"target\":{\"@type\":\"EntryPoint\",\"urlTemplate\":\"https:\/\/bellissima-films.com\/sv\/?s={search_term_string}\"},\"query-input\":\"required name=search_term_string\"}],\"inLanguage\":\"sv-SE\"},{\"@type\":\"WebPage\",\"@id\":\"https:\/\/bellissima-films.com\/sv\/gratis-milf-anslutningswebbplatser\/#webpage\",\"url\":\"https:\/\/bellissima-films.com\/sv\/gratis-milf-anslutningswebbplatser\/\",\"name\":\"Gratis MILF-anslutningswebbplatser - Film Reviews\",\"isPartOf\":{\"@id\":\"https:\/\/bellissima-films.com\/sv\/#website\"},\"datePublished\":\"2022-10-03T12:30:04+00:00\",\"dateModified\":\"2022-10-03T12:30:04+00:00\",\"breadcrumb\":{\"@id\":\"https:\/\/bellissima-films.com\/sv\/gratis-milf-anslutningswebbplatser\/#breadcrumb\"},\"inLanguage\":\"sv-SE\",\"potentialAction\":[{\"@type\":\"ReadAction\",\"target\":[\"https:\/\/bellissima-films.com\/sv\/gratis-milf-anslutningswebbplatser\/\"]}]},{\"@type\":\"BreadcrumbList\",\"@id\":\"https:\/\/bellissima-films.com\/sv\/gratis-milf-anslutningswebbplatser\/#breadcrumb\",\"itemListElement\":[{\"@type\":\"ListItem\",\"position\":1,\"name\":\"Home\",\"item\":\"https:\/\/bellissima-films.com\/sv\/\"},{\"@type\":\"ListItem\",\"position\":2,\"name\":\"Gratis MILF-anslutningswebbplatser\"}]}]}<\/script>\n<!-- \/ Yoast SEO plugin. -->","yoast_head_json":{"title":"Gratis MILF-anslutningswebbplatser - Film Reviews","robots":{"index":"index","follow":"follow","max-snippet":"max-snippet:-1","max-image-preview":"max-image-preview:large","max-video-preview":"max-video-preview:-1"},"canonical":"https:\/\/bellissima-films.com\/sv\/gratis-milf-anslutningswebbplatser\/","og_locale":"sv_SE","og_type":"article","og_title":"Gratis MILF-anslutningswebbplatser - Film Reviews","og_description":"Det finns m\u00e5nga gratis MILF-anslutningssidor online, s\u00e5 det \u00e4r l\u00e4tt att hitta en som passar dig. Se till att l\u00e4sa recensionerna innan du registrerar dig f\u00f6r n\u00e5gon webbplats och se till att leta efter en webbplats som har ett gott rykte. N\u00e4r du har hittat en webbplats du \u00e4r bekv\u00e4m\u2026","og_url":"https:\/\/bellissima-films.com\/sv\/gratis-milf-anslutningswebbplatser\/","og_site_name":"Film Reviews","twitter_card":"summary_large_image","twitter_misc":{"Ber\u00e4knad l\u00e4stid":"5 minuter"},"schema":{"@context":"https:\/\/schema.org","@graph":[{"@type":"WebSite","@id":"https:\/\/bellissima-films.com\/sv\/#website","url":"https:\/\/bellissima-films.com\/sv\/","name":"Film Reviews","description":"Real Hookups","potentialAction":[{"@type":"SearchAction","target":{"@type":"EntryPoint","urlTemplate":"https:\/\/bellissima-films.com\/sv\/?s={search_term_string}"},"query-input":"required name=search_term_string"}],"inLanguage":"sv-SE"},{"@type":"WebPage","@id":"https:\/\/bellissima-films.com\/sv\/gratis-milf-anslutningswebbplatser\/#webpage","url":"https:\/\/bellissima-films.com\/sv\/gratis-milf-anslutningswebbplatser\/","name":"Gratis MILF-anslutningswebbplatser - Film Reviews","isPartOf":{"@id":"https:\/\/bellissima-films.com\/sv\/#website"},"datePublished":"2022-10-03T12:30:04+00:00","dateModified":"2022-10-03T12:30:04+00:00","breadcrumb":{"@id":"https:\/\/bellissima-films.com\/sv\/gratis-milf-anslutningswebbplatser\/#breadcrumb"},"inLanguage":"sv-SE","potentialAction":[{"@type":"ReadAction","target":["https:\/\/bellissima-films.com\/sv\/gratis-milf-anslutningswebbplatser\/"]}]},{"@type":"BreadcrumbList","@id":"https:\/\/bellissima-films.com\/sv\/gratis-milf-anslutningswebbplatser\/#breadcrumb","itemListElement":[{"@type":"ListItem","position":1,"name":"Home","item":"https:\/\/bellissima-films.com\/sv\/"},{"@type":"ListItem","position":2,"name":"Gratis MILF-anslutningswebbplatser"}]}]}},"_links":{"self":[{"href":"https:\/\/bellissima-films.com\/sv\/wp-json\/wp\/v2\/pages\/168"}],"collection":[{"href":"https:\/\/bellissima-films.com\/sv\/wp-json\/wp\/v2\/pages"}],"about":[{"href":"https:\/\/bellissima-films.com\/sv\/wp-json\/wp\/v2\/types\/page"}],"author":[{"embeddable":true,"href":"https:\/\/bellissima-films.com\/sv\/wp-json\/wp\/v2\/users\/1"}],"replies":[{"embeddable":true,"href":"https:\/\/bellissima-films.com\/sv\/wp-json\/wp\/v2\/comments?post=168"}],"version-history":[{"count":0,"href":"https:\/\/bellissima-films.com\/sv\/wp-json\/wp\/v2\/pages\/168\/revisions"}],"wp:attachment":[{"href":"https:\/\/bellissima-films.com\/sv\/wp-json\/wp\/v2\/media?parent=168"}],"curies":[{"name":"wp","href":"https:\/\/api.w.org\/{rel}","templated":true}]}}