{"id":150,"date":"2022-10-03T13:30:59","date_gmt":"2022-10-03T12:30:59","guid":{"rendered":"http:\/\/bellissima-films.com\/cross-dresser-dejtingsajter\/"},"modified":"2022-10-03T13:30:59","modified_gmt":"2022-10-03T12:30:59","slug":"cross-dresser-dejtingsajter","status":"publish","type":"page","link":"https:\/\/bellissima-films.com\/sv\/cross-dresser-dejtingsajter\/","title":{"rendered":"Cross Dresser dejtingsajter"},"content":{"rendered":"<p>Om du letar efter en partner som gillar att kl\u00e4 sig i damkl\u00e4der finns det gott om cross dresser dejtingsajter som kan hj\u00e4lpa dig att hitta din perfekta match. Dessa webbplatser tillgodoser m\u00e4nniskor som tycker om att kl\u00e4 sig i det motsatta k\u00f6nets kl\u00e4der, och de kan vara ett bra s\u00e4tt att hitta en partner som delar ditt intresse.<\/p>\n<p>De flesta cross dresser <a href=\"http:\/\/bellissima-films.com\/sv\/diskreta-dejtingappar\/\">dejtingsajter<\/a> fungerar precis som alla andra dejtingsajter &#8211; du skapar en profil, bl\u00e4ddrar bland andra medlemmars profiler och skickar meddelanden fram och tillbaka. Vissa webbplatser har ocks\u00e5 chattrum och forum d\u00e4r du kan l\u00e4ra k\u00e4nna andra medlemmar b\u00e4ttre. Om du \u00e4r intresserad av att ansluta dig till en cross dresser finns det n\u00e5gra saker du b\u00f6r t\u00e4nka p\u00e5. F\u00f6r det f\u00f6rsta kan cross dressers hittas p\u00e5 vilken dejtingsajt som helst, s\u00e5 begr\u00e4nsa inte din s\u00f6kning till att bara korsa byr\u00e5dejtingsajter. F\u00f6r det andra \u00e4r cross dressers vanligtvis mycket \u00f6ppna om sitt intresse, s\u00e5 var inte r\u00e4dd f\u00f6r att st\u00e4lla fr\u00e5gor eller ta upp \u00e4mnet sj\u00e4lv. Och slutligen, gl\u00f6m inte att ha kul! Cross dressing handlar om att utforska din sexualitet och njuta av dig sj\u00e4lv, s\u00e5 se till att du g\u00f6r just det.<\/p>\n<h2>Crossdresser Kontaktannonser<\/h2>\n<p>Crossdresser kontaktannonser kan vara ett bra s\u00e4tt att tr\u00e4ffa andra m\u00e4nniskor som delar ditt intresse f\u00f6r crossdressing. Oavsett om du letar efter v\u00e4nskap, romantik eller bara n\u00e5gon att chatta med, kan du hitta allt p\u00e5 crossdresser kontaktannonser. Det finns alla typer av m\u00e4nniskor som anv\u00e4nder crossdresser kontaktannonser, s\u00e5 du \u00e4r s\u00e4ker p\u00e5 att hitta n\u00e5gon som delar dina intressen och som du \u00e4r kompatibel med. Det b\u00e4sta av allt \u00e4r att det \u00e4r en trygg och v\u00e4lkomnande gemenskap d\u00e4r alla accepteras f\u00f6r den de \u00e4r. S\u00e5 om du letar efter en plats att utforska dina crossdressing-intressen \u00e4r crossdresser kontaktannonser det perfekta st\u00e4llet att b\u00f6rja.<\/p>\n<p>Om du letar efter k\u00e4rlek och r\u00e5kar vara en crossdresser finns det n\u00e5gra saker du kan g\u00f6ra f\u00f6r att \u00f6ka dina chanser att hitta en kompatibel partner. \u00d6verv\u00e4g f\u00f6rst att g\u00e5 med i en crossdressing supportgrupp eller online-community. Detta hj\u00e4lper dig att f\u00e5 kontakt med andra crossdressers som kan vara i en liknande situation och letar efter k\u00e4rlek. Se ocks\u00e5 till att vara \u00f6ppen och \u00e4rlig om din crossdressing med potentiella partners. Det \u00e4r viktigt att hitta n\u00e5gon som accepterar och f\u00f6rst\u00e5r din livsstil. Slutligen, var inte r\u00e4dd f\u00f6r att s\u00e4tta dig sj\u00e4lv d\u00e4r ute och g\u00e5 p\u00e5 datum. Ju mer du dejtar, desto mer sannolikt \u00e4r det att du hittar n\u00e5gon som du verkligen ansluter till.<\/p>\n<h2>Dejtingsajter f\u00f6r crossdressers<\/h2>\n<p>Det finns gott om dejtingsajter f\u00f6r crossdressers. Du m\u00e5ste bara veta var du ska leta! Prova att g\u00f6ra en s\u00f6kning efter &#8221;crossdresser dating&#8221; eller &#8221;transgender dating.&#8221; Du borde kunna hitta massor av resultat. Var noga med att l\u00e4sa recensionerna innan du registrerar dig f\u00f6r n\u00e5got, s\u00e5 att du kan vara s\u00e4ker p\u00e5 att du f\u00e5r vad du vill ha.<\/p>\n<h3>Datumhookup<\/h3>\n<p>Datehookup \u00e4r en popul\u00e4r dejtingapp med en bred anv\u00e4ndarbas. Appen \u00e4r gratis att ladda ner och anv\u00e4nda. Det erbjuder dock vissa k\u00f6p i appen. Appen \u00e4r tillg\u00e4nglig f\u00f6r b\u00e5de Android- och iOS-enheter. Appen \u00e4r enkel att anv\u00e4nda och navigera. Anv\u00e4ndargr\u00e4nssnittet \u00e4r enkelt och okomplicerat. Appen har m\u00e5nga funktioner som g\u00f6r den till ett bra val f\u00f6r cross dressers. Appen l\u00e5ter dig s\u00f6ka efter andra anv\u00e4ndare efter plats, \u00e5lder, k\u00f6n och intressen. Du kan ocks\u00e5 skicka och ta emot meddelanden och visa profiler.<\/p>\n<p>Sammantaget \u00e4r appen ett bra val f\u00f6r cross dressers. Det \u00e4r l\u00e4tt att anv\u00e4nda och har m\u00e5nga funktioner. Appen \u00e4r ocks\u00e5 gratis att ladda ner och anv\u00e4nda.<\/p>\n<h3>FlingPals<\/h3>\n<p>FlingPals \u00e4r en ny dejtingsapp som \u00e4r speciellt utformad f\u00f6r m\u00e4nniskor som \u00e4lskar att kl\u00e4 sig \u00f6ver kl\u00e4nning. Appen \u00e4r gratis att ladda ner och anv\u00e4nda, och den erbjuder ett brett utbud av funktioner som g\u00f6r det enkelt att hitta och ansluta till andra cross dressers. Appen inneh\u00e5ller ocks\u00e5 en inbyggd chattfunktion s\u00e5 att du enkelt kan h\u00e5lla kontakten med andra anv\u00e4ndare. Sammantaget \u00e4r FlingPals ett bra nytt tillskott till v\u00e4rlden av cross dresser dejtingsajter, och det kommer s\u00e4kert att hj\u00e4lpa dig att hitta den perfekta matchningen.<\/p>\n<h3>Uberhorny<\/h3>\n<p>Om du letar efter en cross dresser dejtingsajt som \u00e4r l\u00e4tt att anv\u00e4nda och erbjuder m\u00e5nga funktioner, vill du kolla in Uberhorny. Denna webbplats g\u00f6r det enkelt att hitta matchningar och chatta med dem. Du kan ocks\u00e5 anv\u00e4nda webbplatsen f\u00f6r att hitta h\u00e4ndelser och grupper n\u00e4ra dig. Webbplatsen \u00e4r gratis att anv\u00e4nda, och du kan uppgradera till ett premiummedlemskap f\u00f6r att f\u00e5 \u00e4nnu fler funktioner.<\/p>\n","protected":false},"excerpt":{"rendered":"<p>Om du letar efter en partner som gillar att kl\u00e4 sig i damkl\u00e4der finns det gott om cross dresser dejtingsajter som kan hj\u00e4lpa dig att hitta din perfekta match. Dessa webbplatser tillgodoser m\u00e4nniskor som tycker om att kl\u00e4 sig i det motsatta k\u00f6nets kl\u00e4der, och de kan vara ett bra\u2026<\/p>\n","protected":false},"author":1,"featured_media":0,"parent":0,"menu_order":0,"comment_status":"closed","ping_status":"closed","template":"","meta":[],"yoast_head":"<!-- This site is optimized with the Yoast SEO plugin v17.7.1 - https:\/\/yoast.com\/wordpress\/plugins\/seo\/ -->\n<title>Cross Dresser dejtingsajter - Film Reviews<\/title>\n<meta name=\"robots\" content=\"index, follow, max-snippet:-1, max-image-preview:large, max-video-preview:-1\" \/>\n<link rel=\"canonical\" href=\"https:\/\/bellissima-films.com\/sv\/cross-dresser-dejtingsajter\/\" \/>\n<meta property=\"og:locale\" content=\"sv_SE\" \/>\n<meta property=\"og:type\" content=\"article\" \/>\n<meta property=\"og:title\" content=\"Cross Dresser dejtingsajter - Film Reviews\" \/>\n<meta property=\"og:description\" content=\"Om du letar efter en partner som gillar att kl\u00e4 sig i damkl\u00e4der finns det gott om cross dresser dejtingsajter som kan hj\u00e4lpa dig att hitta din perfekta match. Dessa webbplatser tillgodoser m\u00e4nniskor som tycker om att kl\u00e4 sig i det motsatta k\u00f6nets kl\u00e4der, och de kan vara ett bra\u2026\" \/>\n<meta property=\"og:url\" content=\"https:\/\/bellissima-films.com\/sv\/cross-dresser-dejtingsajter\/\" \/>\n<meta property=\"og:site_name\" content=\"Film Reviews\" \/>\n<meta name=\"twitter:card\" content=\"summary_large_image\" \/>\n<meta name=\"twitter:label1\" content=\"Ber\u00e4knad l\u00e4stid\" \/>\n\t<meta name=\"twitter:data1\" content=\"4 minuter\" \/>\n<script type=\"application\/ld+json\" class=\"yoast-schema-graph\">{\"@context\":\"https:\/\/schema.org\",\"@graph\":[{\"@type\":\"WebSite\",\"@id\":\"http:\/\/bellissima-films.com\/sv\/#website\",\"url\":\"http:\/\/bellissima-films.com\/sv\/\",\"name\":\"Film Reviews\",\"description\":\"Real Hookups\",\"potentialAction\":[{\"@type\":\"SearchAction\",\"target\":{\"@type\":\"EntryPoint\",\"urlTemplate\":\"http:\/\/bellissima-films.com\/sv\/?s={search_term_string}\"},\"query-input\":\"required name=search_term_string\"}],\"inLanguage\":\"sv-SE\"},{\"@type\":\"WebPage\",\"@id\":\"https:\/\/bellissima-films.com\/sv\/cross-dresser-dejtingsajter\/#webpage\",\"url\":\"https:\/\/bellissima-films.com\/sv\/cross-dresser-dejtingsajter\/\",\"name\":\"Cross Dresser dejtingsajter - Film Reviews\",\"isPartOf\":{\"@id\":\"http:\/\/bellissima-films.com\/sv\/#website\"},\"datePublished\":\"2022-10-03T12:30:59+00:00\",\"dateModified\":\"2022-10-03T12:30:59+00:00\",\"breadcrumb\":{\"@id\":\"https:\/\/bellissima-films.com\/sv\/cross-dresser-dejtingsajter\/#breadcrumb\"},\"inLanguage\":\"sv-SE\",\"potentialAction\":[{\"@type\":\"ReadAction\",\"target\":[\"https:\/\/bellissima-films.com\/sv\/cross-dresser-dejtingsajter\/\"]}]},{\"@type\":\"BreadcrumbList\",\"@id\":\"https:\/\/bellissima-films.com\/sv\/cross-dresser-dejtingsajter\/#breadcrumb\",\"itemListElement\":[{\"@type\":\"ListItem\",\"position\":1,\"name\":\"Home\",\"item\":\"http:\/\/bellissima-films.com\/sv\/\"},{\"@type\":\"ListItem\",\"position\":2,\"name\":\"Cross Dresser dejtingsajter\"}]}]}<\/script>\n<!-- \/ Yoast SEO plugin. -->","yoast_head_json":{"title":"Cross Dresser dejtingsajter - Film Reviews","robots":{"index":"index","follow":"follow","max-snippet":"max-snippet:-1","max-image-preview":"max-image-preview:large","max-video-preview":"max-video-preview:-1"},"canonical":"https:\/\/bellissima-films.com\/sv\/cross-dresser-dejtingsajter\/","og_locale":"sv_SE","og_type":"article","og_title":"Cross Dresser dejtingsajter - Film Reviews","og_description":"Om du letar efter en partner som gillar att kl\u00e4 sig i damkl\u00e4der finns det gott om cross dresser dejtingsajter som kan hj\u00e4lpa dig att hitta din perfekta match. Dessa webbplatser tillgodoser m\u00e4nniskor som tycker om att kl\u00e4 sig i det motsatta k\u00f6nets kl\u00e4der, och de kan vara ett bra\u2026","og_url":"https:\/\/bellissima-films.com\/sv\/cross-dresser-dejtingsajter\/","og_site_name":"Film Reviews","twitter_card":"summary_large_image","twitter_misc":{"Ber\u00e4knad l\u00e4stid":"4 minuter"},"schema":{"@context":"https:\/\/schema.org","@graph":[{"@type":"WebSite","@id":"http:\/\/bellissima-films.com\/sv\/#website","url":"http:\/\/bellissima-films.com\/sv\/","name":"Film Reviews","description":"Real Hookups","potentialAction":[{"@type":"SearchAction","target":{"@type":"EntryPoint","urlTemplate":"http:\/\/bellissima-films.com\/sv\/?s={search_term_string}"},"query-input":"required name=search_term_string"}],"inLanguage":"sv-SE"},{"@type":"WebPage","@id":"https:\/\/bellissima-films.com\/sv\/cross-dresser-dejtingsajter\/#webpage","url":"https:\/\/bellissima-films.com\/sv\/cross-dresser-dejtingsajter\/","name":"Cross Dresser dejtingsajter - Film Reviews","isPartOf":{"@id":"http:\/\/bellissima-films.com\/sv\/#website"},"datePublished":"2022-10-03T12:30:59+00:00","dateModified":"2022-10-03T12:30:59+00:00","breadcrumb":{"@id":"https:\/\/bellissima-films.com\/sv\/cross-dresser-dejtingsajter\/#breadcrumb"},"inLanguage":"sv-SE","potentialAction":[{"@type":"ReadAction","target":["https:\/\/bellissima-films.com\/sv\/cross-dresser-dejtingsajter\/"]}]},{"@type":"BreadcrumbList","@id":"https:\/\/bellissima-films.com\/sv\/cross-dresser-dejtingsajter\/#breadcrumb","itemListElement":[{"@type":"ListItem","position":1,"name":"Home","item":"http:\/\/bellissima-films.com\/sv\/"},{"@type":"ListItem","position":2,"name":"Cross Dresser dejtingsajter"}]}]}},"_links":{"self":[{"href":"https:\/\/bellissima-films.com\/sv\/wp-json\/wp\/v2\/pages\/150"}],"collection":[{"href":"https:\/\/bellissima-films.com\/sv\/wp-json\/wp\/v2\/pages"}],"about":[{"href":"https:\/\/bellissima-films.com\/sv\/wp-json\/wp\/v2\/types\/page"}],"author":[{"embeddable":true,"href":"https:\/\/bellissima-films.com\/sv\/wp-json\/wp\/v2\/users\/1"}],"replies":[{"embeddable":true,"href":"https:\/\/bellissima-films.com\/sv\/wp-json\/wp\/v2\/comments?post=150"}],"version-history":[{"count":0,"href":"https:\/\/bellissima-films.com\/sv\/wp-json\/wp\/v2\/pages\/150\/revisions"}],"wp:attachment":[{"href":"https:\/\/bellissima-films.com\/sv\/wp-json\/wp\/v2\/media?parent=150"}],"curies":[{"name":"wp","href":"https:\/\/api.w.org\/{rel}","templated":true}]}}