{"id":135,"date":"2022-10-03T13:30:32","date_gmt":"2022-10-03T12:30:32","guid":{"rendered":"http:\/\/bellissima-films.com\/diskreta-dejtingappar\/"},"modified":"2022-10-03T13:30:32","modified_gmt":"2022-10-03T12:30:32","slug":"diskreta-dejtingappar","status":"publish","type":"page","link":"https:\/\/bellissima-films.com\/sv\/diskreta-dejtingappar\/","title":{"rendered":"Diskreta dejtingappar"},"content":{"rendered":"<p>Det finns en m\u00e4ngd <a href=\"http:\/\/bellissima-films.com\/sv\/gratis-milf-anslutningswebbplatser\/\">diskreta dejtingsappar<\/a> tillg\u00e4ngliga som \u00e4r speciellt utformade f\u00f6r m\u00e4nniskor som vill ansluta sig. Dessa appar till\u00e5ter anv\u00e4ndare att f\u00e5 kontakt med andra som \u00e4r intresserade av samma sak utan att beh\u00f6va g\u00e5 igenom besv\u00e4ret med traditionell dejting. Detta g\u00f6r det enkelt att hitta n\u00e5gon som \u00e4r nere f\u00f6r vad som helst, utan att beh\u00f6va oroa sig f\u00f6r avslag eller dom.<\/p>\n<h2>Diskreta sexsajter<\/h2>\n<p>Det finns en m\u00e4ngd diskreta sexsajter som tillgodoser dem som letar efter ett sexuellt m\u00f6te utanf\u00f6r ett traditionellt dejtingf\u00f6rh\u00e5llande. Dessa webbplatser ger ett s\u00e4kert och anonymt s\u00e4tt att f\u00e5 kontakt med andra som \u00e4r intresserade av att utforska sin sexualitet. M\u00e5nga av dessa webbplatser erbjuder ocks\u00e5 en m\u00e4ngd olika funktioner och verktyg f\u00f6r att hj\u00e4lpa medlemmar att f\u00e5 kontakt med varandra och planera m\u00f6ten.<\/p>\n<p>Det finns m\u00e5nga s\u00e4tt att hitta k\u00e4rlek, och f\u00f6r vissa m\u00e4nniskor \u00e4r en diskret aff\u00e4r det b\u00e4sta s\u00e4ttet att g\u00f6ra det. Det finns m\u00e5nga anledningar till varf\u00f6r n\u00e5gon kan v\u00e4lja att ha en diskret aff\u00e4r, inklusive behovet av diskretion p\u00e5 grund av sitt jobb eller sociala status. Oavsett anledning kan en diskret aff\u00e4r vara ett bra s\u00e4tt att hitta k\u00e4rlek och s\u00e4llskap. Det finns n\u00e5gra saker att t\u00e4nka p\u00e5 om du funderar p\u00e5 en diskret aff\u00e4r. Se f\u00f6rst till att ni b\u00e5da \u00e4r p\u00e5 samma sida om vad du letar efter. Om du inte \u00e4r det \u00e4r det l\u00e4tt att saker och ting snabbt blir komplicerade. F\u00f6r det andra, var noga med att kommunicera \u00f6ppet och \u00e4rligt med varandra. Detta \u00e4r nyckeln till alla relationer, men det \u00e4r s\u00e4rskilt viktigt i en diskret aff\u00e4r. Slutligen, var inte r\u00e4dd f\u00f6r att vara lite spontan. Detta kan g\u00f6ra hela upplevelsen \u00e4nnu mer sp\u00e4nnande.<\/p>\n<h2>Diskreta anslutningar<\/h2>\n<p>Det finns m\u00e5nga m\u00e4nniskor d\u00e4r ute som letar efter diskreta anslutningar. Oavsett om de \u00e4r singlar och bara letar efter en str\u00e4ngkopplad fling eller i ett f\u00f6rh\u00e5llande men vill fuska, finns det alltid n\u00e5gon som letar efter en anslutning. Om du \u00e4r n\u00e5gon som \u00e4r intresserad av diskreta anslutningar finns det n\u00e5gra saker du kan g\u00f6ra f\u00f6r att \u00f6ka dina chanser att hitta n\u00e5gon. F\u00f6rs\u00f6k f\u00f6rst anv\u00e4nda en dejtingapp eller webbplats som v\u00e4nder sig till m\u00e4nniskor som letar efter avslappnade m\u00f6ten. Det finns m\u00e5nga av dessa d\u00e4r ute, s\u00e5 det borde inte vara f\u00f6r sv\u00e5rt att hitta en som passar dina behov.<\/p>\n<p>N\u00e4r du har hittat en bra dejtingsajt eller app, se till att du skapar en bra profil. Inkludera n\u00e5gra sexiga bilder av dig sj\u00e4lv och var tydlig med vad du letar efter. Var uppriktig om dina \u00f6nskningar och du kommer att vara mer ben\u00e4gna att locka r\u00e4tt typ av m\u00e4nniskor. Om du spelar dina kort r\u00e4tt b\u00f6r du kunna hitta m\u00e5nga m\u00e4nniskor som \u00e4r intresserade av diskreta anslutningar. Var bara f\u00f6rsiktig och se till att du vet vad du ger dig in p\u00e5 innan du tr\u00e4ffar n\u00e5gon.<\/p>\n<h3>BBWCupid<\/h3>\n<p>BBWCupid \u00e4r en dejtingsapp som \u00e4r speciellt utformad f\u00f6r kvinnor i plusstorlek och de m\u00e4n som \u00e4lskar dem. Appen \u00e4r ett s\u00e4kert och diskret s\u00e4tt att tr\u00e4ffa andra plus-size singlar i ditt omr\u00e5de. Appen har en stor databas med anv\u00e4ndare, s\u00e5 du \u00e4r s\u00e4ker p\u00e5 att hitta n\u00e5gon som \u00e4r kompatibel med dig. Appen \u00e4r enkel att anv\u00e4nda och har ett anv\u00e4ndarv\u00e4nligt gr\u00e4nssnitt. Appen \u00e4r gratis att ladda ner och anv\u00e4nda.<\/p>\n<h3>Dubbellista<\/h3>\n<p>DoubleList \u00e4r en diskret dejtingapp som l\u00e5ter dig hitta matchningar snabbt och enkelt. Appen \u00e4r utformad f\u00f6r personer som letar efter ett snabbt och enkelt s\u00e4tt att hitta en matchning. Appen \u00e4r gratis att ladda ner och anv\u00e4nda. Appen \u00e4r tillg\u00e4nglig f\u00f6r iPhone- och Android-enheter.<\/p>\n<h3>Rubmaps<\/h3>\n<p>Det finns m\u00e5nga diskreta dejtingappar tillg\u00e4ngliga p\u00e5 marknaden idag, men Rubmaps \u00e4r en av de mest popul\u00e4ra. Denna app till\u00e5ter anv\u00e4ndare att hitta potentiella matchningar i sitt omr\u00e5de som \u00e4r intresserade av samma saker som dem. Rubmaps har ocks\u00e5 en fantastisk funktion som g\u00f6r det m\u00f6jligt f\u00f6r anv\u00e4ndare att se hur l\u00e5ngt borta potentiella matchningar \u00e4r, vilket \u00e4r mycket anv\u00e4ndbart f\u00f6r dem som letar efter ett diskret m\u00f6te. Appen \u00e4r gratis att ladda ner och anv\u00e4nda, och den \u00e4r tillg\u00e4nglig f\u00f6r b\u00e5de iOS- och Android-enheter.<\/p>\n","protected":false},"excerpt":{"rendered":"<p>Det finns en m\u00e4ngd diskreta dejtingsappar tillg\u00e4ngliga som \u00e4r speciellt utformade f\u00f6r m\u00e4nniskor som vill ansluta sig. Dessa appar till\u00e5ter anv\u00e4ndare att f\u00e5 kontakt med andra som \u00e4r intresserade av samma sak utan att beh\u00f6va g\u00e5 igenom besv\u00e4ret med traditionell dejting. Detta g\u00f6r det enkelt att hitta n\u00e5gon som \u00e4r\u2026<\/p>\n","protected":false},"author":1,"featured_media":0,"parent":0,"menu_order":0,"comment_status":"closed","ping_status":"closed","template":"","meta":[],"yoast_head":"<!-- This site is optimized with the Yoast SEO plugin v17.7.1 - https:\/\/yoast.com\/wordpress\/plugins\/seo\/ -->\n<title>Diskreta dejtingappar - Film Reviews<\/title>\n<meta name=\"robots\" content=\"index, follow, max-snippet:-1, max-image-preview:large, max-video-preview:-1\" \/>\n<link rel=\"canonical\" href=\"https:\/\/bellissima-films.com\/sv\/diskreta-dejtingappar\/\" \/>\n<meta property=\"og:locale\" content=\"sv_SE\" \/>\n<meta property=\"og:type\" content=\"article\" \/>\n<meta property=\"og:title\" content=\"Diskreta dejtingappar - Film Reviews\" \/>\n<meta property=\"og:description\" content=\"Det finns en m\u00e4ngd diskreta dejtingsappar tillg\u00e4ngliga som \u00e4r speciellt utformade f\u00f6r m\u00e4nniskor som vill ansluta sig. Dessa appar till\u00e5ter anv\u00e4ndare att f\u00e5 kontakt med andra som \u00e4r intresserade av samma sak utan att beh\u00f6va g\u00e5 igenom besv\u00e4ret med traditionell dejting. Detta g\u00f6r det enkelt att hitta n\u00e5gon som \u00e4r\u2026\" \/>\n<meta property=\"og:url\" content=\"https:\/\/bellissima-films.com\/sv\/diskreta-dejtingappar\/\" \/>\n<meta property=\"og:site_name\" content=\"Film Reviews\" \/>\n<meta name=\"twitter:card\" content=\"summary_large_image\" \/>\n<meta name=\"twitter:label1\" content=\"Ber\u00e4knad l\u00e4stid\" \/>\n\t<meta name=\"twitter:data1\" content=\"4 minuter\" \/>\n<script type=\"application\/ld+json\" class=\"yoast-schema-graph\">{\"@context\":\"https:\/\/schema.org\",\"@graph\":[{\"@type\":\"WebSite\",\"@id\":\"http:\/\/bellissima-films.com\/sv\/#website\",\"url\":\"http:\/\/bellissima-films.com\/sv\/\",\"name\":\"Film Reviews\",\"description\":\"Real Hookups\",\"potentialAction\":[{\"@type\":\"SearchAction\",\"target\":{\"@type\":\"EntryPoint\",\"urlTemplate\":\"http:\/\/bellissima-films.com\/sv\/?s={search_term_string}\"},\"query-input\":\"required name=search_term_string\"}],\"inLanguage\":\"sv-SE\"},{\"@type\":\"WebPage\",\"@id\":\"https:\/\/bellissima-films.com\/sv\/diskreta-dejtingappar\/#webpage\",\"url\":\"https:\/\/bellissima-films.com\/sv\/diskreta-dejtingappar\/\",\"name\":\"Diskreta dejtingappar - Film Reviews\",\"isPartOf\":{\"@id\":\"http:\/\/bellissima-films.com\/sv\/#website\"},\"datePublished\":\"2022-10-03T12:30:32+00:00\",\"dateModified\":\"2022-10-03T12:30:32+00:00\",\"breadcrumb\":{\"@id\":\"https:\/\/bellissima-films.com\/sv\/diskreta-dejtingappar\/#breadcrumb\"},\"inLanguage\":\"sv-SE\",\"potentialAction\":[{\"@type\":\"ReadAction\",\"target\":[\"https:\/\/bellissima-films.com\/sv\/diskreta-dejtingappar\/\"]}]},{\"@type\":\"BreadcrumbList\",\"@id\":\"https:\/\/bellissima-films.com\/sv\/diskreta-dejtingappar\/#breadcrumb\",\"itemListElement\":[{\"@type\":\"ListItem\",\"position\":1,\"name\":\"Home\",\"item\":\"http:\/\/bellissima-films.com\/sv\/\"},{\"@type\":\"ListItem\",\"position\":2,\"name\":\"Diskreta dejtingappar\"}]}]}<\/script>\n<!-- \/ Yoast SEO plugin. -->","yoast_head_json":{"title":"Diskreta dejtingappar - Film Reviews","robots":{"index":"index","follow":"follow","max-snippet":"max-snippet:-1","max-image-preview":"max-image-preview:large","max-video-preview":"max-video-preview:-1"},"canonical":"https:\/\/bellissima-films.com\/sv\/diskreta-dejtingappar\/","og_locale":"sv_SE","og_type":"article","og_title":"Diskreta dejtingappar - Film Reviews","og_description":"Det finns en m\u00e4ngd diskreta dejtingsappar tillg\u00e4ngliga som \u00e4r speciellt utformade f\u00f6r m\u00e4nniskor som vill ansluta sig. Dessa appar till\u00e5ter anv\u00e4ndare att f\u00e5 kontakt med andra som \u00e4r intresserade av samma sak utan att beh\u00f6va g\u00e5 igenom besv\u00e4ret med traditionell dejting. Detta g\u00f6r det enkelt att hitta n\u00e5gon som \u00e4r\u2026","og_url":"https:\/\/bellissima-films.com\/sv\/diskreta-dejtingappar\/","og_site_name":"Film Reviews","twitter_card":"summary_large_image","twitter_misc":{"Ber\u00e4knad l\u00e4stid":"4 minuter"},"schema":{"@context":"https:\/\/schema.org","@graph":[{"@type":"WebSite","@id":"http:\/\/bellissima-films.com\/sv\/#website","url":"http:\/\/bellissima-films.com\/sv\/","name":"Film Reviews","description":"Real Hookups","potentialAction":[{"@type":"SearchAction","target":{"@type":"EntryPoint","urlTemplate":"http:\/\/bellissima-films.com\/sv\/?s={search_term_string}"},"query-input":"required name=search_term_string"}],"inLanguage":"sv-SE"},{"@type":"WebPage","@id":"https:\/\/bellissima-films.com\/sv\/diskreta-dejtingappar\/#webpage","url":"https:\/\/bellissima-films.com\/sv\/diskreta-dejtingappar\/","name":"Diskreta dejtingappar - Film Reviews","isPartOf":{"@id":"http:\/\/bellissima-films.com\/sv\/#website"},"datePublished":"2022-10-03T12:30:32+00:00","dateModified":"2022-10-03T12:30:32+00:00","breadcrumb":{"@id":"https:\/\/bellissima-films.com\/sv\/diskreta-dejtingappar\/#breadcrumb"},"inLanguage":"sv-SE","potentialAction":[{"@type":"ReadAction","target":["https:\/\/bellissima-films.com\/sv\/diskreta-dejtingappar\/"]}]},{"@type":"BreadcrumbList","@id":"https:\/\/bellissima-films.com\/sv\/diskreta-dejtingappar\/#breadcrumb","itemListElement":[{"@type":"ListItem","position":1,"name":"Home","item":"http:\/\/bellissima-films.com\/sv\/"},{"@type":"ListItem","position":2,"name":"Diskreta dejtingappar"}]}]}},"_links":{"self":[{"href":"https:\/\/bellissima-films.com\/sv\/wp-json\/wp\/v2\/pages\/135"}],"collection":[{"href":"https:\/\/bellissima-films.com\/sv\/wp-json\/wp\/v2\/pages"}],"about":[{"href":"https:\/\/bellissima-films.com\/sv\/wp-json\/wp\/v2\/types\/page"}],"author":[{"embeddable":true,"href":"https:\/\/bellissima-films.com\/sv\/wp-json\/wp\/v2\/users\/1"}],"replies":[{"embeddable":true,"href":"https:\/\/bellissima-films.com\/sv\/wp-json\/wp\/v2\/comments?post=135"}],"version-history":[{"count":0,"href":"https:\/\/bellissima-films.com\/sv\/wp-json\/wp\/v2\/pages\/135\/revisions"}],"wp:attachment":[{"href":"https:\/\/bellissima-films.com\/sv\/wp-json\/wp\/v2\/media?parent=135"}],"curies":[{"name":"wp","href":"https:\/\/api.w.org\/{rel}","templated":true}]}}