{"id":196,"date":"2022-10-03T11:15:34","date_gmt":"2022-10-03T10:15:34","guid":{"rendered":"http:\/\/bellissima-films.com\/o-seu-fabricante-de-fosforos-de-namoro-local\/"},"modified":"2022-10-03T11:15:34","modified_gmt":"2022-10-03T10:15:34","slug":"o-seu-fabricante-de-fosforos-de-namoro-local","status":"publish","type":"page","link":"https:\/\/bellissima-films.com\/pt-pt\/","title":{"rendered":"O seu fabricante de f\u00f3sforos de namoro local"},"content":{"rendered":"<p>Namorar online \u00e9 um grande neg\u00f3cio. De facto, de acordo com uma estimativa, a ind\u00fastria vale mil milh\u00f5es de d\u00f3lares por ano. Mas enquanto a maioria dos sites s\u00e3o caros, alguns s\u00e3o constru\u00eddos especificamente com a ideia de oferecer um teste gratuito. Sites como OkCupid, PlentyOfFish e Match.com at\u00e9 oferecem ades\u00f5es gratuitas. E enquanto estes tr\u00eas est\u00e3o entre os maiores nomes do espa\u00e7o, h\u00e1 muitos outros.<\/p>\n<h2>Come\u00e7ar com sites de namoro de adultos gratuitos<\/h2>\n<p>Enquanto alguns sites gratuitos v\u00eam com limita\u00e7\u00f5es, como exigir um n\u00famero de cart\u00e3o de cr\u00e9dito, outros permitem-lhe navegar e enviar mensagens sem pagar nada adiantado. Por exemplo, Bumble permite que as mulheres d\u00eaem o primeiro passo, enquanto Hinge permite que os homens iniciem o contacto. Este tipo de sites d\u00e3o-lhe a oportunidade de experimentar algo diferente sem comprometer muito dinheiro.<\/p>\n<p>Mas s\u00f3 porque podes usar um site de gra\u00e7a, n\u00e3o quer dizer que devas. Embora os sites de encontros gratuitos nem sempre sejam bons para todos, muitas vezes oferecem uma \u00f3tima op\u00e7\u00e3o para as pessoas que procuram evitar gastar uma tonelada de dinheiro adiantado. E se decidir fazer upgrade mais tarde, ainda ter\u00e1 acesso a tudo o que fez. O mundo dos encontros online est\u00e1 cheio de op\u00e7\u00f5es. Desde sites de subscri\u00e7\u00e3o pagos como Match.com e OkCupid at\u00e9 plataformas de redes sociais como Facebook e Titter, h\u00e1 muitas maneiras de conhecer pessoas. Mas o que funciona melhor para uma pessoa pode n\u00e3o trabalhar para outra. Ent\u00e3o, reunimos uma lista dos nossos aplicativos e sites favoritos de namoro. Quer queira algo s\u00e9rio ou apenas \u00e0 procura de algu\u00e9m com quem sair, achamos que vai encontrar uma correspond\u00eancia aqui.<\/p>\n<h3>Guia r\u00e1pido para apps que pode experimentar agora<\/h3>\n<p>Sites e aplicativos de encontros gratuitos s\u00e3o uma \u00f3tima maneira de encontrar algu\u00e9m especial. Quer queira namorar casualmente, fazer uma rela\u00e7\u00e3o de longo prazo funcionar, ou apenas ver o que est\u00e1 l\u00e1 fora, estas plataformas oferecem muitas op\u00e7\u00f5es. Aqui est\u00e3o alguns dos nossos favoritos<\/p>\n<ul>\n<li>Facebook Dating &#8211; Este site de encontros \u00e9 completamente gratuito para usar, e torna a procura de f\u00f3sforos f\u00e1cil porque usa o algoritmo do Facebook para combinar com amigos de amigos. Voc\u00ea pode navegar membros com base na localiza\u00e7\u00e3o, idade, sexo, estado de relacionamento, interesses e at\u00e9 amigos m\u00fatuos.<\/li>\n<li>Hinge &#8211; Hinge \u00e9 uma popular aplica\u00e7\u00e3o de encontros onde voc\u00ea pode conectar-se com pessoas baseadas em paix\u00f5es partilhadas como m\u00fasica, filmes, esportes e passatempos. Tamb\u00e9m pode definir prefer\u00eancias como se prefere sair ou sair com amigos.<\/li>\n<li>OKCupid &#8211; OKCupid \u00e9 um dos sites de encontros mais antigos ao redor, e ainda oferece uma interface limpa e muitas ferramentas \u00fateis. Voc\u00ea pode filtrar membros com base na idade, dist\u00e2ncia, orienta\u00e7\u00e3o sexual, religi\u00e3o, etnia, n\u00edvel de educa\u00e7\u00e3o, rendimento, ocupa\u00e7\u00e3o, tipo de corpo e altura.<\/li>\n<li>Tinder &#8211; O Tinder \u00e9 muito parecido com o OkCupid em termos de como funciona, mas foca-se em deslizar para a esquerda ou para a direita em fotos de potenciais partidas. Se passar direito, receber\u00e1 uma notifica\u00e7\u00e3o informando-o de que a pessoa tamb\u00e9m gosta de si.<\/li>\n<li>Match &#8211; O jogo \u00e9 semelhante ao OkCupid e ao Tinder, na medida em que permite passar para a esquerda ou para a direita em fotografias de pessoas. No entanto, o Match permite-lhe procurar tipos espec\u00edficos de pessoas, incluindo os interessados em casamento, encontros casuais, amizade, etc.<\/li>\n<li>Zoosk &#8211; Zoosk \u00e9 um pouco diferente dos restantes sites listados aqui, uma vez que n\u00e3o requer que voc\u00ea fa\u00e7a upload de uma foto. Em vez disso, respondes a perguntas sobre ti e deixas o Zoosk fazer a correspond\u00eancia.<\/li>\n<\/ul>\n<p><img loading=\"lazy\" class=\"aligncenter wp-image-34\" src=\"http:\/\/bellissima-films.com\/wp-content\/uploads\/2022\/10\/aff-1024x649.png\" alt=\"\" width=\"860\" height=\"545\" srcset=\"https:\/\/bellissima-films.com\/wp-content\/uploads\/2022\/10\/aff-1024x649.png 1024w, https:\/\/bellissima-films.com\/wp-content\/uploads\/2022\/10\/aff-300x190.png 300w, https:\/\/bellissima-films.com\/wp-content\/uploads\/2022\/10\/aff-768x487.png 768w, https:\/\/bellissima-films.com\/wp-content\/uploads\/2022\/10\/aff-1536x974.png 1536w, https:\/\/bellissima-films.com\/wp-content\/uploads\/2022\/10\/aff.png 1553w\" sizes=\"(max-width: 860px) 100vw, 860px\" \/><\/p>\n<h2>A nossa melhor escolha para sexo casual &#8211; AdultFriendFinder<\/h2>\n<p>Est\u00e1 cansado de namorar sites que n\u00e3o entregam? Gostavas que houvesse um site de encontros para adultos que tivesse tudo o que querias? Se respondeu sim a qualquer pergunta, ent\u00e3o talvez queira ler a nossa an\u00e1lise de Adult Friend Finder. Revimos Adult Friend Finder e descobrimos que tem uma tonelada de funcionalidades que a maioria dos outros sites de namoro n\u00e3o t\u00eam. Isto significa que n\u00e3o vai ficar aborrecida aqui.<\/p>\n<p>Al\u00e9m das suas incr\u00edveis funcionalidades, o Adult Friend Finder oferece uma enorme base de utilizadores. Atualmente existem mais de 1 milh\u00e3o de membros usando este site. Isto faz com que seja um dos maiores sites de encontros para adultos online. E como tem uma base de utilizadores t\u00e3o grande, pode esperar encontrar muitos jogos potenciais aqui.<\/p>\n<p>Existem v\u00e1rias raz\u00f5es pelas quais o Adult Friend Finder \u00e9 um dos sites de encontros para adultos com melhor classifica\u00e7\u00e3o. Vamos passar por cima deles agora.<\/p>\n<h3>Base de utilizador<\/h3>\n<p>Como mencionado acima, Adult Friend Finder tem mais de 1 milh\u00e3o de utilizadores ativos. \u00c9 impressionante, tendo em conta que existe h\u00e1 mais de 10 anos.<\/p>\n<p>At\u00e9 agora, o site n\u00e3o abrandou. Continua a crescer todos os meses.<\/p>\n<h3>Seguran\u00e7a<\/h3>\n<p>Quando te juntares ao Adult Friend Finder, vais reparar que n\u00e3o parece ser qualquer outro site de encontros. Isto porque o Adult Friend Finder foca-se em proporcionar um ambiente seguro aos seus membros. Oferecem um vasto leque de medidas de seguran\u00e7a para proteger contra criminosos e predadores. Estes incluem coisas como verificar endere\u00e7os de e-mail, necessitar de identifica\u00e7\u00e3o com foto e oferecer suporte ao cliente 24 horas por dia.<\/p>\n<p>Todas estas salvaguardas garantem que se sente confort\u00e1vel em se juntar ao Adult Friend Finder.<\/p>\n<h3>Caracter\u00edsticas<\/h3>\n<p>Adult Friend Finder tem uma tonelada de funcionalidades. Cobrem quase todos os aspetos da sua vida. Por exemplo, voc\u00ea pode procurar membros com base na localiza\u00e7\u00e3o, sexo, etnia, orienta\u00e7\u00e3o sexual, estado de relacionamento, interesses, e muito mais. Tamb\u00e9m pode navegar nos perfis, enviar mensagens, ver fotografias dos membros e conversar com os membros. Mais importante ainda, pode partilhar os seus v\u00eddeos favoritos, m\u00fasica e livros com outros membros.<\/p>\n<p>Com todas estas funcionalidades, nunca vais ficar sem coisas para fazer no Adult Friend Finder.<\/p>\n","protected":false},"excerpt":{"rendered":"<p>Namorar online \u00e9 um grande neg\u00f3cio. De facto, de acordo com uma estimativa, a ind\u00fastria vale mil milh\u00f5es de d\u00f3lares por ano. Mas enquanto a maioria dos sites s\u00e3o caros, alguns s\u00e3o constru\u00eddos especificamente com a ideia de oferecer um teste gratuito. Sites como OkCupid, PlentyOfFish e Match.com at\u00e9 oferecem\u2026<\/p>\n","protected":false},"author":1,"featured_media":114,"parent":0,"menu_order":0,"comment_status":"closed","ping_status":"closed","template":"","meta":[],"yoast_head":"<!-- This site is optimized with the Yoast SEO plugin v17.7.1 - https:\/\/yoast.com\/wordpress\/plugins\/seo\/ -->\n<title>O seu fabricante de f\u00f3sforos de namoro local - Film Reviews<\/title>\n<meta name=\"robots\" content=\"index, follow, max-snippet:-1, max-image-preview:large, max-video-preview:-1\" \/>\n<link rel=\"canonical\" href=\"https:\/\/bellissima-films.com\/pt-pt\/\" \/>\n<meta property=\"og:locale\" content=\"pt_PT\" \/>\n<meta property=\"og:type\" content=\"article\" \/>\n<meta property=\"og:title\" content=\"O seu fabricante de f\u00f3sforos de namoro local - Film Reviews\" \/>\n<meta property=\"og:description\" content=\"Namorar online \u00e9 um grande neg\u00f3cio. De facto, de acordo com uma estimativa, a ind\u00fastria vale mil milh\u00f5es de d\u00f3lares por ano. Mas enquanto a maioria dos sites s\u00e3o caros, alguns s\u00e3o constru\u00eddos especificamente com a ideia de oferecer um teste gratuito. Sites como OkCupid, PlentyOfFish e Match.com at\u00e9 oferecem\u2026\" \/>\n<meta property=\"og:url\" content=\"https:\/\/bellissima-films.com\/pt-pt\/\" \/>\n<meta property=\"og:site_name\" content=\"Film Reviews\" \/>\n<meta name=\"twitter:card\" content=\"summary_large_image\" \/>\n<meta name=\"twitter:image\" content=\"https:\/\/bellissima-films.com\/wp-content\/uploads\/2022\/10\/meet-for-dating.webp\" \/>\n<meta name=\"twitter:label1\" content=\"Tempo estimado de leitura\" \/>\n\t<meta name=\"twitter:data1\" content=\"5 minutos\" \/>\n<script type=\"application\/ld+json\" class=\"yoast-schema-graph\">{\"@context\":\"https:\/\/schema.org\",\"@graph\":[{\"@type\":\"WebSite\",\"@id\":\"http:\/\/bellissima-films.com\/pt-pt\/#website\",\"url\":\"http:\/\/bellissima-films.com\/pt-pt\/\",\"name\":\"Film Reviews\",\"description\":\"Real Hookups\",\"potentialAction\":[{\"@type\":\"SearchAction\",\"target\":{\"@type\":\"EntryPoint\",\"urlTemplate\":\"http:\/\/bellissima-films.com\/pt-pt\/?s={search_term_string}\"},\"query-input\":\"required name=search_term_string\"}],\"inLanguage\":\"pt-PT\"},{\"@type\":\"ImageObject\",\"@id\":\"https:\/\/bellissima-films.com\/pt-pt\/#primaryimage\",\"inLanguage\":\"pt-PT\",\"url\":\"https:\/\/bellissima-films.com\/wp-content\/uploads\/2022\/10\/meet-for-dating.webp\",\"contentUrl\":\"https:\/\/bellissima-films.com\/wp-content\/uploads\/2022\/10\/meet-for-dating.webp\",\"width\":1125,\"height\":750},{\"@type\":\"WebPage\",\"@id\":\"https:\/\/bellissima-films.com\/pt-pt\/#webpage\",\"url\":\"https:\/\/bellissima-films.com\/pt-pt\/\",\"name\":\"O seu fabricante de f\\u00f3sforos de namoro local - Film Reviews\",\"isPartOf\":{\"@id\":\"http:\/\/bellissima-films.com\/pt-pt\/#website\"},\"primaryImageOfPage\":{\"@id\":\"https:\/\/bellissima-films.com\/pt-pt\/#primaryimage\"},\"datePublished\":\"2022-10-03T10:15:34+00:00\",\"dateModified\":\"2022-10-03T10:15:34+00:00\",\"breadcrumb\":{\"@id\":\"https:\/\/bellissima-films.com\/pt-pt\/#breadcrumb\"},\"inLanguage\":\"pt-PT\",\"potentialAction\":[{\"@type\":\"ReadAction\",\"target\":[\"https:\/\/bellissima-films.com\/pt-pt\/\"]}]},{\"@type\":\"BreadcrumbList\",\"@id\":\"https:\/\/bellissima-films.com\/pt-pt\/#breadcrumb\",\"itemListElement\":[{\"@type\":\"ListItem\",\"position\":1,\"name\":\"Home\",\"item\":\"http:\/\/bellissima-films.com\/pt-pt\/\"},{\"@type\":\"ListItem\",\"position\":2,\"name\":\"O seu fabricante de f\\u00f3sforos de namoro local\"}]}]}<\/script>\n<!-- \/ Yoast SEO plugin. -->","yoast_head_json":{"title":"O seu fabricante de f\u00f3sforos de namoro local - Film Reviews","robots":{"index":"index","follow":"follow","max-snippet":"max-snippet:-1","max-image-preview":"max-image-preview:large","max-video-preview":"max-video-preview:-1"},"canonical":"https:\/\/bellissima-films.com\/pt-pt\/","og_locale":"pt_PT","og_type":"article","og_title":"O seu fabricante de f\u00f3sforos de namoro local - Film Reviews","og_description":"Namorar online \u00e9 um grande neg\u00f3cio. De facto, de acordo com uma estimativa, a ind\u00fastria vale mil milh\u00f5es de d\u00f3lares por ano. Mas enquanto a maioria dos sites s\u00e3o caros, alguns s\u00e3o constru\u00eddos especificamente com a ideia de oferecer um teste gratuito. Sites como OkCupid, PlentyOfFish e Match.com at\u00e9 oferecem\u2026","og_url":"https:\/\/bellissima-films.com\/pt-pt\/","og_site_name":"Film Reviews","twitter_card":"summary_large_image","twitter_image":"https:\/\/bellissima-films.com\/wp-content\/uploads\/2022\/10\/meet-for-dating.webp","twitter_misc":{"Tempo estimado de leitura":"5 minutos"},"schema":{"@context":"https:\/\/schema.org","@graph":[{"@type":"WebSite","@id":"http:\/\/bellissima-films.com\/pt-pt\/#website","url":"http:\/\/bellissima-films.com\/pt-pt\/","name":"Film Reviews","description":"Real Hookups","potentialAction":[{"@type":"SearchAction","target":{"@type":"EntryPoint","urlTemplate":"http:\/\/bellissima-films.com\/pt-pt\/?s={search_term_string}"},"query-input":"required name=search_term_string"}],"inLanguage":"pt-PT"},{"@type":"ImageObject","@id":"https:\/\/bellissima-films.com\/pt-pt\/#primaryimage","inLanguage":"pt-PT","url":"https:\/\/bellissima-films.com\/wp-content\/uploads\/2022\/10\/meet-for-dating.webp","contentUrl":"https:\/\/bellissima-films.com\/wp-content\/uploads\/2022\/10\/meet-for-dating.webp","width":1125,"height":750},{"@type":"WebPage","@id":"https:\/\/bellissima-films.com\/pt-pt\/#webpage","url":"https:\/\/bellissima-films.com\/pt-pt\/","name":"O seu fabricante de f\u00f3sforos de namoro local - Film Reviews","isPartOf":{"@id":"http:\/\/bellissima-films.com\/pt-pt\/#website"},"primaryImageOfPage":{"@id":"https:\/\/bellissima-films.com\/pt-pt\/#primaryimage"},"datePublished":"2022-10-03T10:15:34+00:00","dateModified":"2022-10-03T10:15:34+00:00","breadcrumb":{"@id":"https:\/\/bellissima-films.com\/pt-pt\/#breadcrumb"},"inLanguage":"pt-PT","potentialAction":[{"@type":"ReadAction","target":["https:\/\/bellissima-films.com\/pt-pt\/"]}]},{"@type":"BreadcrumbList","@id":"https:\/\/bellissima-films.com\/pt-pt\/#breadcrumb","itemListElement":[{"@type":"ListItem","position":1,"name":"Home","item":"http:\/\/bellissima-films.com\/pt-pt\/"},{"@type":"ListItem","position":2,"name":"O seu fabricante de f\u00f3sforos de namoro local"}]}]}},"_links":{"self":[{"href":"https:\/\/bellissima-films.com\/pt-pt\/wp-json\/wp\/v2\/pages\/196"}],"collection":[{"href":"https:\/\/bellissima-films.com\/pt-pt\/wp-json\/wp\/v2\/pages"}],"about":[{"href":"https:\/\/bellissima-films.com\/pt-pt\/wp-json\/wp\/v2\/types\/page"}],"author":[{"embeddable":true,"href":"https:\/\/bellissima-films.com\/pt-pt\/wp-json\/wp\/v2\/users\/1"}],"replies":[{"embeddable":true,"href":"https:\/\/bellissima-films.com\/pt-pt\/wp-json\/wp\/v2\/comments?post=196"}],"version-history":[{"count":0,"href":"https:\/\/bellissima-films.com\/pt-pt\/wp-json\/wp\/v2\/pages\/196\/revisions"}],"wp:featuredmedia":[{"embeddable":true,"href":"https:\/\/bellissima-films.com\/pt-pt\/wp-json\/wp\/v2\/media\/114"}],"wp:attachment":[{"href":"https:\/\/bellissima-films.com\/pt-pt\/wp-json\/wp\/v2\/media?parent=196"}],"curies":[{"name":"wp","href":"https:\/\/api.w.org\/{rel}","templated":true}]}}