{"id":166,"date":"2022-10-03T13:29:28","date_gmt":"2022-10-03T12:29:28","guid":{"rendered":"http:\/\/bellissima-films.com\/online-sexting-sites\/"},"modified":"2022-10-03T13:29:28","modified_gmt":"2022-10-03T12:29:28","slug":"online-sexting-sites","status":"publish","type":"page","link":"https:\/\/bellissima-films.com\/pt-pt\/online-sexting-sites\/","title":{"rendered":"Online Sexting Sites"},"content":{"rendered":"<p>Existem uma variedade de sites de sexting on-line que permitem que os utilizadores enviem e recebam mensagens e imagens sexualmente expl\u00edcitas. Estes sites podem ser uma \u00f3tima maneira de se encontrar com algu\u00e9m que partilhe os seus interesses e desejos. No entanto, \u00e9 importante estar ciente dos riscos potenciais envolvidos na utiliza\u00e7\u00e3o destes sites. Em particular, existe o potencial para algu\u00e9m guardar ou partilhar as suas mensagens ou imagens sem o seu consentimento. Isto pode levar a constrangimentos ou mesmo problemas legais. Portanto, \u00e9 importante apenas fazer sexo com algu\u00e9m em quem confia e em quem tem a certeza que manter\u00e1 as suas mensagens e imagens privadas.<\/p>\n<h2>Sites de Sexting gratuitos<\/h2>\n<p>Embora o sexo possa ser uma forma divertida e f\u00e1cil de apimentar a sua vida sexual, tamb\u00e9m existem alguns riscos a considerar. Por exemplo, se fizeres sexo com algu\u00e9m com quem n\u00e3o estejas numa rela\u00e7\u00e3o, eles podem partilhar as tuas fotos ou mensagens sem o teu consentimento. Al\u00e9m disso, h\u00e1 sempre a possibilidade de os teus sexos poderem ser intercetados por outra pessoa, como um hacker.<\/p>\n<p>\u00c9 por isso que \u00e9 importante ter cuidado ao escolher um parceiro sexual e ter a certeza que ambos est\u00e3o na mesma p\u00e1gina sobre manter as coisas privadas. H\u00e1 algumas maneiras diferentes de fazer isto. Primeiro, s\u00f3 se pode fazer sexo com algu\u00e9m que conhecemos e em quem confiamos. Ou, voc\u00ea pode usar um site de sexting ou app que oferece encripta\u00e7\u00e3o de ponta a ponta, o que significa que as suas mensagens s\u00e3o encriptadas e s\u00f3 podem ser lidas pela pessoa para quem est\u00e3o destinadas. Finalmente, \u00e9 sempre uma boa ideia ter uma conversa com o seu parceiro sexual sobre o que ambos est\u00e3o confort\u00e1veis antes de come\u00e7arem a trocar mensagens. Desta forma, pode evitar potenciais mal-entendidos ou magoar sentimentos.<\/p>\n<h2>Conversa sexual casual<\/h2>\n<p>No mundo dos encontros online, conversas sexuais casuais podem ser uma \u00f3tima maneira de conhecer algu\u00e9m novo. Pode ser uma forma divertida e f\u00e1cil de se conectar com algu\u00e9m sem a press\u00e3o de uma rela\u00e7\u00e3o comprometida. No entanto, \u00e9 importante lembrar que a conversa sexual casual \u00e9 apenas isso \u2013 casual. N\u00e3o deixes que isso leve a algo mais s\u00e9rio a n\u00e3o ser que ambos estejam na mesma p\u00e1gina. Se est\u00e1s \u00e0 procura de um pouco de divers\u00e3o, ent\u00e3o aproveita a conversa, mas n\u00e3o te afei\u00e7oes muito.<\/p>\n<h2>Salas de Chat Sexual<\/h2>\n<p>A internet forneceu \u00e0s pessoas uma \u00f3tima maneira de se conectarem com outras pessoas para encontros e salas de chat sexuais s\u00e3o uma \u00f3tima maneira de fazer isso. Voc\u00ea pode encontrar salas de chat para pessoas interessadas em todo o tipo de coisas diferentes e voc\u00ea pode conhecer as pessoas antes de conhec\u00ea-las pessoalmente. Esta pode ser uma \u00f3tima maneira de conhecer novas pessoas e explorar a sua sexualidade.<\/p>\n<h3>FlingPals<\/h3>\n<p>O FlingPals \u00e9 uma nova aplica\u00e7\u00e3o de sexting que permite aos utilizadores enviar e receber textos e fotos sujos de outros utilizadores. A aplica\u00e7\u00e3o \u00e9 gratuita para descarregar e usar, e oferece uma subscri\u00e7\u00e3o premium por $4.99 por m\u00eas. A aplica\u00e7\u00e3o est\u00e1 dispon\u00edvel para dispositivos iOS e Android. O FlingPals \u00e9 um \u00f3timo aplicativo para pessoas que procuram uma nova forma de se sujarem com os seus parceiros. A aplica\u00e7\u00e3o \u00e9 f\u00e1cil de usar e \u00e9 gratuita para descarregar e usar. A aplica\u00e7\u00e3o tamb\u00e9m oferece uma subscri\u00e7\u00e3o premium por $4.99 por m\u00eas. A aplica\u00e7\u00e3o est\u00e1 dispon\u00edvel para dispositivos iOS e Android.<\/p>\n<h3>Xpress<\/h3>\n<p>Se procura uma aplica\u00e7\u00e3o de encontros que facilite o encontro com solteiros locais, ent\u00e3o o Xpress vale a pena verificar. Esta aplica\u00e7\u00e3o \u00e9 simples de usar e \u00e9 gratuita para descarregar, tornando-a uma \u00f3tima op\u00e7\u00e3o para quem procura uma forma r\u00e1pida e f\u00e1cil de se conectar com potenciais encontros.<\/p>\n<p>No entanto, uma desvantagem da Xpress \u00e9 que n\u00e3o \u00e9 a aplica\u00e7\u00e3o mais confi\u00e1vel no que diz respeito ao sexo. Embora voc\u00ea possa certamente encontrar pessoas para fazer sexo com esta aplica\u00e7\u00e3o, voc\u00ea pode ter mais sorte em outras plataformas que s\u00e3o especificamente projetadas para sexo.<\/p>\n<h3>BBWCupid<\/h3>\n<p>BBWCupid \u00e9 uma aplica\u00e7\u00e3o de encontros projetada especificamente para solteiros de tamanho extra e seus admiradores. A aplica\u00e7\u00e3o \u00e9 gratuita para descarregar e usar, mas pode fazer upgrade para uma subscri\u00e7\u00e3o premium para desbloquear funcionalidades adicionais. Com uma ades\u00e3o premium, pode ver perfis de outros utilizadores que est\u00e3o interessados em namorar, enviar e receber mensagens e usar os filtros de pesquisa avan\u00e7ados da aplica\u00e7\u00e3o. Se procura uma aplica\u00e7\u00e3o de encontros de tamanho extra que facilite a liga\u00e7\u00e3o com outros singles, a BBWCupid vale definitivamente a pena verificar. A interface amig\u00e1vel da aplica\u00e7\u00e3o e os filtros de pesquisa abrangentes fazem com que seja uma \u00f3tima op\u00e7\u00e3o para encontrar a sua pr\u00f3xima data ou liga\u00e7\u00e3o. E com uma filia\u00e7\u00e3o gratuita, pode tentar sem quebrar o banco.<\/p>\n","protected":false},"excerpt":{"rendered":"<p>Existem uma variedade de sites de sexting on-line que permitem que os utilizadores enviem e recebam mensagens e imagens sexualmente expl\u00edcitas. Estes sites podem ser uma \u00f3tima maneira de se encontrar com algu\u00e9m que partilhe os seus interesses e desejos. No entanto, \u00e9 importante estar ciente dos riscos potenciais envolvidos\u2026<\/p>\n","protected":false},"author":1,"featured_media":0,"parent":0,"menu_order":0,"comment_status":"closed","ping_status":"closed","template":"","meta":[],"yoast_head":"<!-- This site is optimized with the Yoast SEO plugin v17.7.1 - https:\/\/yoast.com\/wordpress\/plugins\/seo\/ -->\n<title>Online Sexting Sites - Film Reviews<\/title>\n<meta name=\"robots\" content=\"index, follow, max-snippet:-1, max-image-preview:large, max-video-preview:-1\" \/>\n<link rel=\"canonical\" href=\"https:\/\/bellissima-films.com\/pt-pt\/online-sexting-sites\/\" \/>\n<meta property=\"og:locale\" content=\"pt_PT\" \/>\n<meta property=\"og:type\" content=\"article\" \/>\n<meta property=\"og:title\" content=\"Online Sexting Sites - Film Reviews\" \/>\n<meta property=\"og:description\" content=\"Existem uma variedade de sites de sexting on-line que permitem que os utilizadores enviem e recebam mensagens e imagens sexualmente expl\u00edcitas. Estes sites podem ser uma \u00f3tima maneira de se encontrar com algu\u00e9m que partilhe os seus interesses e desejos. No entanto, \u00e9 importante estar ciente dos riscos potenciais envolvidos\u2026\" \/>\n<meta property=\"og:url\" content=\"https:\/\/bellissima-films.com\/pt-pt\/online-sexting-sites\/\" \/>\n<meta property=\"og:site_name\" content=\"Film Reviews\" \/>\n<meta name=\"twitter:card\" content=\"summary_large_image\" \/>\n<meta name=\"twitter:label1\" content=\"Tempo estimado de leitura\" \/>\n\t<meta name=\"twitter:data1\" content=\"4 minutos\" \/>\n<script type=\"application\/ld+json\" class=\"yoast-schema-graph\">{\"@context\":\"https:\/\/schema.org\",\"@graph\":[{\"@type\":\"WebSite\",\"@id\":\"http:\/\/bellissima-films.com\/pt-pt\/#website\",\"url\":\"http:\/\/bellissima-films.com\/pt-pt\/\",\"name\":\"Film Reviews\",\"description\":\"Real Hookups\",\"potentialAction\":[{\"@type\":\"SearchAction\",\"target\":{\"@type\":\"EntryPoint\",\"urlTemplate\":\"http:\/\/bellissima-films.com\/pt-pt\/?s={search_term_string}\"},\"query-input\":\"required name=search_term_string\"}],\"inLanguage\":\"pt-PT\"},{\"@type\":\"WebPage\",\"@id\":\"https:\/\/bellissima-films.com\/pt-pt\/online-sexting-sites\/#webpage\",\"url\":\"https:\/\/bellissima-films.com\/pt-pt\/online-sexting-sites\/\",\"name\":\"Online Sexting Sites - Film Reviews\",\"isPartOf\":{\"@id\":\"http:\/\/bellissima-films.com\/pt-pt\/#website\"},\"datePublished\":\"2022-10-03T12:29:28+00:00\",\"dateModified\":\"2022-10-03T12:29:28+00:00\",\"breadcrumb\":{\"@id\":\"https:\/\/bellissima-films.com\/pt-pt\/online-sexting-sites\/#breadcrumb\"},\"inLanguage\":\"pt-PT\",\"potentialAction\":[{\"@type\":\"ReadAction\",\"target\":[\"https:\/\/bellissima-films.com\/pt-pt\/online-sexting-sites\/\"]}]},{\"@type\":\"BreadcrumbList\",\"@id\":\"https:\/\/bellissima-films.com\/pt-pt\/online-sexting-sites\/#breadcrumb\",\"itemListElement\":[{\"@type\":\"ListItem\",\"position\":1,\"name\":\"Home\",\"item\":\"http:\/\/bellissima-films.com\/pt-pt\/\"},{\"@type\":\"ListItem\",\"position\":2,\"name\":\"Online Sexting Sites\"}]}]}<\/script>\n<!-- \/ Yoast SEO plugin. -->","yoast_head_json":{"title":"Online Sexting Sites - Film Reviews","robots":{"index":"index","follow":"follow","max-snippet":"max-snippet:-1","max-image-preview":"max-image-preview:large","max-video-preview":"max-video-preview:-1"},"canonical":"https:\/\/bellissima-films.com\/pt-pt\/online-sexting-sites\/","og_locale":"pt_PT","og_type":"article","og_title":"Online Sexting Sites - Film Reviews","og_description":"Existem uma variedade de sites de sexting on-line que permitem que os utilizadores enviem e recebam mensagens e imagens sexualmente expl\u00edcitas. Estes sites podem ser uma \u00f3tima maneira de se encontrar com algu\u00e9m que partilhe os seus interesses e desejos. No entanto, \u00e9 importante estar ciente dos riscos potenciais envolvidos\u2026","og_url":"https:\/\/bellissima-films.com\/pt-pt\/online-sexting-sites\/","og_site_name":"Film Reviews","twitter_card":"summary_large_image","twitter_misc":{"Tempo estimado de leitura":"4 minutos"},"schema":{"@context":"https:\/\/schema.org","@graph":[{"@type":"WebSite","@id":"http:\/\/bellissima-films.com\/pt-pt\/#website","url":"http:\/\/bellissima-films.com\/pt-pt\/","name":"Film Reviews","description":"Real Hookups","potentialAction":[{"@type":"SearchAction","target":{"@type":"EntryPoint","urlTemplate":"http:\/\/bellissima-films.com\/pt-pt\/?s={search_term_string}"},"query-input":"required name=search_term_string"}],"inLanguage":"pt-PT"},{"@type":"WebPage","@id":"https:\/\/bellissima-films.com\/pt-pt\/online-sexting-sites\/#webpage","url":"https:\/\/bellissima-films.com\/pt-pt\/online-sexting-sites\/","name":"Online Sexting Sites - Film Reviews","isPartOf":{"@id":"http:\/\/bellissima-films.com\/pt-pt\/#website"},"datePublished":"2022-10-03T12:29:28+00:00","dateModified":"2022-10-03T12:29:28+00:00","breadcrumb":{"@id":"https:\/\/bellissima-films.com\/pt-pt\/online-sexting-sites\/#breadcrumb"},"inLanguage":"pt-PT","potentialAction":[{"@type":"ReadAction","target":["https:\/\/bellissima-films.com\/pt-pt\/online-sexting-sites\/"]}]},{"@type":"BreadcrumbList","@id":"https:\/\/bellissima-films.com\/pt-pt\/online-sexting-sites\/#breadcrumb","itemListElement":[{"@type":"ListItem","position":1,"name":"Home","item":"http:\/\/bellissima-films.com\/pt-pt\/"},{"@type":"ListItem","position":2,"name":"Online Sexting Sites"}]}]}},"_links":{"self":[{"href":"https:\/\/bellissima-films.com\/pt-pt\/wp-json\/wp\/v2\/pages\/166"}],"collection":[{"href":"https:\/\/bellissima-films.com\/pt-pt\/wp-json\/wp\/v2\/pages"}],"about":[{"href":"https:\/\/bellissima-films.com\/pt-pt\/wp-json\/wp\/v2\/types\/page"}],"author":[{"embeddable":true,"href":"https:\/\/bellissima-films.com\/pt-pt\/wp-json\/wp\/v2\/users\/1"}],"replies":[{"embeddable":true,"href":"https:\/\/bellissima-films.com\/pt-pt\/wp-json\/wp\/v2\/comments?post=166"}],"version-history":[{"count":0,"href":"https:\/\/bellissima-films.com\/pt-pt\/wp-json\/wp\/v2\/pages\/166\/revisions"}],"wp:attachment":[{"href":"https:\/\/bellissima-films.com\/pt-pt\/wp-json\/wp\/v2\/media?parent=166"}],"curies":[{"name":"wp","href":"https:\/\/api.w.org\/{rel}","templated":true}]}}