{"id":144,"date":"2022-10-03T13:30:32","date_gmt":"2022-10-03T12:30:32","guid":{"rendered":"http:\/\/bellissima-films.com\/aplicativos-de-namoro-discretos\/"},"modified":"2022-10-03T13:30:32","modified_gmt":"2022-10-03T12:30:32","slug":"aplicativos-de-namoro-discretos","status":"publish","type":"page","link":"https:\/\/bellissima-films.com\/pt-pt\/aplicativos-de-namoro-discretos\/","title":{"rendered":"Aplicativos de namoro discretos"},"content":{"rendered":"<p>H\u00e1 uma variedade de <a href=\"http:\/\/bellissima-films.com\/pt-pt\/sites-de-ligacao-milf-gratuitos\/\">aplica\u00e7\u00f5es de namoro discretas<\/a> dispon\u00edveis que s\u00e3o especificamente projetadas para pessoas que est\u00e3o procurando se ligar. Estas aplica\u00e7\u00f5es permitem que os utilizadores se conectem com outros interessados na mesma coisa, sem terem de passar pelo inc\u00f3modo do namoro tradicional. Isto torna mais f\u00e1cil encontrar algu\u00e9m que esteja em baixo para o que quer que seja, sem ter que se preocupar com rejei\u00e7\u00e3o ou julgamento.<\/p>\n<h2>Sites de sexo discretos<\/h2>\n<p>H\u00e1 uma variedade de sites sexuais discretos que atendem a quem procura um encontro sexual fora de uma rela\u00e7\u00e3o tradicional de namoro. Estes sites fornecem uma forma segura e an\u00f3nima de se conectar com outros que est\u00e3o interessados em explorar a sua sexualidade. Muitos destes sites tamb\u00e9m oferecem uma variedade de funcionalidades e ferramentas para ajudar os membros a conectarem-se uns com os outros e planejando encontros.<\/p>\n<p>H\u00e1 muitas maneiras de encontrar o amor, e para algumas pessoas, um caso discreto \u00e9 a melhor maneira de faz\u00ea-lo. H\u00e1 muitas raz\u00f5es pelas quais algu\u00e9m pode optar por ter um caso discreto, incluindo a necessidade de discri\u00e7\u00e3o devido ao seu trabalho ou estatuto social. Seja qual for a raz\u00e3o, um caso discreto pode ser uma \u00f3tima maneira de encontrar amor e companheirismo. H\u00e1 algumas coisas a ter em mente se est\u00e1 a considerar um caso discreto. Primeiro, certifiquem-se de que est\u00e3o na mesma p\u00e1gina sobre o que procuram. Se n\u00e3o estiver, \u00e9 f\u00e1cil as coisas complicarem-se rapidamente. Segundo, n\u00e3o se esque\u00e7am de comunicar abertamente e honestamente um com o outro. Isto \u00e9 fundamental para qualquer rela\u00e7\u00e3o, mas \u00e9 especialmente importante num caso discreto. Finalmente, n\u00e3o tenha medo de ser um pouco espont\u00e2neo. Isto pode tornar toda a experi\u00eancia ainda mais excitante.<\/p>\n<h2>Hookups discretos<\/h2>\n<p>H\u00e1 muitas pessoas l\u00e1 fora que est\u00e3o \u00e0 procura de encontros discretos. Quer sejam solteiros e \u00e0 procura de uma aventura sem compromissos ou numa rela\u00e7\u00e3o, mas querendo fazer batota, h\u00e1 sempre algu\u00e9m \u00e0 procura de um encontro. Se \u00e9s algu\u00e9m que est\u00e1 interessado em encontros discretos, h\u00e1 algumas coisas que podes fazer para aumentar as hip\u00f3teses de encontrares algu\u00e9m. Primeiro, tente usar uma aplica\u00e7\u00e3o de encontros ou site que atenda a pessoas que procuram encontros casuais. H\u00e1 muitos destes por a\u00ed, por isso n\u00e3o deve ser muito dif\u00edcil encontrar um que se adapte \u00e0s suas necessidades.<\/p>\n<p>Uma vez encontrado um bom site de encontros ou app, certifique-se de criar um bom perfil. Inclua algumas fotos sensuais de si mesmo e seja claro sobre o que procura. Seja sincero sobre os seus desejos e ser\u00e1 mais prov\u00e1vel que atraia o tipo certo de pessoas. Se jogar bem as suas cartas, deve ser capaz de encontrar muitas pessoas interessadas em encontros discretos. Tenha cuidado e certifique-se de saber no que se est\u00e1 a meter antes de se encontrar com algu\u00e9m.<\/p>\n<h3>BBWCupid<\/h3>\n<p>BBWCupid \u00e9 uma aplica\u00e7\u00e3o de encontros especificamente projetada para mulheres de tamanho extra e para os homens que as amam. A aplica\u00e7\u00e3o \u00e9 uma forma segura e discreta de conhecer outros singles de tamanho extra na sua \u00e1rea. A aplica\u00e7\u00e3o tem uma grande base de dados de utilizadores, por isso tem a certeza de encontrar algu\u00e9m que seja compat\u00edvel consigo. A aplica\u00e7\u00e3o \u00e9 f\u00e1cil de usar e tem uma interface f\u00e1cil de usar. A aplica\u00e7\u00e3o \u00e9 gratuita para descarregar e usar.<\/p>\n<h3>DoubleList<\/h3>\n<p>DoubleList \u00e9 uma aplica\u00e7\u00e3o de encontros discreta que permite encontrar f\u00f3sforos de forma r\u00e1pida e f\u00e1cil. A aplica\u00e7\u00e3o \u00e9 projetada para pessoas que procuram uma maneira r\u00e1pida e f\u00e1cil de encontrar uma correspond\u00eancia. A aplica\u00e7\u00e3o \u00e9 gratuita para descarregar e usar. A aplica\u00e7\u00e3o est\u00e1 dispon\u00edvel para dispositivos iPhone e Android.<\/p>\n<h3>Rubmaps<\/h3>\n<p>Existem muitas aplica\u00e7\u00f5es de namoro discretas dispon\u00edveis no mercado hoje em dia, mas Rubmaps \u00e9 uma das mais populares. Esta aplica\u00e7\u00e3o permite que os utilizadores encontrem potenciais correspond\u00eancias na sua \u00e1rea que estejam interessadas nas mesmas coisas que eles. Rubmaps tamb\u00e9m tem uma grande funcionalidade que permite aos utilizadores ver a dist\u00e2ncia de potenciais partidas, o que \u00e9 muito \u00fatil para quem procura um encontro discreto. A aplica\u00e7\u00e3o \u00e9 gratuita para descarregar e usar, estando dispon\u00edvel tanto para dispositivos iOS como Android.<\/p>\n","protected":false},"excerpt":{"rendered":"<p>H\u00e1 uma variedade de aplica\u00e7\u00f5es de namoro discretas dispon\u00edveis que s\u00e3o especificamente projetadas para pessoas que est\u00e3o procurando se ligar. Estas aplica\u00e7\u00f5es permitem que os utilizadores se conectem com outros interessados na mesma coisa, sem terem de passar pelo inc\u00f3modo do namoro tradicional. Isto torna mais f\u00e1cil encontrar algu\u00e9m que\u2026<\/p>\n","protected":false},"author":1,"featured_media":0,"parent":0,"menu_order":0,"comment_status":"closed","ping_status":"closed","template":"","meta":[],"yoast_head":"<!-- This site is optimized with the Yoast SEO plugin v17.7.1 - https:\/\/yoast.com\/wordpress\/plugins\/seo\/ -->\n<title>Aplicativos de namoro discretos - Film Reviews<\/title>\n<meta name=\"robots\" content=\"index, follow, max-snippet:-1, max-image-preview:large, max-video-preview:-1\" \/>\n<link rel=\"canonical\" href=\"https:\/\/bellissima-films.com\/pt-pt\/aplicativos-de-namoro-discretos\/\" \/>\n<meta property=\"og:locale\" content=\"pt_PT\" \/>\n<meta property=\"og:type\" content=\"article\" \/>\n<meta property=\"og:title\" content=\"Aplicativos de namoro discretos - Film Reviews\" \/>\n<meta property=\"og:description\" content=\"H\u00e1 uma variedade de aplica\u00e7\u00f5es de namoro discretas dispon\u00edveis que s\u00e3o especificamente projetadas para pessoas que est\u00e3o procurando se ligar. Estas aplica\u00e7\u00f5es permitem que os utilizadores se conectem com outros interessados na mesma coisa, sem terem de passar pelo inc\u00f3modo do namoro tradicional. Isto torna mais f\u00e1cil encontrar algu\u00e9m que\u2026\" \/>\n<meta property=\"og:url\" content=\"https:\/\/bellissima-films.com\/pt-pt\/aplicativos-de-namoro-discretos\/\" \/>\n<meta property=\"og:site_name\" content=\"Film Reviews\" \/>\n<meta name=\"twitter:card\" content=\"summary_large_image\" \/>\n<meta name=\"twitter:label1\" content=\"Tempo estimado de leitura\" \/>\n\t<meta name=\"twitter:data1\" content=\"4 minutos\" \/>\n<script type=\"application\/ld+json\" class=\"yoast-schema-graph\">{\"@context\":\"https:\/\/schema.org\",\"@graph\":[{\"@type\":\"WebSite\",\"@id\":\"http:\/\/bellissima-films.com\/pt-pt\/#website\",\"url\":\"http:\/\/bellissima-films.com\/pt-pt\/\",\"name\":\"Film Reviews\",\"description\":\"Real Hookups\",\"potentialAction\":[{\"@type\":\"SearchAction\",\"target\":{\"@type\":\"EntryPoint\",\"urlTemplate\":\"http:\/\/bellissima-films.com\/pt-pt\/?s={search_term_string}\"},\"query-input\":\"required name=search_term_string\"}],\"inLanguage\":\"pt-PT\"},{\"@type\":\"WebPage\",\"@id\":\"https:\/\/bellissima-films.com\/pt-pt\/aplicativos-de-namoro-discretos\/#webpage\",\"url\":\"https:\/\/bellissima-films.com\/pt-pt\/aplicativos-de-namoro-discretos\/\",\"name\":\"Aplicativos de namoro discretos - Film Reviews\",\"isPartOf\":{\"@id\":\"http:\/\/bellissima-films.com\/pt-pt\/#website\"},\"datePublished\":\"2022-10-03T12:30:32+00:00\",\"dateModified\":\"2022-10-03T12:30:32+00:00\",\"breadcrumb\":{\"@id\":\"https:\/\/bellissima-films.com\/pt-pt\/aplicativos-de-namoro-discretos\/#breadcrumb\"},\"inLanguage\":\"pt-PT\",\"potentialAction\":[{\"@type\":\"ReadAction\",\"target\":[\"https:\/\/bellissima-films.com\/pt-pt\/aplicativos-de-namoro-discretos\/\"]}]},{\"@type\":\"BreadcrumbList\",\"@id\":\"https:\/\/bellissima-films.com\/pt-pt\/aplicativos-de-namoro-discretos\/#breadcrumb\",\"itemListElement\":[{\"@type\":\"ListItem\",\"position\":1,\"name\":\"Home\",\"item\":\"http:\/\/bellissima-films.com\/pt-pt\/\"},{\"@type\":\"ListItem\",\"position\":2,\"name\":\"Aplicativos de namoro discretos\"}]}]}<\/script>\n<!-- \/ Yoast SEO plugin. -->","yoast_head_json":{"title":"Aplicativos de namoro discretos - Film Reviews","robots":{"index":"index","follow":"follow","max-snippet":"max-snippet:-1","max-image-preview":"max-image-preview:large","max-video-preview":"max-video-preview:-1"},"canonical":"https:\/\/bellissima-films.com\/pt-pt\/aplicativos-de-namoro-discretos\/","og_locale":"pt_PT","og_type":"article","og_title":"Aplicativos de namoro discretos - Film Reviews","og_description":"H\u00e1 uma variedade de aplica\u00e7\u00f5es de namoro discretas dispon\u00edveis que s\u00e3o especificamente projetadas para pessoas que est\u00e3o procurando se ligar. Estas aplica\u00e7\u00f5es permitem que os utilizadores se conectem com outros interessados na mesma coisa, sem terem de passar pelo inc\u00f3modo do namoro tradicional. Isto torna mais f\u00e1cil encontrar algu\u00e9m que\u2026","og_url":"https:\/\/bellissima-films.com\/pt-pt\/aplicativos-de-namoro-discretos\/","og_site_name":"Film Reviews","twitter_card":"summary_large_image","twitter_misc":{"Tempo estimado de leitura":"4 minutos"},"schema":{"@context":"https:\/\/schema.org","@graph":[{"@type":"WebSite","@id":"http:\/\/bellissima-films.com\/pt-pt\/#website","url":"http:\/\/bellissima-films.com\/pt-pt\/","name":"Film Reviews","description":"Real Hookups","potentialAction":[{"@type":"SearchAction","target":{"@type":"EntryPoint","urlTemplate":"http:\/\/bellissima-films.com\/pt-pt\/?s={search_term_string}"},"query-input":"required name=search_term_string"}],"inLanguage":"pt-PT"},{"@type":"WebPage","@id":"https:\/\/bellissima-films.com\/pt-pt\/aplicativos-de-namoro-discretos\/#webpage","url":"https:\/\/bellissima-films.com\/pt-pt\/aplicativos-de-namoro-discretos\/","name":"Aplicativos de namoro discretos - Film Reviews","isPartOf":{"@id":"http:\/\/bellissima-films.com\/pt-pt\/#website"},"datePublished":"2022-10-03T12:30:32+00:00","dateModified":"2022-10-03T12:30:32+00:00","breadcrumb":{"@id":"https:\/\/bellissima-films.com\/pt-pt\/aplicativos-de-namoro-discretos\/#breadcrumb"},"inLanguage":"pt-PT","potentialAction":[{"@type":"ReadAction","target":["https:\/\/bellissima-films.com\/pt-pt\/aplicativos-de-namoro-discretos\/"]}]},{"@type":"BreadcrumbList","@id":"https:\/\/bellissima-films.com\/pt-pt\/aplicativos-de-namoro-discretos\/#breadcrumb","itemListElement":[{"@type":"ListItem","position":1,"name":"Home","item":"http:\/\/bellissima-films.com\/pt-pt\/"},{"@type":"ListItem","position":2,"name":"Aplicativos de namoro discretos"}]}]}},"_links":{"self":[{"href":"https:\/\/bellissima-films.com\/pt-pt\/wp-json\/wp\/v2\/pages\/144"}],"collection":[{"href":"https:\/\/bellissima-films.com\/pt-pt\/wp-json\/wp\/v2\/pages"}],"about":[{"href":"https:\/\/bellissima-films.com\/pt-pt\/wp-json\/wp\/v2\/types\/page"}],"author":[{"embeddable":true,"href":"https:\/\/bellissima-films.com\/pt-pt\/wp-json\/wp\/v2\/users\/1"}],"replies":[{"embeddable":true,"href":"https:\/\/bellissima-films.com\/pt-pt\/wp-json\/wp\/v2\/comments?post=144"}],"version-history":[{"count":0,"href":"https:\/\/bellissima-films.com\/pt-pt\/wp-json\/wp\/v2\/pages\/144\/revisions"}],"wp:attachment":[{"href":"https:\/\/bellissima-films.com\/pt-pt\/wp-json\/wp\/v2\/media?parent=144"}],"curies":[{"name":"wp","href":"https:\/\/api.w.org\/{rel}","templated":true}]}}