{"id":137,"date":"2022-10-03T13:30:59","date_gmt":"2022-10-03T12:30:59","guid":{"rendered":"http:\/\/bellissima-films.com\/sites-de-namoro-cross-dresser\/"},"modified":"2022-10-03T13:30:59","modified_gmt":"2022-10-03T12:30:59","slug":"sites-de-namoro-cross-dresser","status":"publish","type":"page","link":"https:\/\/bellissima-films.com\/pt-pt\/sites-de-namoro-cross-dresser\/","title":{"rendered":"Sites de namoro cross dresser"},"content":{"rendered":"<p>Se procura um parceiro que gosta de se vestir com roupa de mulher, h\u00e1 muitos sites de encontros de travesseiros que podem ajud\u00e1-lo a encontrar o seu par perfeito. Estes sites atendem a pessoas que gostam de se vestir com a roupa do sexo oposto, e podem ser uma \u00f3tima maneira de encontrar um parceiro que partilhe o seu interesse.<\/p>\n<p>A maioria dos <a href=\"http:\/\/bellissima-films.com\/pt-pt\/aplicativos-de-namoro-discretos\/\">sites de encontros<\/a> cross dresser funcionam como qualquer outro site de encontros &#8211; voc\u00ea cria um perfil, navega nos perfis de outros membros, e envia mensagens de um lado para o outro. Alguns sites tamb\u00e9m t\u00eam salas de chat e f\u00f3runs onde voc\u00ea pode conhecer melhor outros membros. Se est\u00e1 interessado em ficar com uma travesseiro, h\u00e1 algumas coisas que deve ter em mente. Primeiro, as c\u00f3modas cruzadas podem ser encontradas em qualquer site de encontros, por isso n\u00e3o limite a sua procura apenas para sites de encontros de travesseiros. Segundo, as travesseiras costumam ser muito abertas sobre o seu interesse, por isso n\u00e3o tenhas medo de fazer perguntas ou de falar do assunto. E, finalmente, n\u00e3o se esque\u00e7a de se divertir! O cross dressing tem tudo a ver com explorar a sua sexualidade e divertir-se, por isso certifique-se de fazer isso.<\/p>\n<h2>Crossdresser Pessoal<\/h2>\n<p>Os transversais podem ser uma \u00f3tima maneira de conhecer outras pessoas que partilham o seu interesse em crossdressing. Quer esteja \u00e0 procura de amizade, romance ou apenas algu\u00e9m com quem conversar, pode encontrar tudo em pessoas de crossdresser. H\u00e1 todo o tipo de pessoas que usam pessoas de travesseiros, por isso tens a certeza que vais encontrar algu\u00e9m que partilhe os teus interesses e com quem \u00e9s compat\u00edvel. O melhor de tudo \u00e9 que \u00e9 uma comunidade segura e acolhedora onde todos s\u00e3o aceites pelo que s\u00e3o. Ent\u00e3o, se voc\u00ea est\u00e1 procurando um lugar para explorar seus interesses cruzados, crossdresser pessoal \u00e9 o lugar perfeito para come\u00e7ar.<\/p>\n<p>Se procura amor e \u00e9 um travesseiro, h\u00e1 algumas coisas que pode fazer para aumentar as suas chances de encontrar um parceiro compat\u00edvel. Primeiro, considere juntar-se a um grupo de apoio cruzado ou comunidade online. Isto ir\u00e1 ajud\u00e1-lo a conectar-se com outros crossdressers que podem estar numa situa\u00e7\u00e3o semelhante e \u00e0 procura de amor. Al\u00e9m disso, certifique-se de ser aberto e honesto sobre o seu crossdressing com potenciais parceiros. \u00c9 importante encontrar algu\u00e9m que aceite e compreenda o seu estilo de vida. Finalmente, n\u00e3o tenha medo de se colocar l\u00e1 fora e sair com algu\u00e9m. Quanto mais namorares, mais prov\u00e1vel \u00e9 encontrares algu\u00e9m com quem te relacionas.<\/p>\n<h2>Sites de encontros para crossdressers<\/h2>\n<p>H\u00e1 muitos sites de encontros para travesseiros. S\u00f3 tem que saber onde procurar! Tente pesquisar &#8220;encontros de travesseiro&#8221; ou &#8220;encontros transg\u00e9nero&#8221;. Deve ser capaz de encontrar muitos resultados. Certifique-se de ler as cr\u00edticas antes de se inscrever para qualquer coisa, para ter certeza de que est\u00e1 tendo o que quer.<\/p>\n<h3>Datehookup<\/h3>\n<p>Datehookup \u00e9 uma aplica\u00e7\u00e3o de encontros popular com uma ampla base de utilizadores. A aplica\u00e7\u00e3o \u00e9 gratuita para descarregar e usar. No entanto, oferece algumas compras na aplica\u00e7\u00e3o. A aplica\u00e7\u00e3o est\u00e1 dispon\u00edvel tanto para dispositivos Android como iOS. A aplica\u00e7\u00e3o \u00e9 f\u00e1cil de usar e navegar. A interface do utilizador \u00e9 simples e simples. A aplica\u00e7\u00e3o tem muitas funcionalidades que fazem dela uma boa escolha para travesseiros. A aplica\u00e7\u00e3o permite-lhe pesquisar outros utilizadores por localiza\u00e7\u00e3o, idade, sexo e interesses. Tamb\u00e9m pode enviar e receber mensagens e ver perfis.<\/p>\n<p>No geral, a aplica\u00e7\u00e3o \u00e9 uma boa escolha para travesseiros. \u00c9 f\u00e1cil de usar e tem muitas funcionalidades. A aplica\u00e7\u00e3o tamb\u00e9m \u00e9 gratuita para descarregar e usar.<\/p>\n<h3>FlingPals<\/h3>\n<p>O FlingPals \u00e9 uma nova aplica\u00e7\u00e3o de encontros que \u00e9 especificamente concebida para pessoas que gostam de cruzar o vestido. A aplica\u00e7\u00e3o \u00e9 gratuita para descarregar e usar, e oferece uma ampla gama de funcionalidades que facilitam a sua descoberta e liga\u00e7\u00e3o com outras travessas. A aplica\u00e7\u00e3o tamb\u00e9m inclui uma fun\u00e7\u00e3o de chat incorporada, para que possa facilmente manter-se em contacto com outros utilizadores. No geral, o FlingPals \u00e9 uma grande novidade para o mundo dos sites de encontros cross dresser, e certamente vai ajud\u00e1-lo a encontrar o par perfeito.<\/p>\n<h3>Rio Uberhorny<\/h3>\n<p>Se voc\u00ea est\u00e1 procurando um site de encontros cross dresser que \u00e9 f\u00e1cil de usar e oferece um monte de funcionalidades, voc\u00ea vai querer verificar Uberhorny. Este site torna f\u00e1cil encontrar f\u00f3sforos e conversar com eles. Tamb\u00e9m pode usar o site para encontrar eventos e grupos perto de si. O site \u00e9 gratuito e voc\u00ea pode atualizar para uma associa\u00e7\u00e3o premium para obter ainda mais funcionalidades.<\/p>\n","protected":false},"excerpt":{"rendered":"<p>Se procura um parceiro que gosta de se vestir com roupa de mulher, h\u00e1 muitos sites de encontros de travesseiros que podem ajud\u00e1-lo a encontrar o seu par perfeito. Estes sites atendem a pessoas que gostam de se vestir com a roupa do sexo oposto, e podem ser uma \u00f3tima\u2026<\/p>\n","protected":false},"author":1,"featured_media":0,"parent":0,"menu_order":0,"comment_status":"closed","ping_status":"closed","template":"","meta":[],"yoast_head":"<!-- This site is optimized with the Yoast SEO plugin v17.7.1 - https:\/\/yoast.com\/wordpress\/plugins\/seo\/ -->\n<title>Sites de namoro cross dresser - Film Reviews<\/title>\n<meta name=\"robots\" content=\"index, follow, max-snippet:-1, max-image-preview:large, max-video-preview:-1\" \/>\n<link rel=\"canonical\" href=\"https:\/\/bellissima-films.com\/pt-pt\/sites-de-namoro-cross-dresser\/\" \/>\n<meta property=\"og:locale\" content=\"pt_PT\" \/>\n<meta property=\"og:type\" content=\"article\" \/>\n<meta property=\"og:title\" content=\"Sites de namoro cross dresser - Film Reviews\" \/>\n<meta property=\"og:description\" content=\"Se procura um parceiro que gosta de se vestir com roupa de mulher, h\u00e1 muitos sites de encontros de travesseiros que podem ajud\u00e1-lo a encontrar o seu par perfeito. Estes sites atendem a pessoas que gostam de se vestir com a roupa do sexo oposto, e podem ser uma \u00f3tima\u2026\" \/>\n<meta property=\"og:url\" content=\"https:\/\/bellissima-films.com\/pt-pt\/sites-de-namoro-cross-dresser\/\" \/>\n<meta property=\"og:site_name\" content=\"Film Reviews\" \/>\n<meta name=\"twitter:card\" content=\"summary_large_image\" \/>\n<meta name=\"twitter:label1\" content=\"Tempo estimado de leitura\" \/>\n\t<meta name=\"twitter:data1\" content=\"4 minutos\" \/>\n<script type=\"application\/ld+json\" class=\"yoast-schema-graph\">{\"@context\":\"https:\/\/schema.org\",\"@graph\":[{\"@type\":\"WebSite\",\"@id\":\"http:\/\/bellissima-films.com\/pt-pt\/#website\",\"url\":\"http:\/\/bellissima-films.com\/pt-pt\/\",\"name\":\"Film Reviews\",\"description\":\"Real Hookups\",\"potentialAction\":[{\"@type\":\"SearchAction\",\"target\":{\"@type\":\"EntryPoint\",\"urlTemplate\":\"http:\/\/bellissima-films.com\/pt-pt\/?s={search_term_string}\"},\"query-input\":\"required name=search_term_string\"}],\"inLanguage\":\"pt-PT\"},{\"@type\":\"WebPage\",\"@id\":\"https:\/\/bellissima-films.com\/pt-pt\/sites-de-namoro-cross-dresser\/#webpage\",\"url\":\"https:\/\/bellissima-films.com\/pt-pt\/sites-de-namoro-cross-dresser\/\",\"name\":\"Sites de namoro cross dresser - Film Reviews\",\"isPartOf\":{\"@id\":\"http:\/\/bellissima-films.com\/pt-pt\/#website\"},\"datePublished\":\"2022-10-03T12:30:59+00:00\",\"dateModified\":\"2022-10-03T12:30:59+00:00\",\"breadcrumb\":{\"@id\":\"https:\/\/bellissima-films.com\/pt-pt\/sites-de-namoro-cross-dresser\/#breadcrumb\"},\"inLanguage\":\"pt-PT\",\"potentialAction\":[{\"@type\":\"ReadAction\",\"target\":[\"https:\/\/bellissima-films.com\/pt-pt\/sites-de-namoro-cross-dresser\/\"]}]},{\"@type\":\"BreadcrumbList\",\"@id\":\"https:\/\/bellissima-films.com\/pt-pt\/sites-de-namoro-cross-dresser\/#breadcrumb\",\"itemListElement\":[{\"@type\":\"ListItem\",\"position\":1,\"name\":\"Home\",\"item\":\"http:\/\/bellissima-films.com\/pt-pt\/\"},{\"@type\":\"ListItem\",\"position\":2,\"name\":\"Sites de namoro cross dresser\"}]}]}<\/script>\n<!-- \/ Yoast SEO plugin. -->","yoast_head_json":{"title":"Sites de namoro cross dresser - Film Reviews","robots":{"index":"index","follow":"follow","max-snippet":"max-snippet:-1","max-image-preview":"max-image-preview:large","max-video-preview":"max-video-preview:-1"},"canonical":"https:\/\/bellissima-films.com\/pt-pt\/sites-de-namoro-cross-dresser\/","og_locale":"pt_PT","og_type":"article","og_title":"Sites de namoro cross dresser - Film Reviews","og_description":"Se procura um parceiro que gosta de se vestir com roupa de mulher, h\u00e1 muitos sites de encontros de travesseiros que podem ajud\u00e1-lo a encontrar o seu par perfeito. Estes sites atendem a pessoas que gostam de se vestir com a roupa do sexo oposto, e podem ser uma \u00f3tima\u2026","og_url":"https:\/\/bellissima-films.com\/pt-pt\/sites-de-namoro-cross-dresser\/","og_site_name":"Film Reviews","twitter_card":"summary_large_image","twitter_misc":{"Tempo estimado de leitura":"4 minutos"},"schema":{"@context":"https:\/\/schema.org","@graph":[{"@type":"WebSite","@id":"http:\/\/bellissima-films.com\/pt-pt\/#website","url":"http:\/\/bellissima-films.com\/pt-pt\/","name":"Film Reviews","description":"Real Hookups","potentialAction":[{"@type":"SearchAction","target":{"@type":"EntryPoint","urlTemplate":"http:\/\/bellissima-films.com\/pt-pt\/?s={search_term_string}"},"query-input":"required name=search_term_string"}],"inLanguage":"pt-PT"},{"@type":"WebPage","@id":"https:\/\/bellissima-films.com\/pt-pt\/sites-de-namoro-cross-dresser\/#webpage","url":"https:\/\/bellissima-films.com\/pt-pt\/sites-de-namoro-cross-dresser\/","name":"Sites de namoro cross dresser - Film Reviews","isPartOf":{"@id":"http:\/\/bellissima-films.com\/pt-pt\/#website"},"datePublished":"2022-10-03T12:30:59+00:00","dateModified":"2022-10-03T12:30:59+00:00","breadcrumb":{"@id":"https:\/\/bellissima-films.com\/pt-pt\/sites-de-namoro-cross-dresser\/#breadcrumb"},"inLanguage":"pt-PT","potentialAction":[{"@type":"ReadAction","target":["https:\/\/bellissima-films.com\/pt-pt\/sites-de-namoro-cross-dresser\/"]}]},{"@type":"BreadcrumbList","@id":"https:\/\/bellissima-films.com\/pt-pt\/sites-de-namoro-cross-dresser\/#breadcrumb","itemListElement":[{"@type":"ListItem","position":1,"name":"Home","item":"http:\/\/bellissima-films.com\/pt-pt\/"},{"@type":"ListItem","position":2,"name":"Sites de namoro cross dresser"}]}]}},"_links":{"self":[{"href":"https:\/\/bellissima-films.com\/pt-pt\/wp-json\/wp\/v2\/pages\/137"}],"collection":[{"href":"https:\/\/bellissima-films.com\/pt-pt\/wp-json\/wp\/v2\/pages"}],"about":[{"href":"https:\/\/bellissima-films.com\/pt-pt\/wp-json\/wp\/v2\/types\/page"}],"author":[{"embeddable":true,"href":"https:\/\/bellissima-films.com\/pt-pt\/wp-json\/wp\/v2\/users\/1"}],"replies":[{"embeddable":true,"href":"https:\/\/bellissima-films.com\/pt-pt\/wp-json\/wp\/v2\/comments?post=137"}],"version-history":[{"count":0,"href":"https:\/\/bellissima-films.com\/pt-pt\/wp-json\/wp\/v2\/pages\/137\/revisions"}],"wp:attachment":[{"href":"https:\/\/bellissima-films.com\/pt-pt\/wp-json\/wp\/v2\/media?parent=137"}],"curies":[{"name":"wp","href":"https:\/\/api.w.org\/{rel}","templated":true}]}}