{"id":177,"date":"2022-10-03T13:29:28","date_gmt":"2022-10-03T12:29:28","guid":{"rendered":"http:\/\/bellissima-films.com\/siti-di-sexting-online\/"},"modified":"2022-10-17T12:03:27","modified_gmt":"2022-10-17T11:03:27","slug":"siti-di-sexting-online","status":"publish","type":"page","link":"https:\/\/bellissima-films.com\/it\/siti-di-sexting-online\/","title":{"rendered":"Siti di sexting online"},"content":{"rendered":"<p>Esistono una variet\u00e0 di siti di sexting online che consentono agli utenti di inviare e ricevere messaggi e immagini sessualmente espliciti. Questi siti possono essere un ottimo modo per entrare in contatto con qualcuno che condivide i tuoi interessi e desideri. Tuttavia, \u00e8 importante essere consapevoli dei potenziali <a href=\"http:\/\/www.dating-sites-for-sex.com\/it\/siti-di-sexting-gratuiti-al-100\/\">sexting siti<\/a> rischi connessi all&#8217;utilizzo di questi siti. In particolare, esiste la possibilit\u00e0 per qualcuno di salvare o condividere i tuoi messaggi o immagini senza il tuo consenso. Ci\u00f2 potrebbe portare a imbarazzo o addirittura problemi legali. Pertanto, \u00e8 importante fare sext solo con qualcuno di cui ti fidi e che sei sicuro manterr\u00e0 privati i tuoi messaggi e le tue immagini.<\/p>\n<h2>Siti di sexting gratuiti<\/h2>\n<p>Mentre il sexting pu\u00f2 essere un modo semplice e divertente per ravvivare la tua vita sessuale, ci sono anche alcuni rischi da considerare. Ad esempio, se fai sext con qualcuno con cui non hai una relazione, potrebbe condividere le tue foto o i tuoi messaggi senza il tuo consenso. Inoltre, c&#8217;\u00e8 sempre la possibilit\u00e0 che i tuoi sext possano essere intercettati da qualcun altro, come un hacker.<\/p>\n<p>Ecco perch\u00e9 \u00e8 importante fare attenzione quando si sceglie un partner di sexting e assicurarsi di essere entrambi sulla stessa pagina nel mantenere le cose private. Ci sono diversi modi per farlo. In primo luogo, potresti solo fare sesso con qualcuno che conosci e di cui ti fidi. Oppure, potresti utilizzare un sito o un&#8217;app di sexting che offre la crittografia end-to-end, il che significa che i tuoi messaggi sono crittografati e possono essere letti solo dalla persona a cui sono destinati. Infine, \u00e8 sempre una buona idea avere una conversazione con il tuo partner di sexting su ci\u00f2 con cui ti senti a tuo agio prima <a href=\"http:\/\/www.hookup-dating-sites.net\/it\/incontri-gratuiti-per-fetish-del-piede\/\">incontri fetish<\/a> di iniziare a scambiare messaggi. In questo modo, puoi evitare potenziali incomprensioni o sentimenti feriti.<\/p>\n<h2>Chat di sesso occasionale<\/h2>\n<p>Nel mondo degli appuntamenti online, la chat sessuale occasionale pu\u00f2 essere un ottimo modo per conoscere qualcuno di nuovo. Pu\u00f2 essere un modo semplice e divertente per connettersi con qualcuno senza la pressione di una relazione impegnata. Tuttavia, \u00e8 importante ricordare che la chat di sesso occasionale \u00e8 proprio questo: casuale. Non lasciare che porti a qualcosa di pi\u00f9 serio a meno che non siate entrambi sulla stessa pagina. Se stai solo cercando un po &#8216;di divertimento, goditi la chat, ma non affezionarti troppo.<\/p>\n<h2>Chat room di sesso<\/h2>\n<p>Internet ha fornito alle persone un ottimo modo per connettersi con gli altri per appuntamenti e le chat room sessuali sono un ottimo modo per farlo. Puoi trovare chat room per persone interessate a tutti i tipi di cose diverse e puoi conoscere le persone prima di incontrarle di persona. Questo pu\u00f2 essere un ottimo modo per incontrare nuove persone ed esplorare la tua sessualit\u00e0.<\/p>\n<h3>FlingPals<\/h3>\n<p>FlingPals \u00e8 una nuova app di sexting che consente agli utenti di inviare e ricevere <a href=\"https:\/\/www.singles-sites.com\/it\/come-ottenere-sesso-veloce\/\">sesso veloce<\/a> testi e foto sporchi da altri utenti. L&#8217;app \u00e8 scaricabile e utilizzabile gratuitamente e offre un abbonamento premium per $ 4.99 al mese. L&#8217;app \u00e8 disponibile per dispositivi iOS e Android. FlingPals \u00e8 un&#8217;ottima app di sexting per le persone che sono alla ricerca di un nuovo modo per sporcarsi con i loro partner. L&#8217;app \u00e8 facile da usare ed \u00e8 gratuita da scaricare e utilizzare. L&#8217;app offre anche un abbonamento premium per $ 4.99 al mese. L&#8217;app \u00e8 disponibile per dispositivi iOS e Android.<\/p>\n<h3>Xpress \u00b7<\/h3>\n<p>Se stai cercando un&#8217;app di appuntamenti che faciliti il collegamento con single locali, allora vale la pena dare un&#8217;occhiata a Xpress. Questa app \u00e8 semplice da usare ed \u00e8 scaricabile gratuitamente, rendendola un&#8217;ottima opzione per chiunque sia alla ricerca di un modo semplice e veloce per connettersi con potenziali collegamenti.<\/p>\n<p>Tuttavia, uno svantaggio di Xpress \u00e8 che non \u00e8 l&#8217;app pi\u00f9 affidabile quando si tratta di sexting. Mentre puoi certamente trovare persone con cui fare sext su questa app, potresti avere pi\u00f9 fortuna su altre piattaforme progettate specificamente per il sexting.<\/p>\n<h3>BBWCupid<\/h3>\n<p>BBWCupid \u00e8 un&#8217;app di appuntamenti progettata specificamente per i single plus-size e i loro ammiratori. L&#8217;app \u00e8 scaricabile e utilizzabile gratuitamente, ma \u00e8 possibile eseguire l&#8217;aggiornamento a un abbonamento premium per sbloccare funzionalit\u00e0 aggiuntive. Con un abbonamento premium, puoi visualizzare i profili di altri utenti interessati a appuntamenti plus-size, inviare e ricevere messaggi e utilizzare i filtri di ricerca avanzati dell&#8217;app. Se stai cercando un&#8217;app di appuntamenti plus-size che faciliti la connessione con altri single, BBWCupid vale sicuramente la pena dare un&#8217;occhiata. L&#8217;interfaccia user-friendly dell&#8217;app e i filtri di ricerca completi la rendono un&#8217;ottima opzione per trovare il tuo prossimo appuntamento o collegamento. E con un abbonamento gratuito, puoi provarlo senza spendere troppo.<\/p>\n","protected":false},"excerpt":{"rendered":"<p>Esistono una variet\u00e0 di siti di sexting online che consentono agli utenti di inviare e ricevere messaggi e immagini sessualmente espliciti. Questi siti possono essere un ottimo modo per entrare in contatto con qualcuno che condivide i tuoi interessi e desideri. Tuttavia, \u00e8 importante essere consapevoli dei potenziali sexting siti\u2026<\/p>\n","protected":false},"author":1,"featured_media":0,"parent":0,"menu_order":0,"comment_status":"closed","ping_status":"closed","template":"","meta":[],"yoast_head":"<!-- This site is optimized with the Yoast SEO plugin v17.7.1 - https:\/\/yoast.com\/wordpress\/plugins\/seo\/ -->\n<title>Siti di sexting online - Film Reviews<\/title>\n<meta name=\"robots\" content=\"index, follow, max-snippet:-1, max-image-preview:large, max-video-preview:-1\" \/>\n<link rel=\"canonical\" href=\"https:\/\/bellissima-films.com\/it\/siti-di-sexting-online\/\" \/>\n<meta property=\"og:locale\" content=\"it_IT\" \/>\n<meta property=\"og:type\" content=\"article\" \/>\n<meta property=\"og:title\" content=\"Siti di sexting online - Film Reviews\" \/>\n<meta property=\"og:description\" content=\"Esistono una variet\u00e0 di siti di sexting online che consentono agli utenti di inviare e ricevere messaggi e immagini sessualmente espliciti. Questi siti possono essere un ottimo modo per entrare in contatto con qualcuno che condivide i tuoi interessi e desideri. Tuttavia, \u00e8 importante essere consapevoli dei potenziali sexting siti\u2026\" \/>\n<meta property=\"og:url\" content=\"https:\/\/bellissima-films.com\/it\/siti-di-sexting-online\/\" \/>\n<meta property=\"og:site_name\" content=\"Film Reviews\" \/>\n<meta property=\"article:modified_time\" content=\"2022-10-17T11:03:27+00:00\" \/>\n<meta name=\"twitter:card\" content=\"summary_large_image\" \/>\n<meta name=\"twitter:label1\" content=\"Tempo di lettura stimato\" \/>\n\t<meta name=\"twitter:data1\" content=\"4 minuti\" \/>\n<script type=\"application\/ld+json\" class=\"yoast-schema-graph\">{\"@context\":\"https:\/\/schema.org\",\"@graph\":[{\"@type\":\"WebSite\",\"@id\":\"http:\/\/bellissima-films.com\/it\/#website\",\"url\":\"http:\/\/bellissima-films.com\/it\/\",\"name\":\"Film Reviews\",\"description\":\"Real Hookups\",\"potentialAction\":[{\"@type\":\"SearchAction\",\"target\":{\"@type\":\"EntryPoint\",\"urlTemplate\":\"http:\/\/bellissima-films.com\/it\/?s={search_term_string}\"},\"query-input\":\"required name=search_term_string\"}],\"inLanguage\":\"it-IT\"},{\"@type\":\"WebPage\",\"@id\":\"https:\/\/bellissima-films.com\/it\/siti-di-sexting-online\/#webpage\",\"url\":\"https:\/\/bellissima-films.com\/it\/siti-di-sexting-online\/\",\"name\":\"Siti di sexting online - Film Reviews\",\"isPartOf\":{\"@id\":\"http:\/\/bellissima-films.com\/it\/#website\"},\"datePublished\":\"2022-10-03T12:29:28+00:00\",\"dateModified\":\"2022-10-17T11:03:27+00:00\",\"breadcrumb\":{\"@id\":\"https:\/\/bellissima-films.com\/it\/siti-di-sexting-online\/#breadcrumb\"},\"inLanguage\":\"it-IT\",\"potentialAction\":[{\"@type\":\"ReadAction\",\"target\":[\"https:\/\/bellissima-films.com\/it\/siti-di-sexting-online\/\"]}]},{\"@type\":\"BreadcrumbList\",\"@id\":\"https:\/\/bellissima-films.com\/it\/siti-di-sexting-online\/#breadcrumb\",\"itemListElement\":[{\"@type\":\"ListItem\",\"position\":1,\"name\":\"Home\",\"item\":\"https:\/\/bellissima-films.com\/it\/\"},{\"@type\":\"ListItem\",\"position\":2,\"name\":\"Siti di sexting online\"}]}]}<\/script>\n<!-- \/ Yoast SEO plugin. -->","yoast_head_json":{"title":"Siti di sexting online - Film Reviews","robots":{"index":"index","follow":"follow","max-snippet":"max-snippet:-1","max-image-preview":"max-image-preview:large","max-video-preview":"max-video-preview:-1"},"canonical":"https:\/\/bellissima-films.com\/it\/siti-di-sexting-online\/","og_locale":"it_IT","og_type":"article","og_title":"Siti di sexting online - Film Reviews","og_description":"Esistono una variet\u00e0 di siti di sexting online che consentono agli utenti di inviare e ricevere messaggi e immagini sessualmente espliciti. Questi siti possono essere un ottimo modo per entrare in contatto con qualcuno che condivide i tuoi interessi e desideri. Tuttavia, \u00e8 importante essere consapevoli dei potenziali sexting siti\u2026","og_url":"https:\/\/bellissima-films.com\/it\/siti-di-sexting-online\/","og_site_name":"Film Reviews","article_modified_time":"2022-10-17T11:03:27+00:00","twitter_card":"summary_large_image","twitter_misc":{"Tempo di lettura stimato":"4 minuti"},"schema":{"@context":"https:\/\/schema.org","@graph":[{"@type":"WebSite","@id":"http:\/\/bellissima-films.com\/it\/#website","url":"http:\/\/bellissima-films.com\/it\/","name":"Film Reviews","description":"Real Hookups","potentialAction":[{"@type":"SearchAction","target":{"@type":"EntryPoint","urlTemplate":"http:\/\/bellissima-films.com\/it\/?s={search_term_string}"},"query-input":"required name=search_term_string"}],"inLanguage":"it-IT"},{"@type":"WebPage","@id":"https:\/\/bellissima-films.com\/it\/siti-di-sexting-online\/#webpage","url":"https:\/\/bellissima-films.com\/it\/siti-di-sexting-online\/","name":"Siti di sexting online - Film Reviews","isPartOf":{"@id":"http:\/\/bellissima-films.com\/it\/#website"},"datePublished":"2022-10-03T12:29:28+00:00","dateModified":"2022-10-17T11:03:27+00:00","breadcrumb":{"@id":"https:\/\/bellissima-films.com\/it\/siti-di-sexting-online\/#breadcrumb"},"inLanguage":"it-IT","potentialAction":[{"@type":"ReadAction","target":["https:\/\/bellissima-films.com\/it\/siti-di-sexting-online\/"]}]},{"@type":"BreadcrumbList","@id":"https:\/\/bellissima-films.com\/it\/siti-di-sexting-online\/#breadcrumb","itemListElement":[{"@type":"ListItem","position":1,"name":"Home","item":"https:\/\/bellissima-films.com\/it\/"},{"@type":"ListItem","position":2,"name":"Siti di sexting online"}]}]}},"_links":{"self":[{"href":"https:\/\/bellissima-films.com\/it\/wp-json\/wp\/v2\/pages\/177"}],"collection":[{"href":"https:\/\/bellissima-films.com\/it\/wp-json\/wp\/v2\/pages"}],"about":[{"href":"https:\/\/bellissima-films.com\/it\/wp-json\/wp\/v2\/types\/page"}],"author":[{"embeddable":true,"href":"https:\/\/bellissima-films.com\/it\/wp-json\/wp\/v2\/users\/1"}],"replies":[{"embeddable":true,"href":"https:\/\/bellissima-films.com\/it\/wp-json\/wp\/v2\/comments?post=177"}],"version-history":[{"count":1,"href":"https:\/\/bellissima-films.com\/it\/wp-json\/wp\/v2\/pages\/177\/revisions"}],"predecessor-version":[{"id":274,"href":"https:\/\/bellissima-films.com\/it\/wp-json\/wp\/v2\/pages\/177\/revisions\/274"}],"wp:attachment":[{"href":"https:\/\/bellissima-films.com\/it\/wp-json\/wp\/v2\/media?parent=177"}],"curies":[{"name":"wp","href":"https:\/\/api.w.org\/{rel}","templated":true}]}}