{"id":161,"date":"2022-10-03T13:30:04","date_gmt":"2022-10-03T12:30:04","guid":{"rendered":"http:\/\/bellissima-films.com\/siti-di-collegamento-milf-gratuiti\/"},"modified":"2022-10-17T12:05:03","modified_gmt":"2022-10-17T11:05:03","slug":"siti-di-collegamento-milf-gratuiti","status":"publish","type":"page","link":"https:\/\/bellissima-films.com\/it\/siti-di-collegamento-milf-gratuiti\/","title":{"rendered":"Siti di collegamento MILF gratuiti"},"content":{"rendered":"<p>Ci sono molti siti di collegamento MILF gratuiti online, quindi \u00e8 facile trovarne uno giusto per te. Assicurati di leggere le recensioni prima di registrarti a qualsiasi sito e assicurati di cercare un sito che abbia una buona reputazione. Una volta trovato un sito con cui ti senti a tuo agio, crea un profilo e inizia a navigare tra i profili delle MILF calde nella tua zona. Quando trovi qualcuno che ti interessa, inviagli un messaggio e vedi se \u00e8 interessato a incontrarsi. Se lo sono, allora puoi impostare un orario e un luogo per incontrarti e vedere se c&#8217;\u00e8 chimica. Se c&#8217;\u00e8, allora puoi portare le cose al livello successivo e collegarti!<\/p>\n<h2>MILF locali<\/h2>\n<p>C&#8217;\u00e8 qualcosa in una MILF che ci rende deboli alle ginocchia. Forse \u00e8 la loro fiducia <a href=\"https:\/\/www.find-sex.net\/it\/giochi-porno-xxx-per-iphone\/\">giochi porno xxx<\/a>, forse \u00e8 la loro esperienza, o forse \u00e8 il fatto che sembrano solo sapere cosa stanno facendo. Qualunque sia la ragione, le MILF locali meritano sicuramente di essere frequentate.<\/p>\n<p>Se stai cercando di <a href=\"http:\/\/bellissima-films.com\/granny-dating\/\">uscire con una MILF<\/a>, ci sono alcune cose che dovresti tenere a mente. In primo luogo, non stanno cercando una relazione &#8211; di solito stanno solo cercando un buon momento. Quindi, se stai cercando qualcosa di serio, potresti voler cercare altrove. In secondo luogo, di solito sono piuttosto occupati, quindi dovrai essere flessibile con il tuo programma. Infine, sanno cosa vogliono, quindi preparati a dare loro ci\u00f2 di cui hanno bisogno.<\/p>\n<p>Se riesci a gestire tutto questo, uscire con una MILF pu\u00f2 essere un&#8217;esperienza incredibilmente divertente e gratificante. Assicurati solo di prendere le cose lentamente, sii rispettoso e sii pronto a divertirti.<\/p>\n<p>Ci sono un sacco di milf locali vicino a me che sono in cerca di amore. Il modo migliore per trovarli \u00e8 utilizzare i siti di incontri online. In questo modo puoi vedere i profili di tutte le milf locali vicino a me e decidere con chi vuoi parlare. Puoi anche leggere le recensioni dei diversi siti prima di iscriverti a uno. In questo modo puoi essere sicuro di utilizzare un sito affidabile.<\/p>\n<h2>Milfs Siti di incontri<\/h2>\n<p>Ci sono molti siti di incontri MILF disponibili online e sono diventati molto popolari <a href=\"https:\/\/www.free-adult-cams.com\/it\/cam2cam-gratis\/\">cam2cam<\/a>. Questi siti offrono un ottimo modo per le donne anziane di incontrare uomini pi\u00f9 giovani e viceversa. Offrono un ambiente sicuro e divertente per le persone per incontrarsi e interagire, e molti di loro hanno molti membri. Ci\u00f2 significa che ci sono molte opportunit\u00e0 per trovare una corrispondenza.<\/p>\n<p>Tuttavia, \u00e8 importante essere consapevoli del fatto che non tutti i siti di incontri MILF sono creati uguali. Ce ne sono alcuni che sono migliori di altri, ed \u00e8 importante fare qualche ricerca prima di unirsi a uno. In questo modo, puoi essere sicuro di ottenere la migliore esperienza possibile.<\/p>\n<h3>OneNightFriend<\/h3>\n<p>L&#8217;app di appuntamenti OneNightFriend \u00e8 uno dei migliori siti di collegamento milf gratuiti. \u00c8 stato progettato per aiutare uomini e donne single a trovarsi l&#8217;un l&#8217;altro per appuntamenti e incontri casuali. L&#8217;app \u00e8 user-friendly e facile da usare. Puoi registrarti gratuitamente e creare il tuo profilo in pochi minuti. Una volta creato il tuo profilo, puoi iniziare a cercare milf locali nella tua zona. OneNightFriend ha un ampio database di milfs che sono alla ricerca di collegamenti e appuntamenti casuali. Puoi anche utilizzare l&#8217;app per chattare con altri membri e scambiare messaggi. L&#8217;app \u00e8 disponibile gratuitamente su App Store e Google Play Store.<\/p>\n<h3>WetHunt<\/h3>\n<p>WetHunt \u00e8 una nuova app di appuntamenti che sta rapidamente diventando popolare tra i fan <a href=\"https:\/\/www.jerkoffforme.com\/it\/siti-di-cam-gay\/\">cam gratis gay<\/a> di milf hookup. \u00c8 gratuito da scaricare e utilizzare e offre molte funzionalit\u00e0 che altre app non hanno. Ad esempio, puoi cercare i membri per posizione, et\u00e0, interessi e persino tipo di corpo. L&#8217;app ha anche una funzione di messaggistica, quindi puoi chattare con potenziali appuntamenti prima di incontrarti di persona. WetHunt \u00e8 un&#8217;ottima opzione per chiunque sia alla ricerca di un&#8217;app di collegamento milf gratuita.<\/p>\n<h3>FlingPals<\/h3>\n<p>FlingPals \u00e8 una nuova app di appuntamenti che sta rapidamente diventando popolare tra gli utenti di tutte le et\u00e0, in particolare quelli tra i 20 ei 30 anni. L&#8217;app consente agli utenti di connettersi con gli altri in base alla loro posizione ed et\u00e0, quindi chattare e organizzare un incontro. L&#8217;app \u00e8 scaricabile e utilizzabile gratuitamente e non ci sono acquisti in-app. FlingPals \u00e8 stato elogiato per la sua semplicit\u00e0 e facilit\u00e0 d&#8217;uso e molti utenti lo hanno trovato un ottimo modo per incontrare nuove persone nella loro zona. L&#8217;app \u00e8 anche popolare tra le persone che cercano un collegamento rapido, in quanto rende facile organizzare l&#8217;incontro con qualcuno nelle vicinanze.<\/p>\n<p>Nel complesso, FlingPals \u00e8 una nuova fantastica app di appuntamenti che sicuramente piacer\u00e0 a una vasta gamma di utenti. \u00c8 semplice da usare e offre un ottimo modo per incontrare nuove persone e potenzialmente trovare una fuga.<\/p>\n","protected":false},"excerpt":{"rendered":"<p>Ci sono molti siti di collegamento MILF gratuiti online, quindi \u00e8 facile trovarne uno giusto per te. Assicurati di leggere le recensioni prima di registrarti a qualsiasi sito e assicurati di cercare un sito che abbia una buona reputazione. Una volta trovato un sito con cui ti senti a tuo\u2026<\/p>\n","protected":false},"author":1,"featured_media":0,"parent":0,"menu_order":0,"comment_status":"closed","ping_status":"closed","template":"","meta":[],"yoast_head":"<!-- This site is optimized with the Yoast SEO plugin v17.7.1 - https:\/\/yoast.com\/wordpress\/plugins\/seo\/ -->\n<title>Siti di collegamento MILF gratuiti - Film Reviews<\/title>\n<meta name=\"robots\" content=\"index, follow, max-snippet:-1, max-image-preview:large, max-video-preview:-1\" \/>\n<link rel=\"canonical\" href=\"https:\/\/bellissima-films.com\/it\/siti-di-collegamento-milf-gratuiti\/\" \/>\n<meta property=\"og:locale\" content=\"it_IT\" \/>\n<meta property=\"og:type\" content=\"article\" \/>\n<meta property=\"og:title\" content=\"Siti di collegamento MILF gratuiti - Film Reviews\" \/>\n<meta property=\"og:description\" content=\"Ci sono molti siti di collegamento MILF gratuiti online, quindi \u00e8 facile trovarne uno giusto per te. Assicurati di leggere le recensioni prima di registrarti a qualsiasi sito e assicurati di cercare un sito che abbia una buona reputazione. Una volta trovato un sito con cui ti senti a tuo\u2026\" \/>\n<meta property=\"og:url\" content=\"https:\/\/bellissima-films.com\/it\/siti-di-collegamento-milf-gratuiti\/\" \/>\n<meta property=\"og:site_name\" content=\"Film Reviews\" \/>\n<meta property=\"article:modified_time\" content=\"2022-10-17T11:05:03+00:00\" \/>\n<meta name=\"twitter:card\" content=\"summary_large_image\" \/>\n<meta name=\"twitter:label1\" content=\"Tempo di lettura stimato\" \/>\n\t<meta name=\"twitter:data1\" content=\"4 minuti\" \/>\n<script type=\"application\/ld+json\" class=\"yoast-schema-graph\">{\"@context\":\"https:\/\/schema.org\",\"@graph\":[{\"@type\":\"WebSite\",\"@id\":\"https:\/\/bellissima-films.com\/it\/#website\",\"url\":\"https:\/\/bellissima-films.com\/it\/\",\"name\":\"Film Reviews\",\"description\":\"Real Hookups\",\"potentialAction\":[{\"@type\":\"SearchAction\",\"target\":{\"@type\":\"EntryPoint\",\"urlTemplate\":\"https:\/\/bellissima-films.com\/it\/?s={search_term_string}\"},\"query-input\":\"required name=search_term_string\"}],\"inLanguage\":\"it-IT\"},{\"@type\":\"WebPage\",\"@id\":\"https:\/\/bellissima-films.com\/it\/siti-di-collegamento-milf-gratuiti\/#webpage\",\"url\":\"https:\/\/bellissima-films.com\/it\/siti-di-collegamento-milf-gratuiti\/\",\"name\":\"Siti di collegamento MILF gratuiti - Film Reviews\",\"isPartOf\":{\"@id\":\"https:\/\/bellissima-films.com\/it\/#website\"},\"datePublished\":\"2022-10-03T12:30:04+00:00\",\"dateModified\":\"2022-10-17T11:05:03+00:00\",\"breadcrumb\":{\"@id\":\"https:\/\/bellissima-films.com\/it\/siti-di-collegamento-milf-gratuiti\/#breadcrumb\"},\"inLanguage\":\"it-IT\",\"potentialAction\":[{\"@type\":\"ReadAction\",\"target\":[\"https:\/\/bellissima-films.com\/it\/siti-di-collegamento-milf-gratuiti\/\"]}]},{\"@type\":\"BreadcrumbList\",\"@id\":\"https:\/\/bellissima-films.com\/it\/siti-di-collegamento-milf-gratuiti\/#breadcrumb\",\"itemListElement\":[{\"@type\":\"ListItem\",\"position\":1,\"name\":\"Home\",\"item\":\"https:\/\/bellissima-films.com\/it\/\"},{\"@type\":\"ListItem\",\"position\":2,\"name\":\"Siti di collegamento MILF gratuiti\"}]}]}<\/script>\n<!-- \/ Yoast SEO plugin. -->","yoast_head_json":{"title":"Siti di collegamento MILF gratuiti - Film Reviews","robots":{"index":"index","follow":"follow","max-snippet":"max-snippet:-1","max-image-preview":"max-image-preview:large","max-video-preview":"max-video-preview:-1"},"canonical":"https:\/\/bellissima-films.com\/it\/siti-di-collegamento-milf-gratuiti\/","og_locale":"it_IT","og_type":"article","og_title":"Siti di collegamento MILF gratuiti - Film Reviews","og_description":"Ci sono molti siti di collegamento MILF gratuiti online, quindi \u00e8 facile trovarne uno giusto per te. Assicurati di leggere le recensioni prima di registrarti a qualsiasi sito e assicurati di cercare un sito che abbia una buona reputazione. Una volta trovato un sito con cui ti senti a tuo\u2026","og_url":"https:\/\/bellissima-films.com\/it\/siti-di-collegamento-milf-gratuiti\/","og_site_name":"Film Reviews","article_modified_time":"2022-10-17T11:05:03+00:00","twitter_card":"summary_large_image","twitter_misc":{"Tempo di lettura stimato":"4 minuti"},"schema":{"@context":"https:\/\/schema.org","@graph":[{"@type":"WebSite","@id":"https:\/\/bellissima-films.com\/it\/#website","url":"https:\/\/bellissima-films.com\/it\/","name":"Film Reviews","description":"Real Hookups","potentialAction":[{"@type":"SearchAction","target":{"@type":"EntryPoint","urlTemplate":"https:\/\/bellissima-films.com\/it\/?s={search_term_string}"},"query-input":"required name=search_term_string"}],"inLanguage":"it-IT"},{"@type":"WebPage","@id":"https:\/\/bellissima-films.com\/it\/siti-di-collegamento-milf-gratuiti\/#webpage","url":"https:\/\/bellissima-films.com\/it\/siti-di-collegamento-milf-gratuiti\/","name":"Siti di collegamento MILF gratuiti - Film Reviews","isPartOf":{"@id":"https:\/\/bellissima-films.com\/it\/#website"},"datePublished":"2022-10-03T12:30:04+00:00","dateModified":"2022-10-17T11:05:03+00:00","breadcrumb":{"@id":"https:\/\/bellissima-films.com\/it\/siti-di-collegamento-milf-gratuiti\/#breadcrumb"},"inLanguage":"it-IT","potentialAction":[{"@type":"ReadAction","target":["https:\/\/bellissima-films.com\/it\/siti-di-collegamento-milf-gratuiti\/"]}]},{"@type":"BreadcrumbList","@id":"https:\/\/bellissima-films.com\/it\/siti-di-collegamento-milf-gratuiti\/#breadcrumb","itemListElement":[{"@type":"ListItem","position":1,"name":"Home","item":"https:\/\/bellissima-films.com\/it\/"},{"@type":"ListItem","position":2,"name":"Siti di collegamento MILF gratuiti"}]}]}},"_links":{"self":[{"href":"https:\/\/bellissima-films.com\/it\/wp-json\/wp\/v2\/pages\/161"}],"collection":[{"href":"https:\/\/bellissima-films.com\/it\/wp-json\/wp\/v2\/pages"}],"about":[{"href":"https:\/\/bellissima-films.com\/it\/wp-json\/wp\/v2\/types\/page"}],"author":[{"embeddable":true,"href":"https:\/\/bellissima-films.com\/it\/wp-json\/wp\/v2\/users\/1"}],"replies":[{"embeddable":true,"href":"https:\/\/bellissima-films.com\/it\/wp-json\/wp\/v2\/comments?post=161"}],"version-history":[{"count":1,"href":"https:\/\/bellissima-films.com\/it\/wp-json\/wp\/v2\/pages\/161\/revisions"}],"predecessor-version":[{"id":277,"href":"https:\/\/bellissima-films.com\/it\/wp-json\/wp\/v2\/pages\/161\/revisions\/277"}],"wp:attachment":[{"href":"https:\/\/bellissima-films.com\/it\/wp-json\/wp\/v2\/media?parent=161"}],"curies":[{"name":"wp","href":"https:\/\/api.w.org\/{rel}","templated":true}]}}