{"id":160,"date":"2022-10-03T13:29:46","date_gmt":"2022-10-03T12:29:46","guid":{"rendered":"http:\/\/bellissima-films.com\/incontri-con-la-nonna\/"},"modified":"2022-10-17T12:04:02","modified_gmt":"2022-10-17T11:04:02","slug":"incontri-con-la-nonna","status":"publish","type":"page","link":"https:\/\/bellissima-films.com\/it\/incontri-con-la-nonna\/","title":{"rendered":"Incontri con la nonna"},"content":{"rendered":"<p>Ci sono molti siti di incontri per nonne che ti permettono di entrare in contatto con donne anziane. Questi <a href=\"http:\/\/bellissima-films.com\/it\/siti-di-sexting-online\/\">siti<\/a> sono un ottimo modo per incontrare donne anziane che sono alla ricerca di un uomo pi\u00f9 giovane. Puoi trovare molte donne anziane che cercano un uomo pi\u00f9 giovane su questi siti. Puoi anche <a href=\"https:\/\/www.sex-chat-rooms.com\/it\/milf-gratis-vicino-a-me\/\">MILF gratis<\/a> trovare molte donne anziane che cercano un uomo pi\u00f9 giovane su altri siti, ma questi siti sono un ottimo modo per incontrare donne anziane che cercano un uomo pi\u00f9 giovane.<\/p>\n<h2>Collegamento con donne mature<\/h2>\n<p>C&#8217;\u00e8 qualcosa di incredibilmente allettante nel frequentare donne anziane. Tendono ad essere pi\u00f9 sicuri, pi\u00f9 esperti e pi\u00f9 in controllo delle loro vite. Sanno cosa vogliono e non hanno paura di inseguirlo. Questo non vuol dire che uscire con donne pi\u00f9 giovani sia sbagliato- tutt&#8217;altro. Ma se stai cercando qualcosa di un po &#8216;pi\u00f9 maturo, uscire con una donna anziana potrebbe essere il modo perfetto per andare.<\/p>\n<h2>Siti di incontri per nonne locali<\/h2>\n<p>Ci sono un certo numero di siti di incontri per nonne disponibili per le persone che sono alla ricerca dell&#8217;amore. Questi siti si rivolgono a persone interessate a uscire con donne anziane. Alcuni dei siti di incontri della nonna locale includono GrannyDatingSite.com e GrannyDate.com. Entrambi questi siti offrono una variet\u00e0 di funzionalit\u00e0 che consentono <a href=\"https:\/\/wank.io\/it\/siti-cam-2-cam-gratuiti\/\">cam2cam<\/a> agli utenti di connettersi con potenziali corrispondenze e iniziare a chattare. I siti di incontri della nonna offrono alle persone l&#8217;opportunit\u00e0 di connettersi con altri che stanno cercando la stessa cosa.<\/p>\n<p>Ci sono molti gilf locali nella scena degli appuntamenti che sono alla ricerca di un buon momento. Sono in genere donne anziane che sono attratte da uomini pi\u00f9 giovani. Di solito sono alla ricerca di una relazione o qualcosa di casuale. Molti gilf sono aperti a provare cose nuove e sono disposti a divertirsi.<\/p>\n<h3>SwapFinder<\/h3>\n<p>SwapFinder \u00e8 un&#8217;app di appuntamenti che ti consente di trovare nonne che sono <a href=\"https:\/\/www.onemightydrop.com\/it\/giochi-per-adulti-gratuiti-senza-carta-di-credito\/\">giochi porno senza iscrizione<\/a> alla ricerca di un collegamento casuale. L&#8217;app \u00e8 facile da usare e ha molte funzionalit\u00e0 che la rendono un&#8217;ottima scelta per gli appuntamenti con la nonna. L&#8217;app \u00e8 scaricabile e utilizzabile gratuitamente e offre un abbonamento premium che ti d\u00e0 accesso a pi\u00f9 funzionalit\u00e0. L&#8217;app \u00e8 disponibile per dispositivi iOS e Android.<\/p>\n<h3>Xmeets<\/h3>\n<p>Se stai cercando un&#8217;app di appuntamenti per nonne, Xmeets \u00e8 un&#8217;ottima opzione. \u00c8 facile da usare e ha molte caratteristiche che lo rendono un&#8217;ottima scelta per coloro che cercano una donna matura fino ad oggi. La funzione di ricerca \u00e8 completa e ti consente di trovare esattamente quello che stai cercando. Anche il sistema di messaggistica \u00e8 fantastico e puoi facilmente rimanere in contatto con le tue partite. Nel complesso, Xmeets \u00e8 un&#8217;ottima opzione per coloro che cercano un&#8217;app di appuntamenti per nonne.<\/p>\n<h3>SextFun<\/h3>\n<p>Se ti piacciono gli appuntamenti con la nonna, allora vorrai sicuramente dare un&#8217;occhiata a SextFun. Questa app di appuntamenti \u00e8 specificamente progettata per le persone che sono alla ricerca di un po &#8216;di divertimento senza vincoli con le donne anziane. L&#8217;app \u00e8 facile da usare ed \u00e8 gratuita per registrarsi. Una volta che ti sei registrato, puoi sfogliare i profili delle nonne locali che sono alla ricerca di un po &#8216;di divertimento. Quando trovi qualcuno che ti piace, puoi inviargli un messaggio e vedere se \u00e8 interessato a incontrarsi. L&#8217;app \u00e8 discreta e privata, quindi puoi essere certo che le avventure di appuntamenti della tua nonna rimarranno tra te e le nonne che incontri.<\/p>\n","protected":false},"excerpt":{"rendered":"<p>Ci sono molti siti di incontri per nonne che ti permettono di entrare in contatto con donne anziane. Questi siti sono un ottimo modo per incontrare donne anziane che sono alla ricerca di un uomo pi\u00f9 giovane. Puoi trovare molte donne anziane che cercano un uomo pi\u00f9 giovane su questi\u2026<\/p>\n","protected":false},"author":1,"featured_media":0,"parent":0,"menu_order":0,"comment_status":"closed","ping_status":"closed","template":"","meta":[],"yoast_head":"<!-- This site is optimized with the Yoast SEO plugin v17.7.1 - https:\/\/yoast.com\/wordpress\/plugins\/seo\/ -->\n<title>Incontri con la nonna - Film Reviews<\/title>\n<meta name=\"robots\" content=\"index, follow, max-snippet:-1, max-image-preview:large, max-video-preview:-1\" \/>\n<link rel=\"canonical\" href=\"https:\/\/bellissima-films.com\/it\/incontri-con-la-nonna\/\" \/>\n<meta property=\"og:locale\" content=\"it_IT\" \/>\n<meta property=\"og:type\" content=\"article\" \/>\n<meta property=\"og:title\" content=\"Incontri con la nonna - Film Reviews\" \/>\n<meta property=\"og:description\" content=\"Ci sono molti siti di incontri per nonne che ti permettono di entrare in contatto con donne anziane. Questi siti sono un ottimo modo per incontrare donne anziane che sono alla ricerca di un uomo pi\u00f9 giovane. Puoi trovare molte donne anziane che cercano un uomo pi\u00f9 giovane su questi\u2026\" \/>\n<meta property=\"og:url\" content=\"https:\/\/bellissima-films.com\/it\/incontri-con-la-nonna\/\" \/>\n<meta property=\"og:site_name\" content=\"Film Reviews\" \/>\n<meta property=\"article:modified_time\" content=\"2022-10-17T11:04:02+00:00\" \/>\n<meta name=\"twitter:card\" content=\"summary_large_image\" \/>\n<meta name=\"twitter:label1\" content=\"Tempo di lettura stimato\" \/>\n\t<meta name=\"twitter:data1\" content=\"3 minuti\" \/>\n<script type=\"application\/ld+json\" class=\"yoast-schema-graph\">{\"@context\":\"https:\/\/schema.org\",\"@graph\":[{\"@type\":\"WebSite\",\"@id\":\"https:\/\/bellissima-films.com\/it\/#website\",\"url\":\"https:\/\/bellissima-films.com\/it\/\",\"name\":\"Film Reviews\",\"description\":\"Real Hookups\",\"potentialAction\":[{\"@type\":\"SearchAction\",\"target\":{\"@type\":\"EntryPoint\",\"urlTemplate\":\"https:\/\/bellissima-films.com\/it\/?s={search_term_string}\"},\"query-input\":\"required name=search_term_string\"}],\"inLanguage\":\"it-IT\"},{\"@type\":\"WebPage\",\"@id\":\"https:\/\/bellissima-films.com\/it\/incontri-con-la-nonna\/#webpage\",\"url\":\"https:\/\/bellissima-films.com\/it\/incontri-con-la-nonna\/\",\"name\":\"Incontri con la nonna - Film Reviews\",\"isPartOf\":{\"@id\":\"https:\/\/bellissima-films.com\/it\/#website\"},\"datePublished\":\"2022-10-03T12:29:46+00:00\",\"dateModified\":\"2022-10-17T11:04:02+00:00\",\"breadcrumb\":{\"@id\":\"https:\/\/bellissima-films.com\/it\/incontri-con-la-nonna\/#breadcrumb\"},\"inLanguage\":\"it-IT\",\"potentialAction\":[{\"@type\":\"ReadAction\",\"target\":[\"https:\/\/bellissima-films.com\/it\/incontri-con-la-nonna\/\"]}]},{\"@type\":\"BreadcrumbList\",\"@id\":\"https:\/\/bellissima-films.com\/it\/incontri-con-la-nonna\/#breadcrumb\",\"itemListElement\":[{\"@type\":\"ListItem\",\"position\":1,\"name\":\"Home\",\"item\":\"https:\/\/bellissima-films.com\/it\/\"},{\"@type\":\"ListItem\",\"position\":2,\"name\":\"Incontri con la nonna\"}]}]}<\/script>\n<!-- \/ Yoast SEO plugin. -->","yoast_head_json":{"title":"Incontri con la nonna - Film Reviews","robots":{"index":"index","follow":"follow","max-snippet":"max-snippet:-1","max-image-preview":"max-image-preview:large","max-video-preview":"max-video-preview:-1"},"canonical":"https:\/\/bellissima-films.com\/it\/incontri-con-la-nonna\/","og_locale":"it_IT","og_type":"article","og_title":"Incontri con la nonna - Film Reviews","og_description":"Ci sono molti siti di incontri per nonne che ti permettono di entrare in contatto con donne anziane. Questi siti sono un ottimo modo per incontrare donne anziane che sono alla ricerca di un uomo pi\u00f9 giovane. Puoi trovare molte donne anziane che cercano un uomo pi\u00f9 giovane su questi\u2026","og_url":"https:\/\/bellissima-films.com\/it\/incontri-con-la-nonna\/","og_site_name":"Film Reviews","article_modified_time":"2022-10-17T11:04:02+00:00","twitter_card":"summary_large_image","twitter_misc":{"Tempo di lettura stimato":"3 minuti"},"schema":{"@context":"https:\/\/schema.org","@graph":[{"@type":"WebSite","@id":"https:\/\/bellissima-films.com\/it\/#website","url":"https:\/\/bellissima-films.com\/it\/","name":"Film Reviews","description":"Real Hookups","potentialAction":[{"@type":"SearchAction","target":{"@type":"EntryPoint","urlTemplate":"https:\/\/bellissima-films.com\/it\/?s={search_term_string}"},"query-input":"required name=search_term_string"}],"inLanguage":"it-IT"},{"@type":"WebPage","@id":"https:\/\/bellissima-films.com\/it\/incontri-con-la-nonna\/#webpage","url":"https:\/\/bellissima-films.com\/it\/incontri-con-la-nonna\/","name":"Incontri con la nonna - Film Reviews","isPartOf":{"@id":"https:\/\/bellissima-films.com\/it\/#website"},"datePublished":"2022-10-03T12:29:46+00:00","dateModified":"2022-10-17T11:04:02+00:00","breadcrumb":{"@id":"https:\/\/bellissima-films.com\/it\/incontri-con-la-nonna\/#breadcrumb"},"inLanguage":"it-IT","potentialAction":[{"@type":"ReadAction","target":["https:\/\/bellissima-films.com\/it\/incontri-con-la-nonna\/"]}]},{"@type":"BreadcrumbList","@id":"https:\/\/bellissima-films.com\/it\/incontri-con-la-nonna\/#breadcrumb","itemListElement":[{"@type":"ListItem","position":1,"name":"Home","item":"https:\/\/bellissima-films.com\/it\/"},{"@type":"ListItem","position":2,"name":"Incontri con la nonna"}]}]}},"_links":{"self":[{"href":"https:\/\/bellissima-films.com\/it\/wp-json\/wp\/v2\/pages\/160"}],"collection":[{"href":"https:\/\/bellissima-films.com\/it\/wp-json\/wp\/v2\/pages"}],"about":[{"href":"https:\/\/bellissima-films.com\/it\/wp-json\/wp\/v2\/types\/page"}],"author":[{"embeddable":true,"href":"https:\/\/bellissima-films.com\/it\/wp-json\/wp\/v2\/users\/1"}],"replies":[{"embeddable":true,"href":"https:\/\/bellissima-films.com\/it\/wp-json\/wp\/v2\/comments?post=160"}],"version-history":[{"count":1,"href":"https:\/\/bellissima-films.com\/it\/wp-json\/wp\/v2\/pages\/160\/revisions"}],"predecessor-version":[{"id":275,"href":"https:\/\/bellissima-films.com\/it\/wp-json\/wp\/v2\/pages\/160\/revisions\/275"}],"wp:attachment":[{"href":"https:\/\/bellissima-films.com\/it\/wp-json\/wp\/v2\/media?parent=160"}],"curies":[{"name":"wp","href":"https:\/\/api.w.org\/{rel}","templated":true}]}}