{"id":153,"date":"2022-10-03T13:30:59","date_gmt":"2022-10-03T12:30:59","guid":{"rendered":"http:\/\/bellissima-films.com\/cross-dresser-siti-di-incontri\/"},"modified":"2022-10-17T12:04:26","modified_gmt":"2022-10-17T11:04:26","slug":"cross-dresser-siti-di-incontri","status":"publish","type":"page","link":"https:\/\/bellissima-films.com\/it\/cross-dresser-siti-di-incontri\/","title":{"rendered":"Cross Dresser Siti di incontri"},"content":{"rendered":"<p>Se stai cercando un partner a cui piace vestirsi con abiti femminili, ci sono molti siti di incontri cross-dresser che possono aiutarti a trovare la tua corrispondenza perfetta. Questi siti si rivolgono a persone a cui piace vestirsi con abiti del sesso opposto e possono essere un ottimo modo per trovare un partner che condivida il tuo interesse.<\/p>\n<p>La maggior parte dei <a href=\"http:\/\/bellissima-films.com\/it\/app-di-appuntamenti-discrete\/\">siti di incontri<\/a> cross dresser funziona proprio come qualsiasi altro sito di incontri: crei un profilo, navighi nei profili di altri membri e invii messaggi avanti e indietro. Alcuni siti hanno anche chat room e forum in cui \u00e8 possibile conoscere meglio gli altri membri. Se sei interessato a collegarti con un crossdatter, ci sono alcune cose che dovresti tenere a mente. Innanzitutto, i crossdresser possono essere trovati su qualsiasi sito di incontri, quindi non limitare la tua ricerca ai soli siti di incontri cross dresser. In secondo luogo <a href=\"https:\/\/www.singles-sites.com\/it\/siti-web-di-sexting-senza-registrazione\/\">sexting siti<\/a>, i crossdresser sono di solito molto aperti sul loro interesse, quindi non aver paura di fare domande o sollevare l&#8217;argomento da solo. E infine, non dimenticare di divertirti! Il cross dressing consiste nell&#8217;esplorare la tua sessualit\u00e0 e divertirti, quindi assicurati di fare proprio questo.<\/p>\n<h2>Crossdresser Personals<\/h2>\n<p>Crossdresser personals pu\u00f2 essere un ottimo modo per incontrare altre persone che condividono il tuo interesse per il crossdressing. Sia che tu stia cercando amicizia, romanticismo o semplicemente qualcuno con cui chattare, puoi trovare tutto su crossdresser personals. Ci sono tutti i tipi di persone che usano crossdresser personali, quindi sei sicuro di trovare qualcuno che condivide i tuoi interessi e con cui sei compatibile. Soprattutto, \u00e8 una comunit\u00e0 sicura e accogliente in cui tutti sono accettati per quello che sono. Quindi, se stai cercando un posto dove esplorare i tuoi interessi di crossdressing, crossdresser personals \u00e8 il punto di partenza perfetto.<\/p>\n<p>Se stai cercando l&#8217;amore e ti capita di essere un crossdresser, ci sono alcune cose che puoi fare per aumentare le tue possibilit\u00e0 di trovare un partner compatibile. Innanzitutto, prendi in considerazione l&#8217;idea di unirti a un gruppo di supporto crossdressing o a una comunit\u00e0 online. Questo ti aiuter\u00e0 a connetterti con altri crossdresser che potrebbero <a href=\"https:\/\/www.hookup-now.com\/it\/siti-fetish\/\">siti incontri BDSM<\/a> trovarsi in una situazione simile e cercare l&#8217;amore. Inoltre, assicurati di essere aperto e onesto riguardo al tuo crossdressing con potenziali partner. \u00c8 importante trovare qualcuno che accetti e comprenda il tuo stile di vita. Infine, non aver paura di metterti in gioco e andare agli appuntamenti. Pi\u00f9 esci con te, pi\u00f9 \u00e8 probabile che tu trovi qualcuno con cui ti connetti davvero.<\/p>\n<h2>Siti di incontri per crossdresser<\/h2>\n<p>Ci sono molti siti di incontri per crossdresser. Devi solo sapere dove guardare! Prova a fare una ricerca per &#8220;incontri crossdresser&#8221; o &#8220;appuntamenti transgender&#8221;. Dovresti essere in grado di trovare molti risultati. Assicurati di leggere le recensioni prima di iscriverti a qualsiasi cosa, in modo da poter essere sicuro di ottenere ci\u00f2 che desideri.<\/p>\n<h3>Datehookup<\/h3>\n<p>Datehookup \u00e8 una popolare app di appuntamenti con un&#8217;ampia base di utenti. L&#8217;app \u00e8 scaricabile e utilizzabile gratuitamente. Tuttavia, offre alcuni acquisti in-app. L&#8217;app \u00e8 disponibile per dispositivi Android e iOS. L&#8217;app \u00e8 facile da usare e navigare. L&#8217;interfaccia utente \u00e8 semplice e diretta. L&#8217;app ha molte funzionalit\u00e0 che la rendono una buona scelta per i cross-dresser. L&#8217;app ti consente di cercare altri utenti per posizione, et\u00e0, sesso e interessi. \u00c8 inoltre possibile inviare e ricevere messaggi e visualizzare i profili.<\/p>\n<p>Nel complesso, l&#8217;app \u00e8 una buona scelta per i travestiti. \u00c8 facile da usare e ha molte funzionalit\u00e0. L&#8217;app \u00e8 anche scaricabile e utilizzabile gratuitamente.<\/p>\n<h3>FlingPals<\/h3>\n<p>FlingPals \u00e8 una nuova app di appuntamenti progettata specificamente per le persone che amano <a href=\"https:\/\/www.jerkoffforme.com\/it\/freecams-me\/\">freecams<\/a> il cross-dress. L&#8217;app \u00e8 scaricabile e utilizzabile gratuitamente e offre una vasta gamma di funzionalit\u00e0 che semplificano la ricerca e la connessione con altri crossdrio. L&#8217;app include anche una funzione di chat integrata, in modo da poter rimanere facilmente in contatto con altri utenti. Nel complesso, FlingPals \u00e8 una grande nuova aggiunta al mondo dei siti di incontri cross dresser ed \u00e8 sicuro di aiutarti a trovare la corrispondenza perfetta.<\/p>\n<h3>Uberhorny<\/h3>\n<p>Se stai cercando un sito di incontri cross-dresser facile da usare e che offra molte funzionalit\u00e0, ti consigliamo di dare un&#8217;occhiata a Uberhorny. Questo sito rende facile trovare corrispondenze e chattare con loro. Puoi anche utilizzare il sito per trovare eventi e gruppi vicino a te. Il sito \u00e8 gratuito e puoi passare a un abbonamento premium per ottenere ancora pi\u00f9 funzionalit\u00e0.<\/p>\n","protected":false},"excerpt":{"rendered":"<p>Se stai cercando un partner a cui piace vestirsi con abiti femminili, ci sono molti siti di incontri cross-dresser che possono aiutarti a trovare la tua corrispondenza perfetta. Questi siti si rivolgono a persone a cui piace vestirsi con abiti del sesso opposto e possono essere un ottimo modo per\u2026<\/p>\n","protected":false},"author":1,"featured_media":0,"parent":0,"menu_order":0,"comment_status":"closed","ping_status":"closed","template":"","meta":[],"yoast_head":"<!-- This site is optimized with the Yoast SEO plugin v17.7.1 - https:\/\/yoast.com\/wordpress\/plugins\/seo\/ -->\n<title>Cross Dresser Siti di incontri - Film Reviews<\/title>\n<meta name=\"robots\" content=\"index, follow, max-snippet:-1, max-image-preview:large, max-video-preview:-1\" \/>\n<link rel=\"canonical\" href=\"https:\/\/bellissima-films.com\/it\/cross-dresser-siti-di-incontri\/\" \/>\n<meta property=\"og:locale\" content=\"it_IT\" \/>\n<meta property=\"og:type\" content=\"article\" \/>\n<meta property=\"og:title\" content=\"Cross Dresser Siti di incontri - Film Reviews\" \/>\n<meta property=\"og:description\" content=\"Se stai cercando un partner a cui piace vestirsi con abiti femminili, ci sono molti siti di incontri cross-dresser che possono aiutarti a trovare la tua corrispondenza perfetta. Questi siti si rivolgono a persone a cui piace vestirsi con abiti del sesso opposto e possono essere un ottimo modo per\u2026\" \/>\n<meta property=\"og:url\" content=\"https:\/\/bellissima-films.com\/it\/cross-dresser-siti-di-incontri\/\" \/>\n<meta property=\"og:site_name\" content=\"Film Reviews\" \/>\n<meta property=\"article:modified_time\" content=\"2022-10-17T11:04:26+00:00\" \/>\n<meta name=\"twitter:card\" content=\"summary_large_image\" \/>\n<meta name=\"twitter:label1\" content=\"Tempo di lettura stimato\" \/>\n\t<meta name=\"twitter:data1\" content=\"4 minuti\" \/>\n<script type=\"application\/ld+json\" class=\"yoast-schema-graph\">{\"@context\":\"https:\/\/schema.org\",\"@graph\":[{\"@type\":\"WebSite\",\"@id\":\"http:\/\/bellissima-films.com\/it\/#website\",\"url\":\"http:\/\/bellissima-films.com\/it\/\",\"name\":\"Film Reviews\",\"description\":\"Real Hookups\",\"potentialAction\":[{\"@type\":\"SearchAction\",\"target\":{\"@type\":\"EntryPoint\",\"urlTemplate\":\"http:\/\/bellissima-films.com\/it\/?s={search_term_string}\"},\"query-input\":\"required name=search_term_string\"}],\"inLanguage\":\"it-IT\"},{\"@type\":\"WebPage\",\"@id\":\"https:\/\/bellissima-films.com\/it\/cross-dresser-siti-di-incontri\/#webpage\",\"url\":\"https:\/\/bellissima-films.com\/it\/cross-dresser-siti-di-incontri\/\",\"name\":\"Cross Dresser Siti di incontri - Film Reviews\",\"isPartOf\":{\"@id\":\"http:\/\/bellissima-films.com\/it\/#website\"},\"datePublished\":\"2022-10-03T12:30:59+00:00\",\"dateModified\":\"2022-10-17T11:04:26+00:00\",\"breadcrumb\":{\"@id\":\"https:\/\/bellissima-films.com\/it\/cross-dresser-siti-di-incontri\/#breadcrumb\"},\"inLanguage\":\"it-IT\",\"potentialAction\":[{\"@type\":\"ReadAction\",\"target\":[\"https:\/\/bellissima-films.com\/it\/cross-dresser-siti-di-incontri\/\"]}]},{\"@type\":\"BreadcrumbList\",\"@id\":\"https:\/\/bellissima-films.com\/it\/cross-dresser-siti-di-incontri\/#breadcrumb\",\"itemListElement\":[{\"@type\":\"ListItem\",\"position\":1,\"name\":\"Home\",\"item\":\"https:\/\/bellissima-films.com\/it\/\"},{\"@type\":\"ListItem\",\"position\":2,\"name\":\"Cross Dresser Siti di incontri\"}]}]}<\/script>\n<!-- \/ Yoast SEO plugin. -->","yoast_head_json":{"title":"Cross Dresser Siti di incontri - Film Reviews","robots":{"index":"index","follow":"follow","max-snippet":"max-snippet:-1","max-image-preview":"max-image-preview:large","max-video-preview":"max-video-preview:-1"},"canonical":"https:\/\/bellissima-films.com\/it\/cross-dresser-siti-di-incontri\/","og_locale":"it_IT","og_type":"article","og_title":"Cross Dresser Siti di incontri - Film Reviews","og_description":"Se stai cercando un partner a cui piace vestirsi con abiti femminili, ci sono molti siti di incontri cross-dresser che possono aiutarti a trovare la tua corrispondenza perfetta. Questi siti si rivolgono a persone a cui piace vestirsi con abiti del sesso opposto e possono essere un ottimo modo per\u2026","og_url":"https:\/\/bellissima-films.com\/it\/cross-dresser-siti-di-incontri\/","og_site_name":"Film Reviews","article_modified_time":"2022-10-17T11:04:26+00:00","twitter_card":"summary_large_image","twitter_misc":{"Tempo di lettura stimato":"4 minuti"},"schema":{"@context":"https:\/\/schema.org","@graph":[{"@type":"WebSite","@id":"http:\/\/bellissima-films.com\/it\/#website","url":"http:\/\/bellissima-films.com\/it\/","name":"Film Reviews","description":"Real Hookups","potentialAction":[{"@type":"SearchAction","target":{"@type":"EntryPoint","urlTemplate":"http:\/\/bellissima-films.com\/it\/?s={search_term_string}"},"query-input":"required name=search_term_string"}],"inLanguage":"it-IT"},{"@type":"WebPage","@id":"https:\/\/bellissima-films.com\/it\/cross-dresser-siti-di-incontri\/#webpage","url":"https:\/\/bellissima-films.com\/it\/cross-dresser-siti-di-incontri\/","name":"Cross Dresser Siti di incontri - Film Reviews","isPartOf":{"@id":"http:\/\/bellissima-films.com\/it\/#website"},"datePublished":"2022-10-03T12:30:59+00:00","dateModified":"2022-10-17T11:04:26+00:00","breadcrumb":{"@id":"https:\/\/bellissima-films.com\/it\/cross-dresser-siti-di-incontri\/#breadcrumb"},"inLanguage":"it-IT","potentialAction":[{"@type":"ReadAction","target":["https:\/\/bellissima-films.com\/it\/cross-dresser-siti-di-incontri\/"]}]},{"@type":"BreadcrumbList","@id":"https:\/\/bellissima-films.com\/it\/cross-dresser-siti-di-incontri\/#breadcrumb","itemListElement":[{"@type":"ListItem","position":1,"name":"Home","item":"https:\/\/bellissima-films.com\/it\/"},{"@type":"ListItem","position":2,"name":"Cross Dresser Siti di incontri"}]}]}},"_links":{"self":[{"href":"https:\/\/bellissima-films.com\/it\/wp-json\/wp\/v2\/pages\/153"}],"collection":[{"href":"https:\/\/bellissima-films.com\/it\/wp-json\/wp\/v2\/pages"}],"about":[{"href":"https:\/\/bellissima-films.com\/it\/wp-json\/wp\/v2\/types\/page"}],"author":[{"embeddable":true,"href":"https:\/\/bellissima-films.com\/it\/wp-json\/wp\/v2\/users\/1"}],"replies":[{"embeddable":true,"href":"https:\/\/bellissima-films.com\/it\/wp-json\/wp\/v2\/comments?post=153"}],"version-history":[{"count":1,"href":"https:\/\/bellissima-films.com\/it\/wp-json\/wp\/v2\/pages\/153\/revisions"}],"predecessor-version":[{"id":276,"href":"https:\/\/bellissima-films.com\/it\/wp-json\/wp\/v2\/pages\/153\/revisions\/276"}],"wp:attachment":[{"href":"https:\/\/bellissima-films.com\/it\/wp-json\/wp\/v2\/media?parent=153"}],"curies":[{"name":"wp","href":"https:\/\/api.w.org\/{rel}","templated":true}]}}