{"id":184,"date":"2022-10-03T11:15:34","date_gmt":"2022-10-03T10:15:34","guid":{"rendered":"http:\/\/bellissima-films.com\/votre-entremetteur-de-rencontres-local\/"},"modified":"2022-11-02T14:45:18","modified_gmt":"2022-11-02T14:45:18","slug":"votre-entremetteur-de-rencontres-local","status":"publish","type":"page","link":"https:\/\/bellissima-films.com\/fr\/","title":{"rendered":"Votre entremetteur de rencontres local"},"content":{"rendered":"<p>Les rencontres en ligne sont une grosse affaire. En fait, selon une estimation, l\u2019industrie vaut 1 milliard de dollars par an. Mais alors que la plupart des sites sont chers, certains sont construits sp\u00e9cifiquement avec l\u2019id\u00e9e d\u2019offrir un essai gratuit. Des sites comme OkCupid, PlentyOfFish et Match.com m\u00eame offrir des abonnements gratuits. Et bien que ces trois-l\u00e0 soient parmi les plus grands noms de l\u2019espace, il y en a beaucoup d\u2019autres.<\/p>\n<h2>Commencez avec les sites de rencontres gratuits pour adultes<\/h2>\n<p>Alors que certains sites gratuits ont des limitations, telles que l\u2019exigence d\u2019un num\u00e9ro de carte de cr\u00e9dit <a href=\"http:\/\/www.rencontresexuelle.net\">site de rencontre sexuelle<\/a>, d\u2019autres vous permettent de parcourir et d\u2019envoyer des messages sans rien payer \u00e0 l\u2019avance. Par exemple, Bumble permet aux femmes de faire le premier pas, tandis que Hinge permet aux hommes d\u2019initier le contact. Ces types de sites vous donnent la possibilit\u00e9 d\u2019essayer quelque chose de diff\u00e9rent sans engager trop d\u2019argent.<\/p>\n<p>Mais ce n\u2019est pas parce que vous pouvez utiliser un site gratuitement que vous devriez le faire. Bien que les sites de rencontres gratuits ne conviennent pas toujours \u00e0 tout le monde, ils constituent souvent une excellente option pour les personnes qui cherchent \u00e0 \u00e9viter de d\u00e9penser une tonne d\u2019argent \u00e0 l\u2019avance. Et si vous d\u00e9cidez de mettre \u00e0 niveau plus tard, vous aurez toujours acc\u00e8s \u00e0 tout ce que vous avez fait. Le monde des rencontres en ligne regorge d\u2019options. Des sites d\u2019abonnement payants comme Match.com et OkCupid aux plateformes de m\u00e9dias sociaux comme Facebook et Titter, il existe de nombreuses fa\u00e7ons de rencontrer des gens. Mais, ce qui fonctionne le mieux pour une personne pourrait ne pas fonctionner pour une autre. Nous avons donc dress\u00e9 une liste de nos applications et sites de rencontres pr\u00e9f\u00e9r\u00e9s. Que vous souhaitiez quelque chose de s\u00e9rieux ou que vous cherchiez simplement quelqu\u2019un avec qui sortir, nous pensons que vous trouverez une correspondance ici.<\/p>\n<h3>Guide rapide des applications que vous pouvez essayer maintenant<\/h3>\n<p>Les sites et applications de rencontres gratuits sont un excellent moyen de trouver quelqu\u2019un de sp\u00e9cial. Que vous souhaitiez sortir avec d\u00e9sinvolture, faire fonctionner une relation \u00e0 long terme ou simplement voir ce qui existe, ces plates-formes offrent de nombreuses options. Voici quelques-uns de nos favoris<\/p>\n<ul>\n<li>Facebook Dating &#8211; Ce site de rencontre est enti\u00e8rement gratuit \u00e0 utiliser, et il rend la recherche de correspondances <a href=\"http:\/\/www.rencontre-sexe-gratuit.com\/\">site rencontre sexe gratuit<\/a> facile car il utilise l\u2019algorithme de Facebook pour vous mettre en relation avec des amis d\u2019amis. Vous pouvez parcourir les membres en fonction de l\u2019emplacement, de l\u2019\u00e2ge, du sexe, du statut de la relation, des int\u00e9r\u00eats et m\u00eame des amis communs.<\/li>\n<li>Hinge &#8211; Hinge est une application de rencontres populaire o\u00f9 vous pouvez vous connecter avec des personnes bas\u00e9es sur des passions partag\u00e9es comme la musique, les films, les sports et les passe-temps. Vous pouvez \u00e9galement d\u00e9finir des pr\u00e9f\u00e9rences telles que si vous pr\u00e9f\u00e9rez aller \u00e0 des rendez-vous ou passer du temps avec des amis.<\/li>\n<li>OKCupid &#8211; OKCupid est l\u2019un des plus anciens sites de rencontres, et il offre toujours une interface propre et de nombreux outils utiles. Vous pouvez filtrer les membres en fonction de l\u2019\u00e2ge, de la distance, de l\u2019orientation sexuelle, de la religion, de l\u2019origine ethnique, du niveau d\u2019\u00e9ducation, du revenu, de la profession, du type de corps et de la taille.<\/li>\n<li>Tinder &#8211; Tinder ressemble beaucoup \u00e0 OkCupid en termes de fonctionnement, mais il se concentre sur le balayage \u00e0 gauche ou \u00e0 droite sur les photos de matchs potentiels. Si vous balayez vers la droite, vous recevrez une notification vous informant que la personne vous aime aussi.<\/li>\n<li>Match &#8211; Match est similaire \u00e0 OkCupid et Tinder en ce sens qu\u2019il vous permet <a href=\"http:\/\/www.private-sexanzeigen.org\/\">Private-Sexanzeigen.org<\/a> de glisser vers la gauche ou la droite sur des photos de personnes. Cependant, Match vous permet de rechercher des types sp\u00e9cifiques de personnes, y compris celles int\u00e9ress\u00e9es par le mariage, les rencontres occasionnelles, l\u2019amiti\u00e9, etc.<\/li>\n<li>Zoosk &#8211; Zoosk est un peu diff\u00e9rent du reste des sites r\u00e9pertori\u00e9s ici car il ne vous oblige pas \u00e0 t\u00e9l\u00e9charger une photo. Au lieu de cela, vous r\u00e9pondez \u00e0 des questions sur vous-m\u00eame et laissez Zoosk faire le match.<\/li>\n<\/ul>\n<p><img loading=\"lazy\" class=\"aligncenter wp-image-34\" src=\"http:\/\/bellissima-films.com\/wp-content\/uploads\/2022\/10\/aff-1024x649.png\" alt=\"\" width=\"860\" height=\"545\" srcset=\"https:\/\/bellissima-films.com\/wp-content\/uploads\/2022\/10\/aff-1024x649.png 1024w, https:\/\/bellissima-films.com\/wp-content\/uploads\/2022\/10\/aff-300x190.png 300w, https:\/\/bellissima-films.com\/wp-content\/uploads\/2022\/10\/aff-768x487.png 768w, https:\/\/bellissima-films.com\/wp-content\/uploads\/2022\/10\/aff-1536x974.png 1536w, https:\/\/bellissima-films.com\/wp-content\/uploads\/2022\/10\/aff.png 1553w\" sizes=\"(max-width: 860px) 100vw, 860px\" \/><\/p>\n<h2>Notre meilleur choix pour le sexe occasionnel &#8211; AdultFriendFinder<\/h2>\n<p>\u00cates-vous fatigu\u00e9 des sites de rencontres qui ne livrent pas? Souhaitez-vous qu\u2019il y ait un site de rencontre pour adultes qui ait tout ce que vous vouliez? Si vous avez r\u00e9pondu oui \u00e0 l\u2019une ou l\u2019autre question, vous voudrez peut-\u00eatre lire notre avis sur Adult Friend Finder. Nous avons examin\u00e9 Adult Friend Finder et avons constat\u00e9 qu\u2019il a une tonne de fonctionnalit\u00e9s que la plupart des autres sites de rencontres manquent. Cela signifie que vous ne vous ennuierez pas ici.<\/p>\n<p>En plus de ses fonctionnalit\u00e9s \u00e9tonnantes, Adult Friend Finder offre une \u00e9norme base d\u2019utilisateurs. Il y a actuellement plus de 1 million de membres qui utilisent ce site. Cela en fait l\u2019un des plus grands sites de rencontres pour adultes en ligne. Et comme il a une si grande base d\u2019utilisateurs, vous pouvez vous attendre \u00e0 trouver beaucoup de correspondances potentielles ici.<\/p>\n<p>Il y a plusieurs raisons pour lesquelles Adult Friend Finder est l\u2019un des sites de rencontres pour adultes les mieux not\u00e9s. Passons-les en revue tout de suite.<\/p>\n<h3>Base d\u2019utilisateurs<\/h3>\n<p>Comme mentionn\u00e9 ci-dessus, Adult Friend Finder compte plus de 1 million d\u2019utilisateurs actifs. C\u2019est assez impressionnant \u00e9tant donn\u00e9 qu\u2019il existe depuis plus de 10 ans.<\/p>\n<p>Jusqu\u2019\u00e0 pr\u00e9sent, le site n\u2019a pas ralenti. Il continue de cro\u00eetre chaque mois.<\/p>\n<h3>S\u00e9curit\u00e9<\/h3>\n<p>Lorsque vous rejoignez Adult Friend Finder, vous remarquerez qu\u2019il ne ressemble \u00e0 aucun autre site de rencontre. En effet, Adult Friend Finder se concentre sur la fourniture d\u2019un environnement s\u00fbr \u00e0 ses membres. Ils offrent un large \u00e9ventail de mesures de s\u00e9curit\u00e9 pour se prot\u00e9ger contre les escrocs et les pr\u00e9dateurs. Ceux-ci incluent des choses comme la v\u00e9rification des adresses e-mail, l\u2019exigence d\u2019une pi\u00e8ce d\u2019identit\u00e9 avec photo et l\u2019offre d\u2019un support client 24h \/ 24 et 7j \/ 7.<\/p>\n<p>Toutes ces garanties garantissent que vous vous sentez \u00e0 l\u2019aise de rejoindre Adult Friend Finder.<\/p>\n<h3>Fonctionnalit\u00e9s<\/h3>\n<p>Adult Friend Finder a une tonne de fonctionnalit\u00e9s. Ils couvrent presque tous les aspects de votre vie. Par exemple, vous pouvez rechercher des membres en fonction de l\u2019emplacement, du sexe, de l\u2019origine ethnique, de l\u2019orientation sexuelle, du statut de la relation, des int\u00e9r\u00eats et bien plus encore. Vous pouvez \u00e9galement parcourir les profils, envoyer des messages, afficher les photos des membres et discuter avec les membres. Plus important encore, vous pouvez partager vos vid\u00e9os, musiques et livres pr\u00e9f\u00e9r\u00e9s avec d\u2019autres membres.<\/p>\n<p>Avec toutes ces fonctionnalit\u00e9s, vous ne serez jamais \u00e0 court de choses \u00e0 faire sur Adult Friend Finder.<\/p>\n","protected":false},"excerpt":{"rendered":"<p>Les rencontres en ligne sont une grosse affaire. En fait, selon une estimation, l\u2019industrie vaut 1 milliard de dollars par an. Mais alors que la plupart des sites sont chers, certains sont construits sp\u00e9cifiquement avec l\u2019id\u00e9e d\u2019offrir un essai gratuit. Des sites comme OkCupid, PlentyOfFish et Match.com m\u00eame offrir des\u2026<\/p>\n","protected":false},"author":1,"featured_media":110,"parent":0,"menu_order":0,"comment_status":"closed","ping_status":"closed","template":"","meta":[],"yoast_head":"<!-- This site is optimized with the Yoast SEO plugin v17.7.1 - https:\/\/yoast.com\/wordpress\/plugins\/seo\/ -->\n<title>Votre entremetteur de rencontres local - Film Reviews<\/title>\n<meta name=\"robots\" content=\"index, follow, max-snippet:-1, max-image-preview:large, max-video-preview:-1\" \/>\n<link rel=\"canonical\" href=\"https:\/\/bellissima-films.com\/fr\/\" \/>\n<meta property=\"og:locale\" content=\"fr_FR\" \/>\n<meta property=\"og:type\" content=\"article\" \/>\n<meta property=\"og:title\" content=\"Votre entremetteur de rencontres local - Film Reviews\" \/>\n<meta property=\"og:description\" content=\"Les rencontres en ligne sont une grosse affaire. En fait, selon une estimation, l\u2019industrie vaut 1 milliard de dollars par an. Mais alors que la plupart des sites sont chers, certains sont construits sp\u00e9cifiquement avec l\u2019id\u00e9e d\u2019offrir un essai gratuit. Des sites comme OkCupid, PlentyOfFish et Match.com m\u00eame offrir des\u2026\" \/>\n<meta property=\"og:url\" content=\"https:\/\/bellissima-films.com\/fr\/\" \/>\n<meta property=\"og:site_name\" content=\"Film Reviews\" \/>\n<meta property=\"article:modified_time\" content=\"2022-11-02T14:45:18+00:00\" \/>\n<meta name=\"twitter:card\" content=\"summary_large_image\" \/>\n<meta name=\"twitter:image\" content=\"https:\/\/bellissima-films.com\/wp-content\/uploads\/2022\/10\/meet-for-dating.webp\" \/>\n<meta name=\"twitter:label1\" content=\"Dur\u00e9e de lecture estim\u00e9e\" \/>\n\t<meta name=\"twitter:data1\" content=\"6 minutes\" \/>\n<script type=\"application\/ld+json\" class=\"yoast-schema-graph\">{\"@context\":\"https:\/\/schema.org\",\"@graph\":[{\"@type\":\"WebSite\",\"@id\":\"https:\/\/bellissima-films.com\/fr\/#website\",\"url\":\"https:\/\/bellissima-films.com\/fr\/\",\"name\":\"Film Reviews\",\"description\":\"Real Hookups\",\"potentialAction\":[{\"@type\":\"SearchAction\",\"target\":{\"@type\":\"EntryPoint\",\"urlTemplate\":\"https:\/\/bellissima-films.com\/fr\/?s={search_term_string}\"},\"query-input\":\"required name=search_term_string\"}],\"inLanguage\":\"fr-FR\"},{\"@type\":\"ImageObject\",\"@id\":\"https:\/\/bellissima-films.com\/fr\/#primaryimage\",\"inLanguage\":\"fr-FR\",\"url\":\"https:\/\/bellissima-films.com\/wp-content\/uploads\/2022\/10\/meet-for-dating.webp\",\"contentUrl\":\"https:\/\/bellissima-films.com\/wp-content\/uploads\/2022\/10\/meet-for-dating.webp\",\"width\":1125,\"height\":750},{\"@type\":\"WebPage\",\"@id\":\"https:\/\/bellissima-films.com\/fr\/#webpage\",\"url\":\"https:\/\/bellissima-films.com\/fr\/\",\"name\":\"Votre entremetteur de rencontres local - Film Reviews\",\"isPartOf\":{\"@id\":\"https:\/\/bellissima-films.com\/fr\/#website\"},\"primaryImageOfPage\":{\"@id\":\"https:\/\/bellissima-films.com\/fr\/#primaryimage\"},\"datePublished\":\"2022-10-03T10:15:34+00:00\",\"dateModified\":\"2022-11-02T14:45:18+00:00\",\"breadcrumb\":{\"@id\":\"https:\/\/bellissima-films.com\/fr\/#breadcrumb\"},\"inLanguage\":\"fr-FR\",\"potentialAction\":[{\"@type\":\"ReadAction\",\"target\":[\"https:\/\/bellissima-films.com\/fr\/\"]}]},{\"@type\":\"BreadcrumbList\",\"@id\":\"https:\/\/bellissima-films.com\/fr\/#breadcrumb\",\"itemListElement\":[{\"@type\":\"ListItem\",\"position\":1,\"name\":\"Home\",\"item\":\"https:\/\/bellissima-films.com\/fr\/\"},{\"@type\":\"ListItem\",\"position\":2,\"name\":\"Votre entremetteur de rencontres local\"}]}]}<\/script>\n<!-- \/ Yoast SEO plugin. -->","yoast_head_json":{"title":"Votre entremetteur de rencontres local - Film Reviews","robots":{"index":"index","follow":"follow","max-snippet":"max-snippet:-1","max-image-preview":"max-image-preview:large","max-video-preview":"max-video-preview:-1"},"canonical":"https:\/\/bellissima-films.com\/fr\/","og_locale":"fr_FR","og_type":"article","og_title":"Votre entremetteur de rencontres local - Film Reviews","og_description":"Les rencontres en ligne sont une grosse affaire. En fait, selon une estimation, l\u2019industrie vaut 1 milliard de dollars par an. Mais alors que la plupart des sites sont chers, certains sont construits sp\u00e9cifiquement avec l\u2019id\u00e9e d\u2019offrir un essai gratuit. Des sites comme OkCupid, PlentyOfFish et Match.com m\u00eame offrir des\u2026","og_url":"https:\/\/bellissima-films.com\/fr\/","og_site_name":"Film Reviews","article_modified_time":"2022-11-02T14:45:18+00:00","twitter_card":"summary_large_image","twitter_image":"https:\/\/bellissima-films.com\/wp-content\/uploads\/2022\/10\/meet-for-dating.webp","twitter_misc":{"Dur\u00e9e de lecture estim\u00e9e":"6 minutes"},"schema":{"@context":"https:\/\/schema.org","@graph":[{"@type":"WebSite","@id":"https:\/\/bellissima-films.com\/fr\/#website","url":"https:\/\/bellissima-films.com\/fr\/","name":"Film Reviews","description":"Real Hookups","potentialAction":[{"@type":"SearchAction","target":{"@type":"EntryPoint","urlTemplate":"https:\/\/bellissima-films.com\/fr\/?s={search_term_string}"},"query-input":"required name=search_term_string"}],"inLanguage":"fr-FR"},{"@type":"ImageObject","@id":"https:\/\/bellissima-films.com\/fr\/#primaryimage","inLanguage":"fr-FR","url":"https:\/\/bellissima-films.com\/wp-content\/uploads\/2022\/10\/meet-for-dating.webp","contentUrl":"https:\/\/bellissima-films.com\/wp-content\/uploads\/2022\/10\/meet-for-dating.webp","width":1125,"height":750},{"@type":"WebPage","@id":"https:\/\/bellissima-films.com\/fr\/#webpage","url":"https:\/\/bellissima-films.com\/fr\/","name":"Votre entremetteur de rencontres local - Film Reviews","isPartOf":{"@id":"https:\/\/bellissima-films.com\/fr\/#website"},"primaryImageOfPage":{"@id":"https:\/\/bellissima-films.com\/fr\/#primaryimage"},"datePublished":"2022-10-03T10:15:34+00:00","dateModified":"2022-11-02T14:45:18+00:00","breadcrumb":{"@id":"https:\/\/bellissima-films.com\/fr\/#breadcrumb"},"inLanguage":"fr-FR","potentialAction":[{"@type":"ReadAction","target":["https:\/\/bellissima-films.com\/fr\/"]}]},{"@type":"BreadcrumbList","@id":"https:\/\/bellissima-films.com\/fr\/#breadcrumb","itemListElement":[{"@type":"ListItem","position":1,"name":"Home","item":"https:\/\/bellissima-films.com\/fr\/"},{"@type":"ListItem","position":2,"name":"Votre entremetteur de rencontres local"}]}]}},"_links":{"self":[{"href":"https:\/\/bellissima-films.com\/fr\/wp-json\/wp\/v2\/pages\/184"}],"collection":[{"href":"https:\/\/bellissima-films.com\/fr\/wp-json\/wp\/v2\/pages"}],"about":[{"href":"https:\/\/bellissima-films.com\/fr\/wp-json\/wp\/v2\/types\/page"}],"author":[{"embeddable":true,"href":"https:\/\/bellissima-films.com\/fr\/wp-json\/wp\/v2\/users\/1"}],"replies":[{"embeddable":true,"href":"https:\/\/bellissima-films.com\/fr\/wp-json\/wp\/v2\/comments?post=184"}],"version-history":[{"count":1,"href":"https:\/\/bellissima-films.com\/fr\/wp-json\/wp\/v2\/pages\/184\/revisions"}],"predecessor-version":[{"id":299,"href":"https:\/\/bellissima-films.com\/fr\/wp-json\/wp\/v2\/pages\/184\/revisions\/299"}],"wp:featuredmedia":[{"embeddable":true,"href":"https:\/\/bellissima-films.com\/fr\/wp-json\/wp\/v2\/media\/110"}],"wp:attachment":[{"href":"https:\/\/bellissima-films.com\/fr\/wp-json\/wp\/v2\/media?parent=184"}],"curies":[{"name":"wp","href":"https:\/\/api.w.org\/{rel}","templated":true}]}}