{"id":173,"date":"2022-10-03T13:29:28","date_gmt":"2022-10-03T12:29:28","guid":{"rendered":"http:\/\/bellissima-films.com\/sites-de-sexting-en-ligne\/"},"modified":"2022-10-03T13:29:28","modified_gmt":"2022-10-03T12:29:28","slug":"sites-de-sexting-en-ligne","status":"publish","type":"page","link":"https:\/\/bellissima-films.com\/fr\/sites-de-sexting-en-ligne\/","title":{"rendered":"Sites de sexting en ligne"},"content":{"rendered":"<p>Il existe une vari\u00e9t\u00e9 de sites de sexting en ligne qui permettent aux utilisateurs d\u2019envoyer et de recevoir des messages et des images sexuellement explicites. Ces sites peuvent \u00eatre un excellent moyen de se connecter avec quelqu\u2019un qui partage vos int\u00e9r\u00eats et vos d\u00e9sirs. Cependant, il est important d\u2019\u00eatre conscient des risques potentiels li\u00e9s \u00e0 l\u2019utilisation de ces sites. En particulier, il est possible que quelqu\u2019un enregistre ou partage vos messages ou images sans votre consentement. Cela pourrait entra\u00eener de l\u2019embarras ou m\u00eame des probl\u00e8mes juridiques. Par cons\u00e9quent, il est important de ne sexter qu\u2019avec quelqu\u2019un en qui vous avez confiance et dont vous \u00eates s\u00fbr qu\u2019il gardera vos messages et vos images priv\u00e9s.<\/p>\n<h2>Sites de sexting gratuits<\/h2>\n<p>Bien que le sexting puisse \u00eatre un moyen amusant et facile de pimenter votre vie sexuelle, il y a aussi quelques risques \u00e0 consid\u00e9rer. Par exemple, si vous sextez avec quelqu\u2019un avec qui vous n\u2019\u00eates pas en couple, il peut partager vos photos ou messages sans votre consentement. De plus, il y a toujours la possibilit\u00e9 que vos sextos puissent \u00eatre intercept\u00e9s par quelqu\u2019un d\u2019autre, comme un pirate.<\/p>\n<p>C\u2019est pourquoi il est important d\u2019\u00eatre prudent lorsque vous choisissez un partenaire de sexting et de vous assurer que vous \u00eates tous les deux sur la m\u00eame longueur d\u2019onde pour garder les choses priv\u00e9es. Il y a plusieurs fa\u00e7ons de le faire. Tout d\u2019abord, vous ne pouviez sexter qu\u2019avec quelqu\u2019un que vous connaissez et en qui vous avez confiance. Vous pouvez \u00e9galement utiliser un site ou une application de sexting qui offre un cryptage de bout en bout, ce qui signifie que vos messages sont crypt\u00e9s et ne peuvent \u00eatre lus que par la personne \u00e0 laquelle ils sont destin\u00e9s. Enfin, c\u2019est toujours une bonne id\u00e9e d\u2019avoir une conversation avec votre partenaire de sexting sur ce avec quoi vous \u00eates tous les deux \u00e0 l\u2019aise avant de commencer \u00e0 \u00e9changer des messages. De cette fa\u00e7on, vous pouvez \u00e9viter tout malentendu potentiel ou vos sentiments bless\u00e9s.<\/p>\n<h2>Chat sexuel occasionnel<\/h2>\n<p>Dans le monde des rencontres en ligne, le chat sexuel occasionnel peut \u00eatre un excellent moyen d\u2019apprendre \u00e0 conna\u00eetre quelqu\u2019un de nouveau. Cela peut \u00eatre un moyen amusant et facile de se connecter avec quelqu\u2019un sans la pression d\u2019une relation engag\u00e9e. Cependant, il est important de se rappeler que le chat sexuel occasionnel n\u2019est que cela &#8211; d\u00e9contract\u00e9. Ne laissez pas cela mener \u00e0 quelque chose de plus grave \u00e0 moins que vous ne soyez tous les deux sur la m\u00eame longueur d\u2019onde. Si vous cherchez juste un peu de plaisir, alors profitez du chat, mais ne vous attachez pas trop.<\/p>\n<h2>Salles de chat sexuel<\/h2>\n<p>Internet a fourni aux gens un excellent moyen de se connecter avec les autres pour les rencontres et les salles de chat sexuel sont un excellent moyen de le faire. Vous pouvez trouver des salles de discussion pour les personnes int\u00e9ress\u00e9es par toutes sortes de choses diff\u00e9rentes et vous pouvez apprendre \u00e0 conna\u00eetre les gens avant m\u00eame de les rencontrer en personne. Cela peut \u00eatre un excellent moyen de rencontrer de nouvelles personnes et d\u2019explorer votre sexualit\u00e9.<\/p>\n<h3>FlingPals<\/h3>\n<p>FlingPals est une nouvelle application de sexting qui permet aux utilisateurs d\u2019envoyer et de recevoir des textes et des photos sales d\u2019autres utilisateurs. L\u2019application est gratuite \u00e0 t\u00e9l\u00e9charger et \u00e0 utiliser, et elle offre un abonnement premium pour 4,99 $ par mois. L\u2019application est disponible pour les appareils iOS et Android. FlingPals est une excellente application de sexting pour les personnes qui recherchent une nouvelle fa\u00e7on de se salir avec leurs partenaires. L\u2019application est facile \u00e0 utiliser et elle est gratuite \u00e0 t\u00e9l\u00e9charger et \u00e0 utiliser. L\u2019application propose \u00e9galement un abonnement premium pour 4,99 $ par mois. L\u2019application est disponible pour les appareils iOS et Android.<\/p>\n<h3>Xpress<\/h3>\n<p>Si vous recherchez une application de rencontres qui facilite la connexion avec des c\u00e9libataires locaux, Xpress vaut la peine d\u2019\u00eatre consult\u00e9. Cette application est simple \u00e0 utiliser et t\u00e9l\u00e9chargeable gratuitement, ce qui en fait une excellente option pour tous ceux qui recherchent un moyen rapide et facile de se connecter avec des connexions potentielles.<\/p>\n<p>Cependant, un inconv\u00e9nient de Xpress est que ce n\u2019est pas l\u2019application la plus fiable en mati\u00e8re de sexting. Bien que vous puissiez certainement trouver des personnes avec qui sexter sur cette application, vous pourriez avoir plus de chance sur d\u2019autres plates-formes sp\u00e9cialement con\u00e7ues pour le sexting.<\/p>\n<h3>BBWCupid<\/h3>\n<p>BBWCupid est une application de rencontres con\u00e7ue sp\u00e9cifiquement pour les c\u00e9libataires de taille plus et leurs admirateurs. L\u2019application est gratuite \u00e0 t\u00e9l\u00e9charger et \u00e0 utiliser, mais vous pouvez passer \u00e0 un abonnement premium pour d\u00e9verrouiller des fonctionnalit\u00e9s suppl\u00e9mentaires. Avec un abonnement premium, vous pouvez afficher les profils d\u2019autres utilisateurs int\u00e9ress\u00e9s par les rencontres de taille plus, envoyer et recevoir des messages et utiliser les filtres de recherche avanc\u00e9e de l\u2019application. Si vous recherchez une application de rencontres de taille plus qui facilite la connexion avec d\u2019autres c\u00e9libataires, BBWCupid vaut vraiment le d\u00e9tour. L\u2019interface conviviale de l\u2019application et les filtres de recherche complets en font une excellente option pour trouver votre prochaine date ou connexion. Et avec un abonnement gratuit, vous pouvez l\u2019essayer sans vous ruiner.<\/p>\n","protected":false},"excerpt":{"rendered":"<p>Il existe une vari\u00e9t\u00e9 de sites de sexting en ligne qui permettent aux utilisateurs d\u2019envoyer et de recevoir des messages et des images sexuellement explicites. Ces sites peuvent \u00eatre un excellent moyen de se connecter avec quelqu\u2019un qui partage vos int\u00e9r\u00eats et vos d\u00e9sirs. Cependant, il est important d\u2019\u00eatre conscient\u2026<\/p>\n","protected":false},"author":1,"featured_media":0,"parent":0,"menu_order":0,"comment_status":"closed","ping_status":"closed","template":"","meta":[],"yoast_head":"<!-- This site is optimized with the Yoast SEO plugin v17.7.1 - https:\/\/yoast.com\/wordpress\/plugins\/seo\/ -->\n<title>Sites de sexting en ligne - Film Reviews<\/title>\n<meta name=\"robots\" content=\"index, follow, max-snippet:-1, max-image-preview:large, max-video-preview:-1\" \/>\n<link rel=\"canonical\" href=\"https:\/\/bellissima-films.com\/fr\/sites-de-sexting-en-ligne\/\" \/>\n<meta property=\"og:locale\" content=\"fr_FR\" \/>\n<meta property=\"og:type\" content=\"article\" \/>\n<meta property=\"og:title\" content=\"Sites de sexting en ligne - Film Reviews\" \/>\n<meta property=\"og:description\" content=\"Il existe une vari\u00e9t\u00e9 de sites de sexting en ligne qui permettent aux utilisateurs d\u2019envoyer et de recevoir des messages et des images sexuellement explicites. Ces sites peuvent \u00eatre un excellent moyen de se connecter avec quelqu\u2019un qui partage vos int\u00e9r\u00eats et vos d\u00e9sirs. Cependant, il est important d\u2019\u00eatre conscient\u2026\" \/>\n<meta property=\"og:url\" content=\"https:\/\/bellissima-films.com\/fr\/sites-de-sexting-en-ligne\/\" \/>\n<meta property=\"og:site_name\" content=\"Film Reviews\" \/>\n<meta name=\"twitter:card\" content=\"summary_large_image\" \/>\n<meta name=\"twitter:label1\" content=\"Dur\u00e9e de lecture estim\u00e9e\" \/>\n\t<meta name=\"twitter:data1\" content=\"5 minutes\" \/>\n<script type=\"application\/ld+json\" class=\"yoast-schema-graph\">{\"@context\":\"https:\/\/schema.org\",\"@graph\":[{\"@type\":\"WebSite\",\"@id\":\"http:\/\/bellissima-films.com\/fr\/#website\",\"url\":\"http:\/\/bellissima-films.com\/fr\/\",\"name\":\"Film Reviews\",\"description\":\"Real Hookups\",\"potentialAction\":[{\"@type\":\"SearchAction\",\"target\":{\"@type\":\"EntryPoint\",\"urlTemplate\":\"http:\/\/bellissima-films.com\/fr\/?s={search_term_string}\"},\"query-input\":\"required name=search_term_string\"}],\"inLanguage\":\"fr-FR\"},{\"@type\":\"WebPage\",\"@id\":\"https:\/\/bellissima-films.com\/fr\/sites-de-sexting-en-ligne\/#webpage\",\"url\":\"https:\/\/bellissima-films.com\/fr\/sites-de-sexting-en-ligne\/\",\"name\":\"Sites de sexting en ligne - Film Reviews\",\"isPartOf\":{\"@id\":\"http:\/\/bellissima-films.com\/fr\/#website\"},\"datePublished\":\"2022-10-03T12:29:28+00:00\",\"dateModified\":\"2022-10-03T12:29:28+00:00\",\"breadcrumb\":{\"@id\":\"https:\/\/bellissima-films.com\/fr\/sites-de-sexting-en-ligne\/#breadcrumb\"},\"inLanguage\":\"fr-FR\",\"potentialAction\":[{\"@type\":\"ReadAction\",\"target\":[\"https:\/\/bellissima-films.com\/fr\/sites-de-sexting-en-ligne\/\"]}]},{\"@type\":\"BreadcrumbList\",\"@id\":\"https:\/\/bellissima-films.com\/fr\/sites-de-sexting-en-ligne\/#breadcrumb\",\"itemListElement\":[{\"@type\":\"ListItem\",\"position\":1,\"name\":\"Home\",\"item\":\"https:\/\/bellissima-films.com\/fr\/\"},{\"@type\":\"ListItem\",\"position\":2,\"name\":\"Sites de sexting en ligne\"}]}]}<\/script>\n<!-- \/ Yoast SEO plugin. -->","yoast_head_json":{"title":"Sites de sexting en ligne - Film Reviews","robots":{"index":"index","follow":"follow","max-snippet":"max-snippet:-1","max-image-preview":"max-image-preview:large","max-video-preview":"max-video-preview:-1"},"canonical":"https:\/\/bellissima-films.com\/fr\/sites-de-sexting-en-ligne\/","og_locale":"fr_FR","og_type":"article","og_title":"Sites de sexting en ligne - Film Reviews","og_description":"Il existe une vari\u00e9t\u00e9 de sites de sexting en ligne qui permettent aux utilisateurs d\u2019envoyer et de recevoir des messages et des images sexuellement explicites. Ces sites peuvent \u00eatre un excellent moyen de se connecter avec quelqu\u2019un qui partage vos int\u00e9r\u00eats et vos d\u00e9sirs. Cependant, il est important d\u2019\u00eatre conscient\u2026","og_url":"https:\/\/bellissima-films.com\/fr\/sites-de-sexting-en-ligne\/","og_site_name":"Film Reviews","twitter_card":"summary_large_image","twitter_misc":{"Dur\u00e9e de lecture estim\u00e9e":"5 minutes"},"schema":{"@context":"https:\/\/schema.org","@graph":[{"@type":"WebSite","@id":"http:\/\/bellissima-films.com\/fr\/#website","url":"http:\/\/bellissima-films.com\/fr\/","name":"Film Reviews","description":"Real Hookups","potentialAction":[{"@type":"SearchAction","target":{"@type":"EntryPoint","urlTemplate":"http:\/\/bellissima-films.com\/fr\/?s={search_term_string}"},"query-input":"required name=search_term_string"}],"inLanguage":"fr-FR"},{"@type":"WebPage","@id":"https:\/\/bellissima-films.com\/fr\/sites-de-sexting-en-ligne\/#webpage","url":"https:\/\/bellissima-films.com\/fr\/sites-de-sexting-en-ligne\/","name":"Sites de sexting en ligne - Film Reviews","isPartOf":{"@id":"http:\/\/bellissima-films.com\/fr\/#website"},"datePublished":"2022-10-03T12:29:28+00:00","dateModified":"2022-10-03T12:29:28+00:00","breadcrumb":{"@id":"https:\/\/bellissima-films.com\/fr\/sites-de-sexting-en-ligne\/#breadcrumb"},"inLanguage":"fr-FR","potentialAction":[{"@type":"ReadAction","target":["https:\/\/bellissima-films.com\/fr\/sites-de-sexting-en-ligne\/"]}]},{"@type":"BreadcrumbList","@id":"https:\/\/bellissima-films.com\/fr\/sites-de-sexting-en-ligne\/#breadcrumb","itemListElement":[{"@type":"ListItem","position":1,"name":"Home","item":"https:\/\/bellissima-films.com\/fr\/"},{"@type":"ListItem","position":2,"name":"Sites de sexting en ligne"}]}]}},"_links":{"self":[{"href":"https:\/\/bellissima-films.com\/fr\/wp-json\/wp\/v2\/pages\/173"}],"collection":[{"href":"https:\/\/bellissima-films.com\/fr\/wp-json\/wp\/v2\/pages"}],"about":[{"href":"https:\/\/bellissima-films.com\/fr\/wp-json\/wp\/v2\/types\/page"}],"author":[{"embeddable":true,"href":"https:\/\/bellissima-films.com\/fr\/wp-json\/wp\/v2\/users\/1"}],"replies":[{"embeddable":true,"href":"https:\/\/bellissima-films.com\/fr\/wp-json\/wp\/v2\/comments?post=173"}],"version-history":[{"count":0,"href":"https:\/\/bellissima-films.com\/fr\/wp-json\/wp\/v2\/pages\/173\/revisions"}],"wp:attachment":[{"href":"https:\/\/bellissima-films.com\/fr\/wp-json\/wp\/v2\/media?parent=173"}],"curies":[{"name":"wp","href":"https:\/\/api.w.org\/{rel}","templated":true}]}}