{"id":157,"date":"2022-10-03T13:29:46","date_gmt":"2022-10-03T12:29:46","guid":{"rendered":"http:\/\/bellissima-films.com\/rencontres-avec-mamie\/"},"modified":"2022-10-03T13:29:46","modified_gmt":"2022-10-03T12:29:46","slug":"rencontres-avec-mamie","status":"publish","type":"page","link":"https:\/\/bellissima-films.com\/fr\/rencontres-avec-mamie\/","title":{"rendered":"Rencontres avec mamie"},"content":{"rendered":"<p>Il existe de nombreux sites de rencontres de grands-m\u00e8res qui vous permettent de vous connecter avec des femmes plus \u00e2g\u00e9es. Ces <a href=\"http:\/\/bellissima-films.com\/fr\/sites-de-sexting-en-ligne\/\">sites<\/a> sont un excellent moyen de rencontrer des femmes plus \u00e2g\u00e9es qui recherchent un homme plus jeune. Vous pouvez trouver beaucoup de femmes plus \u00e2g\u00e9es qui recherchent un homme plus jeune sur ces sites. Vous pouvez \u00e9galement trouver beaucoup de femmes plus \u00e2g\u00e9es qui recherchent un homme plus jeune sur d\u2019autres sites, mais ces sites sont un excellent moyen de rencontrer des femmes plus \u00e2g\u00e9es qui recherchent un homme plus jeune.<\/p>\n<h2>Rencontre avec des femmes d\u2019\u00e2ge m\u00fbr<\/h2>\n<p>Il y a quelque chose d\u2019incroyablement s\u00e9duisant \u00e0 sortir avec des femmes plus \u00e2g\u00e9es. Ils ont tendance \u00e0 \u00eatre plus confiants, plus exp\u00e9riment\u00e9s et plus en contr\u00f4le de leur vie. Ils savent ce qu\u2019ils veulent et ils n\u2019ont pas peur de s\u2019y prendre. Cela ne veut pas dire que sortir avec des femmes plus jeunes est une erreur &#8211; loin de l\u00e0. Mais si vous cherchez quelque chose d\u2019un peu plus mature, sortir avec une femme plus \u00e2g\u00e9e pourrait \u00eatre la meilleure fa\u00e7on de proc\u00e9der.<\/p>\n<h2>Sites de rencontres de grands-m\u00e8res locales<\/h2>\n<p>Il existe un certain nombre de sites de rencontres de grand-m\u00e8re disponibles pour les personnes qui recherchent l\u2019amour. Ces sites s\u2019adressent aux personnes qui sont int\u00e9ress\u00e9es \u00e0 sortir avec des femmes plus \u00e2g\u00e9es. Certains des sites de rencontres de grands-m\u00e8res locaux comprennent GrannyDatingSite.com et GrannyDate.com. Ces deux sites offrent une vari\u00e9t\u00e9 de fonctionnalit\u00e9s qui permettent aux utilisateurs de se connecter avec des correspondances potentielles et de commencer \u00e0 discuter. Les sites de rencontres de grands-m\u00e8res offrent aux gens l\u2019occasion de se connecter avec d\u2019autres personnes qui recherchent la m\u00eame chose.<\/p>\n<p>Il y a beaucoup de gilfs locaux dans la sc\u00e8ne des rencontres qui recherchent un bon moment. Ce sont g\u00e9n\u00e9ralement des femmes plus \u00e2g\u00e9es qui sont attir\u00e9es par les hommes plus jeunes. Ils sont g\u00e9n\u00e9ralement \u00e0 la recherche d\u2019une relation ou de quelque chose de d\u00e9contract\u00e9. Beaucoup de gilfs sont ouverts \u00e0 essayer de nouvelles choses et sont pr\u00eats \u00e0 passer un bon moment.<\/p>\n<h3>SwapFinder<\/h3>\n<p>SwapFinder est une application de rencontres qui vous permet de trouver des mamies qui recherchent une connexion occasionnelle. L\u2019application est facile \u00e0 utiliser et poss\u00e8de de nombreuses fonctionnalit\u00e9s qui en font un excellent choix pour les rencontres de grand-m\u00e8re. L\u2019application est gratuite \u00e0 t\u00e9l\u00e9charger et \u00e0 utiliser, et elle offre un abonnement premium qui vous donne acc\u00e8s \u00e0 plus de fonctionnalit\u00e9s. L\u2019application est disponible pour les appareils iOS et Android.<\/p>\n<h3>Xmeets<\/h3>\n<p>Si vous recherchez une application de rencontres de grand-m\u00e8re, Xmeets est une excellente option. Il est facile \u00e0 utiliser et poss\u00e8de de nombreuses fonctionnalit\u00e9s qui en font un excellent choix pour ceux qui recherchent une femme mature \u00e0 ce jour. La fonction de recherche est compl\u00e8te et vous permet de trouver exactement ce que vous cherchez. Le syst\u00e8me de messagerie est \u00e9galement excellent et vous pouvez facilement rester en contact avec vos correspondances. Dans l\u2019ensemble, Xmeets est une excellente option pour ceux qui recherchent une application de rencontres de grand-m\u00e8re.<\/p>\n<h3>SextFun<\/h3>\n<p>Si vous aimez les rencontres de grand-m\u00e8re, alors vous voudrez certainement consulter SextFun. Cette application de rencontres est sp\u00e9cialement con\u00e7ue pour les personnes qui recherchent un plaisir sans conditions avec des femmes plus \u00e2g\u00e9es. L\u2019application est facile \u00e0 utiliser et l\u2019inscription est gratuite. Une fois que vous \u00eates inscrit, vous pouvez parcourir les profils des mamies locales qui recherchent du plaisir. Lorsque vous trouvez quelqu\u2019un que vous aimez, vous pouvez lui envoyer un message et voir s\u2019il est int\u00e9ress\u00e9 \u00e0 se rencontrer. L\u2019application est discr\u00e8te et priv\u00e9e, vous pouvez donc \u00eatre assur\u00e9 que vos aventures de rencontres de grand-m\u00e8re resteront entre vous et les mamies que vous rencontrez.<\/p>\n","protected":false},"excerpt":{"rendered":"<p>Il existe de nombreux sites de rencontres de grands-m\u00e8res qui vous permettent de vous connecter avec des femmes plus \u00e2g\u00e9es. Ces sites sont un excellent moyen de rencontrer des femmes plus \u00e2g\u00e9es qui recherchent un homme plus jeune. Vous pouvez trouver beaucoup de femmes plus \u00e2g\u00e9es qui recherchent un homme\u2026<\/p>\n","protected":false},"author":1,"featured_media":0,"parent":0,"menu_order":0,"comment_status":"closed","ping_status":"closed","template":"","meta":[],"yoast_head":"<!-- This site is optimized with the Yoast SEO plugin v17.7.1 - https:\/\/yoast.com\/wordpress\/plugins\/seo\/ -->\n<title>Rencontres avec mamie - Film Reviews<\/title>\n<meta name=\"robots\" content=\"index, follow, max-snippet:-1, max-image-preview:large, max-video-preview:-1\" \/>\n<link rel=\"canonical\" href=\"https:\/\/bellissima-films.com\/fr\/rencontres-avec-mamie\/\" \/>\n<meta property=\"og:locale\" content=\"fr_FR\" \/>\n<meta property=\"og:type\" content=\"article\" \/>\n<meta property=\"og:title\" content=\"Rencontres avec mamie - Film Reviews\" \/>\n<meta property=\"og:description\" content=\"Il existe de nombreux sites de rencontres de grands-m\u00e8res qui vous permettent de vous connecter avec des femmes plus \u00e2g\u00e9es. Ces sites sont un excellent moyen de rencontrer des femmes plus \u00e2g\u00e9es qui recherchent un homme plus jeune. Vous pouvez trouver beaucoup de femmes plus \u00e2g\u00e9es qui recherchent un homme\u2026\" \/>\n<meta property=\"og:url\" content=\"https:\/\/bellissima-films.com\/fr\/rencontres-avec-mamie\/\" \/>\n<meta property=\"og:site_name\" content=\"Film Reviews\" \/>\n<meta name=\"twitter:card\" content=\"summary_large_image\" \/>\n<meta name=\"twitter:label1\" content=\"Dur\u00e9e de lecture estim\u00e9e\" \/>\n\t<meta name=\"twitter:data1\" content=\"3 minutes\" \/>\n<script type=\"application\/ld+json\" class=\"yoast-schema-graph\">{\"@context\":\"https:\/\/schema.org\",\"@graph\":[{\"@type\":\"WebSite\",\"@id\":\"http:\/\/bellissima-films.com\/fr\/#website\",\"url\":\"http:\/\/bellissima-films.com\/fr\/\",\"name\":\"Film Reviews\",\"description\":\"Real Hookups\",\"potentialAction\":[{\"@type\":\"SearchAction\",\"target\":{\"@type\":\"EntryPoint\",\"urlTemplate\":\"http:\/\/bellissima-films.com\/fr\/?s={search_term_string}\"},\"query-input\":\"required name=search_term_string\"}],\"inLanguage\":\"fr-FR\"},{\"@type\":\"WebPage\",\"@id\":\"https:\/\/bellissima-films.com\/fr\/rencontres-avec-mamie\/#webpage\",\"url\":\"https:\/\/bellissima-films.com\/fr\/rencontres-avec-mamie\/\",\"name\":\"Rencontres avec mamie - Film Reviews\",\"isPartOf\":{\"@id\":\"http:\/\/bellissima-films.com\/fr\/#website\"},\"datePublished\":\"2022-10-03T12:29:46+00:00\",\"dateModified\":\"2022-10-03T12:29:46+00:00\",\"breadcrumb\":{\"@id\":\"https:\/\/bellissima-films.com\/fr\/rencontres-avec-mamie\/#breadcrumb\"},\"inLanguage\":\"fr-FR\",\"potentialAction\":[{\"@type\":\"ReadAction\",\"target\":[\"https:\/\/bellissima-films.com\/fr\/rencontres-avec-mamie\/\"]}]},{\"@type\":\"BreadcrumbList\",\"@id\":\"https:\/\/bellissima-films.com\/fr\/rencontres-avec-mamie\/#breadcrumb\",\"itemListElement\":[{\"@type\":\"ListItem\",\"position\":1,\"name\":\"Home\",\"item\":\"https:\/\/bellissima-films.com\/fr\/\"},{\"@type\":\"ListItem\",\"position\":2,\"name\":\"Rencontres avec mamie\"}]}]}<\/script>\n<!-- \/ Yoast SEO plugin. -->","yoast_head_json":{"title":"Rencontres avec mamie - Film Reviews","robots":{"index":"index","follow":"follow","max-snippet":"max-snippet:-1","max-image-preview":"max-image-preview:large","max-video-preview":"max-video-preview:-1"},"canonical":"https:\/\/bellissima-films.com\/fr\/rencontres-avec-mamie\/","og_locale":"fr_FR","og_type":"article","og_title":"Rencontres avec mamie - Film Reviews","og_description":"Il existe de nombreux sites de rencontres de grands-m\u00e8res qui vous permettent de vous connecter avec des femmes plus \u00e2g\u00e9es. Ces sites sont un excellent moyen de rencontrer des femmes plus \u00e2g\u00e9es qui recherchent un homme plus jeune. Vous pouvez trouver beaucoup de femmes plus \u00e2g\u00e9es qui recherchent un homme\u2026","og_url":"https:\/\/bellissima-films.com\/fr\/rencontres-avec-mamie\/","og_site_name":"Film Reviews","twitter_card":"summary_large_image","twitter_misc":{"Dur\u00e9e de lecture estim\u00e9e":"3 minutes"},"schema":{"@context":"https:\/\/schema.org","@graph":[{"@type":"WebSite","@id":"http:\/\/bellissima-films.com\/fr\/#website","url":"http:\/\/bellissima-films.com\/fr\/","name":"Film Reviews","description":"Real Hookups","potentialAction":[{"@type":"SearchAction","target":{"@type":"EntryPoint","urlTemplate":"http:\/\/bellissima-films.com\/fr\/?s={search_term_string}"},"query-input":"required name=search_term_string"}],"inLanguage":"fr-FR"},{"@type":"WebPage","@id":"https:\/\/bellissima-films.com\/fr\/rencontres-avec-mamie\/#webpage","url":"https:\/\/bellissima-films.com\/fr\/rencontres-avec-mamie\/","name":"Rencontres avec mamie - Film Reviews","isPartOf":{"@id":"http:\/\/bellissima-films.com\/fr\/#website"},"datePublished":"2022-10-03T12:29:46+00:00","dateModified":"2022-10-03T12:29:46+00:00","breadcrumb":{"@id":"https:\/\/bellissima-films.com\/fr\/rencontres-avec-mamie\/#breadcrumb"},"inLanguage":"fr-FR","potentialAction":[{"@type":"ReadAction","target":["https:\/\/bellissima-films.com\/fr\/rencontres-avec-mamie\/"]}]},{"@type":"BreadcrumbList","@id":"https:\/\/bellissima-films.com\/fr\/rencontres-avec-mamie\/#breadcrumb","itemListElement":[{"@type":"ListItem","position":1,"name":"Home","item":"https:\/\/bellissima-films.com\/fr\/"},{"@type":"ListItem","position":2,"name":"Rencontres avec mamie"}]}]}},"_links":{"self":[{"href":"https:\/\/bellissima-films.com\/fr\/wp-json\/wp\/v2\/pages\/157"}],"collection":[{"href":"https:\/\/bellissima-films.com\/fr\/wp-json\/wp\/v2\/pages"}],"about":[{"href":"https:\/\/bellissima-films.com\/fr\/wp-json\/wp\/v2\/types\/page"}],"author":[{"embeddable":true,"href":"https:\/\/bellissima-films.com\/fr\/wp-json\/wp\/v2\/users\/1"}],"replies":[{"embeddable":true,"href":"https:\/\/bellissima-films.com\/fr\/wp-json\/wp\/v2\/comments?post=157"}],"version-history":[{"count":0,"href":"https:\/\/bellissima-films.com\/fr\/wp-json\/wp\/v2\/pages\/157\/revisions"}],"wp:attachment":[{"href":"https:\/\/bellissima-films.com\/fr\/wp-json\/wp\/v2\/media?parent=157"}],"curies":[{"name":"wp","href":"https:\/\/api.w.org\/{rel}","templated":true}]}}