{"id":148,"date":"2022-10-03T13:30:59","date_gmt":"2022-10-03T12:30:59","guid":{"rendered":"http:\/\/bellissima-films.com\/sites-de-rencontres-cross-dresser\/"},"modified":"2022-10-03T13:30:59","modified_gmt":"2022-10-03T12:30:59","slug":"sites-de-rencontres-cross-dresser","status":"publish","type":"page","link":"https:\/\/bellissima-films.com\/fr\/sites-de-rencontres-cross-dresser\/","title":{"rendered":"Sites de rencontres cross-dresser"},"content":{"rendered":"<p>Si vous cherchez un partenaire qui aime s\u2019habiller en v\u00eatements pour femmes, il existe de nombreux sites de rencontres travestis qui peuvent vous aider \u00e0 trouver votre partenaire id\u00e9al. Ces sites s\u2019adressent aux personnes qui aiment s\u2019habiller dans les v\u00eatements du sexe oppos\u00e9, et ils peuvent \u00eatre un excellent moyen de trouver un partenaire qui partage votre int\u00e9r\u00eat.<\/p>\n<p>La plupart des <a href=\"http:\/\/bellissima-films.com\/fr\/applications-de-rencontres-discretes\/\">sites de rencontres<\/a> travestis fonctionnent comme n\u2019importe quel autre site de rencontre &#8211; vous cr\u00e9ez un profil, parcourez les profils des autres membres et envoyez des messages dans les deux sens. Certains sites ont \u00e9galement des salles de discussion et des forums o\u00f9 vous pouvez mieux conna\u00eetre les autres membres. Si vous \u00eates int\u00e9ress\u00e9 \u00e0 vous connecter avec un travesti, il y a quelques choses que vous devez garder \u00e0 l\u2019esprit. Tout d\u2019abord, les travestis peuvent \u00eatre trouv\u00e9s sur n\u2019importe quel site de rencontre, alors ne limitez pas votre recherche aux seuls sites de rencontres travestis. Deuxi\u00e8mement, les travestis sont g\u00e9n\u00e9ralement tr\u00e8s ouverts sur leur int\u00e9r\u00eat, alors n\u2019ayez pas peur de poser des questions ou d\u2019aborder le sujet vous-m\u00eame. Et enfin, n\u2019oubliez pas de vous amuser ! Le travestissement consiste \u00e0 explorer votre sexualit\u00e9 et \u00e0 vous amuser, alors assurez-vous de le faire.<\/p>\n<h2>Crossdresser Personals<\/h2>\n<p>Les personnes travesties peuvent \u00eatre un excellent moyen de rencontrer d\u2019autres personnes qui partagent votre int\u00e9r\u00eat pour le travestissement. Que vous recherchiez de l\u2019amiti\u00e9, de la romance ou simplement quelqu\u2019un avec qui discuter, vous pouvez tout trouver sur les personnalit\u00e9s travesties. Il y a toutes sortes de gens qui utilisent des personnes travesties, vous \u00eates donc s\u00fbr de trouver quelqu\u2019un qui partage vos int\u00e9r\u00eats et avec qui vous \u00eates compatible. Mieux encore, c\u2019est une communaut\u00e9 s\u00fbre et accueillante o\u00f9 chacun est accept\u00e9 pour ce qu\u2019il est. Donc, si vous cherchez un endroit pour explorer vos int\u00e9r\u00eats de travestissement, crossdresser personals est l\u2019endroit id\u00e9al pour commencer.<\/p>\n<p>Si vous \u00eates \u00e0 la recherche de l\u2019amour et que vous \u00eates un travesti, il y a quelques choses que vous pouvez faire pour augmenter vos chances de trouver un partenaire compatible. Tout d\u2019abord, envisagez de rejoindre un groupe de soutien au travestissement ou une communaut\u00e9 en ligne. Cela vous aidera \u00e0 vous connecter avec d\u2019autres travestis qui peuvent \u00eatre dans une situation similaire et \u00e0 la recherche de l\u2019amour. De plus, assurez-vous d\u2019\u00eatre ouvert et honn\u00eate au sujet de votre travestissement avec des partenaires potentiels. Il est important de trouver quelqu\u2019un qui accepte et comprend votre style de vie. Enfin, n\u2019ayez pas peur de vous mettre dehors et d\u2019aller \u00e0 des rendez-vous. Plus vous sortez avec quelqu\u2019un, plus vous avez de chances de trouver quelqu\u2019un avec qui vous vous connectez vraiment.<\/p>\n<h2>Sites de rencontres pour travestis<\/h2>\n<p>Il existe de nombreux sites de rencontres pour les travestis. Il suffit de savoir o\u00f9 chercher ! Essayez de faire une recherche pour \u00ab&nbsp;rencontres crois\u00e9es&nbsp;\u00bb ou \u00ab&nbsp;rencontres transgenres&nbsp;\u00bb. Vous devriez \u00eatre en mesure de trouver beaucoup de r\u00e9sultats. Assurez-vous simplement de lire les critiques avant de vous inscrire \u00e0 quoi que ce soit, afin d\u2019\u00eatre s\u00fbr d\u2019obtenir ce que vous voulez.<\/p>\n<h3>Datehookup<\/h3>\n<p>Datehookup est une application de rencontres populaire avec une large base d\u2019utilisateurs. L\u2019application est gratuite \u00e0 t\u00e9l\u00e9charger et \u00e0 utiliser. Cependant, il offre certains achats int\u00e9gr\u00e9s. L\u2019application est disponible pour les appareils Android et iOS. L\u2019application est facile \u00e0 utiliser et \u00e0 naviguer. L\u2019interface utilisateur est simple et directe. L\u2019application a beaucoup de fonctionnalit\u00e9s qui en font un bon choix pour les travestis. L\u2019application vous permet de rechercher d\u2019autres utilisateurs par emplacement, \u00e2ge, sexe et int\u00e9r\u00eats. Vous pouvez \u00e9galement envoyer et recevoir des messages et afficher des profils.<\/p>\n<p>Dans l\u2019ensemble, l\u2019application est un bon choix pour les travestis. Il est facile \u00e0 utiliser et poss\u00e8de de nombreuses fonctionnalit\u00e9s. L\u2019application est \u00e9galement gratuite \u00e0 t\u00e9l\u00e9charger et \u00e0 utiliser.<\/p>\n<h3>FlingPals<\/h3>\n<p>FlingPals est une nouvelle application de rencontres sp\u00e9cialement con\u00e7ue pour les personnes qui aiment se travestir. L\u2019application est gratuite \u00e0 t\u00e9l\u00e9charger et \u00e0 utiliser, et elle offre un large \u00e9ventail de fonctionnalit\u00e9s qui facilitent la recherche et la connexion avec d\u2019autres travestis. L\u2019application comprend \u00e9galement une fonction de chat int\u00e9gr\u00e9e, de sorte que vous pouvez facilement rester en contact avec d\u2019autres utilisateurs. Dans l\u2019ensemble, FlingPals est un excellent nouvel ajout au monde des sites de rencontres travestis, et il est s\u00fbr de vous aider \u00e0 trouver le match parfait.<\/p>\n<h3>Uberhorny<\/h3>\n<p>Si vous recherchez un site de rencontre travesti facile \u00e0 utiliser et offrant de nombreuses fonctionnalit\u00e9s, vous voudrez consulter Uberhorny. Ce site facilite la recherche de correspondances et le chat avec eux. Vous pouvez \u00e9galement utiliser le site pour trouver des \u00e9v\u00e9nements et des groupes pr\u00e8s de chez vous. Le site est gratuit et vous pouvez passer \u00e0 un abonnement premium pour obtenir encore plus de fonctionnalit\u00e9s.<\/p>\n","protected":false},"excerpt":{"rendered":"<p>Si vous cherchez un partenaire qui aime s\u2019habiller en v\u00eatements pour femmes, il existe de nombreux sites de rencontres travestis qui peuvent vous aider \u00e0 trouver votre partenaire id\u00e9al. Ces sites s\u2019adressent aux personnes qui aiment s\u2019habiller dans les v\u00eatements du sexe oppos\u00e9, et ils peuvent \u00eatre un excellent moyen\u2026<\/p>\n","protected":false},"author":1,"featured_media":0,"parent":0,"menu_order":0,"comment_status":"closed","ping_status":"closed","template":"","meta":[],"yoast_head":"<!-- This site is optimized with the Yoast SEO plugin v17.7.1 - https:\/\/yoast.com\/wordpress\/plugins\/seo\/ -->\n<title>Sites de rencontres cross-dresser - Film Reviews<\/title>\n<meta name=\"robots\" content=\"index, follow, max-snippet:-1, max-image-preview:large, max-video-preview:-1\" \/>\n<link rel=\"canonical\" href=\"https:\/\/bellissima-films.com\/fr\/sites-de-rencontres-cross-dresser\/\" \/>\n<meta property=\"og:locale\" content=\"fr_FR\" \/>\n<meta property=\"og:type\" content=\"article\" \/>\n<meta property=\"og:title\" content=\"Sites de rencontres cross-dresser - Film Reviews\" \/>\n<meta property=\"og:description\" content=\"Si vous cherchez un partenaire qui aime s\u2019habiller en v\u00eatements pour femmes, il existe de nombreux sites de rencontres travestis qui peuvent vous aider \u00e0 trouver votre partenaire id\u00e9al. Ces sites s\u2019adressent aux personnes qui aiment s\u2019habiller dans les v\u00eatements du sexe oppos\u00e9, et ils peuvent \u00eatre un excellent moyen\u2026\" \/>\n<meta property=\"og:url\" content=\"https:\/\/bellissima-films.com\/fr\/sites-de-rencontres-cross-dresser\/\" \/>\n<meta property=\"og:site_name\" content=\"Film Reviews\" \/>\n<meta name=\"twitter:card\" content=\"summary_large_image\" \/>\n<meta name=\"twitter:label1\" content=\"Dur\u00e9e de lecture estim\u00e9e\" \/>\n\t<meta name=\"twitter:data1\" content=\"4 minutes\" \/>\n<script type=\"application\/ld+json\" class=\"yoast-schema-graph\">{\"@context\":\"https:\/\/schema.org\",\"@graph\":[{\"@type\":\"WebSite\",\"@id\":\"http:\/\/bellissima-films.com\/fr\/#website\",\"url\":\"http:\/\/bellissima-films.com\/fr\/\",\"name\":\"Film Reviews\",\"description\":\"Real Hookups\",\"potentialAction\":[{\"@type\":\"SearchAction\",\"target\":{\"@type\":\"EntryPoint\",\"urlTemplate\":\"http:\/\/bellissima-films.com\/fr\/?s={search_term_string}\"},\"query-input\":\"required name=search_term_string\"}],\"inLanguage\":\"fr-FR\"},{\"@type\":\"WebPage\",\"@id\":\"https:\/\/bellissima-films.com\/fr\/sites-de-rencontres-cross-dresser\/#webpage\",\"url\":\"https:\/\/bellissima-films.com\/fr\/sites-de-rencontres-cross-dresser\/\",\"name\":\"Sites de rencontres cross-dresser - Film Reviews\",\"isPartOf\":{\"@id\":\"http:\/\/bellissima-films.com\/fr\/#website\"},\"datePublished\":\"2022-10-03T12:30:59+00:00\",\"dateModified\":\"2022-10-03T12:30:59+00:00\",\"breadcrumb\":{\"@id\":\"https:\/\/bellissima-films.com\/fr\/sites-de-rencontres-cross-dresser\/#breadcrumb\"},\"inLanguage\":\"fr-FR\",\"potentialAction\":[{\"@type\":\"ReadAction\",\"target\":[\"https:\/\/bellissima-films.com\/fr\/sites-de-rencontres-cross-dresser\/\"]}]},{\"@type\":\"BreadcrumbList\",\"@id\":\"https:\/\/bellissima-films.com\/fr\/sites-de-rencontres-cross-dresser\/#breadcrumb\",\"itemListElement\":[{\"@type\":\"ListItem\",\"position\":1,\"name\":\"Home\",\"item\":\"https:\/\/bellissima-films.com\/fr\/\"},{\"@type\":\"ListItem\",\"position\":2,\"name\":\"Sites de rencontres cross-dresser\"}]}]}<\/script>\n<!-- \/ Yoast SEO plugin. -->","yoast_head_json":{"title":"Sites de rencontres cross-dresser - Film Reviews","robots":{"index":"index","follow":"follow","max-snippet":"max-snippet:-1","max-image-preview":"max-image-preview:large","max-video-preview":"max-video-preview:-1"},"canonical":"https:\/\/bellissima-films.com\/fr\/sites-de-rencontres-cross-dresser\/","og_locale":"fr_FR","og_type":"article","og_title":"Sites de rencontres cross-dresser - Film Reviews","og_description":"Si vous cherchez un partenaire qui aime s\u2019habiller en v\u00eatements pour femmes, il existe de nombreux sites de rencontres travestis qui peuvent vous aider \u00e0 trouver votre partenaire id\u00e9al. Ces sites s\u2019adressent aux personnes qui aiment s\u2019habiller dans les v\u00eatements du sexe oppos\u00e9, et ils peuvent \u00eatre un excellent moyen\u2026","og_url":"https:\/\/bellissima-films.com\/fr\/sites-de-rencontres-cross-dresser\/","og_site_name":"Film Reviews","twitter_card":"summary_large_image","twitter_misc":{"Dur\u00e9e de lecture estim\u00e9e":"4 minutes"},"schema":{"@context":"https:\/\/schema.org","@graph":[{"@type":"WebSite","@id":"http:\/\/bellissima-films.com\/fr\/#website","url":"http:\/\/bellissima-films.com\/fr\/","name":"Film Reviews","description":"Real Hookups","potentialAction":[{"@type":"SearchAction","target":{"@type":"EntryPoint","urlTemplate":"http:\/\/bellissima-films.com\/fr\/?s={search_term_string}"},"query-input":"required name=search_term_string"}],"inLanguage":"fr-FR"},{"@type":"WebPage","@id":"https:\/\/bellissima-films.com\/fr\/sites-de-rencontres-cross-dresser\/#webpage","url":"https:\/\/bellissima-films.com\/fr\/sites-de-rencontres-cross-dresser\/","name":"Sites de rencontres cross-dresser - Film Reviews","isPartOf":{"@id":"http:\/\/bellissima-films.com\/fr\/#website"},"datePublished":"2022-10-03T12:30:59+00:00","dateModified":"2022-10-03T12:30:59+00:00","breadcrumb":{"@id":"https:\/\/bellissima-films.com\/fr\/sites-de-rencontres-cross-dresser\/#breadcrumb"},"inLanguage":"fr-FR","potentialAction":[{"@type":"ReadAction","target":["https:\/\/bellissima-films.com\/fr\/sites-de-rencontres-cross-dresser\/"]}]},{"@type":"BreadcrumbList","@id":"https:\/\/bellissima-films.com\/fr\/sites-de-rencontres-cross-dresser\/#breadcrumb","itemListElement":[{"@type":"ListItem","position":1,"name":"Home","item":"https:\/\/bellissima-films.com\/fr\/"},{"@type":"ListItem","position":2,"name":"Sites de rencontres cross-dresser"}]}]}},"_links":{"self":[{"href":"https:\/\/bellissima-films.com\/fr\/wp-json\/wp\/v2\/pages\/148"}],"collection":[{"href":"https:\/\/bellissima-films.com\/fr\/wp-json\/wp\/v2\/pages"}],"about":[{"href":"https:\/\/bellissima-films.com\/fr\/wp-json\/wp\/v2\/types\/page"}],"author":[{"embeddable":true,"href":"https:\/\/bellissima-films.com\/fr\/wp-json\/wp\/v2\/users\/1"}],"replies":[{"embeddable":true,"href":"https:\/\/bellissima-films.com\/fr\/wp-json\/wp\/v2\/comments?post=148"}],"version-history":[{"count":0,"href":"https:\/\/bellissima-films.com\/fr\/wp-json\/wp\/v2\/pages\/148\/revisions"}],"wp:attachment":[{"href":"https:\/\/bellissima-films.com\/fr\/wp-json\/wp\/v2\/media?parent=148"}],"curies":[{"name":"wp","href":"https:\/\/api.w.org\/{rel}","templated":true}]}}