{"id":147,"date":"2022-10-03T13:30:04","date_gmt":"2022-10-03T12:30:04","guid":{"rendered":"http:\/\/bellissima-films.com\/sites-de-connexion-milf-gratuits\/"},"modified":"2022-10-03T13:30:04","modified_gmt":"2022-10-03T12:30:04","slug":"sites-de-connexion-milf-gratuits","status":"publish","type":"page","link":"https:\/\/bellissima-films.com\/fr\/sites-de-connexion-milf-gratuits\/","title":{"rendered":"Sites de connexion MILF gratuits"},"content":{"rendered":"<p>Il existe de nombreux sites de connexion MILF gratuits en ligne, il est donc facile d\u2019en trouver un qui vous convient. Assurez-vous de lire les critiques avant de vous inscrire \u00e0 n\u2019importe quel site, et assurez-vous de rechercher un site qui a une bonne r\u00e9putation. Une fois que vous avez trouv\u00e9 un site avec lequel vous \u00eates \u00e0 l\u2019aise, cr\u00e9ez un profil et commencez \u00e0 parcourir les profils des MILF chauds dans votre r\u00e9gion. Lorsque vous trouvez quelqu\u2019un qui vous int\u00e9resse, envoyez-lui un message et voyez s\u2019il est int\u00e9ress\u00e9 \u00e0 se rencontrer. Si c\u2019est le cas, vous pouvez d\u00e9finir un moment et un lieu pour vous rencontrer et voir s\u2019il y a une chimie. Si c\u2019est le cas, alors vous pouvez passer au niveau sup\u00e9rieur et vous connecter!<\/p>\n<h2>MILF locaux<\/h2>\n<p>Il y a quelque chose dans un MILF qui nous rend faibles aux genoux. Peut-\u00eatre que c\u2019est leur confiance, peut-\u00eatre que c\u2019est leur exp\u00e9rience, ou peut-\u00eatre que c\u2019est le fait qu\u2019ils semblent juste savoir ce qu\u2019ils font. Quelle que soit la raison, les MILF locaux valent vraiment la peine d\u2019\u00eatre fr\u00e9quent\u00e9s.<\/p>\n<p>Si vous cherchez \u00e0 <a href=\"http:\/\/bellissima-films.com\/fr\/rencontres-avec-mamie\/\">sortir avec un MILF<\/a>, il y a quelques choses que vous devez garder \u00e0 l\u2019esprit. Tout d\u2019abord, ils ne recherchent pas une relation &#8211; ils recherchent g\u00e9n\u00e9ralement juste un bon moment. Donc, si vous cherchez quelque chose de s\u00e9rieux, vous voudrez peut-\u00eatre chercher ailleurs. Deuxi\u00e8mement, ils sont g\u00e9n\u00e9ralement assez occup\u00e9s, vous devrez donc \u00eatre flexible avec votre emploi du temps. Enfin, ils savent ce qu\u2019ils veulent, alors soyez pr\u00eats \u00e0 leur donner ce dont ils ont besoin.<\/p>\n<p>Si vous pouvez g\u00e9rer tout cela, alors sortir avec un MILF peut \u00eatre une exp\u00e9rience incroyablement amusante et enrichissante. Assurez-vous simplement de prendre les choses lentement, d\u2019\u00eatre respectueux et d\u2019\u00eatre pr\u00eat \u00e0 passer un bon moment.<\/p>\n<p>Il y a beaucoup de milfs locaux pr\u00e8s de chez moi qui cherchent l\u2019amour. La meilleure fa\u00e7on de les trouver est d\u2019utiliser des sites de rencontres en ligne. De cette fa\u00e7on, vous pouvez voir les profils de tous les milfs locaux pr\u00e8s de chez moi et d\u00e9cider \u00e0 qui vous voulez parler. Vous pouvez \u00e9galement lire les critiques des diff\u00e9rents sites avant de vous inscrire. De cette fa\u00e7on, vous pouvez \u00eatre s\u00fbr que vous utilisez un site de bonne r\u00e9putation.<\/p>\n<h2>Sites de rencontres Milfs<\/h2>\n<p>Il existe de nombreux sites de rencontres MILF disponibles en ligne et ils sont devenus tr\u00e8s populaires ces derni\u00e8res ann\u00e9es. Ces sites offrent un excellent moyen pour les femmes plus \u00e2g\u00e9es de rencontrer des hommes plus jeunes, et vice versa. Ils offrent un environnement s\u00fbr et amusant pour que les gens se rencontrent et interagissent, et beaucoup d\u2019entre eux ont beaucoup de membres. Cela signifie qu\u2019il y a beaucoup d\u2019occasions de trouver une correspondance.<\/p>\n<p>Cependant, il est important de savoir que tous les sites de rencontres MILF ne sont pas cr\u00e9\u00e9s \u00e9gaux. Il y en a qui sont meilleurs que d\u2019autres, et il est important de faire des recherches avant d\u2019en rejoindre un. De cette fa\u00e7on, vous pouvez \u00eatre s\u00fbr que vous obtenez la meilleure exp\u00e9rience possible.<\/p>\n<h3>OneNightFriend<\/h3>\n<p>L\u2019application de rencontres OneNightFriend est l\u2019un des meilleurs sites de connexion milf gratuits. Il a \u00e9t\u00e9 con\u00e7u pour aider les hommes et les femmes c\u00e9libataires \u00e0 se retrouver pour des rendez-vous occasionnels et des rencontres. L\u2019application est conviviale et facile \u00e0 utiliser. Vous pouvez vous inscrire gratuitement et cr\u00e9er votre profil en quelques minutes. Une fois que vous avez cr\u00e9\u00e9 votre profil, vous pouvez commencer \u00e0 rechercher des milfs locaux dans votre r\u00e9gion. OneNightFriend dispose d\u2019une grande base de donn\u00e9es de milfs qui recherchent des rencontres et des dates occasionnelles. Vous pouvez \u00e9galement utiliser l\u2019application pour discuter avec d\u2019autres membres et \u00e9changer des messages. L\u2019application est disponible gratuitement sur l\u2019App Store et le Google Play Store.<\/p>\n<h3>WetHunt<\/h3>\n<p>WetHunt est une nouvelle application de rencontres qui devient rapidement populaire parmi les fans de connexion milf. Il est gratuit \u00e0 t\u00e9l\u00e9charger et \u00e0 utiliser, et il offre beaucoup de fonctionnalit\u00e9s que d\u2019autres applications ne le font pas. Par exemple, vous pouvez rechercher des membres par emplacement, \u00e2ge, int\u00e9r\u00eats et m\u00eame type de corps. L\u2019application dispose \u00e9galement d\u2019une fonction de messagerie, de sorte que vous pouvez discuter avec des dates potentielles avant de vous rencontrer en personne. WetHunt est une excellente option pour tous ceux qui recherchent une application de connexion milf gratuite.<\/p>\n<h3>FlingPals<\/h3>\n<p>FlingPals est une nouvelle application de rencontres qui devient rapidement populaire aupr\u00e8s des utilisateurs de tous \u00e2ges, en particulier ceux de 20 et 30 ans. L\u2019application permet aux utilisateurs de se connecter avec d\u2019autres en fonction de leur emplacement et de leur \u00e2ge, puis de discuter et de se rencontrer. L\u2019application est gratuite \u00e0 t\u00e9l\u00e9charger et \u00e0 utiliser, et il n\u2019y a pas d\u2019achats int\u00e9gr\u00e9s. FlingPals a \u00e9t\u00e9 lou\u00e9 pour sa simplicit\u00e9 et sa facilit\u00e9 d\u2019utilisation, et de nombreux utilisateurs ont trouv\u00e9 que c\u2019\u00e9tait un excellent moyen de rencontrer de nouvelles personnes dans leur r\u00e9gion. L\u2019application est \u00e9galement populaire aupr\u00e8s des personnes \u00e0 la recherche d\u2019une connexion rapide, car elle facilite l\u2019organisation de rencontres avec quelqu\u2019un \u00e0 proximit\u00e9.<\/p>\n<p>Dans l\u2019ensemble, FlingPals est une excellente nouvelle application de rencontres qui ne manquera pas de plaire \u00e0 un large \u00e9ventail d\u2019utilisateurs. Il est simple \u00e0 utiliser et offre un excellent moyen de rencontrer de nouvelles personnes et potentiellement de trouver une aventure.<\/p>\n","protected":false},"excerpt":{"rendered":"<p>Il existe de nombreux sites de connexion MILF gratuits en ligne, il est donc facile d\u2019en trouver un qui vous convient. Assurez-vous de lire les critiques avant de vous inscrire \u00e0 n\u2019importe quel site, et assurez-vous de rechercher un site qui a une bonne r\u00e9putation. Une fois que vous avez\u2026<\/p>\n","protected":false},"author":1,"featured_media":0,"parent":0,"menu_order":0,"comment_status":"closed","ping_status":"closed","template":"","meta":[],"yoast_head":"<!-- This site is optimized with the Yoast SEO plugin v17.7.1 - https:\/\/yoast.com\/wordpress\/plugins\/seo\/ -->\n<title>Sites de connexion MILF gratuits - Film Reviews<\/title>\n<meta name=\"robots\" content=\"index, follow, max-snippet:-1, max-image-preview:large, max-video-preview:-1\" \/>\n<link rel=\"canonical\" href=\"https:\/\/bellissima-films.com\/fr\/sites-de-connexion-milf-gratuits\/\" \/>\n<meta property=\"og:locale\" content=\"fr_FR\" \/>\n<meta property=\"og:type\" content=\"article\" \/>\n<meta property=\"og:title\" content=\"Sites de connexion MILF gratuits - Film Reviews\" \/>\n<meta property=\"og:description\" content=\"Il existe de nombreux sites de connexion MILF gratuits en ligne, il est donc facile d\u2019en trouver un qui vous convient. Assurez-vous de lire les critiques avant de vous inscrire \u00e0 n\u2019importe quel site, et assurez-vous de rechercher un site qui a une bonne r\u00e9putation. Une fois que vous avez\u2026\" \/>\n<meta property=\"og:url\" content=\"https:\/\/bellissima-films.com\/fr\/sites-de-connexion-milf-gratuits\/\" \/>\n<meta property=\"og:site_name\" content=\"Film Reviews\" \/>\n<meta name=\"twitter:card\" content=\"summary_large_image\" \/>\n<meta name=\"twitter:label1\" content=\"Dur\u00e9e de lecture estim\u00e9e\" \/>\n\t<meta name=\"twitter:data1\" content=\"5 minutes\" \/>\n<script type=\"application\/ld+json\" class=\"yoast-schema-graph\">{\"@context\":\"https:\/\/schema.org\",\"@graph\":[{\"@type\":\"WebSite\",\"@id\":\"http:\/\/bellissima-films.com\/fr\/#website\",\"url\":\"http:\/\/bellissima-films.com\/fr\/\",\"name\":\"Film Reviews\",\"description\":\"Real Hookups\",\"potentialAction\":[{\"@type\":\"SearchAction\",\"target\":{\"@type\":\"EntryPoint\",\"urlTemplate\":\"http:\/\/bellissima-films.com\/fr\/?s={search_term_string}\"},\"query-input\":\"required name=search_term_string\"}],\"inLanguage\":\"fr-FR\"},{\"@type\":\"WebPage\",\"@id\":\"https:\/\/bellissima-films.com\/fr\/sites-de-connexion-milf-gratuits\/#webpage\",\"url\":\"https:\/\/bellissima-films.com\/fr\/sites-de-connexion-milf-gratuits\/\",\"name\":\"Sites de connexion MILF gratuits - Film Reviews\",\"isPartOf\":{\"@id\":\"http:\/\/bellissima-films.com\/fr\/#website\"},\"datePublished\":\"2022-10-03T12:30:04+00:00\",\"dateModified\":\"2022-10-03T12:30:04+00:00\",\"breadcrumb\":{\"@id\":\"https:\/\/bellissima-films.com\/fr\/sites-de-connexion-milf-gratuits\/#breadcrumb\"},\"inLanguage\":\"fr-FR\",\"potentialAction\":[{\"@type\":\"ReadAction\",\"target\":[\"https:\/\/bellissima-films.com\/fr\/sites-de-connexion-milf-gratuits\/\"]}]},{\"@type\":\"BreadcrumbList\",\"@id\":\"https:\/\/bellissima-films.com\/fr\/sites-de-connexion-milf-gratuits\/#breadcrumb\",\"itemListElement\":[{\"@type\":\"ListItem\",\"position\":1,\"name\":\"Home\",\"item\":\"https:\/\/bellissima-films.com\/fr\/\"},{\"@type\":\"ListItem\",\"position\":2,\"name\":\"Sites de connexion MILF gratuits\"}]}]}<\/script>\n<!-- \/ Yoast SEO plugin. -->","yoast_head_json":{"title":"Sites de connexion MILF gratuits - Film Reviews","robots":{"index":"index","follow":"follow","max-snippet":"max-snippet:-1","max-image-preview":"max-image-preview:large","max-video-preview":"max-video-preview:-1"},"canonical":"https:\/\/bellissima-films.com\/fr\/sites-de-connexion-milf-gratuits\/","og_locale":"fr_FR","og_type":"article","og_title":"Sites de connexion MILF gratuits - Film Reviews","og_description":"Il existe de nombreux sites de connexion MILF gratuits en ligne, il est donc facile d\u2019en trouver un qui vous convient. Assurez-vous de lire les critiques avant de vous inscrire \u00e0 n\u2019importe quel site, et assurez-vous de rechercher un site qui a une bonne r\u00e9putation. Une fois que vous avez\u2026","og_url":"https:\/\/bellissima-films.com\/fr\/sites-de-connexion-milf-gratuits\/","og_site_name":"Film Reviews","twitter_card":"summary_large_image","twitter_misc":{"Dur\u00e9e de lecture estim\u00e9e":"5 minutes"},"schema":{"@context":"https:\/\/schema.org","@graph":[{"@type":"WebSite","@id":"http:\/\/bellissima-films.com\/fr\/#website","url":"http:\/\/bellissima-films.com\/fr\/","name":"Film Reviews","description":"Real Hookups","potentialAction":[{"@type":"SearchAction","target":{"@type":"EntryPoint","urlTemplate":"http:\/\/bellissima-films.com\/fr\/?s={search_term_string}"},"query-input":"required name=search_term_string"}],"inLanguage":"fr-FR"},{"@type":"WebPage","@id":"https:\/\/bellissima-films.com\/fr\/sites-de-connexion-milf-gratuits\/#webpage","url":"https:\/\/bellissima-films.com\/fr\/sites-de-connexion-milf-gratuits\/","name":"Sites de connexion MILF gratuits - Film Reviews","isPartOf":{"@id":"http:\/\/bellissima-films.com\/fr\/#website"},"datePublished":"2022-10-03T12:30:04+00:00","dateModified":"2022-10-03T12:30:04+00:00","breadcrumb":{"@id":"https:\/\/bellissima-films.com\/fr\/sites-de-connexion-milf-gratuits\/#breadcrumb"},"inLanguage":"fr-FR","potentialAction":[{"@type":"ReadAction","target":["https:\/\/bellissima-films.com\/fr\/sites-de-connexion-milf-gratuits\/"]}]},{"@type":"BreadcrumbList","@id":"https:\/\/bellissima-films.com\/fr\/sites-de-connexion-milf-gratuits\/#breadcrumb","itemListElement":[{"@type":"ListItem","position":1,"name":"Home","item":"https:\/\/bellissima-films.com\/fr\/"},{"@type":"ListItem","position":2,"name":"Sites de connexion MILF gratuits"}]}]}},"_links":{"self":[{"href":"https:\/\/bellissima-films.com\/fr\/wp-json\/wp\/v2\/pages\/147"}],"collection":[{"href":"https:\/\/bellissima-films.com\/fr\/wp-json\/wp\/v2\/pages"}],"about":[{"href":"https:\/\/bellissima-films.com\/fr\/wp-json\/wp\/v2\/types\/page"}],"author":[{"embeddable":true,"href":"https:\/\/bellissima-films.com\/fr\/wp-json\/wp\/v2\/users\/1"}],"replies":[{"embeddable":true,"href":"https:\/\/bellissima-films.com\/fr\/wp-json\/wp\/v2\/comments?post=147"}],"version-history":[{"count":0,"href":"https:\/\/bellissima-films.com\/fr\/wp-json\/wp\/v2\/pages\/147\/revisions"}],"wp:attachment":[{"href":"https:\/\/bellissima-films.com\/fr\/wp-json\/wp\/v2\/media?parent=147"}],"curies":[{"name":"wp","href":"https:\/\/api.w.org\/{rel}","templated":true}]}}