{"id":117,"date":"2022-10-03T13:30:32","date_gmt":"2022-10-03T12:30:32","guid":{"rendered":"http:\/\/bellissima-films.com\/applications-de-rencontres-discretes\/"},"modified":"2022-10-03T13:30:32","modified_gmt":"2022-10-03T12:30:32","slug":"applications-de-rencontres-discretes","status":"publish","type":"page","link":"https:\/\/bellissima-films.com\/fr\/applications-de-rencontres-discretes\/","title":{"rendered":"Applications de rencontres discr\u00e8tes"},"content":{"rendered":"<p>Il existe une vari\u00e9t\u00e9 <a href=\"http:\/\/bellissima-films.com\/fr\/sites-de-connexion-milf-gratuits\/\">d\u2019applications de rencontres discr\u00e8tes<\/a> disponibles qui sont sp\u00e9cialement con\u00e7ues pour les personnes qui cherchent \u00e0 se connecter. Ces applications permettent aux utilisateurs de se connecter avec d\u2019autres personnes int\u00e9ress\u00e9es par la m\u00eame chose, sans avoir \u00e0 passer par les tracas des rencontres traditionnelles. Cela permet de trouver facilement quelqu\u2019un qui est abattu pour quoi que ce soit, sans avoir \u00e0 se soucier du rejet ou du jugement.<\/p>\n<h2>Sites sexuels discrets<\/h2>\n<p>Il existe une vari\u00e9t\u00e9 de sites de sexe discrets qui s\u2019adressent \u00e0 ceux qui recherchent une rencontre sexuelle en dehors d\u2019une relation amoureuse traditionnelle. Ces sites offrent un moyen s\u00fbr et anonyme de se connecter avec d\u2019autres personnes int\u00e9ress\u00e9es \u00e0 explorer leur sexualit\u00e9. Bon nombre de ces sites offrent \u00e9galement une vari\u00e9t\u00e9 de fonctionnalit\u00e9s et d\u2019outils pour aider les membres \u00e0 se connecter les uns aux autres et \u00e0 planifier des rencontres.<\/p>\n<p>Il existe de nombreuses fa\u00e7ons de trouver l\u2019amour, et pour certaines personnes, une liaison discr\u00e8te est la meilleure fa\u00e7on de le faire. Il existe de nombreuses raisons pour lesquelles quelqu\u2019un peut choisir d\u2019avoir une liaison discr\u00e8te, y compris le besoin de discr\u00e9tion en raison de son emploi ou de son statut social. Quelle qu\u2019en soit la raison, une liaison discr\u00e8te peut \u00eatre un excellent moyen de trouver l\u2019amour et la compagnie. Il y a quelques choses \u00e0 garder \u00e0 l\u2019esprit si vous envisagez une affaire discr\u00e8te. Tout d\u2019abord, assurez-vous que vous \u00eates tous les deux sur la m\u00eame longueur d\u2019onde sur ce que vous recherchez. Si vous ne l\u2019\u00eates pas, il est facile que les choses se compliquent rapidement. Deuxi\u00e8mement, assurez-vous de communiquer ouvertement et honn\u00eatement les uns avec les autres. C\u2019est la cl\u00e9 de toute relation, mais c\u2019est particuli\u00e8rement important dans une affaire discr\u00e8te. Enfin, n\u2019ayez pas peur d\u2019\u00eatre un peu spontan\u00e9. Cela peut rendre l\u2019exp\u00e9rience encore plus excitante.<\/p>\n<h2>Connexions discr\u00e8tes<\/h2>\n<p>Il y a beaucoup de gens qui recherchent des connexions discr\u00e8tes. Qu\u2019ils soient c\u00e9libataires et qu\u2019ils recherchent simplement une aventure sans conditions ou qu\u2019ils soient en couple mais qu\u2019ils veuillent tricher, il y a toujours quelqu\u2019un \u00e0 la recherche d\u2019une connexion. Si vous \u00eates quelqu\u2019un qui est int\u00e9ress\u00e9 par des connexions discr\u00e8tes, il y a quelques choses que vous pouvez faire pour augmenter vos chances de trouver quelqu\u2019un. Tout d\u2019abord, essayez d\u2019utiliser une application ou un site de rencontres qui s\u2019adresse aux personnes \u00e0 la recherche de rencontres occasionnelles. Il y en a beaucoup, il ne devrait donc pas \u00eatre trop difficile d\u2019en trouver un qui r\u00e9pond \u00e0 vos besoins.<\/p>\n<p>Une fois que vous avez trouv\u00e9 un bon site ou une bonne application de rencontre, assurez-vous de cr\u00e9er un bon profil. Incluez quelques photos sexy de vous-m\u00eame et soyez clair sur ce que vous recherchez. Soyez franc au sujet de vos d\u00e9sirs et vous serez plus susceptible d\u2019attirer le bon type de personnes. Si vous jouez bien vos cartes, vous devriez \u00eatre en mesure de trouver beaucoup de gens qui sont int\u00e9ress\u00e9s par des connexions discr\u00e8tes. Soyez juste prudent et assurez-vous de savoir dans quoi vous vous engagez avant de rencontrer quelqu\u2019un.<\/p>\n<h3>BBWCupid<\/h3>\n<p>BBWCupid est une application de rencontres sp\u00e9cialement con\u00e7ue pour les femmes de taille plus et les hommes qui les aiment. L\u2019application est un moyen s\u00fbr et discret de rencontrer d\u2019autres c\u00e9libataires de taille plus dans votre r\u00e9gion. L\u2019application dispose d\u2019une grande base de donn\u00e9es d\u2019utilisateurs, vous \u00eates donc s\u00fbr de trouver quelqu\u2019un qui est compatible avec vous. L\u2019application est facile \u00e0 utiliser et dispose d\u2019une interface conviviale. L\u2019application est gratuite \u00e0 t\u00e9l\u00e9charger et \u00e0 utiliser.<\/p>\n<h3>DoubleList<\/h3>\n<p>DoubleList est une application de rencontres discr\u00e8te qui vous permet de trouver des correspondances rapidement et facilement. L\u2019application est con\u00e7ue pour les personnes qui recherchent un moyen rapide et facile de trouver une correspondance. L\u2019application est gratuite \u00e0 t\u00e9l\u00e9charger et \u00e0 utiliser. L\u2019application est disponible pour les appareils iPhone et Android.<\/p>\n<h3>Rubmaps<\/h3>\n<p>Il existe de nombreuses applications de rencontres discr\u00e8tes disponibles sur le march\u00e9 aujourd\u2019hui, mais Rubmaps est l\u2019une des plus populaires. Cette application permet aux utilisateurs de trouver des correspondances potentielles dans leur r\u00e9gion qui sont int\u00e9ress\u00e9s par les m\u00eames choses qu\u2019eux. Rubmaps dispose \u00e9galement d\u2019une excellente fonctionnalit\u00e9 qui permet aux utilisateurs de voir \u00e0 quelle distance se trouvent les correspondances potentielles, ce qui est tr\u00e8s utile pour ceux qui recherchent une rencontre discr\u00e8te. L\u2019application est gratuite \u00e0 t\u00e9l\u00e9charger et \u00e0 utiliser, et elle est disponible pour les appareils iOS et Android.<\/p>\n","protected":false},"excerpt":{"rendered":"<p>Il existe une vari\u00e9t\u00e9 d\u2019applications de rencontres discr\u00e8tes disponibles qui sont sp\u00e9cialement con\u00e7ues pour les personnes qui cherchent \u00e0 se connecter. Ces applications permettent aux utilisateurs de se connecter avec d\u2019autres personnes int\u00e9ress\u00e9es par la m\u00eame chose, sans avoir \u00e0 passer par les tracas des rencontres traditionnelles. Cela permet de\u2026<\/p>\n","protected":false},"author":1,"featured_media":0,"parent":0,"menu_order":0,"comment_status":"closed","ping_status":"closed","template":"","meta":[],"yoast_head":"<!-- This site is optimized with the Yoast SEO plugin v17.7.1 - https:\/\/yoast.com\/wordpress\/plugins\/seo\/ -->\n<title>Applications de rencontres discr\u00e8tes - Film Reviews<\/title>\n<meta name=\"robots\" content=\"index, follow, max-snippet:-1, max-image-preview:large, max-video-preview:-1\" \/>\n<link rel=\"canonical\" href=\"https:\/\/bellissima-films.com\/fr\/applications-de-rencontres-discretes\/\" \/>\n<meta property=\"og:locale\" content=\"fr_FR\" \/>\n<meta property=\"og:type\" content=\"article\" \/>\n<meta property=\"og:title\" content=\"Applications de rencontres discr\u00e8tes - Film Reviews\" \/>\n<meta property=\"og:description\" content=\"Il existe une vari\u00e9t\u00e9 d\u2019applications de rencontres discr\u00e8tes disponibles qui sont sp\u00e9cialement con\u00e7ues pour les personnes qui cherchent \u00e0 se connecter. Ces applications permettent aux utilisateurs de se connecter avec d\u2019autres personnes int\u00e9ress\u00e9es par la m\u00eame chose, sans avoir \u00e0 passer par les tracas des rencontres traditionnelles. Cela permet de\u2026\" \/>\n<meta property=\"og:url\" content=\"https:\/\/bellissima-films.com\/fr\/applications-de-rencontres-discretes\/\" \/>\n<meta property=\"og:site_name\" content=\"Film Reviews\" \/>\n<meta name=\"twitter:card\" content=\"summary_large_image\" \/>\n<meta name=\"twitter:label1\" content=\"Dur\u00e9e de lecture estim\u00e9e\" \/>\n\t<meta name=\"twitter:data1\" content=\"4 minutes\" \/>\n<script type=\"application\/ld+json\" class=\"yoast-schema-graph\">{\"@context\":\"https:\/\/schema.org\",\"@graph\":[{\"@type\":\"WebSite\",\"@id\":\"http:\/\/bellissima-films.com\/fr\/#website\",\"url\":\"http:\/\/bellissima-films.com\/fr\/\",\"name\":\"Film Reviews\",\"description\":\"Real Hookups\",\"potentialAction\":[{\"@type\":\"SearchAction\",\"target\":{\"@type\":\"EntryPoint\",\"urlTemplate\":\"http:\/\/bellissima-films.com\/fr\/?s={search_term_string}\"},\"query-input\":\"required name=search_term_string\"}],\"inLanguage\":\"fr-FR\"},{\"@type\":\"WebPage\",\"@id\":\"https:\/\/bellissima-films.com\/fr\/applications-de-rencontres-discretes\/#webpage\",\"url\":\"https:\/\/bellissima-films.com\/fr\/applications-de-rencontres-discretes\/\",\"name\":\"Applications de rencontres discr\\u00e8tes - Film Reviews\",\"isPartOf\":{\"@id\":\"http:\/\/bellissima-films.com\/fr\/#website\"},\"datePublished\":\"2022-10-03T12:30:32+00:00\",\"dateModified\":\"2022-10-03T12:30:32+00:00\",\"breadcrumb\":{\"@id\":\"https:\/\/bellissima-films.com\/fr\/applications-de-rencontres-discretes\/#breadcrumb\"},\"inLanguage\":\"fr-FR\",\"potentialAction\":[{\"@type\":\"ReadAction\",\"target\":[\"https:\/\/bellissima-films.com\/fr\/applications-de-rencontres-discretes\/\"]}]},{\"@type\":\"BreadcrumbList\",\"@id\":\"https:\/\/bellissima-films.com\/fr\/applications-de-rencontres-discretes\/#breadcrumb\",\"itemListElement\":[{\"@type\":\"ListItem\",\"position\":1,\"name\":\"Home\",\"item\":\"https:\/\/bellissima-films.com\/fr\/\"},{\"@type\":\"ListItem\",\"position\":2,\"name\":\"Applications de rencontres discr\\u00e8tes\"}]}]}<\/script>\n<!-- \/ Yoast SEO plugin. -->","yoast_head_json":{"title":"Applications de rencontres discr\u00e8tes - Film Reviews","robots":{"index":"index","follow":"follow","max-snippet":"max-snippet:-1","max-image-preview":"max-image-preview:large","max-video-preview":"max-video-preview:-1"},"canonical":"https:\/\/bellissima-films.com\/fr\/applications-de-rencontres-discretes\/","og_locale":"fr_FR","og_type":"article","og_title":"Applications de rencontres discr\u00e8tes - Film Reviews","og_description":"Il existe une vari\u00e9t\u00e9 d\u2019applications de rencontres discr\u00e8tes disponibles qui sont sp\u00e9cialement con\u00e7ues pour les personnes qui cherchent \u00e0 se connecter. Ces applications permettent aux utilisateurs de se connecter avec d\u2019autres personnes int\u00e9ress\u00e9es par la m\u00eame chose, sans avoir \u00e0 passer par les tracas des rencontres traditionnelles. Cela permet de\u2026","og_url":"https:\/\/bellissima-films.com\/fr\/applications-de-rencontres-discretes\/","og_site_name":"Film Reviews","twitter_card":"summary_large_image","twitter_misc":{"Dur\u00e9e de lecture estim\u00e9e":"4 minutes"},"schema":{"@context":"https:\/\/schema.org","@graph":[{"@type":"WebSite","@id":"http:\/\/bellissima-films.com\/fr\/#website","url":"http:\/\/bellissima-films.com\/fr\/","name":"Film Reviews","description":"Real Hookups","potentialAction":[{"@type":"SearchAction","target":{"@type":"EntryPoint","urlTemplate":"http:\/\/bellissima-films.com\/fr\/?s={search_term_string}"},"query-input":"required name=search_term_string"}],"inLanguage":"fr-FR"},{"@type":"WebPage","@id":"https:\/\/bellissima-films.com\/fr\/applications-de-rencontres-discretes\/#webpage","url":"https:\/\/bellissima-films.com\/fr\/applications-de-rencontres-discretes\/","name":"Applications de rencontres discr\u00e8tes - Film Reviews","isPartOf":{"@id":"http:\/\/bellissima-films.com\/fr\/#website"},"datePublished":"2022-10-03T12:30:32+00:00","dateModified":"2022-10-03T12:30:32+00:00","breadcrumb":{"@id":"https:\/\/bellissima-films.com\/fr\/applications-de-rencontres-discretes\/#breadcrumb"},"inLanguage":"fr-FR","potentialAction":[{"@type":"ReadAction","target":["https:\/\/bellissima-films.com\/fr\/applications-de-rencontres-discretes\/"]}]},{"@type":"BreadcrumbList","@id":"https:\/\/bellissima-films.com\/fr\/applications-de-rencontres-discretes\/#breadcrumb","itemListElement":[{"@type":"ListItem","position":1,"name":"Home","item":"https:\/\/bellissima-films.com\/fr\/"},{"@type":"ListItem","position":2,"name":"Applications de rencontres discr\u00e8tes"}]}]}},"_links":{"self":[{"href":"https:\/\/bellissima-films.com\/fr\/wp-json\/wp\/v2\/pages\/117"}],"collection":[{"href":"https:\/\/bellissima-films.com\/fr\/wp-json\/wp\/v2\/pages"}],"about":[{"href":"https:\/\/bellissima-films.com\/fr\/wp-json\/wp\/v2\/types\/page"}],"author":[{"embeddable":true,"href":"https:\/\/bellissima-films.com\/fr\/wp-json\/wp\/v2\/users\/1"}],"replies":[{"embeddable":true,"href":"https:\/\/bellissima-films.com\/fr\/wp-json\/wp\/v2\/comments?post=117"}],"version-history":[{"count":0,"href":"https:\/\/bellissima-films.com\/fr\/wp-json\/wp\/v2\/pages\/117\/revisions"}],"wp:attachment":[{"href":"https:\/\/bellissima-films.com\/fr\/wp-json\/wp\/v2\/media?parent=117"}],"curies":[{"name":"wp","href":"https:\/\/api.w.org\/{rel}","templated":true}]}}