{"id":201,"date":"2022-10-03T11:15:34","date_gmt":"2022-10-03T10:15:34","guid":{"rendered":"http:\/\/bellissima-films.com\/tu-emparejador-de-citas-local\/"},"modified":"2022-11-07T13:47:34","modified_gmt":"2022-11-07T13:47:34","slug":"tu-emparejador-de-citas-local","status":"publish","type":"page","link":"https:\/\/bellissima-films.com\/es\/","title":{"rendered":"Tu emparejador de citas local"},"content":{"rendered":"<p>Las citas en l\u00ednea son un gran negocio. De hecho, seg\u00fan una estimaci\u00f3n, la industria tiene un valor de $ 1 mil millones anuales. Pero si bien la mayor\u00eda de los sitios son caros, algunos se construyen espec\u00edficamente con la idea de ofrecer una prueba gratuita. Sitios como OkCupid, PlentyOfFish y Match.com incluso ofrecen membres\u00edas gratuitas. Y aunque esos <a href=\"https:\/\/www.paginas-de-contactos.net\/\">paginas de contactos<\/a> tres se encuentran entre los nombres m\u00e1s importantes del espacio, hay muchos otros.<\/p>\n<h2>Comience con los sitios gratuitos de citas para adultos<\/h2>\n<p>Mientras que algunos sitios gratuitos vienen con limitaciones, como requerir un n\u00famero de tarjeta de cr\u00e9dito, otros le permiten navegar y enviar mensajes sin pagar nada por adelantado. Por ejemplo, Bumble permite a las mujeres hacer el primer movimiento, mientras que Hinge permite a los hombres iniciar el contacto. Este tipo de sitios te dan la oportunidad de probar algo diferente sin comprometer demasiado dinero.<\/p>\n<p>Pero solo porque pueda usar un sitio de forma gratuita no significa que deba hacerlo. Si bien los sitios de citas gratuitos no siempre son una buena opci\u00f3n para todos, a menudo brindan una excelente opci\u00f3n para las personas que buscan evitar gastar una tonelada de efectivo por adelantado. Y si decide actualizar m\u00e1s tarde, a\u00fan tendr\u00e1 acceso a todo lo que ha hecho. El mundo de las citas en l\u00ednea est\u00e1 lleno de opciones. Desde sitios de suscripci\u00f3n de pago como Match.com y OkCupid hasta plataformas de redes sociales como Facebook y Titter, hay muchas maneras de conocer gente. Pero, lo que funciona mejor para una persona podr\u00eda <a href=\"https:\/\/www.citas-gratis.com\">paginas sexo gratis<\/a> no funcionar para otra. Entonces, armamos una lista de nuestras aplicaciones y sitios de citas favoritos. Ya sea que desee algo serio o simplemente busque a alguien con quien salir, creemos que encontrar\u00e1 una pareja aqu\u00ed.<\/p>\n<h3>Gu\u00eda r\u00e1pida de aplicaciones que puedes probar ahora<\/h3>\n<p>Los sitios y aplicaciones de citas gratuitos son una excelente manera de encontrar a alguien especial <a href=\"http:\/\/www.sites-de-sexo.com\">site sexo online<\/a>. Ya sea que desee salir casualmente, hacer que una relaci\u00f3n a largo plazo funcione o simplemente ver lo que hay, estas plataformas ofrecen muchas opciones. Estos son algunos de nuestros favoritos<\/p>\n<ul>\n<li>Facebook Dating &#8211; Este sitio de citas es completamente gratuito de usar, y hace que encontrar coincidencias sea f\u00e1cil porque utiliza el algoritmo de Facebook para emparejarlo con amigos de amigos. Puede navegar por los miembros seg\u00fan la ubicaci\u00f3n, la edad, el g\u00e9nero, el estado de la relaci\u00f3n, los intereses e incluso los amigos en com\u00fan.<\/li>\n<li>Hinge &#8211; Hinge es una popular aplicaci\u00f3n de citas donde puedes conectarte con personas basadas en pasiones compartidas como m\u00fasica, pel\u00edculas, deportes y pasatiempos. Tambi\u00e9n puede establecer preferencias, como si prefiere tener citas o pasar el rato con amigos.<\/li>\n<li>OKCupid &#8211; OKCupid es uno de los sitios de citas m\u00e1s antiguos que existen, y todav\u00eda ofrece una interfaz limpia y muchas herramientas \u00fatiles. Puede filtrar a los miembros seg\u00fan la edad, la distancia, la orientaci\u00f3n sexual, la religi\u00f3n, el origen \u00e9tnico, el nivel de educaci\u00f3n, los ingresos, la ocupaci\u00f3n, el tipo de cuerpo y la altura.<\/li>\n<li>Tinder &#8211; Tinder se parece mucho a OkCupid en t\u00e9rminos de c\u00f3mo funciona, pero se centra en deslizar hacia la izquierda o hacia la derecha en las fotos de posibles coincidencias. Si deslizas el dedo hacia la derecha, recibir\u00e1s una notificaci\u00f3n que te informar\u00e1 de que a la persona tambi\u00e9n le gustas.<\/li>\n<li>Match &#8211; Match es similar a OkCupid y Tinder en que le permite deslizar hacia la izquierda <a href=\"http:\/\/www.encontros-para-sexo.com\">sites de sexo casual<\/a> o hacia la derecha en las im\u00e1genes de las personas. Sin embargo, Match le permite buscar tipos espec\u00edficos de personas, incluidas las interesadas en el matrimonio, las conexiones casuales, la amistad, etc.<\/li>\n<li>Zoosk &#8211; Zoosk es un poco diferente del resto de los sitios enumerados aqu\u00ed, ya que no requiere que cargue una foto. En su lugar, respondes preguntas sobre ti mismo y dejas que Zoosk haga la coincidencia.<\/li>\n<\/ul>\n<p><img loading=\"lazy\" class=\"aligncenter wp-image-34\" src=\"http:\/\/bellissima-films.com\/wp-content\/uploads\/2022\/10\/aff-1024x649.png\" alt=\"\" width=\"860\" height=\"545\" srcset=\"https:\/\/bellissima-films.com\/wp-content\/uploads\/2022\/10\/aff-1024x649.png 1024w, https:\/\/bellissima-films.com\/wp-content\/uploads\/2022\/10\/aff-300x190.png 300w, https:\/\/bellissima-films.com\/wp-content\/uploads\/2022\/10\/aff-768x487.png 768w, https:\/\/bellissima-films.com\/wp-content\/uploads\/2022\/10\/aff-1536x974.png 1536w, https:\/\/bellissima-films.com\/wp-content\/uploads\/2022\/10\/aff.png 1553w\" sizes=\"(max-width: 860px) 100vw, 860px\" \/><\/p>\n<h2>Nuestra mejor selecci\u00f3n para sexo casual &#8211; AdultFriendFinder<\/h2>\n<p>\u00bfEst\u00e1s cansado de los sitios de citas que no cumplen? \u00bfTe gustar\u00eda que hubiera un sitio de citas para adultos que tuviera todo lo que quer\u00edas? Si respondi\u00f3 afirmativamente a cualquiera de las preguntas, es posible que desee leer nuestra revisi\u00f3n de Adult Friend Finder. Revisamos Adult Friend Finder y descubrimos que tiene un mont\u00f3n de caracter\u00edsticas <a href=\"https:\/\/www.sites-de-encontros.com\">site de encontro sexo<\/a> de las que carecen la mayor\u00eda de los otros sitios de citas. Esto significa que no te aburrir\u00e1s aqu\u00ed.<\/p>\n<p>Adem\u00e1s de sus incre\u00edbles caracter\u00edsticas, Adult Friend Finder ofrece una gran base de usuarios. Actualmente hay m\u00e1s de 1 mill\u00f3n de miembros que utilizan este sitio. Esto lo convierte en uno de los sitios de citas para adultos m\u00e1s grandes en l\u00ednea. Y dado que tiene una base de usuarios tan grande, puede esperar encontrar muchas coincidencias potenciales aqu\u00ed.<\/p>\n<p>Hay varias razones por las que Adult Friend Finder es uno <a href=\"http:\/\/www.paginas-de-sexo.com\/\">www.paginas-de-sexo.com<\/a> de los sitios de citas para adultos mejor calificados. Repas\u00e9moslos ahora mismo.<\/p>\n<h3>Base de usuarios<\/h3>\n<p>Como se mencion\u00f3 anteriormente, Adult Friend Finder tiene m\u00e1s de 1 mill\u00f3n de usuarios activos. Eso es bastante impresionante teniendo en cuenta que ha existido durante m\u00e1s de 10 a\u00f1os.<\/p>\n<p>Hasta ahora, el sitio no se ha ralentizado. Sigue creciendo cada mes.<\/p>\n<h3>Seguridad<\/h3>\n<p>Cuando te unas a Adult Friend Finder, notar\u00e1s que no parece ning\u00fan otro sitio de citas. Esto se debe a que Adult Friend Finder se enfoca en proporcionar un entorno seguro para sus miembros. Ofrecen una amplia gama de medidas de seguridad para protegerse contra estafadores y depredadores. Estos incluyen cosas como verificar las direcciones de correo electr\u00f3nico, requerir una identificaci\u00f3n con foto y ofrecer atenci\u00f3n al cliente las 24 horas, los 7 d\u00edas de la semana.<\/p>\n<p>Todas estas medidas de seguridad aseguran que se sienta c\u00f3modo uni\u00e9ndose a Adult Friend Finder.<\/p>\n<h3>Funciones<\/h3>\n<p>Adult Friend Finder tiene un mont\u00f3n de caracter\u00edsticas. Cubren casi todos los aspectos de tu vida. Por ejemplo, puede buscar miembros en funci\u00f3n de la ubicaci\u00f3n, el g\u00e9nero, el origen \u00e9tnico, la orientaci\u00f3n sexual, el estado civil, los intereses y mucho m\u00e1s. Tambi\u00e9n puede explorar perfiles, enviar mensajes, ver im\u00e1genes de miembros y chatear con miembros. Lo m\u00e1s importante es que puede compartir sus videos, m\u00fasica y libros favoritos con otros miembros.<\/p>\n<p>Con todas estas caracter\u00edsticas, nunca te quedar\u00e1s sin cosas que hacer en Adult Friend Finder.<\/p>\n","protected":false},"excerpt":{"rendered":"<p>Las citas en l\u00ednea son un gran negocio. De hecho, seg\u00fan una estimaci\u00f3n, la industria tiene un valor de $ 1 mil millones anuales. Pero si bien la mayor\u00eda de los sitios son caros, algunos se construyen espec\u00edficamente con la idea de ofrecer una prueba gratuita. Sitios como OkCupid, PlentyOfFish\u2026<\/p>\n","protected":false},"author":1,"featured_media":115,"parent":0,"menu_order":0,"comment_status":"closed","ping_status":"closed","template":"","meta":[],"yoast_head":"<!-- This site is optimized with the Yoast SEO plugin v17.7.1 - https:\/\/yoast.com\/wordpress\/plugins\/seo\/ -->\n<title>Tu emparejador de citas local - Film Reviews<\/title>\n<meta name=\"robots\" content=\"index, follow, max-snippet:-1, max-image-preview:large, max-video-preview:-1\" \/>\n<link rel=\"canonical\" href=\"https:\/\/bellissima-films.com\/es\/\" \/>\n<meta property=\"og:locale\" content=\"es_ES\" \/>\n<meta property=\"og:type\" content=\"article\" \/>\n<meta property=\"og:title\" content=\"Tu emparejador de citas local - Film Reviews\" \/>\n<meta property=\"og:description\" content=\"Las citas en l\u00ednea son un gran negocio. De hecho, seg\u00fan una estimaci\u00f3n, la industria tiene un valor de $ 1 mil millones anuales. Pero si bien la mayor\u00eda de los sitios son caros, algunos se construyen espec\u00edficamente con la idea de ofrecer una prueba gratuita. Sitios como OkCupid, PlentyOfFish\u2026\" \/>\n<meta property=\"og:url\" content=\"https:\/\/bellissima-films.com\/es\/\" \/>\n<meta property=\"og:site_name\" content=\"Film Reviews\" \/>\n<meta property=\"article:modified_time\" content=\"2022-11-07T13:47:34+00:00\" \/>\n<meta name=\"twitter:card\" content=\"summary_large_image\" \/>\n<meta name=\"twitter:image\" content=\"https:\/\/bellissima-films.com\/wp-content\/uploads\/2022\/10\/meet-for-dating.webp\" \/>\n<meta name=\"twitter:label1\" content=\"Tiempo de lectura\" \/>\n\t<meta name=\"twitter:data1\" content=\"6 minutos\" \/>\n<script type=\"application\/ld+json\" class=\"yoast-schema-graph\">{\"@context\":\"https:\/\/schema.org\",\"@graph\":[{\"@type\":\"WebSite\",\"@id\":\"https:\/\/bellissima-films.com\/es\/#website\",\"url\":\"https:\/\/bellissima-films.com\/es\/\",\"name\":\"Film Reviews\",\"description\":\"Real Hookups\",\"potentialAction\":[{\"@type\":\"SearchAction\",\"target\":{\"@type\":\"EntryPoint\",\"urlTemplate\":\"https:\/\/bellissima-films.com\/es\/?s={search_term_string}\"},\"query-input\":\"required name=search_term_string\"}],\"inLanguage\":\"es\"},{\"@type\":\"ImageObject\",\"@id\":\"https:\/\/bellissima-films.com\/es\/#primaryimage\",\"inLanguage\":\"es\",\"url\":\"https:\/\/bellissima-films.com\/wp-content\/uploads\/2022\/10\/meet-for-dating.webp\",\"contentUrl\":\"https:\/\/bellissima-films.com\/wp-content\/uploads\/2022\/10\/meet-for-dating.webp\",\"width\":1125,\"height\":750},{\"@type\":\"WebPage\",\"@id\":\"https:\/\/bellissima-films.com\/es\/#webpage\",\"url\":\"https:\/\/bellissima-films.com\/es\/\",\"name\":\"Tu emparejador de citas local - Film Reviews\",\"isPartOf\":{\"@id\":\"https:\/\/bellissima-films.com\/es\/#website\"},\"primaryImageOfPage\":{\"@id\":\"https:\/\/bellissima-films.com\/es\/#primaryimage\"},\"datePublished\":\"2022-10-03T10:15:34+00:00\",\"dateModified\":\"2022-11-07T13:47:34+00:00\",\"breadcrumb\":{\"@id\":\"https:\/\/bellissima-films.com\/es\/#breadcrumb\"},\"inLanguage\":\"es\",\"potentialAction\":[{\"@type\":\"ReadAction\",\"target\":[\"https:\/\/bellissima-films.com\/es\/\"]}]},{\"@type\":\"BreadcrumbList\",\"@id\":\"https:\/\/bellissima-films.com\/es\/#breadcrumb\",\"itemListElement\":[{\"@type\":\"ListItem\",\"position\":1,\"name\":\"Home\",\"item\":\"https:\/\/bellissima-films.com\/es\/\"},{\"@type\":\"ListItem\",\"position\":2,\"name\":\"Tu emparejador de citas local\"}]}]}<\/script>\n<!-- \/ Yoast SEO plugin. -->","yoast_head_json":{"title":"Tu emparejador de citas local - Film Reviews","robots":{"index":"index","follow":"follow","max-snippet":"max-snippet:-1","max-image-preview":"max-image-preview:large","max-video-preview":"max-video-preview:-1"},"canonical":"https:\/\/bellissima-films.com\/es\/","og_locale":"es_ES","og_type":"article","og_title":"Tu emparejador de citas local - Film Reviews","og_description":"Las citas en l\u00ednea son un gran negocio. De hecho, seg\u00fan una estimaci\u00f3n, la industria tiene un valor de $ 1 mil millones anuales. Pero si bien la mayor\u00eda de los sitios son caros, algunos se construyen espec\u00edficamente con la idea de ofrecer una prueba gratuita. Sitios como OkCupid, PlentyOfFish\u2026","og_url":"https:\/\/bellissima-films.com\/es\/","og_site_name":"Film Reviews","article_modified_time":"2022-11-07T13:47:34+00:00","twitter_card":"summary_large_image","twitter_image":"https:\/\/bellissima-films.com\/wp-content\/uploads\/2022\/10\/meet-for-dating.webp","twitter_misc":{"Tiempo de lectura":"6 minutos"},"schema":{"@context":"https:\/\/schema.org","@graph":[{"@type":"WebSite","@id":"https:\/\/bellissima-films.com\/es\/#website","url":"https:\/\/bellissima-films.com\/es\/","name":"Film Reviews","description":"Real Hookups","potentialAction":[{"@type":"SearchAction","target":{"@type":"EntryPoint","urlTemplate":"https:\/\/bellissima-films.com\/es\/?s={search_term_string}"},"query-input":"required name=search_term_string"}],"inLanguage":"es"},{"@type":"ImageObject","@id":"https:\/\/bellissima-films.com\/es\/#primaryimage","inLanguage":"es","url":"https:\/\/bellissima-films.com\/wp-content\/uploads\/2022\/10\/meet-for-dating.webp","contentUrl":"https:\/\/bellissima-films.com\/wp-content\/uploads\/2022\/10\/meet-for-dating.webp","width":1125,"height":750},{"@type":"WebPage","@id":"https:\/\/bellissima-films.com\/es\/#webpage","url":"https:\/\/bellissima-films.com\/es\/","name":"Tu emparejador de citas local - Film Reviews","isPartOf":{"@id":"https:\/\/bellissima-films.com\/es\/#website"},"primaryImageOfPage":{"@id":"https:\/\/bellissima-films.com\/es\/#primaryimage"},"datePublished":"2022-10-03T10:15:34+00:00","dateModified":"2022-11-07T13:47:34+00:00","breadcrumb":{"@id":"https:\/\/bellissima-films.com\/es\/#breadcrumb"},"inLanguage":"es","potentialAction":[{"@type":"ReadAction","target":["https:\/\/bellissima-films.com\/es\/"]}]},{"@type":"BreadcrumbList","@id":"https:\/\/bellissima-films.com\/es\/#breadcrumb","itemListElement":[{"@type":"ListItem","position":1,"name":"Home","item":"https:\/\/bellissima-films.com\/es\/"},{"@type":"ListItem","position":2,"name":"Tu emparejador de citas local"}]}]}},"_links":{"self":[{"href":"https:\/\/bellissima-films.com\/es\/wp-json\/wp\/v2\/pages\/201"}],"collection":[{"href":"https:\/\/bellissima-films.com\/es\/wp-json\/wp\/v2\/pages"}],"about":[{"href":"https:\/\/bellissima-films.com\/es\/wp-json\/wp\/v2\/types\/page"}],"author":[{"embeddable":true,"href":"https:\/\/bellissima-films.com\/es\/wp-json\/wp\/v2\/users\/1"}],"replies":[{"embeddable":true,"href":"https:\/\/bellissima-films.com\/es\/wp-json\/wp\/v2\/comments?post=201"}],"version-history":[{"count":2,"href":"https:\/\/bellissima-films.com\/es\/wp-json\/wp\/v2\/pages\/201\/revisions"}],"predecessor-version":[{"id":304,"href":"https:\/\/bellissima-films.com\/es\/wp-json\/wp\/v2\/pages\/201\/revisions\/304"}],"wp:featuredmedia":[{"embeddable":true,"href":"https:\/\/bellissima-films.com\/es\/wp-json\/wp\/v2\/media\/115"}],"wp:attachment":[{"href":"https:\/\/bellissima-films.com\/es\/wp-json\/wp\/v2\/media?parent=201"}],"curies":[{"name":"wp","href":"https:\/\/api.w.org\/{rel}","templated":true}]}}