{"id":171,"date":"2022-10-03T13:29:28","date_gmt":"2022-10-03T12:29:28","guid":{"rendered":"http:\/\/bellissima-films.com\/sitios-de-sexting-en-linea\/"},"modified":"2022-10-03T13:29:28","modified_gmt":"2022-10-03T12:29:28","slug":"sitios-de-sexting-en-linea","status":"publish","type":"page","link":"https:\/\/bellissima-films.com\/es\/sitios-de-sexting-en-linea\/","title":{"rendered":"Sitios de sexting en l\u00ednea"},"content":{"rendered":"<p>Hay una variedad de sitios de sexting en l\u00ednea que permiten a los usuarios enviar y recibir mensajes e im\u00e1genes sexualmente expl\u00edcitos. Estos sitios pueden ser una excelente manera de conectarse con alguien que comparte sus intereses y deseos. Sin embargo, es importante ser consciente de los riesgos potenciales involucrados con el uso de estos sitios. En particular, existe la posibilidad de que alguien guarde o comparta sus mensajes o im\u00e1genes sin su consentimiento. Esto podr\u00eda llevar a la verg\u00fcenza o incluso a problemas legales. Por lo tanto, es importante que solo hagas sext con alguien en quien conf\u00edes y que est\u00e9s seguro de que mantendr\u00e1 tus mensajes e im\u00e1genes privados.<\/p>\n<h2>Sitios de sexting gratuitos<\/h2>\n<p>Si bien el sexting puede ser una forma divertida y f\u00e1cil de darle vida a su vida sexual, tambi\u00e9n hay algunos riesgos a considerar. Por ejemplo, si haces sext con alguien con quien no est\u00e1s en una relaci\u00f3n, es posible que compartan tus fotos o mensajes sin tu consentimiento. Adem\u00e1s, siempre existe la posibilidad de que tus sexts puedan ser interceptados por otra persona, como un hacker.<\/p>\n<p>Es por eso que es importante tener cuidado al elegir una pareja de sexting y asegurarse de que ambos est\u00e9n en la misma p\u00e1gina para mantener las cosas en privado. Hay algunas maneras diferentes de hacer esto. Primero, solo pod\u00edas hacer sexte con alguien que conoces y en quien conf\u00edas. O bien, puede usar un sitio o aplicaci\u00f3n de sexting que ofrezca cifrado de extremo a extremo, lo que significa que sus mensajes est\u00e1n encriptados y solo pueden ser le\u00eddos por la persona para la que est\u00e1n destinados. Finalmente, siempre es una buena idea tener una conversaci\u00f3n con su pareja de sexting sobre con qu\u00e9 se sienten c\u00f3modos ambos antes de comenzar a intercambiar mensajes. De esta manera, puede evitar posibles malentendidos o sentimientos heridos.<\/p>\n<h2>Chat de sexo casual<\/h2>\n<p>En el mundo de las citas en l\u00ednea, el chat de sexo casual puede ser una excelente manera de conocer a alguien nuevo. Puede ser una forma divertida y f\u00e1cil de conectarse con alguien sin la presi\u00f3n de una relaci\u00f3n comprometida. Sin embargo, es importante recordar que el chat de sexo casual es solo eso: casual. No dejes que conduzca a nada m\u00e1s serio a menos que ambos est\u00e9n en la misma p\u00e1gina. Si solo est\u00e1s buscando un poco de diversi\u00f3n, disfruta del chat, pero no te apegues demasiado.<\/p>\n<h2>Salas de chat sexuales<\/h2>\n<p>Internet ha proporcionado a las personas una excelente manera de conectarse con otros para citas y las salas de chat sexuales son una excelente manera de hacerlo. Puede encontrar salas de chat para personas interesadas en todo tipo de cosas diferentes y puede conocer a las personas antes de conocerlas en persona. Esta puede ser una excelente manera de conocer gente nueva y explorar tu sexualidad.<\/p>\n<h3>FlingPals<\/h3>\n<p>FlingPals es una nueva aplicaci\u00f3n de sexting que permite a los usuarios enviar y recibir textos y fotos sucias de otros usuarios. La aplicaci\u00f3n es gratuita para descargar y usar, y ofrece una suscripci\u00f3n premium por $ 4.99 por mes. La aplicaci\u00f3n est\u00e1 disponible para dispositivos iOS y Android. FlingPals es una gran aplicaci\u00f3n de sexting para personas que buscan una nueva forma de ensuciarse con sus parejas. La aplicaci\u00f3n es f\u00e1cil de usar y es gratuita para descargar y usar. La aplicaci\u00f3n tambi\u00e9n ofrece una suscripci\u00f3n premium por $ 4.99 por mes. La aplicaci\u00f3n est\u00e1 disponible para dispositivos iOS y Android.<\/p>\n<h3>Xpress<\/h3>\n<p>Si est\u00e1 buscando una aplicaci\u00f3n de citas que facilite la conexi\u00f3n con solteros locales, entonces vale la pena echarle un vistazo a Xpress. Esta aplicaci\u00f3n es f\u00e1cil de usar y se puede descargar de forma gratuita, lo que la convierte en una excelente opci\u00f3n para cualquiera que busque una forma r\u00e1pida y f\u00e1cil de conectarse con posibles conexiones.<\/p>\n<p>Sin embargo, una desventaja de Xpress es que no es la aplicaci\u00f3n m\u00e1s confiable cuando se trata de sexting. Si bien ciertamente puede encontrar personas con las que hacer sexting en esta aplicaci\u00f3n, es posible que tenga mejor suerte en otras plataformas que est\u00e1n dise\u00f1adas espec\u00edficamente para el sexting.<\/p>\n<h3>BBWCupid<\/h3>\n<p>BBWCupid es una aplicaci\u00f3n de citas dise\u00f1ada espec\u00edficamente para solteros de talla grande y sus admiradores. La aplicaci\u00f3n se puede descargar y usar de forma gratuita, pero puede actualizar a una membres\u00eda premium para desbloquear funciones adicionales. Con una membres\u00eda premium, puede ver perfiles de otros usuarios que est\u00e9n interesados en citas de talla grande, enviar y recibir mensajes y usar los filtros de b\u00fasqueda avanzada de la aplicaci\u00f3n. Si est\u00e1 buscando una aplicaci\u00f3n de citas de talla grande que facilite la conexi\u00f3n con otros solteros, definitivamente vale la pena echarle un vistazo a BBWCupid. La interfaz f\u00e1cil de usar de la aplicaci\u00f3n y los filtros de b\u00fasqueda completos la convierten en una excelente opci\u00f3n para encontrar su pr\u00f3xima cita o conexi\u00f3n. Y con una membres\u00eda gratuita, puede intentarlo sin romper el banco.<\/p>\n","protected":false},"excerpt":{"rendered":"<p>Hay una variedad de sitios de sexting en l\u00ednea que permiten a los usuarios enviar y recibir mensajes e im\u00e1genes sexualmente expl\u00edcitos. Estos sitios pueden ser una excelente manera de conectarse con alguien que comparte sus intereses y deseos. Sin embargo, es importante ser consciente de los riesgos potenciales involucrados\u2026<\/p>\n","protected":false},"author":1,"featured_media":0,"parent":0,"menu_order":0,"comment_status":"closed","ping_status":"closed","template":"","meta":[],"yoast_head":"<!-- This site is optimized with the Yoast SEO plugin v17.7.1 - https:\/\/yoast.com\/wordpress\/plugins\/seo\/ -->\n<title>Sitios de sexting en l\u00ednea - Film Reviews<\/title>\n<meta name=\"robots\" content=\"index, follow, max-snippet:-1, max-image-preview:large, max-video-preview:-1\" \/>\n<link rel=\"canonical\" href=\"https:\/\/bellissima-films.com\/es\/sitios-de-sexting-en-linea\/\" \/>\n<meta property=\"og:locale\" content=\"es_ES\" \/>\n<meta property=\"og:type\" content=\"article\" \/>\n<meta property=\"og:title\" content=\"Sitios de sexting en l\u00ednea - Film Reviews\" \/>\n<meta property=\"og:description\" content=\"Hay una variedad de sitios de sexting en l\u00ednea que permiten a los usuarios enviar y recibir mensajes e im\u00e1genes sexualmente expl\u00edcitos. Estos sitios pueden ser una excelente manera de conectarse con alguien que comparte sus intereses y deseos. Sin embargo, es importante ser consciente de los riesgos potenciales involucrados\u2026\" \/>\n<meta property=\"og:url\" content=\"https:\/\/bellissima-films.com\/es\/sitios-de-sexting-en-linea\/\" \/>\n<meta property=\"og:site_name\" content=\"Film Reviews\" \/>\n<meta name=\"twitter:card\" content=\"summary_large_image\" \/>\n<meta name=\"twitter:label1\" content=\"Tiempo de lectura\" \/>\n\t<meta name=\"twitter:data1\" content=\"4 minutos\" \/>\n<script type=\"application\/ld+json\" class=\"yoast-schema-graph\">{\"@context\":\"https:\/\/schema.org\",\"@graph\":[{\"@type\":\"WebSite\",\"@id\":\"https:\/\/bellissima-films.com\/es\/#website\",\"url\":\"https:\/\/bellissima-films.com\/es\/\",\"name\":\"Film Reviews\",\"description\":\"Real Hookups\",\"potentialAction\":[{\"@type\":\"SearchAction\",\"target\":{\"@type\":\"EntryPoint\",\"urlTemplate\":\"https:\/\/bellissima-films.com\/es\/?s={search_term_string}\"},\"query-input\":\"required name=search_term_string\"}],\"inLanguage\":\"es\"},{\"@type\":\"WebPage\",\"@id\":\"https:\/\/bellissima-films.com\/es\/sitios-de-sexting-en-linea\/#webpage\",\"url\":\"https:\/\/bellissima-films.com\/es\/sitios-de-sexting-en-linea\/\",\"name\":\"Sitios de sexting en l\\u00ednea - Film Reviews\",\"isPartOf\":{\"@id\":\"https:\/\/bellissima-films.com\/es\/#website\"},\"datePublished\":\"2022-10-03T12:29:28+00:00\",\"dateModified\":\"2022-10-03T12:29:28+00:00\",\"breadcrumb\":{\"@id\":\"https:\/\/bellissima-films.com\/es\/sitios-de-sexting-en-linea\/#breadcrumb\"},\"inLanguage\":\"es\",\"potentialAction\":[{\"@type\":\"ReadAction\",\"target\":[\"https:\/\/bellissima-films.com\/es\/sitios-de-sexting-en-linea\/\"]}]},{\"@type\":\"BreadcrumbList\",\"@id\":\"https:\/\/bellissima-films.com\/es\/sitios-de-sexting-en-linea\/#breadcrumb\",\"itemListElement\":[{\"@type\":\"ListItem\",\"position\":1,\"name\":\"Home\",\"item\":\"https:\/\/bellissima-films.com\/es\/\"},{\"@type\":\"ListItem\",\"position\":2,\"name\":\"Sitios de sexting en l\\u00ednea\"}]}]}<\/script>\n<!-- \/ Yoast SEO plugin. -->","yoast_head_json":{"title":"Sitios de sexting en l\u00ednea - Film Reviews","robots":{"index":"index","follow":"follow","max-snippet":"max-snippet:-1","max-image-preview":"max-image-preview:large","max-video-preview":"max-video-preview:-1"},"canonical":"https:\/\/bellissima-films.com\/es\/sitios-de-sexting-en-linea\/","og_locale":"es_ES","og_type":"article","og_title":"Sitios de sexting en l\u00ednea - Film Reviews","og_description":"Hay una variedad de sitios de sexting en l\u00ednea que permiten a los usuarios enviar y recibir mensajes e im\u00e1genes sexualmente expl\u00edcitos. Estos sitios pueden ser una excelente manera de conectarse con alguien que comparte sus intereses y deseos. Sin embargo, es importante ser consciente de los riesgos potenciales involucrados\u2026","og_url":"https:\/\/bellissima-films.com\/es\/sitios-de-sexting-en-linea\/","og_site_name":"Film Reviews","twitter_card":"summary_large_image","twitter_misc":{"Tiempo de lectura":"4 minutos"},"schema":{"@context":"https:\/\/schema.org","@graph":[{"@type":"WebSite","@id":"https:\/\/bellissima-films.com\/es\/#website","url":"https:\/\/bellissima-films.com\/es\/","name":"Film Reviews","description":"Real Hookups","potentialAction":[{"@type":"SearchAction","target":{"@type":"EntryPoint","urlTemplate":"https:\/\/bellissima-films.com\/es\/?s={search_term_string}"},"query-input":"required name=search_term_string"}],"inLanguage":"es"},{"@type":"WebPage","@id":"https:\/\/bellissima-films.com\/es\/sitios-de-sexting-en-linea\/#webpage","url":"https:\/\/bellissima-films.com\/es\/sitios-de-sexting-en-linea\/","name":"Sitios de sexting en l\u00ednea - Film Reviews","isPartOf":{"@id":"https:\/\/bellissima-films.com\/es\/#website"},"datePublished":"2022-10-03T12:29:28+00:00","dateModified":"2022-10-03T12:29:28+00:00","breadcrumb":{"@id":"https:\/\/bellissima-films.com\/es\/sitios-de-sexting-en-linea\/#breadcrumb"},"inLanguage":"es","potentialAction":[{"@type":"ReadAction","target":["https:\/\/bellissima-films.com\/es\/sitios-de-sexting-en-linea\/"]}]},{"@type":"BreadcrumbList","@id":"https:\/\/bellissima-films.com\/es\/sitios-de-sexting-en-linea\/#breadcrumb","itemListElement":[{"@type":"ListItem","position":1,"name":"Home","item":"https:\/\/bellissima-films.com\/es\/"},{"@type":"ListItem","position":2,"name":"Sitios de sexting en l\u00ednea"}]}]}},"_links":{"self":[{"href":"https:\/\/bellissima-films.com\/es\/wp-json\/wp\/v2\/pages\/171"}],"collection":[{"href":"https:\/\/bellissima-films.com\/es\/wp-json\/wp\/v2\/pages"}],"about":[{"href":"https:\/\/bellissima-films.com\/es\/wp-json\/wp\/v2\/types\/page"}],"author":[{"embeddable":true,"href":"https:\/\/bellissima-films.com\/es\/wp-json\/wp\/v2\/users\/1"}],"replies":[{"embeddable":true,"href":"https:\/\/bellissima-films.com\/es\/wp-json\/wp\/v2\/comments?post=171"}],"version-history":[{"count":0,"href":"https:\/\/bellissima-films.com\/es\/wp-json\/wp\/v2\/pages\/171\/revisions"}],"wp:attachment":[{"href":"https:\/\/bellissima-films.com\/es\/wp-json\/wp\/v2\/media?parent=171"}],"curies":[{"name":"wp","href":"https:\/\/api.w.org\/{rel}","templated":true}]}}