{"id":163,"date":"2022-10-03T13:30:04","date_gmt":"2022-10-03T12:30:04","guid":{"rendered":"http:\/\/bellissima-films.com\/sitios-de-conexion-milf-gratuitos\/"},"modified":"2022-10-03T13:30:04","modified_gmt":"2022-10-03T12:30:04","slug":"sitios-de-conexion-milf-gratuitos","status":"publish","type":"page","link":"https:\/\/bellissima-films.com\/es\/sitios-de-conexion-milf-gratuitos\/","title":{"rendered":"Sitios de conexi\u00f3n MILF gratuitos"},"content":{"rendered":"<p>Hay muchos sitios de conexi\u00f3n MILF gratuitos en l\u00ednea, por lo que es f\u00e1cil encontrar uno que sea adecuado para usted. Aseg\u00farese de leer las rese\u00f1as antes de registrarse en cualquier sitio, y aseg\u00farese de buscar un sitio que tenga una buena reputaci\u00f3n. Una vez que haya encontrado un sitio con el que se sienta c\u00f3modo, cree un perfil y comience a navegar a trav\u00e9s de los perfiles de MILF calientes en su \u00e1rea. Cuando encuentre a alguien que le interese, env\u00edele un mensaje y vea si est\u00e1 interesado en reunirse. Si lo son, entonces puede establecer una hora y un lugar para reunirse y ver si hay alguna qu\u00edmica. Si lo hay, \u00a1entonces puedes llevar las cosas al siguiente nivel y conectarte!<\/p>\n<h2>MILF locales<\/h2>\n<p>Hay algo en un MILF que simplemente nos hace d\u00e9biles en las rodillas. Tal vez sea su confianza, tal vez sea su experiencia, o tal vez sea el hecho de que simplemente parecen saber lo que est\u00e1n haciendo. Cualquiera que sea la raz\u00f3n, definitivamente vale la pena salir con MILF locales.<\/p>\n<p>Si est\u00e1 buscando salir <a href=\"http:\/\/bellissima-films.com\/granny-dating\/\">con un MILF<\/a>, hay algunas cosas que debe tener en cuenta. Primero, no est\u00e1n buscando una relaci\u00f3n, por lo general solo buscan pasar un buen rato. Por lo tanto, si est\u00e1 buscando algo serio, es posible que desee buscar en otro lugar. En segundo lugar, generalmente est\u00e1n bastante ocupados, por lo que deber\u00e1 ser flexible con su horario. Por \u00faltimo, saben lo que quieren, as\u00ed que prep\u00e1rate para darles lo que necesitan.<\/p>\n<p>Si puede manejar todo eso, entonces salir con un MILF puede ser una experiencia incre\u00edblemente divertida y gratificante. Solo aseg\u00farate de tomar las cosas con calma, ser respetuoso y estar listo para pasar un buen rato.<\/p>\n<p>Hay un mont\u00f3n de milfs locales cerca de m\u00ed que est\u00e1n buscando el amor. La mejor manera de encontrarlos es usar sitios de citas en l\u00ednea. De esta manera puedes ver los perfiles de todos los milfs locales cerca de m\u00ed y decidir con qui\u00e9n quieres hablar. Tambi\u00e9n puede leer rese\u00f1as de los diferentes sitios antes de registrarse en uno. De esta manera, puede estar seguro de que est\u00e1 utilizando un sitio de buena reputaci\u00f3n.<\/p>\n<h2>Sitios de citas de Milfs<\/h2>\n<p>Hay muchos sitios de citas MILF disponibles en l\u00ednea y se han vuelto bastante populares en los \u00faltimos a\u00f1os. Estos sitios proporcionan una excelente manera para que las mujeres mayores conozcan a hombres m\u00e1s j\u00f3venes, y viceversa. Ofrecen un ambiente seguro y divertido para que las personas se re\u00fanan e interact\u00faen, y muchos de ellos tienen muchos miembros. Esto significa que hay muchas oportunidades para encontrar una pareja.<\/p>\n<p>Sin embargo, es importante tener en cuenta que no todos los sitios de citas MILF son iguales. Hay algunos que son mejores que otros, y es importante investigar un poco antes de unirse a uno. De esta manera, puede estar seguro de que est\u00e1 obteniendo la mejor experiencia posible.<\/p>\n<h3>OneNightFriend<\/h3>\n<p>La aplicaci\u00f3n de citas OneNightFriend es uno de los mejores sitios gratuitos de conexi\u00f3n milf. Ha sido dise\u00f1ado para ayudar a hombres y mujeres solteros a encontrarse para citas casuales y conexiones. La aplicaci\u00f3n es f\u00e1cil de usar y f\u00e1cil de usar. Puede registrarse de forma gratuita y crear su perfil en cuesti\u00f3n de minutos. Una vez que haya creado su perfil, puede comenzar a buscar milfs locales en su \u00e1rea. OneNightFriend tiene una gran base de datos de milfs que buscan conexiones y citas casuales. Tambi\u00e9n puede usar la aplicaci\u00f3n para chatear con otros miembros e intercambiar mensajes. La aplicaci\u00f3n est\u00e1 disponible de forma gratuita en App Store y Google Play Store.<\/p>\n<h3>WetHunt<\/h3>\n<p>WetHunt es una nueva aplicaci\u00f3n de citas que se est\u00e1 volviendo r\u00e1pidamente popular entre los fan\u00e1ticos de la conexi\u00f3n milf. Es gratis para descargar y usar, y ofrece muchas caracter\u00edsticas que otras aplicaciones no tienen. Por ejemplo, puede buscar miembros por ubicaci\u00f3n, edad, intereses e incluso tipo de cuerpo. La aplicaci\u00f3n tambi\u00e9n tiene una funci\u00f3n de mensajer\u00eda, por lo que puede chatear con posibles citas antes de reunirse en persona. WetHunt es una gran opci\u00f3n para cualquiera que est\u00e9 buscando una aplicaci\u00f3n gratuita de conexi\u00f3n milf.<\/p>\n<h3>FlingPals<\/h3>\n<p>FlingPals es una nueva aplicaci\u00f3n de citas que se est\u00e1 volviendo r\u00e1pidamente popular entre los usuarios de todas las edades, especialmente aquellos en sus 20 y 30 a\u00f1os. La aplicaci\u00f3n permite a los usuarios conectarse con otros en funci\u00f3n de su ubicaci\u00f3n y edad, y luego chatear y organizar reuniones. La aplicaci\u00f3n se puede descargar y usar de forma gratuita, y no hay compras en la aplicaci\u00f3n. FlingPals ha sido elogiado por su simplicidad y facilidad de uso, y muchos usuarios han encontrado que es una excelente manera de conocer gente nueva en su \u00e1rea. La aplicaci\u00f3n tambi\u00e9n es popular entre las personas que buscan una conexi\u00f3n r\u00e1pida, ya que facilita los arreglos para reunirse con alguien cercano.<\/p>\n<p>En general, FlingPals es una gran nueva aplicaci\u00f3n de citas que seguramente atraer\u00e1 a una amplia gama de usuarios. Es f\u00e1cil de usar y ofrece una excelente manera de conocer gente nueva y potencialmente encontrar una aventura.<\/p>\n","protected":false},"excerpt":{"rendered":"<p>Hay muchos sitios de conexi\u00f3n MILF gratuitos en l\u00ednea, por lo que es f\u00e1cil encontrar uno que sea adecuado para usted. Aseg\u00farese de leer las rese\u00f1as antes de registrarse en cualquier sitio, y aseg\u00farese de buscar un sitio que tenga una buena reputaci\u00f3n. Una vez que haya encontrado un sitio\u2026<\/p>\n","protected":false},"author":1,"featured_media":0,"parent":0,"menu_order":0,"comment_status":"closed","ping_status":"closed","template":"","meta":[],"yoast_head":"<!-- This site is optimized with the Yoast SEO plugin v17.7.1 - https:\/\/yoast.com\/wordpress\/plugins\/seo\/ -->\n<title>Sitios de conexi\u00f3n MILF gratuitos - Film Reviews<\/title>\n<meta name=\"robots\" content=\"index, follow, max-snippet:-1, max-image-preview:large, max-video-preview:-1\" \/>\n<link rel=\"canonical\" href=\"https:\/\/bellissima-films.com\/es\/sitios-de-conexion-milf-gratuitos\/\" \/>\n<meta property=\"og:locale\" content=\"es_ES\" \/>\n<meta property=\"og:type\" content=\"article\" \/>\n<meta property=\"og:title\" content=\"Sitios de conexi\u00f3n MILF gratuitos - Film Reviews\" \/>\n<meta property=\"og:description\" content=\"Hay muchos sitios de conexi\u00f3n MILF gratuitos en l\u00ednea, por lo que es f\u00e1cil encontrar uno que sea adecuado para usted. Aseg\u00farese de leer las rese\u00f1as antes de registrarse en cualquier sitio, y aseg\u00farese de buscar un sitio que tenga una buena reputaci\u00f3n. Una vez que haya encontrado un sitio\u2026\" \/>\n<meta property=\"og:url\" content=\"https:\/\/bellissima-films.com\/es\/sitios-de-conexion-milf-gratuitos\/\" \/>\n<meta property=\"og:site_name\" content=\"Film Reviews\" \/>\n<meta name=\"twitter:card\" content=\"summary_large_image\" \/>\n<meta name=\"twitter:label1\" content=\"Tiempo de lectura\" \/>\n\t<meta name=\"twitter:data1\" content=\"5 minutos\" \/>\n<script type=\"application\/ld+json\" class=\"yoast-schema-graph\">{\"@context\":\"https:\/\/schema.org\",\"@graph\":[{\"@type\":\"WebSite\",\"@id\":\"http:\/\/bellissima-films.com\/es\/#website\",\"url\":\"http:\/\/bellissima-films.com\/es\/\",\"name\":\"Film Reviews\",\"description\":\"Real Hookups\",\"potentialAction\":[{\"@type\":\"SearchAction\",\"target\":{\"@type\":\"EntryPoint\",\"urlTemplate\":\"http:\/\/bellissima-films.com\/es\/?s={search_term_string}\"},\"query-input\":\"required name=search_term_string\"}],\"inLanguage\":\"es\"},{\"@type\":\"WebPage\",\"@id\":\"https:\/\/bellissima-films.com\/es\/sitios-de-conexion-milf-gratuitos\/#webpage\",\"url\":\"https:\/\/bellissima-films.com\/es\/sitios-de-conexion-milf-gratuitos\/\",\"name\":\"Sitios de conexi\\u00f3n MILF gratuitos - Film Reviews\",\"isPartOf\":{\"@id\":\"http:\/\/bellissima-films.com\/es\/#website\"},\"datePublished\":\"2022-10-03T12:30:04+00:00\",\"dateModified\":\"2022-10-03T12:30:04+00:00\",\"breadcrumb\":{\"@id\":\"https:\/\/bellissima-films.com\/es\/sitios-de-conexion-milf-gratuitos\/#breadcrumb\"},\"inLanguage\":\"es\",\"potentialAction\":[{\"@type\":\"ReadAction\",\"target\":[\"https:\/\/bellissima-films.com\/es\/sitios-de-conexion-milf-gratuitos\/\"]}]},{\"@type\":\"BreadcrumbList\",\"@id\":\"https:\/\/bellissima-films.com\/es\/sitios-de-conexion-milf-gratuitos\/#breadcrumb\",\"itemListElement\":[{\"@type\":\"ListItem\",\"position\":1,\"name\":\"Home\",\"item\":\"https:\/\/bellissima-films.com\/es\/\"},{\"@type\":\"ListItem\",\"position\":2,\"name\":\"Sitios de conexi\\u00f3n MILF gratuitos\"}]}]}<\/script>\n<!-- \/ Yoast SEO plugin. -->","yoast_head_json":{"title":"Sitios de conexi\u00f3n MILF gratuitos - Film Reviews","robots":{"index":"index","follow":"follow","max-snippet":"max-snippet:-1","max-image-preview":"max-image-preview:large","max-video-preview":"max-video-preview:-1"},"canonical":"https:\/\/bellissima-films.com\/es\/sitios-de-conexion-milf-gratuitos\/","og_locale":"es_ES","og_type":"article","og_title":"Sitios de conexi\u00f3n MILF gratuitos - Film Reviews","og_description":"Hay muchos sitios de conexi\u00f3n MILF gratuitos en l\u00ednea, por lo que es f\u00e1cil encontrar uno que sea adecuado para usted. Aseg\u00farese de leer las rese\u00f1as antes de registrarse en cualquier sitio, y aseg\u00farese de buscar un sitio que tenga una buena reputaci\u00f3n. Una vez que haya encontrado un sitio\u2026","og_url":"https:\/\/bellissima-films.com\/es\/sitios-de-conexion-milf-gratuitos\/","og_site_name":"Film Reviews","twitter_card":"summary_large_image","twitter_misc":{"Tiempo de lectura":"5 minutos"},"schema":{"@context":"https:\/\/schema.org","@graph":[{"@type":"WebSite","@id":"http:\/\/bellissima-films.com\/es\/#website","url":"http:\/\/bellissima-films.com\/es\/","name":"Film Reviews","description":"Real Hookups","potentialAction":[{"@type":"SearchAction","target":{"@type":"EntryPoint","urlTemplate":"http:\/\/bellissima-films.com\/es\/?s={search_term_string}"},"query-input":"required name=search_term_string"}],"inLanguage":"es"},{"@type":"WebPage","@id":"https:\/\/bellissima-films.com\/es\/sitios-de-conexion-milf-gratuitos\/#webpage","url":"https:\/\/bellissima-films.com\/es\/sitios-de-conexion-milf-gratuitos\/","name":"Sitios de conexi\u00f3n MILF gratuitos - Film Reviews","isPartOf":{"@id":"http:\/\/bellissima-films.com\/es\/#website"},"datePublished":"2022-10-03T12:30:04+00:00","dateModified":"2022-10-03T12:30:04+00:00","breadcrumb":{"@id":"https:\/\/bellissima-films.com\/es\/sitios-de-conexion-milf-gratuitos\/#breadcrumb"},"inLanguage":"es","potentialAction":[{"@type":"ReadAction","target":["https:\/\/bellissima-films.com\/es\/sitios-de-conexion-milf-gratuitos\/"]}]},{"@type":"BreadcrumbList","@id":"https:\/\/bellissima-films.com\/es\/sitios-de-conexion-milf-gratuitos\/#breadcrumb","itemListElement":[{"@type":"ListItem","position":1,"name":"Home","item":"https:\/\/bellissima-films.com\/es\/"},{"@type":"ListItem","position":2,"name":"Sitios de conexi\u00f3n MILF gratuitos"}]}]}},"_links":{"self":[{"href":"https:\/\/bellissima-films.com\/es\/wp-json\/wp\/v2\/pages\/163"}],"collection":[{"href":"https:\/\/bellissima-films.com\/es\/wp-json\/wp\/v2\/pages"}],"about":[{"href":"https:\/\/bellissima-films.com\/es\/wp-json\/wp\/v2\/types\/page"}],"author":[{"embeddable":true,"href":"https:\/\/bellissima-films.com\/es\/wp-json\/wp\/v2\/users\/1"}],"replies":[{"embeddable":true,"href":"https:\/\/bellissima-films.com\/es\/wp-json\/wp\/v2\/comments?post=163"}],"version-history":[{"count":0,"href":"https:\/\/bellissima-films.com\/es\/wp-json\/wp\/v2\/pages\/163\/revisions"}],"wp:attachment":[{"href":"https:\/\/bellissima-films.com\/es\/wp-json\/wp\/v2\/media?parent=163"}],"curies":[{"name":"wp","href":"https:\/\/api.w.org\/{rel}","templated":true}]}}