{"id":149,"date":"2022-10-03T13:30:32","date_gmt":"2022-10-03T12:30:32","guid":{"rendered":"http:\/\/bellissima-films.com\/aplicaciones-de-citas-discretas\/"},"modified":"2022-10-03T13:30:32","modified_gmt":"2022-10-03T12:30:32","slug":"aplicaciones-de-citas-discretas","status":"publish","type":"page","link":"https:\/\/bellissima-films.com\/es\/aplicaciones-de-citas-discretas\/","title":{"rendered":"Aplicaciones de citas discretas"},"content":{"rendered":"<p>Hay una variedad de <a href=\"http:\/\/bellissima-films.com\/es\/sitios-de-conexion-milf-gratuitos\/\">aplicaciones de citas discretas<\/a> disponibles que est\u00e1n dise\u00f1adas espec\u00edficamente para personas que buscan conectarse. Estas aplicaciones permiten a los usuarios conectarse con otras personas que est\u00e1n interesadas en lo mismo, sin tener que pasar por la molestia de las citas tradicionales. Esto hace que sea f\u00e1cil encontrar a alguien que est\u00e9 deprimido por lo que sea, sin tener que preocuparse por el rechazo o el juicio.<\/p>\n<h2>Sitios de sexo discreto<\/h2>\n<p>Hay una variedad de sitios de sexo discreto que atienden a aquellos que buscan un encuentro sexual fuera de una relaci\u00f3n de citas tradicional. Estos sitios proporcionan una forma segura y an\u00f3nima de conectarse con otras personas que est\u00e1n interesadas en explorar su sexualidad. Muchos de estos sitios tambi\u00e9n ofrecen una variedad de caracter\u00edsticas y herramientas para ayudar a los miembros a conectarse entre s\u00ed y planificar reuniones.<\/p>\n<p>Hay muchas maneras de encontrar el amor, y para algunas personas, una aventura discreta es la mejor manera de hacerlo. Hay muchas razones por las que alguien puede elegir tener una aventura discreta, incluida la necesidad de discreci\u00f3n debido a su trabajo o estatus social. Cualquiera que sea la raz\u00f3n, una aventura discreta puede ser una excelente manera de encontrar amor y compa\u00f1\u00eda. Hay algunas cosas a tener en cuenta si est\u00e1 considerando una aventura discreta. Primero, aseg\u00farese de que ambos est\u00e9n en la misma p\u00e1gina sobre lo que est\u00e1n buscando. Si no lo est\u00e1s, es f\u00e1cil que las cosas se compliquen r\u00e1pidamente. En segundo lugar, aseg\u00farese de comunicarse abierta y honestamente entre s\u00ed. Esto es clave para cualquier relaci\u00f3n, pero es especialmente importante en un asunto discreto. Finalmente, no tengas miedo de ser un poco espont\u00e1neo. Esto puede hacer que toda la experiencia sea a\u00fan m\u00e1s emocionante.<\/p>\n<h2>Conexiones discretas<\/h2>\n<p>Hay mucha gente por ah\u00ed que est\u00e1 buscando conexiones discretas. Ya sea que est\u00e9n solteros y solo busquen una aventura sin ataduras o en una relaci\u00f3n pero quieran hacer trampa, siempre hay alguien que busca una conexi\u00f3n. Si eres alguien que est\u00e1 interesado en conexiones discretas, hay algunas cosas que puedes hacer para aumentar tus posibilidades de encontrar a alguien. Primero, intente usar una aplicaci\u00f3n o sitio de citas que atienda a las personas que buscan encuentros casuales. Hay muchos de estos por ah\u00ed, por lo que no deber\u00eda ser demasiado dif\u00edcil encontrar uno que se adapte a sus necesidades.<\/p>\n<p>Una vez que haya encontrado un buen sitio o aplicaci\u00f3n de citas, aseg\u00farese de crear un buen perfil. Incluye algunas fotos sexys de ti mismo y s\u00e9 claro sobre lo que est\u00e1s buscando. Sea sincero sobre sus deseos y ser\u00e1 m\u00e1s probable que atraiga al tipo correcto de personas. Si juegas bien tus cartas, deber\u00edas poder encontrar muchas personas interesadas en conexiones discretas. Solo ten cuidado y aseg\u00farate de saber en qu\u00e9 te est\u00e1s metiendo antes de reunirte con alguien.<\/p>\n<h3>BBWCupid<\/h3>\n<p>BBWCupid es una aplicaci\u00f3n de citas que est\u00e1 dise\u00f1ada espec\u00edficamente para mujeres de talla grande y los hombres que las aman. La aplicaci\u00f3n es una forma segura y discreta de conocer a otros solteros de talla grande en su \u00e1rea. La aplicaci\u00f3n tiene una gran base de datos de usuarios, por lo que seguramente encontrar\u00e1 a alguien que sea compatible con usted. La aplicaci\u00f3n es f\u00e1cil de usar y tiene una interfaz f\u00e1cil de usar. La aplicaci\u00f3n se puede descargar y usar de forma gratuita.<\/p>\n<h3>Lista doble<\/h3>\n<p>DoubleList es una aplicaci\u00f3n de citas discreta que te permite encontrar coincidencias de forma r\u00e1pida y sencilla. La aplicaci\u00f3n est\u00e1 dise\u00f1ada para personas que buscan una forma r\u00e1pida y f\u00e1cil de encontrar una pareja. La aplicaci\u00f3n se puede descargar y usar de forma gratuita. La aplicaci\u00f3n est\u00e1 disponible para dispositivos iPhone y Android.<\/p>\n<h3>Mapas de rublos<\/h3>\n<p>Hay muchas aplicaciones de citas discretas disponibles en el mercado hoy en d\u00eda, pero Rubmaps es una de las m\u00e1s populares. Esta aplicaci\u00f3n permite a los usuarios encontrar posibles coincidencias en su \u00e1rea que est\u00e9n interesadas en las mismas cosas que ellos. Rubmaps tambi\u00e9n tiene una gran caracter\u00edstica que permite a los usuarios ver qu\u00e9 tan lejos est\u00e1n las posibles coincidencias, lo cual es muy \u00fatil para aquellos que buscan un encuentro discreto. La aplicaci\u00f3n se puede descargar y usar de forma gratuita, y est\u00e1 disponible para dispositivos iOS y Android.<\/p>\n","protected":false},"excerpt":{"rendered":"<p>Hay una variedad de aplicaciones de citas discretas disponibles que est\u00e1n dise\u00f1adas espec\u00edficamente para personas que buscan conectarse. Estas aplicaciones permiten a los usuarios conectarse con otras personas que est\u00e1n interesadas en lo mismo, sin tener que pasar por la molestia de las citas tradicionales. Esto hace que sea f\u00e1cil\u2026<\/p>\n","protected":false},"author":1,"featured_media":0,"parent":0,"menu_order":0,"comment_status":"closed","ping_status":"closed","template":"","meta":[],"yoast_head":"<!-- This site is optimized with the Yoast SEO plugin v17.7.1 - https:\/\/yoast.com\/wordpress\/plugins\/seo\/ -->\n<title>Aplicaciones de citas discretas - Film Reviews<\/title>\n<meta name=\"robots\" content=\"index, follow, max-snippet:-1, max-image-preview:large, max-video-preview:-1\" \/>\n<link rel=\"canonical\" href=\"https:\/\/bellissima-films.com\/es\/aplicaciones-de-citas-discretas\/\" \/>\n<meta property=\"og:locale\" content=\"es_ES\" \/>\n<meta property=\"og:type\" content=\"article\" \/>\n<meta property=\"og:title\" content=\"Aplicaciones de citas discretas - Film Reviews\" \/>\n<meta property=\"og:description\" content=\"Hay una variedad de aplicaciones de citas discretas disponibles que est\u00e1n dise\u00f1adas espec\u00edficamente para personas que buscan conectarse. Estas aplicaciones permiten a los usuarios conectarse con otras personas que est\u00e1n interesadas en lo mismo, sin tener que pasar por la molestia de las citas tradicionales. Esto hace que sea f\u00e1cil\u2026\" \/>\n<meta property=\"og:url\" content=\"https:\/\/bellissima-films.com\/es\/aplicaciones-de-citas-discretas\/\" \/>\n<meta property=\"og:site_name\" content=\"Film Reviews\" \/>\n<meta name=\"twitter:card\" content=\"summary_large_image\" \/>\n<meta name=\"twitter:label1\" content=\"Tiempo de lectura\" \/>\n\t<meta name=\"twitter:data1\" content=\"4 minutos\" \/>\n<script type=\"application\/ld+json\" class=\"yoast-schema-graph\">{\"@context\":\"https:\/\/schema.org\",\"@graph\":[{\"@type\":\"WebSite\",\"@id\":\"http:\/\/bellissima-films.com\/es\/#website\",\"url\":\"http:\/\/bellissima-films.com\/es\/\",\"name\":\"Film Reviews\",\"description\":\"Real Hookups\",\"potentialAction\":[{\"@type\":\"SearchAction\",\"target\":{\"@type\":\"EntryPoint\",\"urlTemplate\":\"http:\/\/bellissima-films.com\/es\/?s={search_term_string}\"},\"query-input\":\"required name=search_term_string\"}],\"inLanguage\":\"es\"},{\"@type\":\"WebPage\",\"@id\":\"https:\/\/bellissima-films.com\/es\/aplicaciones-de-citas-discretas\/#webpage\",\"url\":\"https:\/\/bellissima-films.com\/es\/aplicaciones-de-citas-discretas\/\",\"name\":\"Aplicaciones de citas discretas - Film Reviews\",\"isPartOf\":{\"@id\":\"http:\/\/bellissima-films.com\/es\/#website\"},\"datePublished\":\"2022-10-03T12:30:32+00:00\",\"dateModified\":\"2022-10-03T12:30:32+00:00\",\"breadcrumb\":{\"@id\":\"https:\/\/bellissima-films.com\/es\/aplicaciones-de-citas-discretas\/#breadcrumb\"},\"inLanguage\":\"es\",\"potentialAction\":[{\"@type\":\"ReadAction\",\"target\":[\"https:\/\/bellissima-films.com\/es\/aplicaciones-de-citas-discretas\/\"]}]},{\"@type\":\"BreadcrumbList\",\"@id\":\"https:\/\/bellissima-films.com\/es\/aplicaciones-de-citas-discretas\/#breadcrumb\",\"itemListElement\":[{\"@type\":\"ListItem\",\"position\":1,\"name\":\"Home\",\"item\":\"https:\/\/bellissima-films.com\/es\/\"},{\"@type\":\"ListItem\",\"position\":2,\"name\":\"Aplicaciones de citas discretas\"}]}]}<\/script>\n<!-- \/ Yoast SEO plugin. -->","yoast_head_json":{"title":"Aplicaciones de citas discretas - Film Reviews","robots":{"index":"index","follow":"follow","max-snippet":"max-snippet:-1","max-image-preview":"max-image-preview:large","max-video-preview":"max-video-preview:-1"},"canonical":"https:\/\/bellissima-films.com\/es\/aplicaciones-de-citas-discretas\/","og_locale":"es_ES","og_type":"article","og_title":"Aplicaciones de citas discretas - Film Reviews","og_description":"Hay una variedad de aplicaciones de citas discretas disponibles que est\u00e1n dise\u00f1adas espec\u00edficamente para personas que buscan conectarse. Estas aplicaciones permiten a los usuarios conectarse con otras personas que est\u00e1n interesadas en lo mismo, sin tener que pasar por la molestia de las citas tradicionales. Esto hace que sea f\u00e1cil\u2026","og_url":"https:\/\/bellissima-films.com\/es\/aplicaciones-de-citas-discretas\/","og_site_name":"Film Reviews","twitter_card":"summary_large_image","twitter_misc":{"Tiempo de lectura":"4 minutos"},"schema":{"@context":"https:\/\/schema.org","@graph":[{"@type":"WebSite","@id":"http:\/\/bellissima-films.com\/es\/#website","url":"http:\/\/bellissima-films.com\/es\/","name":"Film Reviews","description":"Real Hookups","potentialAction":[{"@type":"SearchAction","target":{"@type":"EntryPoint","urlTemplate":"http:\/\/bellissima-films.com\/es\/?s={search_term_string}"},"query-input":"required name=search_term_string"}],"inLanguage":"es"},{"@type":"WebPage","@id":"https:\/\/bellissima-films.com\/es\/aplicaciones-de-citas-discretas\/#webpage","url":"https:\/\/bellissima-films.com\/es\/aplicaciones-de-citas-discretas\/","name":"Aplicaciones de citas discretas - Film Reviews","isPartOf":{"@id":"http:\/\/bellissima-films.com\/es\/#website"},"datePublished":"2022-10-03T12:30:32+00:00","dateModified":"2022-10-03T12:30:32+00:00","breadcrumb":{"@id":"https:\/\/bellissima-films.com\/es\/aplicaciones-de-citas-discretas\/#breadcrumb"},"inLanguage":"es","potentialAction":[{"@type":"ReadAction","target":["https:\/\/bellissima-films.com\/es\/aplicaciones-de-citas-discretas\/"]}]},{"@type":"BreadcrumbList","@id":"https:\/\/bellissima-films.com\/es\/aplicaciones-de-citas-discretas\/#breadcrumb","itemListElement":[{"@type":"ListItem","position":1,"name":"Home","item":"https:\/\/bellissima-films.com\/es\/"},{"@type":"ListItem","position":2,"name":"Aplicaciones de citas discretas"}]}]}},"_links":{"self":[{"href":"https:\/\/bellissima-films.com\/es\/wp-json\/wp\/v2\/pages\/149"}],"collection":[{"href":"https:\/\/bellissima-films.com\/es\/wp-json\/wp\/v2\/pages"}],"about":[{"href":"https:\/\/bellissima-films.com\/es\/wp-json\/wp\/v2\/types\/page"}],"author":[{"embeddable":true,"href":"https:\/\/bellissima-films.com\/es\/wp-json\/wp\/v2\/users\/1"}],"replies":[{"embeddable":true,"href":"https:\/\/bellissima-films.com\/es\/wp-json\/wp\/v2\/comments?post=149"}],"version-history":[{"count":0,"href":"https:\/\/bellissima-films.com\/es\/wp-json\/wp\/v2\/pages\/149\/revisions"}],"wp:attachment":[{"href":"https:\/\/bellissima-films.com\/es\/wp-json\/wp\/v2\/media?parent=149"}],"curies":[{"name":"wp","href":"https:\/\/api.w.org\/{rel}","templated":true}]}}