{"id":143,"date":"2022-10-03T13:30:59","date_gmt":"2022-10-03T12:30:59","guid":{"rendered":"http:\/\/bellissima-films.com\/sitios-de-citas-de-cross-dresser\/"},"modified":"2022-10-03T13:30:59","modified_gmt":"2022-10-03T12:30:59","slug":"sitios-de-citas-de-cross-dresser","status":"publish","type":"page","link":"https:\/\/bellissima-films.com\/es\/sitios-de-citas-de-cross-dresser\/","title":{"rendered":"Sitios de citas de Cross Dresser"},"content":{"rendered":"<p>Si est\u00e1 buscando una pareja a la que le guste vestirse con ropa de mujer, hay muchos sitios de citas de travestis que pueden ayudarlo a encontrar su pareja perfecta. Estos sitios atienden a personas que disfrutan vestirse con ropa del sexo opuesto, y pueden ser una excelente manera de encontrar una pareja que comparta su inter\u00e9s.<\/p>\n<p>La mayor\u00eda de los <a href=\"http:\/\/bellissima-films.com\/es\/aplicaciones-de-citas-discretas\/\">sitios de citas<\/a> cross dresser funcionan como cualquier otro sitio de citas: crea un perfil, navega por los perfiles de otros miembros y env\u00eda mensajes de ida y vuelta. Algunos sitios tambi\u00e9n tienen salas de chat y foros donde puede conocer mejor a otros miembros. Si est\u00e1 interesado en conectarse con un travesti, hay algunas cosas que debe tener en cuenta. Primero, los travestis se pueden encontrar en cualquier sitio de citas, as\u00ed que no limite su b\u00fasqueda a solo sitios de citas de travestis. En segundo lugar, los travestis suelen ser muy abiertos sobre su inter\u00e9s, as\u00ed que no tengas miedo de hacer preguntas o sacar el tema t\u00fa mismo. Y por \u00faltimo, \u00a1no olvides divertirte! El travestismo se trata de explorar tu sexualidad y disfrutar, as\u00ed que aseg\u00farate de hacer precisamente eso.<\/p>\n<h2>Personales de travestismo<\/h2>\n<p>Las personalidades de travesti pueden ser una excelente manera de conocer a otras personas que comparten su inter\u00e9s en el travestismo. Ya sea que est\u00e9 buscando amistad, romance o simplemente alguien con quien charlar, puede encontrarlo todo en travestis personales. Hay todo tipo de personas que usan travestis personales, por lo que seguramente encontrar\u00e1s a alguien que comparta tus intereses y con quien seas compatible. Lo mejor de todo es que es una comunidad segura y acogedora donde todos son aceptados por lo que son. Entonces, si est\u00e1 buscando un lugar para explorar sus intereses de travestismo, crossdresser personals es el lugar perfecto para comenzar.<\/p>\n<p>Si est\u00e1s buscando amor y resulta que eres un travesti, hay algunas cosas que puedes hacer para aumentar tus posibilidades de encontrar una pareja compatible. Primero, considere unirse a un grupo de apoyo de travestismo o comunidad en l\u00ednea. Esto te ayudar\u00e1 a conectarte con otros travestis que pueden estar en una situaci\u00f3n similar y buscando amor. Adem\u00e1s, aseg\u00farese de ser abierto y honesto sobre su travestismo con socios potenciales. Es importante encontrar a alguien que acepte y comprenda su estilo de vida. Finalmente, no tengas miedo de salir y salir en citas. Cuanto m\u00e1s salgas, m\u00e1s probable es que encuentres a alguien con quien realmente te conectes.<\/p>\n<h2>Sitios de citas para travestis<\/h2>\n<p>Hay muchos sitios de citas para travestis. \u00a1Solo tienes que saber d\u00f3nde buscar! Intente hacer una b\u00fasqueda de \u00abcitas de travestis\u00bb o \u00abcitas transg\u00e9nero\u00bb. Deber\u00edas poder encontrar muchos resultados. Solo aseg\u00farese de leer las rese\u00f1as antes de registrarse para cualquier cosa, para que pueda estar seguro de que est\u00e1 obteniendo lo que desea.<\/p>\n<h3>Datehookup<\/h3>\n<p>Datehookup es una aplicaci\u00f3n de citas popular con una amplia base de usuarios. La aplicaci\u00f3n se puede descargar y usar de forma gratuita. Sin embargo, ofrece algunas compras en la aplicaci\u00f3n. La aplicaci\u00f3n est\u00e1 disponible para dispositivos Android e iOS. La aplicaci\u00f3n es f\u00e1cil de usar y navegar. La interfaz de usuario es simple y directa. La aplicaci\u00f3n tiene muchas caracter\u00edsticas que la convierten en una buena opci\u00f3n para travestis. La aplicaci\u00f3n le permite buscar a otros usuarios por ubicaci\u00f3n, edad, sexo e intereses. Tambi\u00e9n puede enviar y recibir mensajes, y ver perfiles.<\/p>\n<p>En general, la aplicaci\u00f3n es una buena opci\u00f3n para los travestis. Es f\u00e1cil de usar y tiene muchas caracter\u00edsticas. La aplicaci\u00f3n tambi\u00e9n se puede descargar y usar de forma gratuita.<\/p>\n<h3>FlingPals<\/h3>\n<p>FlingPals es una nueva aplicaci\u00f3n de citas que est\u00e1 dise\u00f1ada espec\u00edficamente para personas que aman el travestismo. La aplicaci\u00f3n se puede descargar y usar de forma gratuita, y ofrece una amplia gama de caracter\u00edsticas que facilitan la b\u00fasqueda y la conexi\u00f3n con otros travestis. La aplicaci\u00f3n tambi\u00e9n incluye una funci\u00f3n de chat incorporada, para que pueda mantenerse en contacto f\u00e1cilmente con otros usuarios. En general, FlingPals es una gran nueva adici\u00f3n al mundo de los sitios de citas de travestis, y seguramente lo ayudar\u00e1 a encontrar la pareja perfecta.<\/p>\n<h3>Uberhorny<\/h3>\n<p>Si est\u00e1 buscando un sitio de citas de travestis que sea f\u00e1cil de usar y ofrezca muchas funciones, querr\u00e1 consultar Uberhorny. Este sitio hace que sea f\u00e1cil encontrar coincidencias y chatear con ellos. Tambi\u00e9n puede usar el sitio para encontrar eventos y grupos cerca de usted. El sitio es de uso gratuito y puede actualizar a una membres\u00eda premium para obtener a\u00fan m\u00e1s funciones.<\/p>\n","protected":false},"excerpt":{"rendered":"<p>Si est\u00e1 buscando una pareja a la que le guste vestirse con ropa de mujer, hay muchos sitios de citas de travestis que pueden ayudarlo a encontrar su pareja perfecta. Estos sitios atienden a personas que disfrutan vestirse con ropa del sexo opuesto, y pueden ser una excelente manera de\u2026<\/p>\n","protected":false},"author":1,"featured_media":0,"parent":0,"menu_order":0,"comment_status":"closed","ping_status":"closed","template":"","meta":[],"yoast_head":"<!-- This site is optimized with the Yoast SEO plugin v17.7.1 - https:\/\/yoast.com\/wordpress\/plugins\/seo\/ -->\n<title>Sitios de citas de Cross Dresser - Film Reviews<\/title>\n<meta name=\"robots\" content=\"index, follow, max-snippet:-1, max-image-preview:large, max-video-preview:-1\" \/>\n<link rel=\"canonical\" href=\"https:\/\/bellissima-films.com\/es\/sitios-de-citas-de-cross-dresser\/\" \/>\n<meta property=\"og:locale\" content=\"es_ES\" \/>\n<meta property=\"og:type\" content=\"article\" \/>\n<meta property=\"og:title\" content=\"Sitios de citas de Cross Dresser - Film Reviews\" \/>\n<meta property=\"og:description\" content=\"Si est\u00e1 buscando una pareja a la que le guste vestirse con ropa de mujer, hay muchos sitios de citas de travestis que pueden ayudarlo a encontrar su pareja perfecta. Estos sitios atienden a personas que disfrutan vestirse con ropa del sexo opuesto, y pueden ser una excelente manera de\u2026\" \/>\n<meta property=\"og:url\" content=\"https:\/\/bellissima-films.com\/es\/sitios-de-citas-de-cross-dresser\/\" \/>\n<meta property=\"og:site_name\" content=\"Film Reviews\" \/>\n<meta name=\"twitter:card\" content=\"summary_large_image\" \/>\n<meta name=\"twitter:label1\" content=\"Tiempo de lectura\" \/>\n\t<meta name=\"twitter:data1\" content=\"4 minutos\" \/>\n<script type=\"application\/ld+json\" class=\"yoast-schema-graph\">{\"@context\":\"https:\/\/schema.org\",\"@graph\":[{\"@type\":\"WebSite\",\"@id\":\"http:\/\/bellissima-films.com\/es\/#website\",\"url\":\"http:\/\/bellissima-films.com\/es\/\",\"name\":\"Film Reviews\",\"description\":\"Real Hookups\",\"potentialAction\":[{\"@type\":\"SearchAction\",\"target\":{\"@type\":\"EntryPoint\",\"urlTemplate\":\"http:\/\/bellissima-films.com\/es\/?s={search_term_string}\"},\"query-input\":\"required name=search_term_string\"}],\"inLanguage\":\"es\"},{\"@type\":\"WebPage\",\"@id\":\"https:\/\/bellissima-films.com\/es\/sitios-de-citas-de-cross-dresser\/#webpage\",\"url\":\"https:\/\/bellissima-films.com\/es\/sitios-de-citas-de-cross-dresser\/\",\"name\":\"Sitios de citas de Cross Dresser - Film Reviews\",\"isPartOf\":{\"@id\":\"http:\/\/bellissima-films.com\/es\/#website\"},\"datePublished\":\"2022-10-03T12:30:59+00:00\",\"dateModified\":\"2022-10-03T12:30:59+00:00\",\"breadcrumb\":{\"@id\":\"https:\/\/bellissima-films.com\/es\/sitios-de-citas-de-cross-dresser\/#breadcrumb\"},\"inLanguage\":\"es\",\"potentialAction\":[{\"@type\":\"ReadAction\",\"target\":[\"https:\/\/bellissima-films.com\/es\/sitios-de-citas-de-cross-dresser\/\"]}]},{\"@type\":\"BreadcrumbList\",\"@id\":\"https:\/\/bellissima-films.com\/es\/sitios-de-citas-de-cross-dresser\/#breadcrumb\",\"itemListElement\":[{\"@type\":\"ListItem\",\"position\":1,\"name\":\"Home\",\"item\":\"https:\/\/bellissima-films.com\/es\/\"},{\"@type\":\"ListItem\",\"position\":2,\"name\":\"Sitios de citas de Cross Dresser\"}]}]}<\/script>\n<!-- \/ Yoast SEO plugin. -->","yoast_head_json":{"title":"Sitios de citas de Cross Dresser - Film Reviews","robots":{"index":"index","follow":"follow","max-snippet":"max-snippet:-1","max-image-preview":"max-image-preview:large","max-video-preview":"max-video-preview:-1"},"canonical":"https:\/\/bellissima-films.com\/es\/sitios-de-citas-de-cross-dresser\/","og_locale":"es_ES","og_type":"article","og_title":"Sitios de citas de Cross Dresser - Film Reviews","og_description":"Si est\u00e1 buscando una pareja a la que le guste vestirse con ropa de mujer, hay muchos sitios de citas de travestis que pueden ayudarlo a encontrar su pareja perfecta. Estos sitios atienden a personas que disfrutan vestirse con ropa del sexo opuesto, y pueden ser una excelente manera de\u2026","og_url":"https:\/\/bellissima-films.com\/es\/sitios-de-citas-de-cross-dresser\/","og_site_name":"Film Reviews","twitter_card":"summary_large_image","twitter_misc":{"Tiempo de lectura":"4 minutos"},"schema":{"@context":"https:\/\/schema.org","@graph":[{"@type":"WebSite","@id":"http:\/\/bellissima-films.com\/es\/#website","url":"http:\/\/bellissima-films.com\/es\/","name":"Film Reviews","description":"Real Hookups","potentialAction":[{"@type":"SearchAction","target":{"@type":"EntryPoint","urlTemplate":"http:\/\/bellissima-films.com\/es\/?s={search_term_string}"},"query-input":"required name=search_term_string"}],"inLanguage":"es"},{"@type":"WebPage","@id":"https:\/\/bellissima-films.com\/es\/sitios-de-citas-de-cross-dresser\/#webpage","url":"https:\/\/bellissima-films.com\/es\/sitios-de-citas-de-cross-dresser\/","name":"Sitios de citas de Cross Dresser - Film Reviews","isPartOf":{"@id":"http:\/\/bellissima-films.com\/es\/#website"},"datePublished":"2022-10-03T12:30:59+00:00","dateModified":"2022-10-03T12:30:59+00:00","breadcrumb":{"@id":"https:\/\/bellissima-films.com\/es\/sitios-de-citas-de-cross-dresser\/#breadcrumb"},"inLanguage":"es","potentialAction":[{"@type":"ReadAction","target":["https:\/\/bellissima-films.com\/es\/sitios-de-citas-de-cross-dresser\/"]}]},{"@type":"BreadcrumbList","@id":"https:\/\/bellissima-films.com\/es\/sitios-de-citas-de-cross-dresser\/#breadcrumb","itemListElement":[{"@type":"ListItem","position":1,"name":"Home","item":"https:\/\/bellissima-films.com\/es\/"},{"@type":"ListItem","position":2,"name":"Sitios de citas de Cross Dresser"}]}]}},"_links":{"self":[{"href":"https:\/\/bellissima-films.com\/es\/wp-json\/wp\/v2\/pages\/143"}],"collection":[{"href":"https:\/\/bellissima-films.com\/es\/wp-json\/wp\/v2\/pages"}],"about":[{"href":"https:\/\/bellissima-films.com\/es\/wp-json\/wp\/v2\/types\/page"}],"author":[{"embeddable":true,"href":"https:\/\/bellissima-films.com\/es\/wp-json\/wp\/v2\/users\/1"}],"replies":[{"embeddable":true,"href":"https:\/\/bellissima-films.com\/es\/wp-json\/wp\/v2\/comments?post=143"}],"version-history":[{"count":0,"href":"https:\/\/bellissima-films.com\/es\/wp-json\/wp\/v2\/pages\/143\/revisions"}],"wp:attachment":[{"href":"https:\/\/bellissima-films.com\/es\/wp-json\/wp\/v2\/media?parent=143"}],"curies":[{"name":"wp","href":"https:\/\/api.w.org\/{rel}","templated":true}]}}