{"id":159,"date":"2022-10-03T13:30:04","date_gmt":"2022-10-03T12:30:04","guid":{"rendered":"http:\/\/bellissima-films.com\/kostenlose-milf-anschlussseiten\/"},"modified":"2022-10-17T13:36:36","modified_gmt":"2022-10-17T12:36:36","slug":"kostenlose-milf-anschlussseiten","status":"publish","type":"page","link":"https:\/\/bellissima-films.com\/de\/kostenlose-milf-anschlussseiten\/","title":{"rendered":"Kostenlose MILF-Anschlussseiten"},"content":{"rendered":"<p>Es gibt viele kostenlose MILF-Anschlussseiten online, so dass es einfach ist, eine zu finden, die f\u00fcr Sie richtig ist. Lesen Sie unbedingt die Bewertungen, bevor Sie sich f\u00fcr eine Website anmelden, und suchen Sie nach einer Website, die einen guten Ruf hat. Sobald Sie eine Website gefunden haben, mit der Sie sich wohl f\u00fchlen, erstellen Sie ein Profil und durchsuchen Sie die Profile der hei\u00dfen MILFs in Ihrer N\u00e4he. Wenn Sie jemanden finden, an dem Sie interessiert sind, senden Sie ihm eine Nachricht und sehen Sie, ob er daran interessiert ist, sich zu treffen. Wenn dies der Fall ist, k\u00f6nnen Sie eine Zeit und einen Ort festlegen, um sich zu treffen und zu sehen, ob es eine Chemie gibt. Wenn ja, dann k\u00f6nnen Sie die Dinge auf die n\u00e4chste Ebene bringen und sich anschlie\u00dfen!<\/p>\n<h2>Lokale MILFs<\/h2>\n<p>Es gibt etwas an einer MILF, das uns nur in den Knien schwach macht. Vielleicht ist es ihr Selbstvertrauen, vielleicht ist es ihre Erfahrung <a href=\"https:\/\/www.local-fuck.net\/de\/cuckold-chat\/\">cuckold chat<\/a>, oder vielleicht ist es die Tatsache, dass sie einfach zu wissen scheinen, was sie tun. Was auch immer der Grund ist, lokale MILFs sind es definitiv wert, sich zu verabreden.<\/p>\n<p>Wenn Sie <a href=\"http:\/\/bellissima-films.com\/de\/oma-dating\/\">eine MILF datieren<\/a> m\u00f6chten, gibt es ein paar Dinge, die Sie beachten sollten. Erstens suchen sie nicht nach einer Beziehung &#8211; sie suchen normalerweise nur nach einer guten Zeit. Wenn Sie also nach etwas Ernstem suchen, sollten Sie sich woanders umsehen. Zweitens sind sie normalerweise ziemlich besch\u00e4ftigt, so dass Sie mit Ihrem Zeitplan flexibel sein m\u00fcssen. Schlie\u00dflich wissen sie, was sie wollen, also seien Sie bereit, ihnen das zu geben, was sie brauchen.<\/p>\n<p>Wenn Sie mit all dem umgehen k\u00f6nnen, dann kann das Dating mit einer MILF eine unglaublich lustige und lohnende Erfahrung sein. Achten Sie nur darauf, die Dinge langsam anzugehen, respektvoll zu sein und bereit zu sein, eine gute Zeit zu haben.<\/p>\n<p>Es gibt viele lokale Milfs in meiner N\u00e4he, die nach Liebe suchen. Der beste Weg, sie zu finden, ist die Verwendung von <a href=\"http:\/\/www.sexysexchats.de\/sextreffen-ohne-registrierung\/\">sextreffen ohne anmeldung<\/a>. Auf diese Weise k\u00f6nnen Sie Profile aller lokalen Milfs in meiner N\u00e4he sehen und entscheiden, mit wem Sie sprechen m\u00f6chten. Sie k\u00f6nnen auch Bewertungen der verschiedenen Websites lesen, bevor Sie sich f\u00fcr eine anmelden. Auf diese Weise k\u00f6nnen Sie sicher sein, dass Sie eine seri\u00f6se Website verwenden.<\/p>\n<h2>Milfs Dating-Sites<\/h2>\n<p>Es gibt viele MILF-Dating-Sites, die online verf\u00fcgbar sind und in den letzten Jahren sehr beliebt geworden sind. Diese Seiten bieten eine gro\u00dfartige M\u00f6glichkeit f\u00fcr \u00e4ltere Frauen, j\u00fcngere M\u00e4nner zu treffen und umgekehrt. Sie bieten eine sichere und unterhaltsame Umgebung, in der sich Menschen treffen und interagieren k\u00f6nnen, und viele von ihnen haben viele Mitglieder. Dies bedeutet, dass es viele M\u00f6glichkeiten gibt, eine \u00dcbereinstimmung zu finden.<\/p>\n<p>Es ist jedoch wichtig zu wissen, dass nicht alle MILF-Dating-Sites gleich sind. Es gibt einige, die besser sind als andere, und es ist wichtig, etwas zu recherchieren, bevor Sie sich einem anschlie\u00dfen. Auf diese Weise k\u00f6nnen Sie sicher sein, dass Sie die bestm\u00f6gliche Erfahrung machen.<\/p>\n<h3>OneNightFriend<\/h3>\n<p>OneNightFriend Dating-App ist eine der besten kostenlosen Milf-Hookup-Sites. Es wurde entwickelt, um alleinstehenden M\u00e4nnern und Frauen zu helfen, sich <a href=\"https:\/\/www.free-adult-cams.com\/de\/kostenlose-cam2cam\/\">kostenlose cam2cam<\/a> f\u00fcr zwanglose Dates und Hookups zu finden. Die App ist benutzerfreundlich und einfach zu bedienen. Sie k\u00f6nnen sich kostenlos anmelden und Ihr Profil innerhalb weniger Minuten erstellen. Sobald Sie Ihr Profil erstellt haben, k\u00f6nnen Sie nach lokalen Milfs in Ihrer N\u00e4he suchen. OneNightFriend hat eine gro\u00dfe Datenbank von Milfs, die nach gelegentlichen Hookups und Dates suchen. Sie k\u00f6nnen die App auch verwenden, um mit anderen Mitgliedern zu chatten und Nachrichten auszutauschen. Die App ist kostenlos im App Store und Google Play Store erh\u00e4ltlich.<\/p>\n<h3>WetHunt<\/h3>\n<p>WetHunt ist eine neue Dating-App, die bei Milf-Hookup-Fans schnell beliebt wird. Es ist kostenlos herunterzuladen und zu verwenden, und es bietet viele Funktionen, die andere Apps nicht bieten. Sie k\u00f6nnen beispielsweise nach Mitgliedern nach Standort, Alter, Interessen und sogar K\u00f6rpertyp suchen. Die App verf\u00fcgt auch \u00fcber eine Messaging-Funktion, sodass Sie mit potenziellen Terminen chatten k\u00f6nnen, bevor Sie sich pers\u00f6nlich treffen. WetHunt ist eine gro\u00dfartige Option f\u00fcr alle, die nach einer kostenlosen Milf-Anschluss-App suchen.<\/p>\n<h3>FlingPals<\/h3>\n<p>FlingPals ist eine neue Dating-App, die bei Nutzern jeden Alters, insbesondere in ihren 20ern und 30ern, schnell beliebt wird. Die App erm\u00f6glicht es Benutzern, sich basierend auf ihrem Standort und Alter mit anderen zu verbinden und dann zu chatten und ein Treffen zu arrangieren. Die App kann kostenlos heruntergeladen und verwendet werden, und es gibt keine In-App-K\u00e4ufe. FlingPals wurde f\u00fcr seine Einfachheit und Benutzerfreundlichkeit gelobt, und viele Benutzer haben festgestellt, dass es eine gro\u00dfartige M\u00f6glichkeit ist, neue Leute in ihrer N\u00e4he kennenzulernen. Die App ist auch bei Leuten beliebt, die nach einer schnellen Verbindung suchen, da sie es einfach macht, sich mit jemandem in der N\u00e4he zu treffen.<\/p>\n<p>Insgesamt ist FlingPals eine gro\u00dfartige neue Dating-App, die sicherlich eine breite Palette von Nutzern ansprechen wird. Es ist einfach zu bedienen und bietet eine gro\u00dfartige M\u00f6glichkeit, neue Leute kennenzulernen und m\u00f6glicherweise einen Seitensprung zu finden.<\/p>\n","protected":false},"excerpt":{"rendered":"<p>Es gibt viele kostenlose MILF-Anschlussseiten online, so dass es einfach ist, eine zu finden, die f\u00fcr Sie richtig ist. Lesen Sie unbedingt die Bewertungen, bevor Sie sich f\u00fcr eine Website anmelden, und suchen Sie nach einer Website, die einen guten Ruf hat. Sobald Sie eine Website gefunden haben, mit der\u2026<\/p>\n","protected":false},"author":1,"featured_media":0,"parent":0,"menu_order":0,"comment_status":"closed","ping_status":"closed","template":"","meta":[],"yoast_head":"<!-- This site is optimized with the Yoast SEO plugin v17.7.1 - https:\/\/yoast.com\/wordpress\/plugins\/seo\/ -->\n<title>Kostenlose MILF-Anschlussseiten - Film Reviews<\/title>\n<meta name=\"robots\" content=\"index, follow, max-snippet:-1, max-image-preview:large, max-video-preview:-1\" \/>\n<link rel=\"canonical\" href=\"https:\/\/bellissima-films.com\/de\/kostenlose-milf-anschlussseiten\/\" \/>\n<meta property=\"og:locale\" content=\"de_DE\" \/>\n<meta property=\"og:type\" content=\"article\" \/>\n<meta property=\"og:title\" content=\"Kostenlose MILF-Anschlussseiten - Film Reviews\" \/>\n<meta property=\"og:description\" content=\"Es gibt viele kostenlose MILF-Anschlussseiten online, so dass es einfach ist, eine zu finden, die f\u00fcr Sie richtig ist. Lesen Sie unbedingt die Bewertungen, bevor Sie sich f\u00fcr eine Website anmelden, und suchen Sie nach einer Website, die einen guten Ruf hat. Sobald Sie eine Website gefunden haben, mit der\u2026\" \/>\n<meta property=\"og:url\" content=\"https:\/\/bellissima-films.com\/de\/kostenlose-milf-anschlussseiten\/\" \/>\n<meta property=\"og:site_name\" content=\"Film Reviews\" \/>\n<meta property=\"article:modified_time\" content=\"2022-10-17T12:36:36+00:00\" \/>\n<meta name=\"twitter:card\" content=\"summary_large_image\" \/>\n<meta name=\"twitter:label1\" content=\"Gesch\u00e4tzte Lesezeit\" \/>\n\t<meta name=\"twitter:data1\" content=\"4\u00a0Minuten\" \/>\n<script type=\"application\/ld+json\" class=\"yoast-schema-graph\">{\"@context\":\"https:\/\/schema.org\",\"@graph\":[{\"@type\":\"WebSite\",\"@id\":\"http:\/\/bellissima-films.com\/de\/#website\",\"url\":\"http:\/\/bellissima-films.com\/de\/\",\"name\":\"Film Reviews\",\"description\":\"Real Hookups\",\"potentialAction\":[{\"@type\":\"SearchAction\",\"target\":{\"@type\":\"EntryPoint\",\"urlTemplate\":\"http:\/\/bellissima-films.com\/de\/?s={search_term_string}\"},\"query-input\":\"required name=search_term_string\"}],\"inLanguage\":\"de\"},{\"@type\":\"WebPage\",\"@id\":\"https:\/\/bellissima-films.com\/de\/kostenlose-milf-anschlussseiten\/#webpage\",\"url\":\"https:\/\/bellissima-films.com\/de\/kostenlose-milf-anschlussseiten\/\",\"name\":\"Kostenlose MILF-Anschlussseiten - Film Reviews\",\"isPartOf\":{\"@id\":\"http:\/\/bellissima-films.com\/de\/#website\"},\"datePublished\":\"2022-10-03T12:30:04+00:00\",\"dateModified\":\"2022-10-17T12:36:36+00:00\",\"breadcrumb\":{\"@id\":\"https:\/\/bellissima-films.com\/de\/kostenlose-milf-anschlussseiten\/#breadcrumb\"},\"inLanguage\":\"de\",\"potentialAction\":[{\"@type\":\"ReadAction\",\"target\":[\"https:\/\/bellissima-films.com\/de\/kostenlose-milf-anschlussseiten\/\"]}]},{\"@type\":\"BreadcrumbList\",\"@id\":\"https:\/\/bellissima-films.com\/de\/kostenlose-milf-anschlussseiten\/#breadcrumb\",\"itemListElement\":[{\"@type\":\"ListItem\",\"position\":1,\"name\":\"Home\",\"item\":\"http:\/\/bellissima-films.com\/de\/\"},{\"@type\":\"ListItem\",\"position\":2,\"name\":\"Kostenlose MILF-Anschlussseiten\"}]}]}<\/script>\n<!-- \/ Yoast SEO plugin. -->","yoast_head_json":{"title":"Kostenlose MILF-Anschlussseiten - Film Reviews","robots":{"index":"index","follow":"follow","max-snippet":"max-snippet:-1","max-image-preview":"max-image-preview:large","max-video-preview":"max-video-preview:-1"},"canonical":"https:\/\/bellissima-films.com\/de\/kostenlose-milf-anschlussseiten\/","og_locale":"de_DE","og_type":"article","og_title":"Kostenlose MILF-Anschlussseiten - Film Reviews","og_description":"Es gibt viele kostenlose MILF-Anschlussseiten online, so dass es einfach ist, eine zu finden, die f\u00fcr Sie richtig ist. Lesen Sie unbedingt die Bewertungen, bevor Sie sich f\u00fcr eine Website anmelden, und suchen Sie nach einer Website, die einen guten Ruf hat. Sobald Sie eine Website gefunden haben, mit der\u2026","og_url":"https:\/\/bellissima-films.com\/de\/kostenlose-milf-anschlussseiten\/","og_site_name":"Film Reviews","article_modified_time":"2022-10-17T12:36:36+00:00","twitter_card":"summary_large_image","twitter_misc":{"Gesch\u00e4tzte Lesezeit":"4\u00a0Minuten"},"schema":{"@context":"https:\/\/schema.org","@graph":[{"@type":"WebSite","@id":"http:\/\/bellissima-films.com\/de\/#website","url":"http:\/\/bellissima-films.com\/de\/","name":"Film Reviews","description":"Real Hookups","potentialAction":[{"@type":"SearchAction","target":{"@type":"EntryPoint","urlTemplate":"http:\/\/bellissima-films.com\/de\/?s={search_term_string}"},"query-input":"required name=search_term_string"}],"inLanguage":"de"},{"@type":"WebPage","@id":"https:\/\/bellissima-films.com\/de\/kostenlose-milf-anschlussseiten\/#webpage","url":"https:\/\/bellissima-films.com\/de\/kostenlose-milf-anschlussseiten\/","name":"Kostenlose MILF-Anschlussseiten - Film Reviews","isPartOf":{"@id":"http:\/\/bellissima-films.com\/de\/#website"},"datePublished":"2022-10-03T12:30:04+00:00","dateModified":"2022-10-17T12:36:36+00:00","breadcrumb":{"@id":"https:\/\/bellissima-films.com\/de\/kostenlose-milf-anschlussseiten\/#breadcrumb"},"inLanguage":"de","potentialAction":[{"@type":"ReadAction","target":["https:\/\/bellissima-films.com\/de\/kostenlose-milf-anschlussseiten\/"]}]},{"@type":"BreadcrumbList","@id":"https:\/\/bellissima-films.com\/de\/kostenlose-milf-anschlussseiten\/#breadcrumb","itemListElement":[{"@type":"ListItem","position":1,"name":"Home","item":"http:\/\/bellissima-films.com\/de\/"},{"@type":"ListItem","position":2,"name":"Kostenlose MILF-Anschlussseiten"}]}]}},"_links":{"self":[{"href":"https:\/\/bellissima-films.com\/de\/wp-json\/wp\/v2\/pages\/159"}],"collection":[{"href":"https:\/\/bellissima-films.com\/de\/wp-json\/wp\/v2\/pages"}],"about":[{"href":"https:\/\/bellissima-films.com\/de\/wp-json\/wp\/v2\/types\/page"}],"author":[{"embeddable":true,"href":"https:\/\/bellissima-films.com\/de\/wp-json\/wp\/v2\/users\/1"}],"replies":[{"embeddable":true,"href":"https:\/\/bellissima-films.com\/de\/wp-json\/wp\/v2\/comments?post=159"}],"version-history":[{"count":2,"href":"https:\/\/bellissima-films.com\/de\/wp-json\/wp\/v2\/pages\/159\/revisions"}],"predecessor-version":[{"id":279,"href":"https:\/\/bellissima-films.com\/de\/wp-json\/wp\/v2\/pages\/159\/revisions\/279"}],"wp:attachment":[{"href":"https:\/\/bellissima-films.com\/de\/wp-json\/wp\/v2\/media?parent=159"}],"curies":[{"name":"wp","href":"https:\/\/api.w.org\/{rel}","templated":true}]}}