{"id":139,"date":"2022-10-03T13:30:32","date_gmt":"2022-10-03T12:30:32","guid":{"rendered":"http:\/\/bellissima-films.com\/diskrete-dating-apps\/"},"modified":"2022-10-03T13:30:32","modified_gmt":"2022-10-03T12:30:32","slug":"diskrete-dating-apps","status":"publish","type":"page","link":"https:\/\/bellissima-films.com\/de\/diskrete-dating-apps\/","title":{"rendered":"Diskrete Dating-Apps"},"content":{"rendered":"<p>Es gibt eine Vielzahl von <a href=\"http:\/\/bellissima-films.com\/de\/kostenlose-milf-anschlussseiten\/\">diskreten Dating-Apps<\/a> , die speziell f\u00fcr Menschen entwickelt wurden, die sich anschlie\u00dfen m\u00f6chten. Diese Apps erm\u00f6glichen es Benutzern, sich mit anderen zu verbinden, die an derselben Sache interessiert sind, ohne sich die M\u00fche des traditionellen Datings machen zu m\u00fcssen. Dies macht es einfach, jemanden zu finden, der f\u00fcr was auch immer ist, ohne sich um Ablehnung oder Urteil k\u00fcmmern zu m\u00fcssen.<\/p>\n<h2>Diskrete Sexseiten<\/h2>\n<p>Es gibt eine Vielzahl von diskreten Sexseiten, die sich an diejenigen richten, die nach einer sexuellen Begegnung au\u00dferhalb einer traditionellen Dating-Beziehung suchen. Diese Seiten bieten eine sichere und anonyme M\u00f6glichkeit, sich mit anderen zu verbinden, die daran interessiert sind, ihre Sexualit\u00e4t zu erforschen. Viele dieser Websites bieten auch eine Vielzahl von Funktionen und Tools, mit denen sich Mitglieder miteinander verbinden und Treffen planen k\u00f6nnen.<\/p>\n<p>Es gibt viele M\u00f6glichkeiten, Liebe zu finden, und f\u00fcr manche Menschen ist eine diskrete Aff\u00e4re der beste Weg, dies zu tun. Es gibt viele Gr\u00fcnde, warum sich jemand f\u00fcr eine diskrete Aff\u00e4re entscheiden k\u00f6nnte, einschlie\u00dflich der Notwendigkeit von Diskretion aufgrund seines Arbeitsplatzes oder seines sozialen Status. Was auch immer der Grund ist, eine diskrete Aff\u00e4re kann eine gro\u00dfartige M\u00f6glichkeit sein, Liebe und Kameradschaft zu finden. Es gibt ein paar Dinge zu beachten, wenn Sie eine diskrete Angelegenheit in Betracht ziehen. Stellen Sie zun\u00e4chst sicher, dass Sie beide auf der gleichen Seite sind, wonach Sie suchen. Wenn Sie es nicht sind, ist es leicht, dass die Dinge schnell kompliziert werden. Zweitens, stellen Sie sicher, dass Sie offen und ehrlich miteinander kommunizieren. Dies ist der Schl\u00fcssel zu jeder Beziehung, aber es ist besonders wichtig in einer diskreten Aff\u00e4re. Haben Sie schlie\u00dflich keine Angst, ein wenig spontan zu sein. Dies kann die ganze Erfahrung noch aufregender machen.<\/p>\n<h2>Diskrete Anschl\u00fcsse<\/h2>\n<p>Es gibt eine Menge Leute da drau\u00dfen, die nach diskreten Verbindungen suchen. Egal, ob sie Single sind und nur nach einem unverbindlichen Seitensprung oder in einer Beziehung suchen, aber betr\u00fcgen wollen, es gibt immer jemanden, der nach einem Anschluss sucht. Wenn Sie jemand sind, der an diskreten Verbindungen interessiert ist, gibt es ein paar Dinge, die Sie tun k\u00f6nnen, um Ihre Chancen zu erh\u00f6hen, jemanden zu finden. Versuchen Sie zun\u00e4chst, eine Dating-App oder -Website zu verwenden, die sich an Personen richtet, die nach zuf\u00e4lligen Begegnungen suchen. Es gibt viele davon da drau\u00dfen, also sollte es nicht zu schwierig sein, einen zu finden, der Ihren Bed\u00fcrfnissen entspricht.<\/p>\n<p>Sobald Sie eine gute Dating-Site oder App gefunden haben, stellen Sie sicher, dass Sie ein gutes Profil erstellen. F\u00fcgen Sie ein paar sexy Fotos von sich selbst hinzu und machen Sie sich klar, wonach Sie suchen. Seien Sie offen \u00fcber Ihre W\u00fcnsche und Sie werden eher die richtigen Leute anziehen. Wenn Sie Ihre Karten richtig spielen, sollten Sie in der Lage sein, viele Leute zu finden, die an diskreten Verbindungen interessiert sind. Seien Sie einfach vorsichtig und stellen Sie sicher, dass Sie wissen, worauf Sie sich einlassen, bevor Sie sich mit jemandem treffen.<\/p>\n<h3>BBWCupid<\/h3>\n<p>BBWCupid ist eine Dating-App, die speziell f\u00fcr Plus-Size-Frauen und die M\u00e4nner, die sie lieben, entwickelt wurde. Die App ist eine sichere und diskrete M\u00f6glichkeit, andere Plus-Size-Singles in Ihrer N\u00e4he zu treffen. Die App verf\u00fcgt \u00fcber eine gro\u00dfe Benutzerdatenbank, sodass Sie sicher jemanden finden, der mit Ihnen kompatibel ist. Die App ist einfach zu bedienen und verf\u00fcgt \u00fcber eine benutzerfreundliche Oberfl\u00e4che. Die App kann kostenlos heruntergeladen und verwendet werden.<\/p>\n<h3>Doppelliste<\/h3>\n<p>DoubleList ist eine diskrete Dating-App, mit der Sie schnell und einfach \u00dcbereinstimmungen finden k\u00f6nnen. Die App wurde f\u00fcr Personen entwickelt, die nach einer schnellen und einfachen M\u00f6glichkeit suchen, eine \u00dcbereinstimmung zu finden. Die App kann kostenlos heruntergeladen und verwendet werden. Die App ist f\u00fcr iPhone und Android-Ger\u00e4te verf\u00fcgbar.<\/p>\n<h3>Rubkarten<\/h3>\n<p>Es gibt viele diskrete Dating-Apps auf dem heutigen Markt, aber Rubmaps ist eine der beliebtesten. Diese App erm\u00f6glicht es Benutzern, potenzielle \u00dcbereinstimmungen in ihrer N\u00e4he zu finden, die an den gleichen Dingen wie sie interessiert sind. Rubmaps hat auch eine gro\u00dfartige Funktion, mit der Benutzer sehen k\u00f6nnen, wie weit potenzielle Spiele entfernt sind, was f\u00fcr diejenigen, die nach einer diskreten Begegnung suchen, sehr n\u00fctzlich ist. Die App kann kostenlos heruntergeladen und verwendet werden und ist sowohl f\u00fcr iOS- als auch f\u00fcr Android-Ger\u00e4te verf\u00fcgbar.<\/p>\n","protected":false},"excerpt":{"rendered":"<p>Es gibt eine Vielzahl von diskreten Dating-Apps , die speziell f\u00fcr Menschen entwickelt wurden, die sich anschlie\u00dfen m\u00f6chten. Diese Apps erm\u00f6glichen es Benutzern, sich mit anderen zu verbinden, die an derselben Sache interessiert sind, ohne sich die M\u00fche des traditionellen Datings machen zu m\u00fcssen. Dies macht es einfach, jemanden zu\u2026<\/p>\n","protected":false},"author":1,"featured_media":0,"parent":0,"menu_order":0,"comment_status":"closed","ping_status":"closed","template":"","meta":[],"yoast_head":"<!-- This site is optimized with the Yoast SEO plugin v17.7.1 - https:\/\/yoast.com\/wordpress\/plugins\/seo\/ -->\n<title>Diskrete Dating-Apps - Film Reviews<\/title>\n<meta name=\"robots\" content=\"index, follow, max-snippet:-1, max-image-preview:large, max-video-preview:-1\" \/>\n<link rel=\"canonical\" href=\"https:\/\/bellissima-films.com\/de\/diskrete-dating-apps\/\" \/>\n<meta property=\"og:locale\" content=\"de_DE\" \/>\n<meta property=\"og:type\" content=\"article\" \/>\n<meta property=\"og:title\" content=\"Diskrete Dating-Apps - Film Reviews\" \/>\n<meta property=\"og:description\" content=\"Es gibt eine Vielzahl von diskreten Dating-Apps , die speziell f\u00fcr Menschen entwickelt wurden, die sich anschlie\u00dfen m\u00f6chten. Diese Apps erm\u00f6glichen es Benutzern, sich mit anderen zu verbinden, die an derselben Sache interessiert sind, ohne sich die M\u00fche des traditionellen Datings machen zu m\u00fcssen. Dies macht es einfach, jemanden zu\u2026\" \/>\n<meta property=\"og:url\" content=\"https:\/\/bellissima-films.com\/de\/diskrete-dating-apps\/\" \/>\n<meta property=\"og:site_name\" content=\"Film Reviews\" \/>\n<meta name=\"twitter:card\" content=\"summary_large_image\" \/>\n<meta name=\"twitter:label1\" content=\"Gesch\u00e4tzte Lesezeit\" \/>\n\t<meta name=\"twitter:data1\" content=\"4\u00a0Minuten\" \/>\n<script type=\"application\/ld+json\" class=\"yoast-schema-graph\">{\"@context\":\"https:\/\/schema.org\",\"@graph\":[{\"@type\":\"WebSite\",\"@id\":\"http:\/\/bellissima-films.com\/de\/#website\",\"url\":\"http:\/\/bellissima-films.com\/de\/\",\"name\":\"Film Reviews\",\"description\":\"Real Hookups\",\"potentialAction\":[{\"@type\":\"SearchAction\",\"target\":{\"@type\":\"EntryPoint\",\"urlTemplate\":\"http:\/\/bellissima-films.com\/de\/?s={search_term_string}\"},\"query-input\":\"required name=search_term_string\"}],\"inLanguage\":\"de\"},{\"@type\":\"WebPage\",\"@id\":\"https:\/\/bellissima-films.com\/de\/diskrete-dating-apps\/#webpage\",\"url\":\"https:\/\/bellissima-films.com\/de\/diskrete-dating-apps\/\",\"name\":\"Diskrete Dating-Apps - Film Reviews\",\"isPartOf\":{\"@id\":\"http:\/\/bellissima-films.com\/de\/#website\"},\"datePublished\":\"2022-10-03T12:30:32+00:00\",\"dateModified\":\"2022-10-03T12:30:32+00:00\",\"breadcrumb\":{\"@id\":\"https:\/\/bellissima-films.com\/de\/diskrete-dating-apps\/#breadcrumb\"},\"inLanguage\":\"de\",\"potentialAction\":[{\"@type\":\"ReadAction\",\"target\":[\"https:\/\/bellissima-films.com\/de\/diskrete-dating-apps\/\"]}]},{\"@type\":\"BreadcrumbList\",\"@id\":\"https:\/\/bellissima-films.com\/de\/diskrete-dating-apps\/#breadcrumb\",\"itemListElement\":[{\"@type\":\"ListItem\",\"position\":1,\"name\":\"Home\",\"item\":\"http:\/\/bellissima-films.com\/de\/\"},{\"@type\":\"ListItem\",\"position\":2,\"name\":\"Diskrete Dating-Apps\"}]}]}<\/script>\n<!-- \/ Yoast SEO plugin. -->","yoast_head_json":{"title":"Diskrete Dating-Apps - Film Reviews","robots":{"index":"index","follow":"follow","max-snippet":"max-snippet:-1","max-image-preview":"max-image-preview:large","max-video-preview":"max-video-preview:-1"},"canonical":"https:\/\/bellissima-films.com\/de\/diskrete-dating-apps\/","og_locale":"de_DE","og_type":"article","og_title":"Diskrete Dating-Apps - Film Reviews","og_description":"Es gibt eine Vielzahl von diskreten Dating-Apps , die speziell f\u00fcr Menschen entwickelt wurden, die sich anschlie\u00dfen m\u00f6chten. Diese Apps erm\u00f6glichen es Benutzern, sich mit anderen zu verbinden, die an derselben Sache interessiert sind, ohne sich die M\u00fche des traditionellen Datings machen zu m\u00fcssen. Dies macht es einfach, jemanden zu\u2026","og_url":"https:\/\/bellissima-films.com\/de\/diskrete-dating-apps\/","og_site_name":"Film Reviews","twitter_card":"summary_large_image","twitter_misc":{"Gesch\u00e4tzte Lesezeit":"4\u00a0Minuten"},"schema":{"@context":"https:\/\/schema.org","@graph":[{"@type":"WebSite","@id":"http:\/\/bellissima-films.com\/de\/#website","url":"http:\/\/bellissima-films.com\/de\/","name":"Film Reviews","description":"Real Hookups","potentialAction":[{"@type":"SearchAction","target":{"@type":"EntryPoint","urlTemplate":"http:\/\/bellissima-films.com\/de\/?s={search_term_string}"},"query-input":"required name=search_term_string"}],"inLanguage":"de"},{"@type":"WebPage","@id":"https:\/\/bellissima-films.com\/de\/diskrete-dating-apps\/#webpage","url":"https:\/\/bellissima-films.com\/de\/diskrete-dating-apps\/","name":"Diskrete Dating-Apps - Film Reviews","isPartOf":{"@id":"http:\/\/bellissima-films.com\/de\/#website"},"datePublished":"2022-10-03T12:30:32+00:00","dateModified":"2022-10-03T12:30:32+00:00","breadcrumb":{"@id":"https:\/\/bellissima-films.com\/de\/diskrete-dating-apps\/#breadcrumb"},"inLanguage":"de","potentialAction":[{"@type":"ReadAction","target":["https:\/\/bellissima-films.com\/de\/diskrete-dating-apps\/"]}]},{"@type":"BreadcrumbList","@id":"https:\/\/bellissima-films.com\/de\/diskrete-dating-apps\/#breadcrumb","itemListElement":[{"@type":"ListItem","position":1,"name":"Home","item":"http:\/\/bellissima-films.com\/de\/"},{"@type":"ListItem","position":2,"name":"Diskrete Dating-Apps"}]}]}},"_links":{"self":[{"href":"https:\/\/bellissima-films.com\/de\/wp-json\/wp\/v2\/pages\/139"}],"collection":[{"href":"https:\/\/bellissima-films.com\/de\/wp-json\/wp\/v2\/pages"}],"about":[{"href":"https:\/\/bellissima-films.com\/de\/wp-json\/wp\/v2\/types\/page"}],"author":[{"embeddable":true,"href":"https:\/\/bellissima-films.com\/de\/wp-json\/wp\/v2\/users\/1"}],"replies":[{"embeddable":true,"href":"https:\/\/bellissima-films.com\/de\/wp-json\/wp\/v2\/comments?post=139"}],"version-history":[{"count":0,"href":"https:\/\/bellissima-films.com\/de\/wp-json\/wp\/v2\/pages\/139\/revisions"}],"wp:attachment":[{"href":"https:\/\/bellissima-films.com\/de\/wp-json\/wp\/v2\/media?parent=139"}],"curies":[{"name":"wp","href":"https:\/\/api.w.org\/{rel}","templated":true}]}}