{"id":199,"date":"2022-10-03T11:15:34","date_gmt":"2022-10-03T10:15:34","guid":{"rendered":"http:\/\/bellissima-films.com\/din-lokale-dating-match-maker\/"},"modified":"2022-10-03T11:15:34","modified_gmt":"2022-10-03T10:15:34","slug":"din-lokale-dating-match-maker","status":"publish","type":"page","link":"https:\/\/bellissima-films.com\/da\/","title":{"rendered":"Din lokale dating match maker"},"content":{"rendered":"<p>Online dating er big business. Faktisk er industrien if\u00f8lge et sk\u00f8n 1 milliard dollars v\u00e6rd \u00e5rligt. Men mens de fleste websteder er dyre, er nogle bygget specifikt med ideen om at tilbyde en gratis pr\u00f8veperiode. Websteder som OkCupid, PlentyOfFish og Match.com tilbyder endda gratis medlemskaber. Og mens disse tre er blandt de st\u00f8rste navne i rummet, er der mange andre.<\/p>\n<h2>Kom i gang med gratis datingsider for voksne<\/h2>\n<p>Mens nogle gratis websteder har begr\u00e6nsninger, s\u00e5som at kr\u00e6ve et kreditkortnummer, giver andre dig mulighed for at gennemse og sende beskeder uden at betale noget p\u00e5 forh\u00e5nd. For eksempel giver Bumble kvinder mulighed for at tage det f\u00f8rste skridt, mens Hinge lader m\u00e6nd indlede kontakt. Disse typer websteder giver dig mulighed for at pr\u00f8ve noget andet uden at forpligte dig for mange penge.<\/p>\n<p>Men bare fordi du kan bruge et websted gratis, betyder det ikke, at du skal. Mens gratis datingsider ikke altid passer godt til alle, giver de ofte en god mulighed for folk, der \u00f8nsker at undg\u00e5 at bruge masser af kontanter p\u00e5 forh\u00e5nd. Og hvis du beslutter dig for at opgradere senere, har du stadig adgang til alt, hvad du har gjort. Verden af online dating er fuld af muligheder. Fra betalte abonnementssider som Match.com og OkCupid til sociale medieplatforme som Facebook og Titter er der masser af m\u00e5der at m\u00f8de mennesker p\u00e5. Men det, der fungerer bedst for en person, fungerer muligvis ikke for en anden. S\u00e5 vi sammensatte en liste over vores foretrukne dating apps og websteder. Uanset om du vil have noget seri\u00f8st eller bare leder efter nogen at g\u00e5 ud med, tror vi, du finder et match her.<\/p>\n<h3>Hurtig guide til apps, du kan pr\u00f8ve nu<\/h3>\n<p>Gratis datingsider og apps er en fantastisk m\u00e5de at finde nogen speciel p\u00e5. Uanset om du vil date tilf\u00e6ldigt, f\u00e5 et langsigtet forhold til at fungere eller bare se, hvad der er derude, tilbyder disse platforme masser af muligheder. Her er nogle af vores favoritter<\/p>\n<ul>\n<li>Facebook Dating &#8211; Denne datingside er helt gratis at bruge, og den g\u00f8r det nemt at finde matches, fordi den bruger Facebooks algoritme til at matche dig med venners venner. Du kan gennemse medlemmer baseret p\u00e5 placering, alder, k\u00f8n, forholdsstatus, interesser og endda f\u00e6lles venner.<\/li>\n<li>Hinge &#8211; Hinge er en popul\u00e6r datingapp, hvor du kan komme i kontakt med folk baseret p\u00e5 f\u00e6lles lidenskaber som musik, film, sport og hobbyer. Du kan ogs\u00e5 indstille pr\u00e6ferencer, s\u00e5som om du hellere vil g\u00e5 p\u00e5 datoer eller h\u00e6nge ud med venner.<\/li>\n<li>OKCupid &#8211; OKCupid er en af de \u00e6ldste datingsider, der findes, og den tilbyder stadig en ren gr\u00e6nseflade og masser af nyttige v\u00e6rkt\u00f8jer. Du kan filtrere medlemmer baseret p\u00e5 alder, afstand, seksuel orientering, religion, etnicitet, uddannelsesniveau, indkomst, erhverv, kropstype og h\u00f8jde.<\/li>\n<li>Tinder &#8211; Tinder minder meget om OkCupid med hensyn til, hvordan det fungerer, men det fokuserer p\u00e5 at stryge til venstre eller h\u00f8jre p\u00e5 billeder af potentielle matches. Hvis du stryger til h\u00f8jre, modtager du en notifikation, der fort\u00e6ller dig, at personen ogs\u00e5 kan lide dig.<\/li>\n<li>Match &#8211; Match ligner OkCupid og Tinder, idet det giver dig mulighed for at swipe til venstre eller h\u00f8jre p\u00e5 billeder af mennesker. Match giver dig dog mulighed for at s\u00f8ge efter bestemte typer mennesker, herunder dem, der er interesseret i \u00e6gteskab, afslappede tilslutninger, venskab osv.<\/li>\n<li>Zoosk &#8211; Zoosk er lidt anderledes end resten af de websteder, der er anf\u00f8rt her, da det ikke kr\u00e6ver, at du uploader et billede. I stedet svarer du p\u00e5 sp\u00f8rgsm\u00e5l om dig selv og lader Zoosk matche.<\/li>\n<\/ul>\n<p><img loading=\"lazy\" class=\"aligncenter wp-image-34\" src=\"http:\/\/bellissima-films.com\/wp-content\/uploads\/2022\/10\/aff-1024x649.png\" alt=\"\" width=\"860\" height=\"545\" srcset=\"https:\/\/bellissima-films.com\/wp-content\/uploads\/2022\/10\/aff-1024x649.png 1024w, https:\/\/bellissima-films.com\/wp-content\/uploads\/2022\/10\/aff-300x190.png 300w, https:\/\/bellissima-films.com\/wp-content\/uploads\/2022\/10\/aff-768x487.png 768w, https:\/\/bellissima-films.com\/wp-content\/uploads\/2022\/10\/aff-1536x974.png 1536w, https:\/\/bellissima-films.com\/wp-content\/uploads\/2022\/10\/aff.png 1553w\" sizes=\"(max-width: 860px) 100vw, 860px\" \/><\/p>\n<h2>Vores bedste valg til afslappet sex &#8211; AdultFriendFinder<\/h2>\n<p>Er du tr\u00e6t af datingsider, der ikke leverer? Ville du \u00f8nske, at der var en datingside for voksne, der havde alt, hvad du \u00f8nskede? Hvis du svarede ja til begge sp\u00f8rgsm\u00e5l, kan du l\u00e6se vores Adult Friend Finder anmeldelse. Vi gennemgik Adult Friend Finder og fandt ud af, at den har masser af funktioner, som de fleste andre datingsider mangler. Det betyder, at du ikke keder dig her.<\/p>\n<p>Ud over sine fantastiske funktioner tilbyder Adult Friend Finder en enorm brugerbase. Der er i \u00f8jeblikket over 1 million medlemmer, der bruger dette websted. Dette g\u00f8r det til en af de st\u00f8rste datingsider for voksne online. Og da det har en s\u00e5 stor brugerbase, kan du forvente at finde masser af potentielle kampe her.<\/p>\n<p>Der er flere grunde til, at Adult Friend Finder er en af de bedst bed\u00f8mte datingsider for voksne. Lad os gennemg\u00e5 dem lige nu.<\/p>\n<h3>Brugerbase<\/h3>\n<p>Som n\u00e6vnt ovenfor har Adult Friend Finder over 1 million aktive brugere. Det er ret imponerende i betragtning af at det har eksisteret i over 10 \u00e5r.<\/p>\n<p>Indtil videre er webstedet ikke bremset. Det forts\u00e6tter med at vokse hver eneste m\u00e5ned.<\/p>\n<h3>Sikkerhed<\/h3>\n<p>N\u00e5r du tilmelder dig Adult Friend Finder, vil du bem\u00e6rke, at det ikke virker som nogen anden datingside. Dette skyldes, at Adult Friend Finder fokuserer p\u00e5 at skabe et sikkert milj\u00f8 for sine medlemmer. De tilbyder en bred vifte af sikkerhedsforanstaltninger for at beskytte mod svindlere og rovdyr. Disse inkluderer ting som at bekr\u00e6fte e-mail-adresser, kr\u00e6ve foto-id og tilbyde 24\/7 kundesupport.<\/p>\n<p>Alle disse sikkerhedsforanstaltninger sikrer, at du f\u00f8ler dig tryg ved at tilmelde dig Adult Friend Finder.<\/p>\n<h3>Funktioner<\/h3>\n<p>Adult Friend Finder har masser af funktioner. De d\u00e6kker n\u00e6sten alle aspekter af dit liv. For eksempel kan du s\u00f8ge efter medlemmer baseret p\u00e5 placering, k\u00f8n, etnicitet, seksuel orientering, forholdsstatus, interesser og meget mere. Du kan ogs\u00e5 gennemse profiler, sende beskeder, se medlemsbilleder og chatte med medlemmer. Vigtigst af alt kan du dele dine yndlingsvideoer, musik og b\u00f8ger med andre medlemmer.<\/p>\n<p>Med alle disse funktioner l\u00f8ber du aldrig t\u00f8r for ting at lave p\u00e5 Adult Friend Finder.<\/p>\n","protected":false},"excerpt":{"rendered":"<p>Online dating er big business. Faktisk er industrien if\u00f8lge et sk\u00f8n 1 milliard dollars v\u00e6rd \u00e5rligt. Men mens de fleste websteder er dyre, er nogle bygget specifikt med ideen om at tilbyde en gratis pr\u00f8veperiode. Websteder som OkCupid, PlentyOfFish og Match.com tilbyder endda gratis medlemskaber. Og mens disse tre er\u2026<\/p>\n","protected":false},"author":1,"featured_media":108,"parent":0,"menu_order":0,"comment_status":"closed","ping_status":"closed","template":"","meta":[],"yoast_head":"<!-- This site is optimized with the Yoast SEO plugin v17.7.1 - https:\/\/yoast.com\/wordpress\/plugins\/seo\/ -->\n<title>Din lokale dating match maker - Film Reviews<\/title>\n<meta name=\"robots\" content=\"index, follow, max-snippet:-1, max-image-preview:large, max-video-preview:-1\" \/>\n<link rel=\"canonical\" href=\"https:\/\/bellissima-films.com\/da\/\" \/>\n<meta property=\"og:locale\" content=\"da_DK\" \/>\n<meta property=\"og:type\" content=\"article\" \/>\n<meta property=\"og:title\" content=\"Din lokale dating match maker - Film Reviews\" \/>\n<meta property=\"og:description\" content=\"Online dating er big business. Faktisk er industrien if\u00f8lge et sk\u00f8n 1 milliard dollars v\u00e6rd \u00e5rligt. Men mens de fleste websteder er dyre, er nogle bygget specifikt med ideen om at tilbyde en gratis pr\u00f8veperiode. Websteder som OkCupid, PlentyOfFish og Match.com tilbyder endda gratis medlemskaber. Og mens disse tre er\u2026\" \/>\n<meta property=\"og:url\" content=\"https:\/\/bellissima-films.com\/da\/\" \/>\n<meta property=\"og:site_name\" content=\"Film Reviews\" \/>\n<meta name=\"twitter:card\" content=\"summary_large_image\" \/>\n<meta name=\"twitter:image\" content=\"https:\/\/bellissima-films.com\/wp-content\/uploads\/2022\/10\/meet-for-dating.webp\" \/>\n<meta name=\"twitter:label1\" content=\"Estimeret l\u00e6setid\" \/>\n\t<meta name=\"twitter:data1\" content=\"5 minutter\" \/>\n<script type=\"application\/ld+json\" class=\"yoast-schema-graph\">{\"@context\":\"https:\/\/schema.org\",\"@graph\":[{\"@type\":\"WebSite\",\"@id\":\"http:\/\/bellissima-films.com\/da\/#website\",\"url\":\"http:\/\/bellissima-films.com\/da\/\",\"name\":\"Film Reviews\",\"description\":\"Real Hookups\",\"potentialAction\":[{\"@type\":\"SearchAction\",\"target\":{\"@type\":\"EntryPoint\",\"urlTemplate\":\"http:\/\/bellissima-films.com\/da\/?s={search_term_string}\"},\"query-input\":\"required name=search_term_string\"}],\"inLanguage\":\"da-DK\"},{\"@type\":\"ImageObject\",\"@id\":\"https:\/\/bellissima-films.com\/da\/#primaryimage\",\"inLanguage\":\"da-DK\",\"url\":\"https:\/\/bellissima-films.com\/wp-content\/uploads\/2022\/10\/meet-for-dating.webp\",\"contentUrl\":\"https:\/\/bellissima-films.com\/wp-content\/uploads\/2022\/10\/meet-for-dating.webp\",\"width\":1125,\"height\":750},{\"@type\":\"WebPage\",\"@id\":\"https:\/\/bellissima-films.com\/da\/#webpage\",\"url\":\"https:\/\/bellissima-films.com\/da\/\",\"name\":\"Din lokale dating match maker - Film Reviews\",\"isPartOf\":{\"@id\":\"http:\/\/bellissima-films.com\/da\/#website\"},\"primaryImageOfPage\":{\"@id\":\"https:\/\/bellissima-films.com\/da\/#primaryimage\"},\"datePublished\":\"2022-10-03T10:15:34+00:00\",\"dateModified\":\"2022-10-03T10:15:34+00:00\",\"breadcrumb\":{\"@id\":\"https:\/\/bellissima-films.com\/da\/#breadcrumb\"},\"inLanguage\":\"da-DK\",\"potentialAction\":[{\"@type\":\"ReadAction\",\"target\":[\"https:\/\/bellissima-films.com\/da\/\"]}]},{\"@type\":\"BreadcrumbList\",\"@id\":\"https:\/\/bellissima-films.com\/da\/#breadcrumb\",\"itemListElement\":[{\"@type\":\"ListItem\",\"position\":1,\"name\":\"Home\",\"item\":\"http:\/\/bellissima-films.com\/da\/\"},{\"@type\":\"ListItem\",\"position\":2,\"name\":\"Din lokale dating match maker\"}]}]}<\/script>\n<!-- \/ Yoast SEO plugin. -->","yoast_head_json":{"title":"Din lokale dating match maker - Film Reviews","robots":{"index":"index","follow":"follow","max-snippet":"max-snippet:-1","max-image-preview":"max-image-preview:large","max-video-preview":"max-video-preview:-1"},"canonical":"https:\/\/bellissima-films.com\/da\/","og_locale":"da_DK","og_type":"article","og_title":"Din lokale dating match maker - Film Reviews","og_description":"Online dating er big business. Faktisk er industrien if\u00f8lge et sk\u00f8n 1 milliard dollars v\u00e6rd \u00e5rligt. Men mens de fleste websteder er dyre, er nogle bygget specifikt med ideen om at tilbyde en gratis pr\u00f8veperiode. Websteder som OkCupid, PlentyOfFish og Match.com tilbyder endda gratis medlemskaber. Og mens disse tre er\u2026","og_url":"https:\/\/bellissima-films.com\/da\/","og_site_name":"Film Reviews","twitter_card":"summary_large_image","twitter_image":"https:\/\/bellissima-films.com\/wp-content\/uploads\/2022\/10\/meet-for-dating.webp","twitter_misc":{"Estimeret l\u00e6setid":"5 minutter"},"schema":{"@context":"https:\/\/schema.org","@graph":[{"@type":"WebSite","@id":"http:\/\/bellissima-films.com\/da\/#website","url":"http:\/\/bellissima-films.com\/da\/","name":"Film Reviews","description":"Real Hookups","potentialAction":[{"@type":"SearchAction","target":{"@type":"EntryPoint","urlTemplate":"http:\/\/bellissima-films.com\/da\/?s={search_term_string}"},"query-input":"required name=search_term_string"}],"inLanguage":"da-DK"},{"@type":"ImageObject","@id":"https:\/\/bellissima-films.com\/da\/#primaryimage","inLanguage":"da-DK","url":"https:\/\/bellissima-films.com\/wp-content\/uploads\/2022\/10\/meet-for-dating.webp","contentUrl":"https:\/\/bellissima-films.com\/wp-content\/uploads\/2022\/10\/meet-for-dating.webp","width":1125,"height":750},{"@type":"WebPage","@id":"https:\/\/bellissima-films.com\/da\/#webpage","url":"https:\/\/bellissima-films.com\/da\/","name":"Din lokale dating match maker - Film Reviews","isPartOf":{"@id":"http:\/\/bellissima-films.com\/da\/#website"},"primaryImageOfPage":{"@id":"https:\/\/bellissima-films.com\/da\/#primaryimage"},"datePublished":"2022-10-03T10:15:34+00:00","dateModified":"2022-10-03T10:15:34+00:00","breadcrumb":{"@id":"https:\/\/bellissima-films.com\/da\/#breadcrumb"},"inLanguage":"da-DK","potentialAction":[{"@type":"ReadAction","target":["https:\/\/bellissima-films.com\/da\/"]}]},{"@type":"BreadcrumbList","@id":"https:\/\/bellissima-films.com\/da\/#breadcrumb","itemListElement":[{"@type":"ListItem","position":1,"name":"Home","item":"http:\/\/bellissima-films.com\/da\/"},{"@type":"ListItem","position":2,"name":"Din lokale dating match maker"}]}]}},"_links":{"self":[{"href":"https:\/\/bellissima-films.com\/da\/wp-json\/wp\/v2\/pages\/199"}],"collection":[{"href":"https:\/\/bellissima-films.com\/da\/wp-json\/wp\/v2\/pages"}],"about":[{"href":"https:\/\/bellissima-films.com\/da\/wp-json\/wp\/v2\/types\/page"}],"author":[{"embeddable":true,"href":"https:\/\/bellissima-films.com\/da\/wp-json\/wp\/v2\/users\/1"}],"replies":[{"embeddable":true,"href":"https:\/\/bellissima-films.com\/da\/wp-json\/wp\/v2\/comments?post=199"}],"version-history":[{"count":0,"href":"https:\/\/bellissima-films.com\/da\/wp-json\/wp\/v2\/pages\/199\/revisions"}],"wp:featuredmedia":[{"embeddable":true,"href":"https:\/\/bellissima-films.com\/da\/wp-json\/wp\/v2\/media\/108"}],"wp:attachment":[{"href":"https:\/\/bellissima-films.com\/da\/wp-json\/wp\/v2\/media?parent=199"}],"curies":[{"name":"wp","href":"https:\/\/api.w.org\/{rel}","templated":true}]}}