{"id":164,"date":"2022-10-03T13:29:28","date_gmt":"2022-10-03T12:29:28","guid":{"rendered":"http:\/\/bellissima-films.com\/online-sexting-sites\/"},"modified":"2022-10-03T13:29:28","modified_gmt":"2022-10-03T12:29:28","slug":"online-sexting-sites","status":"publish","type":"page","link":"https:\/\/bellissima-films.com\/da\/online-sexting-sites\/","title":{"rendered":"Online Sexting Sites"},"content":{"rendered":"<p>Der er en r\u00e6kke online sexting-websteder, der giver brugerne mulighed for at sende og modtage seksuelt eksplicitte beskeder og billeder. Disse websteder kan v\u00e6re en fantastisk m\u00e5de at tilslutte sig nogen, der deler dine interesser og \u00f8nsker. Det er dog vigtigt at v\u00e6re opm\u00e6rksom p\u00e5 de potentielle risici, der er forbundet med at bruge disse websteder. Is\u00e6r er der potentiale for nogen til at gemme eller dele dine beskeder eller billeder uden dit samtykke. Dette kan f\u00f8re til forlegenhed eller endda juridiske problemer. Derfor er det vigtigt kun at sexte med nogen, som du stoler p\u00e5, og som du er sikker p\u00e5 vil holde dine beskeder og billeder private.<\/p>\n<h2>Gratis Sexting-websteder<\/h2>\n<p>Mens sexting kan v\u00e6re en sjov og nem m\u00e5de at krydre dit sexliv p\u00e5, er der ogs\u00e5 et par risici at overveje. Hvis du f.eks. sexter med en person, du ikke er i et forhold med, kan de dele dine billeder eller beskeder uden dit samtykke. Derudover er der altid mulighed for, at dine sexts kan blive opfanget af en anden, som en hacker.<\/p>\n<p>Derfor er det vigtigt at v\u00e6re forsigtig, n\u00e5r du v\u00e6lger en sexting-partner, og for at sikre, at I begge er p\u00e5 samme side om at holde tingene private. Der er et par forskellige m\u00e5der at g\u00f8re dette p\u00e5. For det f\u00f8rste kunne du kun sexte med nogen, du kender og stoler p\u00e5. Eller du kan bruge et sexting-websted eller en app, der tilbyder ende-til-ende-kryptering, hvilket betyder, at dine meddelelser er krypterede og kun kan l\u00e6ses af den person, de er beregnet til. Endelig er det altid en god id\u00e9 at have en samtale med din sextingpartner om, hvad I begge er trygge ved, inden I begynder at udveksle beskeder. P\u00e5 denne m\u00e5de kan du undg\u00e5 potentielle misforst\u00e5elser eller s\u00e5rede f\u00f8lelser.<\/p>\n<h2>Afslappet sexchat<\/h2>\n<p>I en verden af online dating kan afslappet sexchat v\u00e6re en fantastisk m\u00e5de at l\u00e6re en ny at kende. Det kan v\u00e6re en sjov og nem m\u00e5de at forbinde med nogen uden pres fra et engageret forhold. Det er dog vigtigt at huske, at afslappet sexchat er netop det &#8211; afslappet. Lad det ikke f\u00f8re til noget mere alvorligt, medmindre I begge er p\u00e5 samme side. Hvis du bare leder efter lidt sjov, s\u00e5 nyd chatten, men bliv ikke for knyttet.<\/p>\n<h2>Sex chatrum<\/h2>\n<p>Internettet har givet folk en fantastisk m\u00e5de at oprette forbindelse til andre til dating og sex chatrum er en fantastisk m\u00e5de at g\u00f8re det p\u00e5. Du kan finde chatrum til folk, der er interesseret i alle mulige forskellige ting, og du kan l\u00e6re folk at kende, f\u00f8r du nogensinde m\u00f8der dem personligt. Dette kan v\u00e6re en fantastisk m\u00e5de at m\u00f8de nye mennesker p\u00e5 og udforske din seksualitet.<\/p>\n<h3>FlingPals<\/h3>\n<p>FlingPals er en ny sexting-app, der giver brugerne mulighed for at sende og modtage beskidte tekster og fotos fra andre brugere. Appen er gratis at downloade og bruge, og den tilbyder et premiumabonnement for $ 4.99 pr. M\u00e5ned. Appen er tilg\u00e6ngelig til iOS- og Android-enheder. FlingPals er en fantastisk sexting-app til folk, der leder efter en ny m\u00e5de at blive beskidt med deres partnere p\u00e5. Appen er nem at bruge, og den er gratis at downloade og bruge. Appen tilbyder ogs\u00e5 et premiumabonnement for $ 4.99 pr. M\u00e5ned. Appen er tilg\u00e6ngelig til iOS- og Android-enheder.<\/p>\n<h3>Xpress<\/h3>\n<p>Hvis du leder efter en datingapp, der g\u00f8r det nemt at tilslutte sig lokale singler, s\u00e5 er Xpress v\u00e6rd at tjekke ud. Denne app er enkel at bruge, og den er gratis at downloade, hvilket g\u00f8r den til en god mulighed for alle, der leder efter en hurtig og nem m\u00e5de at oprette forbindelse til potentielle tilslutninger p\u00e5.<\/p>\n<p>En ulempe ved Xpress er dog, at det ikke er den mest p\u00e5lidelige app, n\u00e5r det kommer til sexting. Selvom du helt sikkert kan finde folk at sexte med p\u00e5 denne app, har du m\u00e5ske bedre held p\u00e5 andre platforme, der er specielt designet til sexting.<\/p>\n<h3>BBWCupid<\/h3>\n<p>BBWCupid er en dating app designet specielt til plus-size singler og deres beundrere. Appen er gratis at downloade og bruge, men du kan opgradere til et premium-medlemskab for at l\u00e5se op for yderligere funktioner. Med et premium-medlemskab kan du se profiler for andre brugere, der er interesseret i plus-size dating, sende og modtage beskeder og bruge appens avancerede s\u00f8gefiltre. Hvis du leder efter en plus-size dating app, der g\u00f8r det nemt at oprette forbindelse til andre singler, er BBWCupid absolut v\u00e6rd at tjekke ud. Appens brugervenlige gr\u00e6nseflade og omfattende s\u00f8gefiltre g\u00f8r det til en god mulighed for at finde din n\u00e6ste date eller tilslutning. Og med et gratis medlemskab kan du pr\u00f8ve det uden at bryde banken.<\/p>\n","protected":false},"excerpt":{"rendered":"<p>Der er en r\u00e6kke online sexting-websteder, der giver brugerne mulighed for at sende og modtage seksuelt eksplicitte beskeder og billeder. Disse websteder kan v\u00e6re en fantastisk m\u00e5de at tilslutte sig nogen, der deler dine interesser og \u00f8nsker. Det er dog vigtigt at v\u00e6re opm\u00e6rksom p\u00e5 de potentielle risici, der er\u2026<\/p>\n","protected":false},"author":1,"featured_media":0,"parent":0,"menu_order":0,"comment_status":"closed","ping_status":"closed","template":"","meta":[],"yoast_head":"<!-- This site is optimized with the Yoast SEO plugin v17.7.1 - https:\/\/yoast.com\/wordpress\/plugins\/seo\/ -->\n<title>Online Sexting Sites - Film Reviews<\/title>\n<meta name=\"robots\" content=\"index, follow, max-snippet:-1, max-image-preview:large, max-video-preview:-1\" \/>\n<link rel=\"canonical\" href=\"https:\/\/bellissima-films.com\/da\/online-sexting-sites\/\" \/>\n<meta property=\"og:locale\" content=\"da_DK\" \/>\n<meta property=\"og:type\" content=\"article\" \/>\n<meta property=\"og:title\" content=\"Online Sexting Sites - Film Reviews\" \/>\n<meta property=\"og:description\" content=\"Der er en r\u00e6kke online sexting-websteder, der giver brugerne mulighed for at sende og modtage seksuelt eksplicitte beskeder og billeder. Disse websteder kan v\u00e6re en fantastisk m\u00e5de at tilslutte sig nogen, der deler dine interesser og \u00f8nsker. Det er dog vigtigt at v\u00e6re opm\u00e6rksom p\u00e5 de potentielle risici, der er\u2026\" \/>\n<meta property=\"og:url\" content=\"https:\/\/bellissima-films.com\/da\/online-sexting-sites\/\" \/>\n<meta property=\"og:site_name\" content=\"Film Reviews\" \/>\n<meta name=\"twitter:card\" content=\"summary_large_image\" \/>\n<meta name=\"twitter:label1\" content=\"Estimeret l\u00e6setid\" \/>\n\t<meta name=\"twitter:data1\" content=\"4 minutter\" \/>\n<script type=\"application\/ld+json\" class=\"yoast-schema-graph\">{\"@context\":\"https:\/\/schema.org\",\"@graph\":[{\"@type\":\"WebSite\",\"@id\":\"https:\/\/bellissima-films.com\/da\/#website\",\"url\":\"https:\/\/bellissima-films.com\/da\/\",\"name\":\"Film Reviews\",\"description\":\"Real Hookups\",\"potentialAction\":[{\"@type\":\"SearchAction\",\"target\":{\"@type\":\"EntryPoint\",\"urlTemplate\":\"https:\/\/bellissima-films.com\/da\/?s={search_term_string}\"},\"query-input\":\"required name=search_term_string\"}],\"inLanguage\":\"da-DK\"},{\"@type\":\"WebPage\",\"@id\":\"https:\/\/bellissima-films.com\/da\/online-sexting-sites\/#webpage\",\"url\":\"https:\/\/bellissima-films.com\/da\/online-sexting-sites\/\",\"name\":\"Online Sexting Sites - Film Reviews\",\"isPartOf\":{\"@id\":\"https:\/\/bellissima-films.com\/da\/#website\"},\"datePublished\":\"2022-10-03T12:29:28+00:00\",\"dateModified\":\"2022-10-03T12:29:28+00:00\",\"breadcrumb\":{\"@id\":\"https:\/\/bellissima-films.com\/da\/online-sexting-sites\/#breadcrumb\"},\"inLanguage\":\"da-DK\",\"potentialAction\":[{\"@type\":\"ReadAction\",\"target\":[\"https:\/\/bellissima-films.com\/da\/online-sexting-sites\/\"]}]},{\"@type\":\"BreadcrumbList\",\"@id\":\"https:\/\/bellissima-films.com\/da\/online-sexting-sites\/#breadcrumb\",\"itemListElement\":[{\"@type\":\"ListItem\",\"position\":1,\"name\":\"Home\",\"item\":\"https:\/\/bellissima-films.com\/da\/\"},{\"@type\":\"ListItem\",\"position\":2,\"name\":\"Online Sexting Sites\"}]}]}<\/script>\n<!-- \/ Yoast SEO plugin. -->","yoast_head_json":{"title":"Online Sexting Sites - Film Reviews","robots":{"index":"index","follow":"follow","max-snippet":"max-snippet:-1","max-image-preview":"max-image-preview:large","max-video-preview":"max-video-preview:-1"},"canonical":"https:\/\/bellissima-films.com\/da\/online-sexting-sites\/","og_locale":"da_DK","og_type":"article","og_title":"Online Sexting Sites - Film Reviews","og_description":"Der er en r\u00e6kke online sexting-websteder, der giver brugerne mulighed for at sende og modtage seksuelt eksplicitte beskeder og billeder. Disse websteder kan v\u00e6re en fantastisk m\u00e5de at tilslutte sig nogen, der deler dine interesser og \u00f8nsker. Det er dog vigtigt at v\u00e6re opm\u00e6rksom p\u00e5 de potentielle risici, der er\u2026","og_url":"https:\/\/bellissima-films.com\/da\/online-sexting-sites\/","og_site_name":"Film Reviews","twitter_card":"summary_large_image","twitter_misc":{"Estimeret l\u00e6setid":"4 minutter"},"schema":{"@context":"https:\/\/schema.org","@graph":[{"@type":"WebSite","@id":"https:\/\/bellissima-films.com\/da\/#website","url":"https:\/\/bellissima-films.com\/da\/","name":"Film Reviews","description":"Real Hookups","potentialAction":[{"@type":"SearchAction","target":{"@type":"EntryPoint","urlTemplate":"https:\/\/bellissima-films.com\/da\/?s={search_term_string}"},"query-input":"required name=search_term_string"}],"inLanguage":"da-DK"},{"@type":"WebPage","@id":"https:\/\/bellissima-films.com\/da\/online-sexting-sites\/#webpage","url":"https:\/\/bellissima-films.com\/da\/online-sexting-sites\/","name":"Online Sexting Sites - Film Reviews","isPartOf":{"@id":"https:\/\/bellissima-films.com\/da\/#website"},"datePublished":"2022-10-03T12:29:28+00:00","dateModified":"2022-10-03T12:29:28+00:00","breadcrumb":{"@id":"https:\/\/bellissima-films.com\/da\/online-sexting-sites\/#breadcrumb"},"inLanguage":"da-DK","potentialAction":[{"@type":"ReadAction","target":["https:\/\/bellissima-films.com\/da\/online-sexting-sites\/"]}]},{"@type":"BreadcrumbList","@id":"https:\/\/bellissima-films.com\/da\/online-sexting-sites\/#breadcrumb","itemListElement":[{"@type":"ListItem","position":1,"name":"Home","item":"https:\/\/bellissima-films.com\/da\/"},{"@type":"ListItem","position":2,"name":"Online Sexting Sites"}]}]}},"_links":{"self":[{"href":"https:\/\/bellissima-films.com\/da\/wp-json\/wp\/v2\/pages\/164"}],"collection":[{"href":"https:\/\/bellissima-films.com\/da\/wp-json\/wp\/v2\/pages"}],"about":[{"href":"https:\/\/bellissima-films.com\/da\/wp-json\/wp\/v2\/types\/page"}],"author":[{"embeddable":true,"href":"https:\/\/bellissima-films.com\/da\/wp-json\/wp\/v2\/users\/1"}],"replies":[{"embeddable":true,"href":"https:\/\/bellissima-films.com\/da\/wp-json\/wp\/v2\/comments?post=164"}],"version-history":[{"count":0,"href":"https:\/\/bellissima-films.com\/da\/wp-json\/wp\/v2\/pages\/164\/revisions"}],"wp:attachment":[{"href":"https:\/\/bellissima-films.com\/da\/wp-json\/wp\/v2\/media?parent=164"}],"curies":[{"name":"wp","href":"https:\/\/api.w.org\/{rel}","templated":true}]}}