{"id":155,"date":"2022-10-03T13:29:46","date_gmt":"2022-10-03T12:29:46","guid":{"rendered":"http:\/\/bellissima-films.com\/bedstemor-dating\/"},"modified":"2022-10-03T13:29:46","modified_gmt":"2022-10-03T12:29:46","slug":"bedstemor-dating","status":"publish","type":"page","link":"https:\/\/bellissima-films.com\/da\/bedstemor-dating\/","title":{"rendered":"Bedstemor Dating"},"content":{"rendered":"<p>Der er mange bedstemor dating sites, der giver dig mulighed for at tilslutte sig \u00e6ldre kvinder. Disse <a href=\"http:\/\/bellissima-films.com\/da\/online-sexting-sites\/\">websteder<\/a> er en fantastisk m\u00e5de at m\u00f8de \u00e6ldre kvinder, der leder efter en yngre mand. Du kan finde mange \u00e6ldre kvinder, der leder efter en yngre mand p\u00e5 disse websteder. Du kan ogs\u00e5 finde mange \u00e6ldre kvinder, der leder efter en yngre mand p\u00e5 andre websteder, men disse websteder er en fantastisk m\u00e5de at m\u00f8de \u00e6ldre kvinder, der leder efter en yngre mand.<\/p>\n<h2>Tilslutning med modne kvinder<\/h2>\n<p>Der er noget utroligt dragende ved at date \u00e6ldre kvinder. De har tendens til at v\u00e6re mere selvsikre, mere erfarne og mere i kontrol over deres liv. De ved, hvad de vil, og de er ikke bange for at g\u00e5 efter det. Det betyder ikke, at dating yngre kvinder er forkert &#8211; langt fra det. Men hvis du leder efter noget lidt mere modent, kan dating en \u00e6ldre kvinde v\u00e6re den perfekte vej at g\u00e5.<\/p>\n<h2>Lokale bedstemor dating sites<\/h2>\n<p>Der er en r\u00e6kke bedstemor dating sites til r\u00e5dighed for folk, der er p\u00e5 udkig efter k\u00e6rlighed. Disse websteder henvender sig til personer, der er interesseret i dating \u00e6ldre kvinder. Nogle af de lokale bedstemor dating sites omfatter GrannyDatingSite.com og GrannyDate.com. Begge disse websteder tilbyder en r\u00e6kke funktioner, der giver brugerne mulighed for at oprette forbindelse til potentielle kampe og begynde at chatte. Bedstemor dating sites giver en mulighed for folk at forbinde med andre, der leder efter det samme.<\/p>\n<p>Der er masser af lokale gilfs i datingscenen, der leder efter en god tid. De er typisk \u00e6ldre kvinder, der er tiltrukket af yngre m\u00e6nd. De leder normalt efter et forhold eller noget afslappet. Mange gilfs er \u00e5bne for at pr\u00f8ve nye ting og er villige til at have det godt.<\/p>\n<h3>SwapFinder<\/h3>\n<p>SwapFinder er en dating app, der giver dig mulighed for at finde bedstem\u00f8dre, der leder efter en afslappet tilslutning. Appen er nem at bruge og har mange funktioner, der g\u00f8r den til et godt valg til bedstemor dating. Appen er gratis at downloade og bruge, og den tilbyder et premiumabonnement, der giver dig adgang til flere funktioner. Appen er tilg\u00e6ngelig til iOS- og Android-enheder.<\/p>\n<h3>Xmeets<\/h3>\n<p>Hvis du leder efter en bedstemor dating app, Xmeets er en god mulighed. Det er let at bruge og har mange funktioner, der g\u00f8r det til et godt valg for dem, der leder efter en moden kvinde til dato. S\u00f8gefunktionen er omfattende og giver dig mulighed for at finde pr\u00e6cis det, du leder efter. Beskedsystemet er ogs\u00e5 fantastisk, og du kan nemt holde kontakten med dine kampe. Samlet set er Xmeets en god mulighed for dem, der leder efter en bedstemor dating app.<\/p>\n<h3>SextFun<\/h3>\n<p>Hvis du er til bedstemor dating, s\u00e5 vil du helt sikkert gerne tjekke SextFun. Denne dating app er specielt designet til folk, der leder efter nogle uforpligtende sjov med \u00e6ldre kvinder. Appen er nem at bruge, og det er gratis at tilmelde sig. N\u00e5r du er tilmeldt, kan du gennemse profiler af lokale bedstem\u00f8dre, der leder efter noget sjovt. N\u00e5r du finder nogen, du kan lide, kan du sende dem en besked og se, om de er interesserede i at m\u00f8des. Appen er diskret og privat, s\u00e5 du kan v\u00e6re sikker p\u00e5, at dine bedstemor dating eventyr vil forblive mellem dig og de bedstem\u00f8dre, du m\u00f8der.<\/p>\n","protected":false},"excerpt":{"rendered":"<p>Der er mange bedstemor dating sites, der giver dig mulighed for at tilslutte sig \u00e6ldre kvinder. Disse websteder er en fantastisk m\u00e5de at m\u00f8de \u00e6ldre kvinder, der leder efter en yngre mand. Du kan finde mange \u00e6ldre kvinder, der leder efter en yngre mand p\u00e5 disse websteder. Du kan ogs\u00e5\u2026<\/p>\n","protected":false},"author":1,"featured_media":0,"parent":0,"menu_order":0,"comment_status":"closed","ping_status":"closed","template":"","meta":[],"yoast_head":"<!-- This site is optimized with the Yoast SEO plugin v17.7.1 - https:\/\/yoast.com\/wordpress\/plugins\/seo\/ -->\n<title>Bedstemor Dating - Film Reviews<\/title>\n<meta name=\"robots\" content=\"index, follow, max-snippet:-1, max-image-preview:large, max-video-preview:-1\" \/>\n<link rel=\"canonical\" href=\"https:\/\/bellissima-films.com\/da\/bedstemor-dating\/\" \/>\n<meta property=\"og:locale\" content=\"da_DK\" \/>\n<meta property=\"og:type\" content=\"article\" \/>\n<meta property=\"og:title\" content=\"Bedstemor Dating - Film Reviews\" \/>\n<meta property=\"og:description\" content=\"Der er mange bedstemor dating sites, der giver dig mulighed for at tilslutte sig \u00e6ldre kvinder. Disse websteder er en fantastisk m\u00e5de at m\u00f8de \u00e6ldre kvinder, der leder efter en yngre mand. Du kan finde mange \u00e6ldre kvinder, der leder efter en yngre mand p\u00e5 disse websteder. Du kan ogs\u00e5\u2026\" \/>\n<meta property=\"og:url\" content=\"https:\/\/bellissima-films.com\/da\/bedstemor-dating\/\" \/>\n<meta property=\"og:site_name\" content=\"Film Reviews\" \/>\n<meta name=\"twitter:card\" content=\"summary_large_image\" \/>\n<meta name=\"twitter:label1\" content=\"Estimeret l\u00e6setid\" \/>\n\t<meta name=\"twitter:data1\" content=\"3 minutter\" \/>\n<script type=\"application\/ld+json\" class=\"yoast-schema-graph\">{\"@context\":\"https:\/\/schema.org\",\"@graph\":[{\"@type\":\"WebSite\",\"@id\":\"http:\/\/bellissima-films.com\/da\/#website\",\"url\":\"http:\/\/bellissima-films.com\/da\/\",\"name\":\"Film Reviews\",\"description\":\"Real Hookups\",\"potentialAction\":[{\"@type\":\"SearchAction\",\"target\":{\"@type\":\"EntryPoint\",\"urlTemplate\":\"http:\/\/bellissima-films.com\/da\/?s={search_term_string}\"},\"query-input\":\"required name=search_term_string\"}],\"inLanguage\":\"da-DK\"},{\"@type\":\"WebPage\",\"@id\":\"https:\/\/bellissima-films.com\/da\/bedstemor-dating\/#webpage\",\"url\":\"https:\/\/bellissima-films.com\/da\/bedstemor-dating\/\",\"name\":\"Bedstemor Dating - Film Reviews\",\"isPartOf\":{\"@id\":\"http:\/\/bellissima-films.com\/da\/#website\"},\"datePublished\":\"2022-10-03T12:29:46+00:00\",\"dateModified\":\"2022-10-03T12:29:46+00:00\",\"breadcrumb\":{\"@id\":\"https:\/\/bellissima-films.com\/da\/bedstemor-dating\/#breadcrumb\"},\"inLanguage\":\"da-DK\",\"potentialAction\":[{\"@type\":\"ReadAction\",\"target\":[\"https:\/\/bellissima-films.com\/da\/bedstemor-dating\/\"]}]},{\"@type\":\"BreadcrumbList\",\"@id\":\"https:\/\/bellissima-films.com\/da\/bedstemor-dating\/#breadcrumb\",\"itemListElement\":[{\"@type\":\"ListItem\",\"position\":1,\"name\":\"Home\",\"item\":\"https:\/\/bellissima-films.com\/da\/\"},{\"@type\":\"ListItem\",\"position\":2,\"name\":\"Bedstemor Dating\"}]}]}<\/script>\n<!-- \/ Yoast SEO plugin. -->","yoast_head_json":{"title":"Bedstemor Dating - Film Reviews","robots":{"index":"index","follow":"follow","max-snippet":"max-snippet:-1","max-image-preview":"max-image-preview:large","max-video-preview":"max-video-preview:-1"},"canonical":"https:\/\/bellissima-films.com\/da\/bedstemor-dating\/","og_locale":"da_DK","og_type":"article","og_title":"Bedstemor Dating - Film Reviews","og_description":"Der er mange bedstemor dating sites, der giver dig mulighed for at tilslutte sig \u00e6ldre kvinder. Disse websteder er en fantastisk m\u00e5de at m\u00f8de \u00e6ldre kvinder, der leder efter en yngre mand. Du kan finde mange \u00e6ldre kvinder, der leder efter en yngre mand p\u00e5 disse websteder. Du kan ogs\u00e5\u2026","og_url":"https:\/\/bellissima-films.com\/da\/bedstemor-dating\/","og_site_name":"Film Reviews","twitter_card":"summary_large_image","twitter_misc":{"Estimeret l\u00e6setid":"3 minutter"},"schema":{"@context":"https:\/\/schema.org","@graph":[{"@type":"WebSite","@id":"http:\/\/bellissima-films.com\/da\/#website","url":"http:\/\/bellissima-films.com\/da\/","name":"Film Reviews","description":"Real Hookups","potentialAction":[{"@type":"SearchAction","target":{"@type":"EntryPoint","urlTemplate":"http:\/\/bellissima-films.com\/da\/?s={search_term_string}"},"query-input":"required name=search_term_string"}],"inLanguage":"da-DK"},{"@type":"WebPage","@id":"https:\/\/bellissima-films.com\/da\/bedstemor-dating\/#webpage","url":"https:\/\/bellissima-films.com\/da\/bedstemor-dating\/","name":"Bedstemor Dating - Film Reviews","isPartOf":{"@id":"http:\/\/bellissima-films.com\/da\/#website"},"datePublished":"2022-10-03T12:29:46+00:00","dateModified":"2022-10-03T12:29:46+00:00","breadcrumb":{"@id":"https:\/\/bellissima-films.com\/da\/bedstemor-dating\/#breadcrumb"},"inLanguage":"da-DK","potentialAction":[{"@type":"ReadAction","target":["https:\/\/bellissima-films.com\/da\/bedstemor-dating\/"]}]},{"@type":"BreadcrumbList","@id":"https:\/\/bellissima-films.com\/da\/bedstemor-dating\/#breadcrumb","itemListElement":[{"@type":"ListItem","position":1,"name":"Home","item":"https:\/\/bellissima-films.com\/da\/"},{"@type":"ListItem","position":2,"name":"Bedstemor Dating"}]}]}},"_links":{"self":[{"href":"https:\/\/bellissima-films.com\/da\/wp-json\/wp\/v2\/pages\/155"}],"collection":[{"href":"https:\/\/bellissima-films.com\/da\/wp-json\/wp\/v2\/pages"}],"about":[{"href":"https:\/\/bellissima-films.com\/da\/wp-json\/wp\/v2\/types\/page"}],"author":[{"embeddable":true,"href":"https:\/\/bellissima-films.com\/da\/wp-json\/wp\/v2\/users\/1"}],"replies":[{"embeddable":true,"href":"https:\/\/bellissima-films.com\/da\/wp-json\/wp\/v2\/comments?post=155"}],"version-history":[{"count":0,"href":"https:\/\/bellissima-films.com\/da\/wp-json\/wp\/v2\/pages\/155\/revisions"}],"wp:attachment":[{"href":"https:\/\/bellissima-films.com\/da\/wp-json\/wp\/v2\/media?parent=155"}],"curies":[{"name":"wp","href":"https:\/\/api.w.org\/{rel}","templated":true}]}}