{"id":154,"date":"2022-10-03T13:30:32","date_gmt":"2022-10-03T12:30:32","guid":{"rendered":"http:\/\/bellissima-films.com\/diskrete-dating-apps\/"},"modified":"2022-10-03T13:30:32","modified_gmt":"2022-10-03T12:30:32","slug":"diskrete-dating-apps","status":"publish","type":"page","link":"https:\/\/bellissima-films.com\/da\/diskrete-dating-apps\/","title":{"rendered":"Diskrete dating apps"},"content":{"rendered":"<p>Der er en r\u00e6kke <a href=\"http:\/\/bellissima-films.com\/da\/gratis-milf-tilslutningssider\/\">diskrete dating apps<\/a> til r\u00e5dighed, der er specielt designet til folk, der \u00f8nsker at tilslutte sig. Disse apps giver brugerne mulighed for at oprette forbindelse til andre, der er interesseret i det samme, uden at skulle gennemg\u00e5 besv\u00e6ret med traditionel dating. Dette g\u00f8r det nemt at finde nogen, der er nede for hvad som helst, uden at skulle bekymre sig om afvisning eller dom.<\/p>\n<h2>Diskrete sexsider<\/h2>\n<p>Der er en r\u00e6kke diskrete sexsider, der henvender sig til dem, der leder efter et seksuelt m\u00f8de uden for et traditionelt datingforhold. Disse websteder giver en sikker og anonym m\u00e5de at oprette forbindelse til andre, der er interesserede i at udforske deres seksualitet. Mange af disse websteder tilbyder ogs\u00e5 en r\u00e6kke funktioner og v\u00e6rkt\u00f8jer til at hj\u00e6lpe medlemmer med at oprette forbindelse til hinanden og planl\u00e6gge m\u00f8der.<\/p>\n<p>Der er mange m\u00e5der at finde k\u00e6rlighed p\u00e5, og for nogle mennesker er en diskret aff\u00e6re den bedste m\u00e5de at g\u00f8re det p\u00e5. Der er mange grunde til, at nogen kan v\u00e6lge at have en diskret aff\u00e6re, herunder behovet for diskretion p\u00e5 grund af deres job eller sociale status. Uanset \u00e5rsagen kan en diskret aff\u00e6re v\u00e6re en fantastisk m\u00e5de at finde k\u00e6rlighed og kammeratskab p\u00e5. Der er et par ting at huske p\u00e5, hvis du overvejer en diskret aff\u00e6re. F\u00f8rst skal du s\u00f8rge for, at I begge er p\u00e5 samme side om, hvad du leder efter. Hvis du ikke er det, er det let for tingene at blive komplicerede hurtigt. For det andet skal du s\u00f8rge for at kommunikere \u00e5bent og \u00e6rligt med hinanden. Dette er n\u00f8glen til ethvert forhold, men det er is\u00e6r vigtigt i en diskret aff\u00e6re. Endelig skal du ikke v\u00e6re bange for at v\u00e6re lidt spontan. Dette kan g\u00f8re hele oplevelsen endnu mere sp\u00e6ndende.<\/p>\n<h2>Diskrete tilslutninger<\/h2>\n<p>Der er mange mennesker derude, der leder efter diskrete tilslutninger. Uanset om de er single og bare leder efter en uforpligtende fling eller i et forhold, men \u00f8nsker at snyde, er der altid nogen, der leder efter en tilslutning. Hvis du er en person, der er interesseret i diskrete tilslutninger, er der et par ting, du kan g\u00f8re for at \u00f8ge dine chancer for at finde nogen. Pr\u00f8v f\u00f8rst at bruge en datingapp eller et websted, der henvender sig til folk, der leder efter afslappede m\u00f8der. Der er mange af disse derude, s\u00e5 det burde ikke v\u00e6re for sv\u00e6rt at finde en, der passer til dine behov.<\/p>\n<p>N\u00e5r du har fundet en god datingside eller app, skal du s\u00f8rge for at oprette en god profil. Medtag et par sexede billeder af dig selv, og v\u00e6r klar over, hvad du leder efter. V\u00e6r p\u00e5 forh\u00e5nd om dine \u00f8nsker, og du vil v\u00e6re mere tilb\u00f8jelig til at tiltr\u00e6kke den rigtige slags mennesker. Hvis du spiller dine kort rigtigt, skal du v\u00e6re i stand til at finde masser af mennesker, der er interesseret i diskrete tilslutninger. Bare v\u00e6r forsigtig og s\u00f8rg for, at du ved, hvad du g\u00e5r ind til, f\u00f8r du m\u00f8des med nogen.<\/p>\n<h3>BBWCupid<\/h3>\n<p>BBWCupid er en dating app, der er specielt designet til plus-size kvinder og de m\u00e6nd, der elsker dem. Appen er en sikker og diskret m\u00e5de at m\u00f8de andre plus-size singler i dit omr\u00e5de. Appen har en stor database med brugere, s\u00e5 du er sikker p\u00e5 at finde nogen, der er kompatibel med dig. Appen er nem at bruge og har en brugervenlig gr\u00e6nseflade. Appen er gratis at downloade og bruge.<\/p>\n<h3>Dobbeltliste<\/h3>\n<p>DoubleList er en diskret dating app, der giver dig mulighed for at finde kampe hurtigt og nemt. Appen er designet til folk, der leder efter en hurtig og nem m\u00e5de at finde et match p\u00e5. Appen er gratis at downloade og bruge. Appen er tilg\u00e6ngelig til iPhone- og Android-enheder.<\/p>\n<h3>Rubmaps<\/h3>\n<p>Der er mange diskrete dating apps tilg\u00e6ngelige p\u00e5 markedet i dag, men Rubmaps er en af de mest popul\u00e6re. Denne app giver brugerne mulighed for at finde potentielle kampe i deres omr\u00e5de, der er interesseret i de samme ting som dem. Rubmaps har ogs\u00e5 en fantastisk funktion, der giver brugerne mulighed for at se, hvor langt v\u00e6k potentielle kampe er, hvilket er meget nyttigt for dem, der leder efter et diskret m\u00f8de. Appen er gratis at downloade og bruge, og den er tilg\u00e6ngelig til b\u00e5de iOS- og Android-enheder.<\/p>\n","protected":false},"excerpt":{"rendered":"<p>Der er en r\u00e6kke diskrete dating apps til r\u00e5dighed, der er specielt designet til folk, der \u00f8nsker at tilslutte sig. Disse apps giver brugerne mulighed for at oprette forbindelse til andre, der er interesseret i det samme, uden at skulle gennemg\u00e5 besv\u00e6ret med traditionel dating. Dette g\u00f8r det nemt at\u2026<\/p>\n","protected":false},"author":1,"featured_media":0,"parent":0,"menu_order":0,"comment_status":"closed","ping_status":"closed","template":"","meta":[],"yoast_head":"<!-- This site is optimized with the Yoast SEO plugin v17.7.1 - https:\/\/yoast.com\/wordpress\/plugins\/seo\/ -->\n<title>Diskrete dating apps - Film Reviews<\/title>\n<meta name=\"robots\" content=\"index, follow, max-snippet:-1, max-image-preview:large, max-video-preview:-1\" \/>\n<link rel=\"canonical\" href=\"https:\/\/bellissima-films.com\/da\/diskrete-dating-apps\/\" \/>\n<meta property=\"og:locale\" content=\"da_DK\" \/>\n<meta property=\"og:type\" content=\"article\" \/>\n<meta property=\"og:title\" content=\"Diskrete dating apps - Film Reviews\" \/>\n<meta property=\"og:description\" content=\"Der er en r\u00e6kke diskrete dating apps til r\u00e5dighed, der er specielt designet til folk, der \u00f8nsker at tilslutte sig. Disse apps giver brugerne mulighed for at oprette forbindelse til andre, der er interesseret i det samme, uden at skulle gennemg\u00e5 besv\u00e6ret med traditionel dating. Dette g\u00f8r det nemt at\u2026\" \/>\n<meta property=\"og:url\" content=\"https:\/\/bellissima-films.com\/da\/diskrete-dating-apps\/\" \/>\n<meta property=\"og:site_name\" content=\"Film Reviews\" \/>\n<meta name=\"twitter:card\" content=\"summary_large_image\" \/>\n<meta name=\"twitter:label1\" content=\"Estimeret l\u00e6setid\" \/>\n\t<meta name=\"twitter:data1\" content=\"4 minutter\" \/>\n<script type=\"application\/ld+json\" class=\"yoast-schema-graph\">{\"@context\":\"https:\/\/schema.org\",\"@graph\":[{\"@type\":\"WebSite\",\"@id\":\"http:\/\/bellissima-films.com\/da\/#website\",\"url\":\"http:\/\/bellissima-films.com\/da\/\",\"name\":\"Film Reviews\",\"description\":\"Real Hookups\",\"potentialAction\":[{\"@type\":\"SearchAction\",\"target\":{\"@type\":\"EntryPoint\",\"urlTemplate\":\"http:\/\/bellissima-films.com\/da\/?s={search_term_string}\"},\"query-input\":\"required name=search_term_string\"}],\"inLanguage\":\"da-DK\"},{\"@type\":\"WebPage\",\"@id\":\"https:\/\/bellissima-films.com\/da\/diskrete-dating-apps\/#webpage\",\"url\":\"https:\/\/bellissima-films.com\/da\/diskrete-dating-apps\/\",\"name\":\"Diskrete dating apps - Film Reviews\",\"isPartOf\":{\"@id\":\"http:\/\/bellissima-films.com\/da\/#website\"},\"datePublished\":\"2022-10-03T12:30:32+00:00\",\"dateModified\":\"2022-10-03T12:30:32+00:00\",\"breadcrumb\":{\"@id\":\"https:\/\/bellissima-films.com\/da\/diskrete-dating-apps\/#breadcrumb\"},\"inLanguage\":\"da-DK\",\"potentialAction\":[{\"@type\":\"ReadAction\",\"target\":[\"https:\/\/bellissima-films.com\/da\/diskrete-dating-apps\/\"]}]},{\"@type\":\"BreadcrumbList\",\"@id\":\"https:\/\/bellissima-films.com\/da\/diskrete-dating-apps\/#breadcrumb\",\"itemListElement\":[{\"@type\":\"ListItem\",\"position\":1,\"name\":\"Home\",\"item\":\"https:\/\/bellissima-films.com\/da\/\"},{\"@type\":\"ListItem\",\"position\":2,\"name\":\"Diskrete dating apps\"}]}]}<\/script>\n<!-- \/ Yoast SEO plugin. -->","yoast_head_json":{"title":"Diskrete dating apps - Film Reviews","robots":{"index":"index","follow":"follow","max-snippet":"max-snippet:-1","max-image-preview":"max-image-preview:large","max-video-preview":"max-video-preview:-1"},"canonical":"https:\/\/bellissima-films.com\/da\/diskrete-dating-apps\/","og_locale":"da_DK","og_type":"article","og_title":"Diskrete dating apps - Film Reviews","og_description":"Der er en r\u00e6kke diskrete dating apps til r\u00e5dighed, der er specielt designet til folk, der \u00f8nsker at tilslutte sig. Disse apps giver brugerne mulighed for at oprette forbindelse til andre, der er interesseret i det samme, uden at skulle gennemg\u00e5 besv\u00e6ret med traditionel dating. Dette g\u00f8r det nemt at\u2026","og_url":"https:\/\/bellissima-films.com\/da\/diskrete-dating-apps\/","og_site_name":"Film Reviews","twitter_card":"summary_large_image","twitter_misc":{"Estimeret l\u00e6setid":"4 minutter"},"schema":{"@context":"https:\/\/schema.org","@graph":[{"@type":"WebSite","@id":"http:\/\/bellissima-films.com\/da\/#website","url":"http:\/\/bellissima-films.com\/da\/","name":"Film Reviews","description":"Real Hookups","potentialAction":[{"@type":"SearchAction","target":{"@type":"EntryPoint","urlTemplate":"http:\/\/bellissima-films.com\/da\/?s={search_term_string}"},"query-input":"required name=search_term_string"}],"inLanguage":"da-DK"},{"@type":"WebPage","@id":"https:\/\/bellissima-films.com\/da\/diskrete-dating-apps\/#webpage","url":"https:\/\/bellissima-films.com\/da\/diskrete-dating-apps\/","name":"Diskrete dating apps - Film Reviews","isPartOf":{"@id":"http:\/\/bellissima-films.com\/da\/#website"},"datePublished":"2022-10-03T12:30:32+00:00","dateModified":"2022-10-03T12:30:32+00:00","breadcrumb":{"@id":"https:\/\/bellissima-films.com\/da\/diskrete-dating-apps\/#breadcrumb"},"inLanguage":"da-DK","potentialAction":[{"@type":"ReadAction","target":["https:\/\/bellissima-films.com\/da\/diskrete-dating-apps\/"]}]},{"@type":"BreadcrumbList","@id":"https:\/\/bellissima-films.com\/da\/diskrete-dating-apps\/#breadcrumb","itemListElement":[{"@type":"ListItem","position":1,"name":"Home","item":"https:\/\/bellissima-films.com\/da\/"},{"@type":"ListItem","position":2,"name":"Diskrete dating apps"}]}]}},"_links":{"self":[{"href":"https:\/\/bellissima-films.com\/da\/wp-json\/wp\/v2\/pages\/154"}],"collection":[{"href":"https:\/\/bellissima-films.com\/da\/wp-json\/wp\/v2\/pages"}],"about":[{"href":"https:\/\/bellissima-films.com\/da\/wp-json\/wp\/v2\/types\/page"}],"author":[{"embeddable":true,"href":"https:\/\/bellissima-films.com\/da\/wp-json\/wp\/v2\/users\/1"}],"replies":[{"embeddable":true,"href":"https:\/\/bellissima-films.com\/da\/wp-json\/wp\/v2\/comments?post=154"}],"version-history":[{"count":0,"href":"https:\/\/bellissima-films.com\/da\/wp-json\/wp\/v2\/pages\/154\/revisions"}],"wp:attachment":[{"href":"https:\/\/bellissima-films.com\/da\/wp-json\/wp\/v2\/media?parent=154"}],"curies":[{"name":"wp","href":"https:\/\/api.w.org\/{rel}","templated":true}]}}