{"id":142,"date":"2022-10-03T13:30:04","date_gmt":"2022-10-03T12:30:04","guid":{"rendered":"http:\/\/bellissima-films.com\/gratis-milf-tilslutningssider\/"},"modified":"2022-10-03T13:30:04","modified_gmt":"2022-10-03T12:30:04","slug":"gratis-milf-tilslutningssider","status":"publish","type":"page","link":"https:\/\/bellissima-films.com\/da\/gratis-milf-tilslutningssider\/","title":{"rendered":"Gratis MILF-tilslutningssider"},"content":{"rendered":"<p>Der er mange gratis MILF-tilslutningssider online, s\u00e5 det er nemt at finde en, der passer til dig. S\u00f8rg for at l\u00e6se anmeldelserne, f\u00f8r du tilmelder dig et websted, og s\u00f8rg for at kigge efter et websted, der har et godt omd\u00f8mme. N\u00e5r du har fundet et websted, du er fortrolig med, skal du oprette en profil og begynde at gennemse profilerne for varme MILF&#8217;er i dit omr\u00e5de. N\u00e5r du finder en person, du er interesseret i, skal du sende dem en besked og se, om de er interesserede i at m\u00f8des. Hvis de er, kan du indstille et tidspunkt og sted for at m\u00f8des og se, om der er kemi. Hvis der er, s\u00e5 kan du tage tingene til det n\u00e6ste niveau og tilslutte!<\/p>\n<h2>Lokale MILF&#8217;er<\/h2>\n<p>Der er noget ved en MILF, der bare g\u00f8r os svage i kn\u00e6ene. M\u00e5ske er det deres selvtillid, m\u00e5ske er det deres oplevelse, eller m\u00e5ske er det det faktum, at de bare ser ud til at vide, hvad de laver. Uanset \u00e5rsagen er lokale MILF&#8217;er bestemt v\u00e6rd at date.<\/p>\n<p>Hvis du \u00f8nsker at <a href=\"http:\/\/bellissima-films.com\/da\/bedstemor-dating\/\">date en MILF<\/a>, er der et par ting, du skal huske p\u00e5. For det f\u00f8rste leder de ikke efter et forhold &#8211; de leder normalt bare efter en god tid. S\u00e5 hvis du leder efter noget seri\u00f8st, vil du m\u00e5ske kigge andre steder. For det andet er de normalt ret travle, s\u00e5 du bliver n\u00f8dt til at v\u00e6re fleksibel med din tidsplan. Endelig ved de, hvad de vil have, s\u00e5 v\u00e6r forberedt p\u00e5 at give dem det, de har brug for.<\/p>\n<p>Hvis du kan klare alt dette, kan dating en MILF v\u00e6re en utrolig sjov og givende oplevelse. Bare s\u00f8rg for at tage tingene langsomt, v\u00e6re respektfuld og v\u00e6re klar til at have det godt.<\/p>\n<p>Der er masser af lokale milfs i n\u00e6rheden af mig, der leder efter k\u00e6rlighed. Den bedste m\u00e5de at finde dem p\u00e5 er at bruge online dating sites. P\u00e5 denne m\u00e5de kan du se profiler af alle de lokale milfs i n\u00e6rheden af mig og beslutte, hvem du vil tale med. Du kan ogs\u00e5 l\u00e6se anmeldelser af de forskellige sider, f\u00f8r du tilmelder dig et. P\u00e5 denne m\u00e5de kan du v\u00e6re sikker p\u00e5, at du bruger et velrenommeret websted.<\/p>\n<h2>Milfs Dating Sites<\/h2>\n<p>Der er mange MILF dating sites tilg\u00e6ngelige online, og de er blevet ret popul\u00e6re i de senere \u00e5r. Disse websteder giver \u00e6ldre kvinder en fantastisk m\u00e5de at m\u00f8de yngre m\u00e6nd p\u00e5 og omvendt. De tilbyder et sikkert og sjovt milj\u00f8 for folk at m\u00f8de og interagere, og mange af dem har mange medlemmer. Det betyder, at der er masser af muligheder for at finde et match.<\/p>\n<p>Det er dog vigtigt at v\u00e6re opm\u00e6rksom p\u00e5, at ikke alle MILF dating sites er skabt ens. Der er nogle, der er bedre end andre, og det er vigtigt at unders\u00f8ge noget, f\u00f8r du tilmelder dig en. P\u00e5 denne m\u00e5de kan du v\u00e6re sikker p\u00e5, at du f\u00e5r den bedst mulige oplevelse.<\/p>\n<h3>OneNightFriend<\/h3>\n<p>OneNightFriend dating app er en af de bedste gratis milf tilslutning sites. Det er designet til at hj\u00e6lpe enlige m\u00e6nd og kvinder med at finde hinanden til afslappede datoer og tilslutninger. Appen er brugervenlig og nem at bruge. Du kan tilmelde dig gratis og oprette din profil inden for f\u00e5 minutter. N\u00e5r du har oprettet din profil, kan du begynde at s\u00f8ge efter lokale milfs i dit omr\u00e5de. OneNightFriend har en stor database med milfs, der leder efter afslappede tilslutninger og datoer. Du kan ogs\u00e5 bruge appen til at chatte med andre medlemmer og udveksle beskeder. Appen er tilg\u00e6ngelig gratis i App Store og Google Play Store.<\/p>\n<h3>V\u00e5djagt<\/h3>\n<p>WetHunt er en ny dating app, der hurtigt bliver popul\u00e6r blandt milf hookup fans. Det er gratis at downloade og bruge, og det tilbyder en masse funktioner, som andre apps ikke g\u00f8r. For eksempel kan du s\u00f8ge efter medlemmer efter placering, alder, interesser og endda kropstype. Appen har ogs\u00e5 en beskedfunktion, s\u00e5 du kan chatte med potentielle datoer, f\u00f8r du m\u00f8des personligt. WetHunt er en god mulighed for alle, der leder efter en gratis milf hookup-app.<\/p>\n<h3>FlingPals<\/h3>\n<p>FlingPals er en ny datingapp, der hurtigt bliver popul\u00e6r blandt brugere i alle aldre, is\u00e6r dem i 20&#8217;erne og 30&#8217;erne. Appen giver brugerne mulighed for at oprette forbindelse til andre baseret p\u00e5 deres placering og alder og derefter chatte og arrangere at m\u00f8des. Appen er gratis at downloade og bruge, og der er ingen k\u00f8b i appen. FlingPals er blevet rost for sin enkelhed og brugervenlighed, og mange brugere har fundet det at v\u00e6re en fantastisk m\u00e5de at m\u00f8de nye mennesker i deres omr\u00e5de. Appen er ogs\u00e5 popul\u00e6r blandt folk, der leder efter en hurtig tilslutning, da den g\u00f8r det nemt at arrangere at m\u00f8des med nogen i n\u00e6rheden.<\/p>\n<p>Samlet set er FlingPals en fantastisk ny datingapp, der helt sikkert vil appellere til en bred vifte af brugere. Det er nemt at bruge, og tilbyder en fantastisk m\u00e5de at m\u00f8de nye mennesker og potentielt finde en fling.<\/p>\n","protected":false},"excerpt":{"rendered":"<p>Der er mange gratis MILF-tilslutningssider online, s\u00e5 det er nemt at finde en, der passer til dig. S\u00f8rg for at l\u00e6se anmeldelserne, f\u00f8r du tilmelder dig et websted, og s\u00f8rg for at kigge efter et websted, der har et godt omd\u00f8mme. N\u00e5r du har fundet et websted, du er fortrolig\u2026<\/p>\n","protected":false},"author":1,"featured_media":0,"parent":0,"menu_order":0,"comment_status":"closed","ping_status":"closed","template":"","meta":[],"yoast_head":"<!-- This site is optimized with the Yoast SEO plugin v17.7.1 - https:\/\/yoast.com\/wordpress\/plugins\/seo\/ -->\n<title>Gratis MILF-tilslutningssider - Film Reviews<\/title>\n<meta name=\"robots\" content=\"index, follow, max-snippet:-1, max-image-preview:large, max-video-preview:-1\" \/>\n<link rel=\"canonical\" href=\"https:\/\/bellissima-films.com\/da\/gratis-milf-tilslutningssider\/\" \/>\n<meta property=\"og:locale\" content=\"da_DK\" \/>\n<meta property=\"og:type\" content=\"article\" \/>\n<meta property=\"og:title\" content=\"Gratis MILF-tilslutningssider - Film Reviews\" \/>\n<meta property=\"og:description\" content=\"Der er mange gratis MILF-tilslutningssider online, s\u00e5 det er nemt at finde en, der passer til dig. S\u00f8rg for at l\u00e6se anmeldelserne, f\u00f8r du tilmelder dig et websted, og s\u00f8rg for at kigge efter et websted, der har et godt omd\u00f8mme. N\u00e5r du har fundet et websted, du er fortrolig\u2026\" \/>\n<meta property=\"og:url\" content=\"https:\/\/bellissima-films.com\/da\/gratis-milf-tilslutningssider\/\" \/>\n<meta property=\"og:site_name\" content=\"Film Reviews\" \/>\n<meta name=\"twitter:card\" content=\"summary_large_image\" \/>\n<meta name=\"twitter:label1\" content=\"Estimeret l\u00e6setid\" \/>\n\t<meta name=\"twitter:data1\" content=\"5 minutter\" \/>\n<script type=\"application\/ld+json\" class=\"yoast-schema-graph\">{\"@context\":\"https:\/\/schema.org\",\"@graph\":[{\"@type\":\"WebSite\",\"@id\":\"https:\/\/bellissima-films.com\/da\/#website\",\"url\":\"https:\/\/bellissima-films.com\/da\/\",\"name\":\"Film Reviews\",\"description\":\"Real Hookups\",\"potentialAction\":[{\"@type\":\"SearchAction\",\"target\":{\"@type\":\"EntryPoint\",\"urlTemplate\":\"https:\/\/bellissima-films.com\/da\/?s={search_term_string}\"},\"query-input\":\"required name=search_term_string\"}],\"inLanguage\":\"da-DK\"},{\"@type\":\"WebPage\",\"@id\":\"https:\/\/bellissima-films.com\/da\/gratis-milf-tilslutningssider\/#webpage\",\"url\":\"https:\/\/bellissima-films.com\/da\/gratis-milf-tilslutningssider\/\",\"name\":\"Gratis MILF-tilslutningssider - Film Reviews\",\"isPartOf\":{\"@id\":\"https:\/\/bellissima-films.com\/da\/#website\"},\"datePublished\":\"2022-10-03T12:30:04+00:00\",\"dateModified\":\"2022-10-03T12:30:04+00:00\",\"breadcrumb\":{\"@id\":\"https:\/\/bellissima-films.com\/da\/gratis-milf-tilslutningssider\/#breadcrumb\"},\"inLanguage\":\"da-DK\",\"potentialAction\":[{\"@type\":\"ReadAction\",\"target\":[\"https:\/\/bellissima-films.com\/da\/gratis-milf-tilslutningssider\/\"]}]},{\"@type\":\"BreadcrumbList\",\"@id\":\"https:\/\/bellissima-films.com\/da\/gratis-milf-tilslutningssider\/#breadcrumb\",\"itemListElement\":[{\"@type\":\"ListItem\",\"position\":1,\"name\":\"Home\",\"item\":\"https:\/\/bellissima-films.com\/da\/\"},{\"@type\":\"ListItem\",\"position\":2,\"name\":\"Gratis MILF-tilslutningssider\"}]}]}<\/script>\n<!-- \/ Yoast SEO plugin. -->","yoast_head_json":{"title":"Gratis MILF-tilslutningssider - Film Reviews","robots":{"index":"index","follow":"follow","max-snippet":"max-snippet:-1","max-image-preview":"max-image-preview:large","max-video-preview":"max-video-preview:-1"},"canonical":"https:\/\/bellissima-films.com\/da\/gratis-milf-tilslutningssider\/","og_locale":"da_DK","og_type":"article","og_title":"Gratis MILF-tilslutningssider - Film Reviews","og_description":"Der er mange gratis MILF-tilslutningssider online, s\u00e5 det er nemt at finde en, der passer til dig. S\u00f8rg for at l\u00e6se anmeldelserne, f\u00f8r du tilmelder dig et websted, og s\u00f8rg for at kigge efter et websted, der har et godt omd\u00f8mme. N\u00e5r du har fundet et websted, du er fortrolig\u2026","og_url":"https:\/\/bellissima-films.com\/da\/gratis-milf-tilslutningssider\/","og_site_name":"Film Reviews","twitter_card":"summary_large_image","twitter_misc":{"Estimeret l\u00e6setid":"5 minutter"},"schema":{"@context":"https:\/\/schema.org","@graph":[{"@type":"WebSite","@id":"https:\/\/bellissima-films.com\/da\/#website","url":"https:\/\/bellissima-films.com\/da\/","name":"Film Reviews","description":"Real Hookups","potentialAction":[{"@type":"SearchAction","target":{"@type":"EntryPoint","urlTemplate":"https:\/\/bellissima-films.com\/da\/?s={search_term_string}"},"query-input":"required name=search_term_string"}],"inLanguage":"da-DK"},{"@type":"WebPage","@id":"https:\/\/bellissima-films.com\/da\/gratis-milf-tilslutningssider\/#webpage","url":"https:\/\/bellissima-films.com\/da\/gratis-milf-tilslutningssider\/","name":"Gratis MILF-tilslutningssider - Film Reviews","isPartOf":{"@id":"https:\/\/bellissima-films.com\/da\/#website"},"datePublished":"2022-10-03T12:30:04+00:00","dateModified":"2022-10-03T12:30:04+00:00","breadcrumb":{"@id":"https:\/\/bellissima-films.com\/da\/gratis-milf-tilslutningssider\/#breadcrumb"},"inLanguage":"da-DK","potentialAction":[{"@type":"ReadAction","target":["https:\/\/bellissima-films.com\/da\/gratis-milf-tilslutningssider\/"]}]},{"@type":"BreadcrumbList","@id":"https:\/\/bellissima-films.com\/da\/gratis-milf-tilslutningssider\/#breadcrumb","itemListElement":[{"@type":"ListItem","position":1,"name":"Home","item":"https:\/\/bellissima-films.com\/da\/"},{"@type":"ListItem","position":2,"name":"Gratis MILF-tilslutningssider"}]}]}},"_links":{"self":[{"href":"https:\/\/bellissima-films.com\/da\/wp-json\/wp\/v2\/pages\/142"}],"collection":[{"href":"https:\/\/bellissima-films.com\/da\/wp-json\/wp\/v2\/pages"}],"about":[{"href":"https:\/\/bellissima-films.com\/da\/wp-json\/wp\/v2\/types\/page"}],"author":[{"embeddable":true,"href":"https:\/\/bellissima-films.com\/da\/wp-json\/wp\/v2\/users\/1"}],"replies":[{"embeddable":true,"href":"https:\/\/bellissima-films.com\/da\/wp-json\/wp\/v2\/comments?post=142"}],"version-history":[{"count":0,"href":"https:\/\/bellissima-films.com\/da\/wp-json\/wp\/v2\/pages\/142\/revisions"}],"wp:attachment":[{"href":"https:\/\/bellissima-films.com\/da\/wp-json\/wp\/v2\/media?parent=142"}],"curies":[{"name":"wp","href":"https:\/\/api.w.org\/{rel}","templated":true}]}}