{"id":122,"date":"2022-10-03T13:30:59","date_gmt":"2022-10-03T12:30:59","guid":{"rendered":"http:\/\/bellissima-films.com\/cross-dresser-dating-sites\/"},"modified":"2022-10-03T13:30:59","modified_gmt":"2022-10-03T12:30:59","slug":"cross-dresser-dating-sites","status":"publish","type":"page","link":"https:\/\/bellissima-films.com\/da\/cross-dresser-dating-sites\/","title":{"rendered":"Cross Dresser Dating Sites"},"content":{"rendered":"<p>Hvis du leder efter en partner, der kan lide at kl\u00e6de sig ud i damet\u00f8j, er der masser af cross dresser dating sites, der kan hj\u00e6lpe dig med at finde dit perfekte match. Disse websteder henvender sig til folk, der nyder at kl\u00e6de sig ud i det modsatte k\u00f8ns t\u00f8j, og de kan v\u00e6re en fantastisk m\u00e5de at finde en partner, der deler din interesse.<\/p>\n<p>De fleste cross dresser <a href=\"http:\/\/bellissima-films.com\/da\/diskrete-dating-apps\/\">dating sites<\/a> fungerer ligesom enhver anden dating site &#8211; du opretter en profil, gennemser andre medlemmers profiler og sender beskeder frem og tilbage. Nogle websteder har ogs\u00e5 chatrum og fora, hvor du kan l\u00e6re andre medlemmer bedre at kende. Hvis du er interesseret i at tilslutte dig en cross dresser, er der et par ting, du skal huske p\u00e5. For det f\u00f8rste kan cross dressers findes p\u00e5 enhver datingside, s\u00e5 begr\u00e6ns ikke din s\u00f8gning til bare cross dresser dating sites. For det andet er cross dressers normalt meget \u00e5bne om deres interesse, s\u00e5 v\u00e6r ikke bange for at stille sp\u00f8rgsm\u00e5l eller bringe emnet op selv. Og endelig, glem ikke at have det sjovt! Cross dressing handler om at udforske din seksualitet og hygge dig, s\u00e5 s\u00f8rg for at g\u00f8re netop det.<\/p>\n<h2>Crossdresser Kontakts<\/h2>\n<p>Crossdresser kontaktannoncer kan v\u00e6re en fantastisk m\u00e5de at m\u00f8de andre mennesker, der deler din interesse for crossdressing. Uanset om du leder efter venskab, romantik eller bare nogen at chatte med, kan du finde det hele p\u00e5 crossdresser kontaktannoncer. Der er alle slags mennesker, der bruger crossdresser-kontaktannoncer, s\u00e5 du er sikker p\u00e5 at finde nogen, der deler dine interesser, og som du er kompatibel med. Det bedste af det hele er, at det er et trygt og im\u00f8dekommende f\u00e6llesskab, hvor alle bliver accepteret for dem, de er. S\u00e5 hvis du leder efter et sted at udforske dine crossdressing-interesser, er crossdresser-kontaktannoncer det perfekte sted at starte.<\/p>\n<p>Hvis du leder efter k\u00e6rlighed og tilf\u00e6ldigvis er en crossdresser, er der et par ting, du kan g\u00f8re for at \u00f8ge dine chancer for at finde en kompatibel partner. Overvej f\u00f8rst at deltage i en crossdressing supportgruppe eller online community. Dette vil hj\u00e6lpe dig med at oprette forbindelse til andre crossdressers, der kan v\u00e6re i en lignende situation og leder efter k\u00e6rlighed. Derudover skal du s\u00f8rge for at v\u00e6re \u00e5ben og \u00e6rlig om din crossdressing med potentielle partnere. Det er vigtigt at finde nogen, der accepterer og forst\u00e5r din livsstil. Endelig skal du ikke v\u00e6re bange for at s\u00e6tte dig selv derude og g\u00e5 p\u00e5 datoer. Jo mere du dater, jo mere sandsynligt er det, at du finder nogen, som du virkelig forbinder med.<\/p>\n<h2>Datingsider for crossdressere<\/h2>\n<p>Der er masser af datingsider for crossdressers. Du skal bare vide, hvor du skal kigge! Pr\u00f8v at lave en s\u00f8gning efter &#8220;crossdresser dating&#8221; eller &#8220;transgender dating.&#8221; Du skal v\u00e6re i stand til at finde masser af resultater. Bare s\u00f8rg for at l\u00e6se anmeldelserne, f\u00f8r du tilmelder dig noget, s\u00e5 du kan v\u00e6re sikker p\u00e5, at du f\u00e5r det, du \u00f8nsker.<\/p>\n<h3>Datehookup<\/h3>\n<p>Datehookup er en popul\u00e6r dating app med en bred brugerbase. Appen er gratis at downloade og bruge. Det tilbyder dog nogle k\u00f8b i appen. Appen er tilg\u00e6ngelig til b\u00e5de Android- og iOS-enheder. Appen er nem at bruge og navigere i. Brugergr\u00e6nsefladen er enkel og ligetil. Appen har en masse funktioner, der g\u00f8r den til et godt valg til cross dressers. Appen giver dig mulighed for at s\u00f8ge efter andre brugere efter placering, alder, k\u00f8n og interesser. Du kan ogs\u00e5 sende og modtage beskeder og se profiler.<\/p>\n<p>Samlet set er appen et godt valg til cross dressers. Det er let at bruge og har mange funktioner. Appen er ogs\u00e5 gratis at downloade og bruge.<\/p>\n<h3>FlingPals<\/h3>\n<p>FlingPals er en ny dating app, der er specielt designet til folk, der elsker at krydse kjole. Appen er gratis at downloade og bruge, og den tilbyder en bred vifte af funktioner, der g\u00f8r det nemt at finde og oprette forbindelse til andre cross dressers. Appen indeholder ogs\u00e5 en indbygget chatfunktion, s\u00e5 du nemt kan holde kontakten med andre brugere. Samlet set er FlingPals en fantastisk ny tilf\u00f8jelse til verden af cross dresser dating sites, og det vil helt sikkert hj\u00e6lpe dig med at finde det perfekte match.<\/p>\n<h3>Uberhorny<\/h3>\n<p>Hvis du leder efter en cross dresser dating site, der er nem at bruge og tilbyder en masse funktioner, vil du gerne tjekke Uberhorny. Dette websted g\u00f8r det nemt at finde kampe og chatte med dem. Du kan ogs\u00e5 bruge webstedet til at finde begivenheder og grupper i n\u00e6rheden af dig. Webstedet er gratis at bruge, og du kan opgradere til et premium-medlemskab for at f\u00e5 endnu flere funktioner.<\/p>\n","protected":false},"excerpt":{"rendered":"<p>Hvis du leder efter en partner, der kan lide at kl\u00e6de sig ud i damet\u00f8j, er der masser af cross dresser dating sites, der kan hj\u00e6lpe dig med at finde dit perfekte match. Disse websteder henvender sig til folk, der nyder at kl\u00e6de sig ud i det modsatte k\u00f8ns t\u00f8j,\u2026<\/p>\n","protected":false},"author":1,"featured_media":0,"parent":0,"menu_order":0,"comment_status":"closed","ping_status":"closed","template":"","meta":[],"yoast_head":"<!-- This site is optimized with the Yoast SEO plugin v17.7.1 - https:\/\/yoast.com\/wordpress\/plugins\/seo\/ -->\n<title>Cross Dresser Dating Sites - Film Reviews<\/title>\n<meta name=\"robots\" content=\"index, follow, max-snippet:-1, max-image-preview:large, max-video-preview:-1\" \/>\n<link rel=\"canonical\" href=\"https:\/\/bellissima-films.com\/da\/cross-dresser-dating-sites\/\" \/>\n<meta property=\"og:locale\" content=\"da_DK\" \/>\n<meta property=\"og:type\" content=\"article\" \/>\n<meta property=\"og:title\" content=\"Cross Dresser Dating Sites - Film Reviews\" \/>\n<meta property=\"og:description\" content=\"Hvis du leder efter en partner, der kan lide at kl\u00e6de sig ud i damet\u00f8j, er der masser af cross dresser dating sites, der kan hj\u00e6lpe dig med at finde dit perfekte match. Disse websteder henvender sig til folk, der nyder at kl\u00e6de sig ud i det modsatte k\u00f8ns t\u00f8j,\u2026\" \/>\n<meta property=\"og:url\" content=\"https:\/\/bellissima-films.com\/da\/cross-dresser-dating-sites\/\" \/>\n<meta property=\"og:site_name\" content=\"Film Reviews\" \/>\n<meta name=\"twitter:card\" content=\"summary_large_image\" \/>\n<meta name=\"twitter:label1\" content=\"Estimeret l\u00e6setid\" \/>\n\t<meta name=\"twitter:data1\" content=\"4 minutter\" \/>\n<script type=\"application\/ld+json\" class=\"yoast-schema-graph\">{\"@context\":\"https:\/\/schema.org\",\"@graph\":[{\"@type\":\"WebSite\",\"@id\":\"http:\/\/bellissima-films.com\/da\/#website\",\"url\":\"http:\/\/bellissima-films.com\/da\/\",\"name\":\"Film Reviews\",\"description\":\"Real Hookups\",\"potentialAction\":[{\"@type\":\"SearchAction\",\"target\":{\"@type\":\"EntryPoint\",\"urlTemplate\":\"http:\/\/bellissima-films.com\/da\/?s={search_term_string}\"},\"query-input\":\"required name=search_term_string\"}],\"inLanguage\":\"da-DK\"},{\"@type\":\"WebPage\",\"@id\":\"https:\/\/bellissima-films.com\/da\/cross-dresser-dating-sites\/#webpage\",\"url\":\"https:\/\/bellissima-films.com\/da\/cross-dresser-dating-sites\/\",\"name\":\"Cross Dresser Dating Sites - Film Reviews\",\"isPartOf\":{\"@id\":\"http:\/\/bellissima-films.com\/da\/#website\"},\"datePublished\":\"2022-10-03T12:30:59+00:00\",\"dateModified\":\"2022-10-03T12:30:59+00:00\",\"breadcrumb\":{\"@id\":\"https:\/\/bellissima-films.com\/da\/cross-dresser-dating-sites\/#breadcrumb\"},\"inLanguage\":\"da-DK\",\"potentialAction\":[{\"@type\":\"ReadAction\",\"target\":[\"https:\/\/bellissima-films.com\/da\/cross-dresser-dating-sites\/\"]}]},{\"@type\":\"BreadcrumbList\",\"@id\":\"https:\/\/bellissima-films.com\/da\/cross-dresser-dating-sites\/#breadcrumb\",\"itemListElement\":[{\"@type\":\"ListItem\",\"position\":1,\"name\":\"Home\",\"item\":\"https:\/\/bellissima-films.com\/da\/\"},{\"@type\":\"ListItem\",\"position\":2,\"name\":\"Cross Dresser Dating Sites\"}]}]}<\/script>\n<!-- \/ Yoast SEO plugin. -->","yoast_head_json":{"title":"Cross Dresser Dating Sites - Film Reviews","robots":{"index":"index","follow":"follow","max-snippet":"max-snippet:-1","max-image-preview":"max-image-preview:large","max-video-preview":"max-video-preview:-1"},"canonical":"https:\/\/bellissima-films.com\/da\/cross-dresser-dating-sites\/","og_locale":"da_DK","og_type":"article","og_title":"Cross Dresser Dating Sites - Film Reviews","og_description":"Hvis du leder efter en partner, der kan lide at kl\u00e6de sig ud i damet\u00f8j, er der masser af cross dresser dating sites, der kan hj\u00e6lpe dig med at finde dit perfekte match. Disse websteder henvender sig til folk, der nyder at kl\u00e6de sig ud i det modsatte k\u00f8ns t\u00f8j,\u2026","og_url":"https:\/\/bellissima-films.com\/da\/cross-dresser-dating-sites\/","og_site_name":"Film Reviews","twitter_card":"summary_large_image","twitter_misc":{"Estimeret l\u00e6setid":"4 minutter"},"schema":{"@context":"https:\/\/schema.org","@graph":[{"@type":"WebSite","@id":"http:\/\/bellissima-films.com\/da\/#website","url":"http:\/\/bellissima-films.com\/da\/","name":"Film Reviews","description":"Real Hookups","potentialAction":[{"@type":"SearchAction","target":{"@type":"EntryPoint","urlTemplate":"http:\/\/bellissima-films.com\/da\/?s={search_term_string}"},"query-input":"required name=search_term_string"}],"inLanguage":"da-DK"},{"@type":"WebPage","@id":"https:\/\/bellissima-films.com\/da\/cross-dresser-dating-sites\/#webpage","url":"https:\/\/bellissima-films.com\/da\/cross-dresser-dating-sites\/","name":"Cross Dresser Dating Sites - Film Reviews","isPartOf":{"@id":"http:\/\/bellissima-films.com\/da\/#website"},"datePublished":"2022-10-03T12:30:59+00:00","dateModified":"2022-10-03T12:30:59+00:00","breadcrumb":{"@id":"https:\/\/bellissima-films.com\/da\/cross-dresser-dating-sites\/#breadcrumb"},"inLanguage":"da-DK","potentialAction":[{"@type":"ReadAction","target":["https:\/\/bellissima-films.com\/da\/cross-dresser-dating-sites\/"]}]},{"@type":"BreadcrumbList","@id":"https:\/\/bellissima-films.com\/da\/cross-dresser-dating-sites\/#breadcrumb","itemListElement":[{"@type":"ListItem","position":1,"name":"Home","item":"https:\/\/bellissima-films.com\/da\/"},{"@type":"ListItem","position":2,"name":"Cross Dresser Dating Sites"}]}]}},"_links":{"self":[{"href":"https:\/\/bellissima-films.com\/da\/wp-json\/wp\/v2\/pages\/122"}],"collection":[{"href":"https:\/\/bellissima-films.com\/da\/wp-json\/wp\/v2\/pages"}],"about":[{"href":"https:\/\/bellissima-films.com\/da\/wp-json\/wp\/v2\/types\/page"}],"author":[{"embeddable":true,"href":"https:\/\/bellissima-films.com\/da\/wp-json\/wp\/v2\/users\/1"}],"replies":[{"embeddable":true,"href":"https:\/\/bellissima-films.com\/da\/wp-json\/wp\/v2\/comments?post=122"}],"version-history":[{"count":0,"href":"https:\/\/bellissima-films.com\/da\/wp-json\/wp\/v2\/pages\/122\/revisions"}],"wp:attachment":[{"href":"https:\/\/bellissima-films.com\/da\/wp-json\/wp\/v2\/media?parent=122"}],"curies":[{"name":"wp","href":"https:\/\/api.w.org\/{rel}","templated":true}]}}