{"id":194,"date":"2022-10-03T11:15:34","date_gmt":"2022-10-03T10:15:34","guid":{"rendered":"http:\/\/bellissima-films.com\/vas-mistni-seznamka-match-maker\/"},"modified":"2022-10-03T11:15:34","modified_gmt":"2022-10-03T10:15:34","slug":"vas-mistni-seznamka-match-maker","status":"publish","type":"page","link":"https:\/\/bellissima-films.com\/cs\/","title":{"rendered":"V\u00e1\u0161 m\u00edstn\u00ed Seznamka Match Maker"},"content":{"rendered":"<p>Online seznamov\u00e1n\u00ed je velk\u00fd byznys. Ve skute\u010dnosti, podle jednoho odhadu, m\u00e1 pr\u016fmysl hodnotu 1 miliardy dolar\u016f ro\u010dn\u011b. Ale zat\u00edmco v\u011bt\u0161ina str\u00e1nek je drah\u00e1, n\u011bkter\u00e9 jsou postaveny speci\u00e1ln\u011b s my\u0161lenkou nab\u00eddnout bezplatnou zku\u0161ebn\u00ed verzi. Str\u00e1nky jako OkCupid, PlentyOfFish a Match.com dokonce nab\u00edzej\u00ed bezplatn\u00e9 \u010dlenstv\u00ed. A zat\u00edmco tito t\u0159i pat\u0159\u00ed mezi nejv\u011bt\u0161\u00ed jm\u00e9na ve vesm\u00edru, existuje mnoho dal\u0161\u00edch.<\/p>\n<h2>Za\u010dn\u011bte s bezplatn\u00fdmi seznamovac\u00edmi str\u00e1nkami pro dosp\u011bl\u00e9<\/h2>\n<p>Zat\u00edmco n\u011bkter\u00e9 bezplatn\u00e9 weby p\u0159ich\u00e1zej\u00ed s omezen\u00edmi, jako je vy\u017eadov\u00e1n\u00ed \u010d\u00edsla kreditn\u00ed karty, jin\u00e9 v\u00e1m umo\u017e\u0148uj\u00ed proch\u00e1zet a odes\u00edlat zpr\u00e1vy bez placen\u00ed p\u0159edem. Nap\u0159\u00edklad Bumble umo\u017e\u0148uje \u017een\u00e1m ud\u011blat prvn\u00ed krok, zat\u00edmco Hinge umo\u017e\u0148uje mu\u017e\u016fm iniciovat kontakt. Tyto typy str\u00e1nek v\u00e1m d\u00e1vaj\u00ed p\u0159\u00edle\u017eitost vyzkou\u0161et n\u011bco jin\u00e9ho, ani\u017e byste se zav\u00e1zali p\u0159\u00edli\u0161 mnoho pen\u011bz.<\/p>\n<p>Ale jen proto, \u017ee m\u016f\u017eete pou\u017e\u00edvat web zdarma, neznamen\u00e1, \u017ee byste m\u011bli. Zat\u00edmco bezplatn\u00e9 seznamovac\u00ed str\u00e1nky nejsou v\u017edy vhodn\u00e9 pro ka\u017ed\u00e9ho, \u010dasto poskytuj\u00ed skv\u011blou volbu pro lidi, kte\u0159\u00ed se cht\u011bj\u00ed vyhnout utr\u00e1cen\u00ed tuny hotovosti p\u0159edem. A pokud se rozhodnete upgradovat pozd\u011bji, budete m\u00edt st\u00e1le p\u0159\u00edstup ke v\u0161emu, co jste ud\u011blali. Sv\u011bt online seznamov\u00e1n\u00ed je pln\u00fd mo\u017enost\u00ed. Od placen\u00fdch p\u0159edplacen\u00fdch web\u016f, jako jsou Match.com a OkCupid, a\u017e po platformy soci\u00e1ln\u00edch m\u00e9di\u00ed, jako je Facebook a Titter, existuje spousta zp\u016fsob\u016f, jak se setkat s lidmi. Ale to, co funguje nejl\u00e9pe pro jednu osobu, nemus\u00ed fungovat pro jinou. Tak\u017ee jsme sestavili seznam na\u0161ich obl\u00edben\u00fdch seznamovac\u00edch aplikac\u00ed a web\u016f. A\u0165 u\u017e chcete n\u011bco v\u00e1\u017en\u00e9ho, nebo jen hled\u00e1te n\u011bkoho, s k\u00fdm byste mohli j\u00edt ven, mysl\u00edme si, \u017ee zde najdete shodu.<\/p>\n<h3>Stru\u010dn\u00fd pr\u016fvodce aplikacemi, kter\u00e9 si te\u010f m\u016f\u017eete vyzkou\u0161et<\/h3>\n<p>Bezplatn\u00e9 seznamovac\u00ed weby a aplikace jsou skv\u011bl\u00fd zp\u016fsob, jak naj\u00edt n\u011bkoho zvl\u00e1\u0161tn\u00edho. A\u0165 u\u017e chcete randit p\u0159\u00edle\u017eitostn\u011b, aby dlouhodob\u00fd vztah fungoval, nebo jen vid\u011bt, co je tam venku, tyto platformy nab\u00edzej\u00ed spoustu mo\u017enost\u00ed. Zde jsou n\u011bkter\u00e9 z na\u0161ich obl\u00edben\u00fdch<\/p>\n<ul>\n<li>Facebook Dating &#8211; Tato seznamka je zcela zdarma k pou\u017eit\u00ed a usnad\u0148uje hled\u00e1n\u00ed z\u00e1pas\u016f, proto\u017ee pou\u017e\u00edv\u00e1 algoritmus Facebooku, aby v\u00e1s spojil s p\u0159\u00e1teli p\u0159\u00e1tel. \u010cleny m\u016f\u017eete proch\u00e1zet na z\u00e1klad\u011b um\u00edst\u011bn\u00ed, v\u011bku, pohlav\u00ed, stavu vztahu, z\u00e1jm\u016f a dokonce i spole\u010dn\u00fdch p\u0159\u00e1tel.<\/li>\n<li>Hinge &#8211; Hinge je popul\u00e1rn\u00ed seznamovac\u00ed aplikace, kde se m\u016f\u017eete spojit s lidmi na z\u00e1klad\u011b sd\u00edlen\u00fdch v\u00e1\u0161n\u00ed, jako je hudba, filmy, sport a kon\u00ed\u010dky. M\u016f\u017eete tak\u00e9 nastavit p\u0159edvolby, nap\u0159\u00edklad zda byste rad\u011bji chodili na rande nebo se setkali s p\u0159\u00e1teli.<\/li>\n<li>OKCupid &#8211; OKCupid je jednou z nejstar\u0161\u00edch seznamovac\u00edch str\u00e1nek v okol\u00ed a st\u00e1le nab\u00edz\u00ed \u010dist\u00e9 rozhran\u00ed a spoustu u\u017eite\u010dn\u00fdch n\u00e1stroj\u016f. \u010cleny m\u016f\u017eete filtrovat podle v\u011bku, vzd\u00e1lenosti, sexu\u00e1ln\u00ed orientace, n\u00e1bo\u017eenstv\u00ed, etnick\u00e9ho p\u016fvodu, \u00farovn\u011b vzd\u011bl\u00e1n\u00ed, p\u0159\u00edjmu, povol\u00e1n\u00ed, typu t\u011bla a v\u00fd\u0161ky.<\/li>\n<li>Tinder &#8211; Tinder je hodn\u011b podobn\u00fd OkCupid, pokud jde o to, jak to funguje, ale zam\u011b\u0159uje se na p\u0159ejet\u00ed doleva nebo doprava na fotografie potenci\u00e1ln\u00edch z\u00e1pas\u016f. Pokud p\u0159ejedete prstem doprava, obdr\u017e\u00edte ozn\u00e1men\u00ed, \u017ee v\u00e1s dan\u00e1 osoba m\u00e1 tak\u00e9 r\u00e1da.<\/li>\n<li>Z\u00e1pas &#8211; Z\u00e1pas je podobn\u00fd OkCupid a Tinder v tom, \u017ee v\u00e1m umo\u017e\u0148uje p\u0159ejet prstem doleva nebo doprava na obr\u00e1zky lid\u00ed. Match v\u00e1m v\u0161ak umo\u017e\u0148uje vyhled\u00e1vat konkr\u00e9tn\u00ed typy lid\u00ed, v\u010detn\u011b t\u011bch, kte\u0159\u00ed se zaj\u00edmaj\u00ed o man\u017eelstv\u00ed, p\u0159\u00edle\u017eitostn\u00e9 spojen\u00ed, p\u0159\u00e1telstv\u00ed atd.<\/li>\n<li>Zoosk &#8211; Zoosk se trochu li\u0161\u00ed od ostatn\u00edch zde uveden\u00fdch str\u00e1nek, proto\u017ee nevy\u017eaduje nahr\u00e1n\u00ed fotografie. M\u00edsto toho odpov\u00edte na ot\u00e1zky o sob\u011b a nech\u00e1te Zoosk prov\u00e9st shodu.<\/li>\n<\/ul>\n<p><img loading=\"lazy\" class=\"aligncenter wp-image-34\" src=\"http:\/\/bellissima-films.com\/wp-content\/uploads\/2022\/10\/aff-1024x649.png\" alt=\"\" width=\"860\" height=\"545\" srcset=\"https:\/\/bellissima-films.com\/wp-content\/uploads\/2022\/10\/aff-1024x649.png 1024w, https:\/\/bellissima-films.com\/wp-content\/uploads\/2022\/10\/aff-300x190.png 300w, https:\/\/bellissima-films.com\/wp-content\/uploads\/2022\/10\/aff-768x487.png 768w, https:\/\/bellissima-films.com\/wp-content\/uploads\/2022\/10\/aff-1536x974.png 1536w, https:\/\/bellissima-films.com\/wp-content\/uploads\/2022\/10\/aff.png 1553w\" sizes=\"(max-width: 860px) 100vw, 860px\" \/><\/p>\n<h2>N\u00e1\u0161 nejlep\u0161\u00ed v\u00fdb\u011br pro p\u0159\u00edle\u017eitostn\u00fd sex &#8211; AdultFriendFinder<\/h2>\n<p>Jste unaveni ze seznamovac\u00edch str\u00e1nek, kter\u00e9 nedod\u00e1vaj\u00ed? P\u0159ejete si, aby existovala seznamka pro dosp\u011bl\u00e9, kter\u00e1 by m\u011bla v\u0161e, co jste cht\u011bli? Pokud jste na kteroukoli z t\u011bchto ot\u00e1zek odpov\u011bd\u011bli ano, mo\u017en\u00e1 si budete cht\u00edt p\u0159e\u010d\u00edst na\u0161i recenzi Adult Friend Finder. P\u0159ezkoumali jsme Adult Friend Finder a zjistili jsme, \u017ee m\u00e1 spoustu funkc\u00ed, kter\u00e9 v\u011bt\u0161ina ostatn\u00edch seznamovac\u00edch web\u016f postr\u00e1d\u00e1. To znamen\u00e1, \u017ee se zde nebudete nudit.<\/p>\n<p>Krom\u011b sv\u00fdch \u00fa\u017easn\u00fdch funkc\u00ed nab\u00edz\u00ed Adult Friend Finder obrovskou u\u017eivatelskou z\u00e1kladnu. V sou\u010dasn\u00e9 dob\u011b pou\u017e\u00edv\u00e1 tento web v\u00edce ne\u017e 1 milion \u010dlen\u016f. To z n\u011bj \u010din\u00ed jednu z nejv\u011bt\u0161\u00edch seznamovac\u00edch str\u00e1nek pro dosp\u011bl\u00e9 online. A proto\u017ee m\u00e1 tak velkou u\u017eivatelskou z\u00e1kladnu, m\u016f\u017eete o\u010dek\u00e1vat, \u017ee zde najdete spoustu potenci\u00e1ln\u00edch z\u00e1pas\u016f.<\/p>\n<p>Existuje n\u011bkolik d\u016fvod\u016f, pro\u010d je Adult Friend Finder jedn\u00edm z nejl\u00e9pe hodnocen\u00fdch seznamovac\u00edch web\u016f pro dosp\u011bl\u00e9. Poj\u010fme se na n\u011b pod\u00edvat pr\u00e1v\u011b te\u010f.<\/p>\n<h3>U\u017eivatelsk\u00e1 z\u00e1kladna<\/h3>\n<p>Jak bylo uvedeno v\u00fd\u0161e, Adult Friend Finder m\u00e1 v\u00edce ne\u017e 1 milion aktivn\u00edch u\u017eivatel\u016f. To je docela p\u016fsobiv\u00e9 vzhledem k tomu, \u017ee je to u\u017e v\u00edce ne\u017e 10 let.<\/p>\n<p>Zat\u00edm se str\u00e1nka nezpomalila. St\u00e1le roste ka\u017ed\u00fd m\u011bs\u00edc.<\/p>\n<h3>Bezpe\u010dnost<\/h3>\n<p>Kdy\u017e se p\u0159ipoj\u00edte k Adult Friend Finderu, v\u0161imnete si, \u017ee to nevypad\u00e1 jako \u017e\u00e1dn\u00e1 jin\u00e1 seznamka. Je to proto, \u017ee Adult Friend Finder se zam\u011b\u0159uje na poskytov\u00e1n\u00ed bezpe\u010dn\u00e9ho prost\u0159ed\u00ed pro sv\u00e9 \u010dleny. Nab\u00edzej\u00ed \u0161irokou \u0161k\u00e1lu bezpe\u010dnostn\u00edch opat\u0159en\u00ed na ochranu p\u0159ed podvodn\u00edky a pred\u00e1tory. Pat\u0159\u00ed mezi n\u011b v\u011bci, jako je ov\u011b\u0159en\u00ed e-mailov\u00fdch adres, vy\u017eadov\u00e1n\u00ed pr\u016fkazu toto\u017enosti s fotografi\u00ed a nab\u00eddka z\u00e1kaznick\u00e9 podpory 24\/7.<\/p>\n<p>V\u0161echny tyto z\u00e1ruky zaji\u0161\u0165uj\u00ed, \u017ee se budete c\u00edtit pohodln\u011b p\u0159i vstupu do Vyhled\u00e1va\u010de p\u0159\u00e1tel pro dosp\u011bl\u00e9.<\/p>\n<h3>Rysy<\/h3>\n<p>Adult Friend Finder m\u00e1 spoustu funkc\u00ed. Pokr\u00fdvaj\u00ed t\u00e9m\u011b\u0159 ka\u017ed\u00fd aspekt va\u0161eho \u017eivota. M\u016f\u017eete nap\u0159\u00edklad vyhled\u00e1vat \u010dleny na z\u00e1klad\u011b polohy, pohlav\u00ed, etnick\u00e9ho p\u016fvodu, sexu\u00e1ln\u00ed orientace, rodinn\u00e9ho stavu, z\u00e1jm\u016f a mnoho dal\u0161\u00edho. M\u016f\u017eete tak\u00e9 proch\u00e1zet profily, pos\u00edlat zpr\u00e1vy, prohl\u00ed\u017eet obr\u00e1zky \u010dlen\u016f a chatovat se \u010dleny. A co je nejd\u016fle\u017eit\u011bj\u0161\u00ed, m\u016f\u017eete sd\u00edlet sv\u00e1 obl\u00edben\u00e1 videa, hudbu a knihy s ostatn\u00edmi \u010dleny.<\/p>\n<p>Se v\u0161emi t\u011bmito funkcemi v\u00e1m nikdy nedojdou v\u011bci, kter\u00e9 m\u016f\u017eete d\u011blat ve Finderu pro dosp\u011bl\u00e9.<\/p>\n","protected":false},"excerpt":{"rendered":"<p>Online seznamov\u00e1n\u00ed je velk\u00fd byznys. Ve skute\u010dnosti, podle jednoho odhadu, m\u00e1 pr\u016fmysl hodnotu 1 miliardy dolar\u016f ro\u010dn\u011b. Ale zat\u00edmco v\u011bt\u0161ina str\u00e1nek je drah\u00e1, n\u011bkter\u00e9 jsou postaveny speci\u00e1ln\u011b s my\u0161lenkou nab\u00eddnout bezplatnou zku\u0161ebn\u00ed verzi. Str\u00e1nky jako OkCupid, PlentyOfFish a Match.com dokonce nab\u00edzej\u00ed bezplatn\u00e9 \u010dlenstv\u00ed. A zat\u00edmco tito t\u0159i pat\u0159\u00ed mezi nejv\u011bt\u0161\u00ed\u2026<\/p>\n","protected":false},"author":1,"featured_media":107,"parent":0,"menu_order":0,"comment_status":"closed","ping_status":"closed","template":"","meta":[],"yoast_head":"<!-- This site is optimized with the Yoast SEO plugin v17.7.1 - https:\/\/yoast.com\/wordpress\/plugins\/seo\/ -->\n<title>V\u00e1\u0161 m\u00edstn\u00ed Seznamka Match Maker - Film Reviews<\/title>\n<meta name=\"robots\" content=\"index, follow, max-snippet:-1, max-image-preview:large, max-video-preview:-1\" \/>\n<link rel=\"canonical\" href=\"https:\/\/bellissima-films.com\/cs\/\" \/>\n<meta property=\"og:locale\" content=\"cs_CZ\" \/>\n<meta property=\"og:type\" content=\"article\" \/>\n<meta property=\"og:title\" content=\"V\u00e1\u0161 m\u00edstn\u00ed Seznamka Match Maker - Film Reviews\" \/>\n<meta property=\"og:description\" content=\"Online seznamov\u00e1n\u00ed je velk\u00fd byznys. Ve skute\u010dnosti, podle jednoho odhadu, m\u00e1 pr\u016fmysl hodnotu 1 miliardy dolar\u016f ro\u010dn\u011b. Ale zat\u00edmco v\u011bt\u0161ina str\u00e1nek je drah\u00e1, n\u011bkter\u00e9 jsou postaveny speci\u00e1ln\u011b s my\u0161lenkou nab\u00eddnout bezplatnou zku\u0161ebn\u00ed verzi. Str\u00e1nky jako OkCupid, PlentyOfFish a Match.com dokonce nab\u00edzej\u00ed bezplatn\u00e9 \u010dlenstv\u00ed. A zat\u00edmco tito t\u0159i pat\u0159\u00ed mezi nejv\u011bt\u0161\u00ed\u2026\" \/>\n<meta property=\"og:url\" content=\"https:\/\/bellissima-films.com\/cs\/\" \/>\n<meta property=\"og:site_name\" content=\"Film Reviews\" \/>\n<meta name=\"twitter:card\" content=\"summary_large_image\" \/>\n<meta name=\"twitter:image\" content=\"https:\/\/bellissima-films.com\/wp-content\/uploads\/2022\/10\/meet-for-dating.webp\" \/>\n<meta name=\"twitter:label1\" content=\"Odhadovan\u00e1 doba \u010dten\u00ed\" \/>\n\t<meta name=\"twitter:data1\" content=\"6 minut\" \/>\n<script type=\"application\/ld+json\" class=\"yoast-schema-graph\">{\"@context\":\"https:\/\/schema.org\",\"@graph\":[{\"@type\":\"WebSite\",\"@id\":\"http:\/\/bellissima-films.com\/cs\/#website\",\"url\":\"http:\/\/bellissima-films.com\/cs\/\",\"name\":\"Film Reviews\",\"description\":\"Real Hookups\",\"potentialAction\":[{\"@type\":\"SearchAction\",\"target\":{\"@type\":\"EntryPoint\",\"urlTemplate\":\"http:\/\/bellissima-films.com\/cs\/?s={search_term_string}\"},\"query-input\":\"required name=search_term_string\"}],\"inLanguage\":\"cs\"},{\"@type\":\"ImageObject\",\"@id\":\"https:\/\/bellissima-films.com\/cs\/#primaryimage\",\"inLanguage\":\"cs\",\"url\":\"https:\/\/bellissima-films.com\/wp-content\/uploads\/2022\/10\/meet-for-dating.webp\",\"contentUrl\":\"https:\/\/bellissima-films.com\/wp-content\/uploads\/2022\/10\/meet-for-dating.webp\",\"width\":1125,\"height\":750},{\"@type\":\"WebPage\",\"@id\":\"https:\/\/bellissima-films.com\/cs\/#webpage\",\"url\":\"https:\/\/bellissima-films.com\/cs\/\",\"name\":\"V\\u00e1\\u0161 m\\u00edstn\\u00ed Seznamka Match Maker - Film Reviews\",\"isPartOf\":{\"@id\":\"http:\/\/bellissima-films.com\/cs\/#website\"},\"primaryImageOfPage\":{\"@id\":\"https:\/\/bellissima-films.com\/cs\/#primaryimage\"},\"datePublished\":\"2022-10-03T10:15:34+00:00\",\"dateModified\":\"2022-10-03T10:15:34+00:00\",\"breadcrumb\":{\"@id\":\"https:\/\/bellissima-films.com\/cs\/#breadcrumb\"},\"inLanguage\":\"cs\",\"potentialAction\":[{\"@type\":\"ReadAction\",\"target\":[\"https:\/\/bellissima-films.com\/cs\/\"]}]},{\"@type\":\"BreadcrumbList\",\"@id\":\"https:\/\/bellissima-films.com\/cs\/#breadcrumb\",\"itemListElement\":[{\"@type\":\"ListItem\",\"position\":1,\"name\":\"Home\",\"item\":\"https:\/\/bellissima-films.com\/cs\/\"},{\"@type\":\"ListItem\",\"position\":2,\"name\":\"V\\u00e1\\u0161 m\\u00edstn\\u00ed Seznamka Match Maker\"}]}]}<\/script>\n<!-- \/ Yoast SEO plugin. -->","yoast_head_json":{"title":"V\u00e1\u0161 m\u00edstn\u00ed Seznamka Match Maker - Film Reviews","robots":{"index":"index","follow":"follow","max-snippet":"max-snippet:-1","max-image-preview":"max-image-preview:large","max-video-preview":"max-video-preview:-1"},"canonical":"https:\/\/bellissima-films.com\/cs\/","og_locale":"cs_CZ","og_type":"article","og_title":"V\u00e1\u0161 m\u00edstn\u00ed Seznamka Match Maker - Film Reviews","og_description":"Online seznamov\u00e1n\u00ed je velk\u00fd byznys. Ve skute\u010dnosti, podle jednoho odhadu, m\u00e1 pr\u016fmysl hodnotu 1 miliardy dolar\u016f ro\u010dn\u011b. Ale zat\u00edmco v\u011bt\u0161ina str\u00e1nek je drah\u00e1, n\u011bkter\u00e9 jsou postaveny speci\u00e1ln\u011b s my\u0161lenkou nab\u00eddnout bezplatnou zku\u0161ebn\u00ed verzi. Str\u00e1nky jako OkCupid, PlentyOfFish a Match.com dokonce nab\u00edzej\u00ed bezplatn\u00e9 \u010dlenstv\u00ed. A zat\u00edmco tito t\u0159i pat\u0159\u00ed mezi nejv\u011bt\u0161\u00ed\u2026","og_url":"https:\/\/bellissima-films.com\/cs\/","og_site_name":"Film Reviews","twitter_card":"summary_large_image","twitter_image":"https:\/\/bellissima-films.com\/wp-content\/uploads\/2022\/10\/meet-for-dating.webp","twitter_misc":{"Odhadovan\u00e1 doba \u010dten\u00ed":"6 minut"},"schema":{"@context":"https:\/\/schema.org","@graph":[{"@type":"WebSite","@id":"http:\/\/bellissima-films.com\/cs\/#website","url":"http:\/\/bellissima-films.com\/cs\/","name":"Film Reviews","description":"Real Hookups","potentialAction":[{"@type":"SearchAction","target":{"@type":"EntryPoint","urlTemplate":"http:\/\/bellissima-films.com\/cs\/?s={search_term_string}"},"query-input":"required name=search_term_string"}],"inLanguage":"cs"},{"@type":"ImageObject","@id":"https:\/\/bellissima-films.com\/cs\/#primaryimage","inLanguage":"cs","url":"https:\/\/bellissima-films.com\/wp-content\/uploads\/2022\/10\/meet-for-dating.webp","contentUrl":"https:\/\/bellissima-films.com\/wp-content\/uploads\/2022\/10\/meet-for-dating.webp","width":1125,"height":750},{"@type":"WebPage","@id":"https:\/\/bellissima-films.com\/cs\/#webpage","url":"https:\/\/bellissima-films.com\/cs\/","name":"V\u00e1\u0161 m\u00edstn\u00ed Seznamka Match Maker - Film Reviews","isPartOf":{"@id":"http:\/\/bellissima-films.com\/cs\/#website"},"primaryImageOfPage":{"@id":"https:\/\/bellissima-films.com\/cs\/#primaryimage"},"datePublished":"2022-10-03T10:15:34+00:00","dateModified":"2022-10-03T10:15:34+00:00","breadcrumb":{"@id":"https:\/\/bellissima-films.com\/cs\/#breadcrumb"},"inLanguage":"cs","potentialAction":[{"@type":"ReadAction","target":["https:\/\/bellissima-films.com\/cs\/"]}]},{"@type":"BreadcrumbList","@id":"https:\/\/bellissima-films.com\/cs\/#breadcrumb","itemListElement":[{"@type":"ListItem","position":1,"name":"Home","item":"https:\/\/bellissima-films.com\/cs\/"},{"@type":"ListItem","position":2,"name":"V\u00e1\u0161 m\u00edstn\u00ed Seznamka Match Maker"}]}]}},"_links":{"self":[{"href":"https:\/\/bellissima-films.com\/cs\/wp-json\/wp\/v2\/pages\/194"}],"collection":[{"href":"https:\/\/bellissima-films.com\/cs\/wp-json\/wp\/v2\/pages"}],"about":[{"href":"https:\/\/bellissima-films.com\/cs\/wp-json\/wp\/v2\/types\/page"}],"author":[{"embeddable":true,"href":"https:\/\/bellissima-films.com\/cs\/wp-json\/wp\/v2\/users\/1"}],"replies":[{"embeddable":true,"href":"https:\/\/bellissima-films.com\/cs\/wp-json\/wp\/v2\/comments?post=194"}],"version-history":[{"count":0,"href":"https:\/\/bellissima-films.com\/cs\/wp-json\/wp\/v2\/pages\/194\/revisions"}],"wp:featuredmedia":[{"embeddable":true,"href":"https:\/\/bellissima-films.com\/cs\/wp-json\/wp\/v2\/media\/107"}],"wp:attachment":[{"href":"https:\/\/bellissima-films.com\/cs\/wp-json\/wp\/v2\/media?parent=194"}],"curies":[{"name":"wp","href":"https:\/\/api.w.org\/{rel}","templated":true}]}}