{"id":170,"date":"2022-10-03T13:29:28","date_gmt":"2022-10-03T12:29:28","guid":{"rendered":"http:\/\/bellissima-films.com\/online-sexting-stranky\/"},"modified":"2022-10-03T13:29:28","modified_gmt":"2022-10-03T12:29:28","slug":"online-sexting-stranky","status":"publish","type":"page","link":"https:\/\/bellissima-films.com\/cs\/online-sexting-stranky\/","title":{"rendered":"Online Sexting str\u00e1nky"},"content":{"rendered":"<p>Existuje cel\u00e1 \u0159ada online sextingov\u00fdch web\u016f, kter\u00e9 u\u017eivatel\u016fm umo\u017e\u0148uj\u00ed odes\u00edlat a p\u0159ij\u00edmat sexu\u00e1ln\u011b explicitn\u00ed zpr\u00e1vy a obr\u00e1zky. Tyto str\u00e1nky mohou b\u00fdt skv\u011bl\u00fdm zp\u016fsobem, jak se spojit s n\u011bk\u00fdm, kdo sd\u00edl\u00ed va\u0161e z\u00e1jmy a touhy. Je v\u0161ak d\u016fle\u017eit\u00e9 si uv\u011bdomit potenci\u00e1ln\u00ed rizika spojen\u00e1 s pou\u017e\u00edv\u00e1n\u00edm t\u011bchto str\u00e1nek. Zejm\u00e9na existuje mo\u017enost, \u017ee n\u011bkdo ulo\u017e\u00ed nebo sd\u00edl\u00ed va\u0161e zpr\u00e1vy nebo obr\u00e1zky bez va\u0161eho souhlasu. To by mohlo v\u00e9st k rozpak\u016fm nebo dokonce k pr\u00e1vn\u00edm probl\u00e9m\u016fm. Proto je d\u016fle\u017eit\u00e9 sext pouze s n\u011bk\u00fdm, komu d\u016fv\u011b\u0159ujete a o kom jste si jisti, \u017ee va\u0161e zpr\u00e1vy a obr\u00e1zky budou soukrom\u00e9.<\/p>\n<h2>Sextingov\u00e9 str\u00e1nky zdarma<\/h2>\n<p>Zat\u00edmco sexting m\u016f\u017ee b\u00fdt z\u00e1bavn\u00fd a snadn\u00fd zp\u016fsob, jak oko\u0159enit sv\u016fj sexu\u00e1ln\u00ed \u017eivot, existuje tak\u00e9 n\u011bkolik rizik, kter\u00e1 je t\u0159eba zv\u00e1\u017eit. Pokud nap\u0159\u00edklad sextujete s n\u011bk\u00fdm, s k\u00fdm nejste ve vztahu, m\u016f\u017ee sd\u00edlet va\u0161e fotky nebo zpr\u00e1vy bez va\u0161eho souhlasu. Krom\u011b toho existuje v\u017edy mo\u017enost, \u017ee va\u0161e sexty by mohly b\u00fdt zachyceny n\u011bk\u00fdm jin\u00fdm, nap\u0159\u00edklad hackerem.<\/p>\n<p>To je d\u016fvod, pro\u010d je d\u016fle\u017eit\u00e9 b\u00fdt opatrn\u00fd p\u0159i v\u00fdb\u011bru sextingov\u00e9ho partnera a ujistit se, \u017ee jste oba na stejn\u00e9 str\u00e1nce, pokud jde o udr\u017een\u00ed v\u011bc\u00ed soukrom\u00fdch. Existuje n\u011bkolik r\u016fzn\u00fdch zp\u016fsob\u016f, jak to ud\u011blat. Za prv\u00e9, mohli byste sext pouze s n\u011bk\u00fdm, koho zn\u00e1te a d\u016fv\u011b\u0159ujete. Nebo m\u016f\u017eete pou\u017e\u00edt sextingov\u00fd web nebo aplikaci, kter\u00e1 nab\u00edz\u00ed end-to-end \u0161ifrov\u00e1n\u00ed, co\u017e znamen\u00e1, \u017ee va\u0161e zpr\u00e1vy jsou \u0161ifrov\u00e1ny a m\u016f\u017ee je \u010d\u00edst pouze osoba, pro kterou jsou ur\u010deny. Nakonec je v\u017edy dobr\u00fd n\u00e1pad m\u00edt rozhovor se sv\u00fdm sextingov\u00fdm partnerem o tom, s \u010d\u00edm jste oba spokojeni, ne\u017e za\u010dnete vym\u011b\u0148ovat zpr\u00e1vy. T\u00edmto zp\u016fsobem se m\u016f\u017eete vyhnout potenci\u00e1ln\u00edm nedorozum\u011bn\u00edm nebo zran\u011bn\u00fdm pocit\u016fm.<\/p>\n<h2>Neform\u00e1ln\u00ed Sex Chat<\/h2>\n<p>Ve sv\u011bt\u011b online seznamov\u00e1n\u00ed m\u016f\u017ee b\u00fdt p\u0159\u00edle\u017eitostn\u00fd sexu\u00e1ln\u00ed chat skv\u011bl\u00fdm zp\u016fsobem, jak poznat n\u011bkoho nov\u00e9ho. M\u016f\u017ee to b\u00fdt z\u00e1bavn\u00fd a snadn\u00fd zp\u016fsob, jak se s n\u011bk\u00fdm spojit bez tlaku oddan\u00e9ho vztahu. Je v\u0161ak d\u016fle\u017eit\u00e9 si uv\u011bdomit, \u017ee p\u0159\u00edle\u017eitostn\u00fd sexu\u00e1ln\u00ed chat je pr\u00e1v\u011b to &#8211; p\u0159\u00edle\u017eitostn\u00fd. Nedovolte, aby to vedlo k n\u011b\u010demu v\u00e1\u017en\u011bj\u0161\u00edmu, pokud nejste oba na stejn\u00e9 str\u00e1nce. Pokud hled\u00e1te jen trochu z\u00e1bavy, pak si u\u017eijte chat, ale nenechte se p\u0159\u00edli\u0161 p\u0159ipoutat.<\/p>\n<h2>Sex Chat M\u00edstnosti<\/h2>\n<p>Internet poskytl lidem skv\u011bl\u00fd zp\u016fsob, jak se spojit s ostatn\u00edmi pro datov\u00e1n\u00ed a sexu\u00e1ln\u00ed chatovac\u00ed m\u00edstnosti jsou skv\u011bl\u00fd zp\u016fsob, jak to ud\u011blat. M\u016f\u017eete naj\u00edt chatovac\u00ed m\u00edstnosti pro lidi, kte\u0159\u00ed se zaj\u00edmaj\u00ed o v\u0161echny druhy r\u016fzn\u00fdch v\u011bc\u00ed, a m\u016f\u017eete se sezn\u00e1mit s lidmi d\u0159\u00edve, ne\u017e se s nimi setk\u00e1te osobn\u011b. To m\u016f\u017ee b\u00fdt skv\u011bl\u00fd zp\u016fsob, jak poznat nov\u00e9 lidi a prozkoumat svou sexualitu.<\/p>\n<h3>FlingPals<\/h3>\n<p>FlingPals je nov\u00e1 sextingov\u00e1 aplikace, kter\u00e1 umo\u017e\u0148uje u\u017eivatel\u016fm odes\u00edlat a p\u0159ij\u00edmat \u0161pinav\u00e9 texty a fotografie od ostatn\u00edch u\u017eivatel\u016f. Aplikace je zdarma ke sta\u017een\u00ed a pou\u017eit\u00ed a nab\u00edz\u00ed pr\u00e9miov\u00e9 p\u0159edplatn\u00e9 za $ 4.99 za m\u011bs\u00edc. Aplikace je k dispozici pro za\u0159\u00edzen\u00ed iOS a Android. FlingPals je skv\u011bl\u00e1 sextingov\u00e1 aplikace pro lidi, kte\u0159\u00ed hledaj\u00ed nov\u00fd zp\u016fsob, jak se se sv\u00fdmi partnery u\u0161pinit. Aplikace se snadno pou\u017e\u00edv\u00e1 a je zdarma ke sta\u017een\u00ed a pou\u017eit\u00ed. Aplikace tak\u00e9 nab\u00edz\u00ed pr\u00e9miov\u00e9 p\u0159edplatn\u00e9 za $ 4.99 za m\u011bs\u00edc. Aplikace je k dispozici pro za\u0159\u00edzen\u00ed iOS a Android.<\/p>\n<h3>Xpress<\/h3>\n<p>Pokud hled\u00e1te seznamovac\u00ed aplikaci, kter\u00e1 usnad\u0148uje spojen\u00ed s m\u00edstn\u00edmi nezadan\u00fdmi, pak Xpress stoj\u00ed za to se pod\u00edvat. Tato aplikace se snadno pou\u017e\u00edv\u00e1 a je zdarma ke sta\u017een\u00ed, co\u017e z n\u00ed \u010din\u00ed skv\u011blou volbu pro ka\u017ed\u00e9ho, kdo hled\u00e1 rychl\u00fd a snadn\u00fd zp\u016fsob, jak se p\u0159ipojit k potenci\u00e1ln\u00edm p\u0159ipojen\u00edm.<\/p>\n<p>Jednou z nev\u00fdhod Xpress je v\u0161ak to, \u017ee to nen\u00ed nejspolehliv\u011bj\u0161\u00ed aplikace, pokud jde o sexting. Zat\u00edmco v t\u00e9to aplikaci ur\u010dit\u011b najdete lidi, se kter\u00fdmi m\u016f\u017eete sextovat, m\u016f\u017eete m\u00edt v\u011bt\u0161\u00ed \u0161t\u011bst\u00ed na jin\u00fdch platform\u00e1ch, kter\u00e9 jsou speci\u00e1ln\u011b navr\u017eeny pro sexting.<\/p>\n<h3>BBWCupid<\/h3>\n<p>BBWCupid je seznamovac\u00ed aplikace navr\u017een\u00e1 speci\u00e1ln\u011b pro plus-size singles a jejich obdivovatele. Aplikace je zdarma ke sta\u017een\u00ed a pou\u017eit\u00ed, ale m\u016f\u017eete upgradovat na pr\u00e9miov\u00e9 \u010dlenstv\u00ed a odemknout dal\u0161\u00ed funkce. S pr\u00e9miov\u00fdm \u010dlenstv\u00edm m\u016f\u017eete zobrazit profily ostatn\u00edch u\u017eivatel\u016f, kte\u0159\u00ed maj\u00ed z\u00e1jem o plus-size datov\u00e1n\u00ed, odes\u00edlat a p\u0159ij\u00edmat zpr\u00e1vy a pou\u017e\u00edvat pokro\u010dil\u00e9 vyhled\u00e1vac\u00ed filtry aplikace. Pokud hled\u00e1te plus-size seznamovac\u00ed aplikaci, kter\u00e1 usnad\u0148uje spojen\u00ed s ostatn\u00edmi nezadan\u00fdmi, BBWCupid rozhodn\u011b stoj\u00ed za to se pod\u00edvat. U\u017eivatelsky p\u0159\u00edv\u011btiv\u00e9 rozhran\u00ed aplikace a komplexn\u00ed vyhled\u00e1vac\u00ed filtry z n\u00ed \u010din\u00ed skv\u011blou volbu pro nalezen\u00ed dal\u0161\u00edho data nebo p\u0159ipojen\u00ed. A s bezplatn\u00fdm \u010dlenstv\u00edm to m\u016f\u017eete vyzkou\u0161et, ani\u017e byste poru\u0161ili banku.<\/p>\n","protected":false},"excerpt":{"rendered":"<p>Existuje cel\u00e1 \u0159ada online sextingov\u00fdch web\u016f, kter\u00e9 u\u017eivatel\u016fm umo\u017e\u0148uj\u00ed odes\u00edlat a p\u0159ij\u00edmat sexu\u00e1ln\u011b explicitn\u00ed zpr\u00e1vy a obr\u00e1zky. Tyto str\u00e1nky mohou b\u00fdt skv\u011bl\u00fdm zp\u016fsobem, jak se spojit s n\u011bk\u00fdm, kdo sd\u00edl\u00ed va\u0161e z\u00e1jmy a touhy. Je v\u0161ak d\u016fle\u017eit\u00e9 si uv\u011bdomit potenci\u00e1ln\u00ed rizika spojen\u00e1 s pou\u017e\u00edv\u00e1n\u00edm t\u011bchto str\u00e1nek. Zejm\u00e9na existuje mo\u017enost, \u017ee\u2026<\/p>\n","protected":false},"author":1,"featured_media":0,"parent":0,"menu_order":0,"comment_status":"closed","ping_status":"closed","template":"","meta":[],"yoast_head":"<!-- This site is optimized with the Yoast SEO plugin v17.7.1 - https:\/\/yoast.com\/wordpress\/plugins\/seo\/ -->\n<title>Online Sexting str\u00e1nky - Film Reviews<\/title>\n<meta name=\"robots\" content=\"index, follow, max-snippet:-1, max-image-preview:large, max-video-preview:-1\" \/>\n<link rel=\"canonical\" href=\"https:\/\/bellissima-films.com\/cs\/online-sexting-stranky\/\" \/>\n<meta property=\"og:locale\" content=\"cs_CZ\" \/>\n<meta property=\"og:type\" content=\"article\" \/>\n<meta property=\"og:title\" content=\"Online Sexting str\u00e1nky - Film Reviews\" \/>\n<meta property=\"og:description\" content=\"Existuje cel\u00e1 \u0159ada online sextingov\u00fdch web\u016f, kter\u00e9 u\u017eivatel\u016fm umo\u017e\u0148uj\u00ed odes\u00edlat a p\u0159ij\u00edmat sexu\u00e1ln\u011b explicitn\u00ed zpr\u00e1vy a obr\u00e1zky. Tyto str\u00e1nky mohou b\u00fdt skv\u011bl\u00fdm zp\u016fsobem, jak se spojit s n\u011bk\u00fdm, kdo sd\u00edl\u00ed va\u0161e z\u00e1jmy a touhy. Je v\u0161ak d\u016fle\u017eit\u00e9 si uv\u011bdomit potenci\u00e1ln\u00ed rizika spojen\u00e1 s pou\u017e\u00edv\u00e1n\u00edm t\u011bchto str\u00e1nek. Zejm\u00e9na existuje mo\u017enost, \u017ee\u2026\" \/>\n<meta property=\"og:url\" content=\"https:\/\/bellissima-films.com\/cs\/online-sexting-stranky\/\" \/>\n<meta property=\"og:site_name\" content=\"Film Reviews\" \/>\n<meta name=\"twitter:card\" content=\"summary_large_image\" \/>\n<meta name=\"twitter:label1\" content=\"Odhadovan\u00e1 doba \u010dten\u00ed\" \/>\n\t<meta name=\"twitter:data1\" content=\"5 minut\" \/>\n<script type=\"application\/ld+json\" class=\"yoast-schema-graph\">{\"@context\":\"https:\/\/schema.org\",\"@graph\":[{\"@type\":\"WebSite\",\"@id\":\"http:\/\/bellissima-films.com\/cs\/#website\",\"url\":\"http:\/\/bellissima-films.com\/cs\/\",\"name\":\"Film Reviews\",\"description\":\"Real Hookups\",\"potentialAction\":[{\"@type\":\"SearchAction\",\"target\":{\"@type\":\"EntryPoint\",\"urlTemplate\":\"http:\/\/bellissima-films.com\/cs\/?s={search_term_string}\"},\"query-input\":\"required name=search_term_string\"}],\"inLanguage\":\"cs\"},{\"@type\":\"WebPage\",\"@id\":\"https:\/\/bellissima-films.com\/cs\/online-sexting-stranky\/#webpage\",\"url\":\"https:\/\/bellissima-films.com\/cs\/online-sexting-stranky\/\",\"name\":\"Online Sexting str\\u00e1nky - Film Reviews\",\"isPartOf\":{\"@id\":\"http:\/\/bellissima-films.com\/cs\/#website\"},\"datePublished\":\"2022-10-03T12:29:28+00:00\",\"dateModified\":\"2022-10-03T12:29:28+00:00\",\"breadcrumb\":{\"@id\":\"https:\/\/bellissima-films.com\/cs\/online-sexting-stranky\/#breadcrumb\"},\"inLanguage\":\"cs\",\"potentialAction\":[{\"@type\":\"ReadAction\",\"target\":[\"https:\/\/bellissima-films.com\/cs\/online-sexting-stranky\/\"]}]},{\"@type\":\"BreadcrumbList\",\"@id\":\"https:\/\/bellissima-films.com\/cs\/online-sexting-stranky\/#breadcrumb\",\"itemListElement\":[{\"@type\":\"ListItem\",\"position\":1,\"name\":\"Home\",\"item\":\"https:\/\/bellissima-films.com\/cs\/\"},{\"@type\":\"ListItem\",\"position\":2,\"name\":\"Online Sexting str\\u00e1nky\"}]}]}<\/script>\n<!-- \/ Yoast SEO plugin. -->","yoast_head_json":{"title":"Online Sexting str\u00e1nky - Film Reviews","robots":{"index":"index","follow":"follow","max-snippet":"max-snippet:-1","max-image-preview":"max-image-preview:large","max-video-preview":"max-video-preview:-1"},"canonical":"https:\/\/bellissima-films.com\/cs\/online-sexting-stranky\/","og_locale":"cs_CZ","og_type":"article","og_title":"Online Sexting str\u00e1nky - Film Reviews","og_description":"Existuje cel\u00e1 \u0159ada online sextingov\u00fdch web\u016f, kter\u00e9 u\u017eivatel\u016fm umo\u017e\u0148uj\u00ed odes\u00edlat a p\u0159ij\u00edmat sexu\u00e1ln\u011b explicitn\u00ed zpr\u00e1vy a obr\u00e1zky. Tyto str\u00e1nky mohou b\u00fdt skv\u011bl\u00fdm zp\u016fsobem, jak se spojit s n\u011bk\u00fdm, kdo sd\u00edl\u00ed va\u0161e z\u00e1jmy a touhy. Je v\u0161ak d\u016fle\u017eit\u00e9 si uv\u011bdomit potenci\u00e1ln\u00ed rizika spojen\u00e1 s pou\u017e\u00edv\u00e1n\u00edm t\u011bchto str\u00e1nek. Zejm\u00e9na existuje mo\u017enost, \u017ee\u2026","og_url":"https:\/\/bellissima-films.com\/cs\/online-sexting-stranky\/","og_site_name":"Film Reviews","twitter_card":"summary_large_image","twitter_misc":{"Odhadovan\u00e1 doba \u010dten\u00ed":"5 minut"},"schema":{"@context":"https:\/\/schema.org","@graph":[{"@type":"WebSite","@id":"http:\/\/bellissima-films.com\/cs\/#website","url":"http:\/\/bellissima-films.com\/cs\/","name":"Film Reviews","description":"Real Hookups","potentialAction":[{"@type":"SearchAction","target":{"@type":"EntryPoint","urlTemplate":"http:\/\/bellissima-films.com\/cs\/?s={search_term_string}"},"query-input":"required name=search_term_string"}],"inLanguage":"cs"},{"@type":"WebPage","@id":"https:\/\/bellissima-films.com\/cs\/online-sexting-stranky\/#webpage","url":"https:\/\/bellissima-films.com\/cs\/online-sexting-stranky\/","name":"Online Sexting str\u00e1nky - Film Reviews","isPartOf":{"@id":"http:\/\/bellissima-films.com\/cs\/#website"},"datePublished":"2022-10-03T12:29:28+00:00","dateModified":"2022-10-03T12:29:28+00:00","breadcrumb":{"@id":"https:\/\/bellissima-films.com\/cs\/online-sexting-stranky\/#breadcrumb"},"inLanguage":"cs","potentialAction":[{"@type":"ReadAction","target":["https:\/\/bellissima-films.com\/cs\/online-sexting-stranky\/"]}]},{"@type":"BreadcrumbList","@id":"https:\/\/bellissima-films.com\/cs\/online-sexting-stranky\/#breadcrumb","itemListElement":[{"@type":"ListItem","position":1,"name":"Home","item":"https:\/\/bellissima-films.com\/cs\/"},{"@type":"ListItem","position":2,"name":"Online Sexting str\u00e1nky"}]}]}},"_links":{"self":[{"href":"https:\/\/bellissima-films.com\/cs\/wp-json\/wp\/v2\/pages\/170"}],"collection":[{"href":"https:\/\/bellissima-films.com\/cs\/wp-json\/wp\/v2\/pages"}],"about":[{"href":"https:\/\/bellissima-films.com\/cs\/wp-json\/wp\/v2\/types\/page"}],"author":[{"embeddable":true,"href":"https:\/\/bellissima-films.com\/cs\/wp-json\/wp\/v2\/users\/1"}],"replies":[{"embeddable":true,"href":"https:\/\/bellissima-films.com\/cs\/wp-json\/wp\/v2\/comments?post=170"}],"version-history":[{"count":0,"href":"https:\/\/bellissima-films.com\/cs\/wp-json\/wp\/v2\/pages\/170\/revisions"}],"wp:attachment":[{"href":"https:\/\/bellissima-films.com\/cs\/wp-json\/wp\/v2\/media?parent=170"}],"curies":[{"name":"wp","href":"https:\/\/api.w.org\/{rel}","templated":true}]}}