{"id":152,"date":"2022-10-03T13:30:32","date_gmt":"2022-10-03T12:30:32","guid":{"rendered":"http:\/\/bellissima-films.com\/diskretni-seznamovaci-aplikace\/"},"modified":"2022-10-03T13:30:32","modified_gmt":"2022-10-03T12:30:32","slug":"diskretni-seznamovaci-aplikace","status":"publish","type":"page","link":"https:\/\/bellissima-films.com\/cs\/diskretni-seznamovaci-aplikace\/","title":{"rendered":"Diskr\u00e9tn\u00ed seznamovac\u00ed aplikace"},"content":{"rendered":"<p>K dispozici je cel\u00e1 \u0159ada <a href=\"http:\/\/bellissima-films.com\/cs\/zdarma-milf-hookup-stranky\/\">diskr\u00e9tn\u00edch seznamovac\u00edch aplikac\u00ed<\/a> , kter\u00e9 jsou speci\u00e1ln\u011b navr\u017eeny pro lidi, kte\u0159\u00ed se cht\u011bj\u00ed p\u0159ipojit. Tyto aplikace umo\u017e\u0148uj\u00ed u\u017eivatel\u016fm spojit se s ostatn\u00edmi, kte\u0159\u00ed se zaj\u00edmaj\u00ed o stejnou v\u011bc, ani\u017e by museli proch\u00e1zet pot\u00ed\u017eemi s tradi\u010dn\u00edm datov\u00e1n\u00edm. D\u00edky tomu je snadn\u00e9 naj\u00edt n\u011bkoho, kdo je na dn\u011b, ani\u017e by se musel starat o odm\u00edtnut\u00ed nebo soud.<\/p>\n<h2>Diskr\u00e9tn\u00ed sexu\u00e1ln\u00ed str\u00e1nky<\/h2>\n<p>Existuje cel\u00e1 \u0159ada diskr\u00e9tn\u00edch sexu\u00e1ln\u00edch str\u00e1nek, kter\u00e9 se staraj\u00ed o ty, kte\u0159\u00ed hledaj\u00ed sexu\u00e1ln\u00ed setk\u00e1n\u00ed mimo tradi\u010dn\u00ed datov\u00e1n\u00ed vztahu. Tyto str\u00e1nky poskytuj\u00ed bezpe\u010dn\u00fd a anonymn\u00ed zp\u016fsob, jak se spojit s ostatn\u00edmi, kte\u0159\u00ed maj\u00ed z\u00e1jem prozkoumat svou sexualitu. Mnoho z t\u011bchto web\u016f tak\u00e9 nab\u00edz\u00ed \u0159adu funkc\u00ed a n\u00e1stroj\u016f, kter\u00e9 pom\u00e1haj\u00ed \u010dlen\u016fm spojit se navz\u00e1jem a pl\u00e1novat setk\u00e1n\u00ed.<\/p>\n<p>Existuje mnoho zp\u016fsob\u016f, jak naj\u00edt l\u00e1sku, a pro n\u011bkter\u00e9 lidi je diskr\u00e9tn\u00ed z\u00e1le\u017eitost nejlep\u0161\u00edm zp\u016fsobem, jak to ud\u011blat. Existuje mnoho d\u016fvod\u016f, pro\u010d se n\u011bkdo m\u016f\u017ee rozhodnout m\u00edt diskr\u00e9tn\u00ed z\u00e1le\u017eitost, v\u010detn\u011b pot\u0159eby diskr\u00e9tnosti kv\u016fli sv\u00e9 pr\u00e1ci nebo spole\u010densk\u00e9mu postaven\u00ed. A\u0165 u\u017e je d\u016fvod jak\u00fdkoli, diskr\u00e9tn\u00ed z\u00e1le\u017eitost m\u016f\u017ee b\u00fdt skv\u011bl\u00fdm zp\u016fsobem, jak naj\u00edt l\u00e1sku a spole\u010dnost. Existuje n\u011bkolik v\u011bc\u00ed, kter\u00e9 je t\u0159eba m\u00edt na pam\u011bti, pokud uva\u017eujete o diskr\u00e9tn\u00ed z\u00e1le\u017eitosti. Nejprve se ujist\u011bte, \u017ee jste oba na stejn\u00e9 str\u00e1nce o tom, co hled\u00e1te. Pokud nejste, je snadn\u00e9, aby se v\u011bci rychle zkomplikovaly. Za druh\u00e9, ujist\u011bte se, \u017ee spolu komunikujete otev\u0159en\u011b a up\u0159\u00edmn\u011b. To je kl\u00ed\u010dem k jak\u00e9mukoli vztahu, ale je to obzvl\u00e1\u0161t\u011b d\u016fle\u017eit\u00e9 v diskr\u00e9tn\u00ed z\u00e1le\u017eitosti. Nakonec se nebojte b\u00fdt trochu spont\u00e1nn\u00ed. D\u00edky tomu m\u016f\u017ee b\u00fdt cel\u00fd z\u00e1\u017eitek je\u0161t\u011b v\u00edce vzru\u0161uj\u00edc\u00ed.<\/p>\n<h2>Diskr\u00e9tn\u00ed p\u0159ipojen\u00ed<\/h2>\n<p>Existuje spousta lid\u00ed, kte\u0159\u00ed hledaj\u00ed diskr\u00e9tn\u00ed p\u0159ipojen\u00ed. A\u0165 u\u017e jsou svobodn\u00ed a jen hledaj\u00ed bezv\u00e1zkov\u00fd flirt nebo ve vztahu, ale cht\u011bj\u00ed podv\u00e1d\u011bt, v\u017edy se najde n\u011bkdo, kdo hled\u00e1 spojen\u00ed. Pokud jste n\u011bkdo, kdo se zaj\u00edm\u00e1 o diskr\u00e9tn\u00ed p\u0159ipojen\u00ed, existuje n\u011bkolik v\u011bc\u00ed, kter\u00e9 m\u016f\u017eete ud\u011blat, abyste zv\u00fd\u0161ili sv\u00e9 \u0161ance na nalezen\u00ed n\u011bkoho. Nejprve zkuste pou\u017e\u00edt seznamovac\u00ed aplikaci nebo web, kter\u00fd se star\u00e1 o lidi, kte\u0159\u00ed hledaj\u00ed p\u0159\u00edle\u017eitostn\u00e1 setk\u00e1n\u00ed. Existuje mnoho z nich, tak\u017ee by nem\u011blo b\u00fdt p\u0159\u00edli\u0161 obt\u00ed\u017en\u00e9 naj\u00edt ten, kter\u00fd vyhovuje va\u0161im pot\u0159eb\u00e1m.<\/p>\n<p>Jakmile najdete dobrou seznamku nebo aplikaci, ujist\u011bte se, \u017ee jste si vytvo\u0159ili dobr\u00fd profil. Zahr\u0148te n\u011bkolik sexy fotografi\u00ed sebe sama a ujasn\u011bte si, co hled\u00e1te. Bu\u010fte p\u0159edem o sv\u00fdch touh\u00e1ch a budete m\u00edt v\u011bt\u0161\u00ed pravd\u011bpodobnost, \u017ee p\u0159il\u00e1k\u00e1te spr\u00e1vn\u00fd druh lid\u00ed. Pokud hrajete sv\u00e9 karty spr\u00e1vn\u011b, m\u011bli byste b\u00fdt schopni naj\u00edt spoustu lid\u00ed, kte\u0159\u00ed se zaj\u00edmaj\u00ed o diskr\u00e9tn\u00ed p\u0159ipojen\u00ed. Jen bu\u010fte opatrn\u00ed a ujist\u011bte se, \u017ee v\u00edte, do \u010deho se dost\u00e1v\u00e1te, ne\u017e se s n\u011bk\u00fdm setk\u00e1te.<\/p>\n<h3>BBWCupid<\/h3>\n<p>BBWCupid je seznamovac\u00ed aplikace, kter\u00e1 je speci\u00e1ln\u011b navr\u017eena pro plus-size \u017eeny a mu\u017ee, kte\u0159\u00ed je miluj\u00ed. Aplikace je bezpe\u010dn\u00fd a diskr\u00e9tn\u00ed zp\u016fsob, jak se setkat s dal\u0161\u00edmi plus-size singly ve va\u0161\u00ed oblasti. Aplikace m\u00e1 velkou datab\u00e1zi u\u017eivatel\u016f, tak\u017ee ur\u010dit\u011b najdete n\u011bkoho, kdo je s v\u00e1mi kompatibiln\u00ed. Aplikace se snadno pou\u017e\u00edv\u00e1 a m\u00e1 u\u017eivatelsky p\u0159\u00edv\u011btiv\u00e9 rozhran\u00ed. Aplikace je zdarma ke sta\u017een\u00ed a pou\u017eit\u00ed.<\/p>\n<h3>Dvojit\u00fd seznam<\/h3>\n<p>DoubleList je diskr\u00e9tn\u00ed seznamovac\u00ed aplikace, kter\u00e1 v\u00e1m umo\u017en\u00ed rychle a snadno naj\u00edt shody. Aplikace je ur\u010dena pro lidi, kte\u0159\u00ed hledaj\u00ed rychl\u00fd a snadn\u00fd zp\u016fsob, jak naj\u00edt shodu. Aplikace je zdarma ke sta\u017een\u00ed a pou\u017eit\u00ed. Aplikace je k dispozici pro za\u0159\u00edzen\u00ed iPhone a Android.<\/p>\n<h3>Rubmapy<\/h3>\n<p>Na trhu je dnes k dispozici mnoho diskr\u00e9tn\u00edch seznamovac\u00edch aplikac\u00ed, ale Rubmaps je jedn\u00edm z nejpopul\u00e1rn\u011bj\u0161\u00edch. Tato aplikace umo\u017e\u0148uje u\u017eivatel\u016fm naj\u00edt potenci\u00e1ln\u00ed shody ve sv\u00e9 oblasti, kte\u0159\u00ed se zaj\u00edmaj\u00ed o stejn\u00e9 v\u011bci jako oni. Rubmaps m\u00e1 tak\u00e9 skv\u011blou funkci, kter\u00e1 umo\u017e\u0148uje u\u017eivatel\u016fm vid\u011bt, jak daleko jsou potenci\u00e1ln\u00ed z\u00e1pasy, co\u017e je velmi u\u017eite\u010dn\u00e9 pro ty, kte\u0159\u00ed hledaj\u00ed diskr\u00e9tn\u00ed setk\u00e1n\u00ed. Aplikace je zdarma ke sta\u017een\u00ed a pou\u017eit\u00ed a je k dispozici pro za\u0159\u00edzen\u00ed iOS i Android.<\/p>\n","protected":false},"excerpt":{"rendered":"<p>K dispozici je cel\u00e1 \u0159ada diskr\u00e9tn\u00edch seznamovac\u00edch aplikac\u00ed , kter\u00e9 jsou speci\u00e1ln\u011b navr\u017eeny pro lidi, kte\u0159\u00ed se cht\u011bj\u00ed p\u0159ipojit. Tyto aplikace umo\u017e\u0148uj\u00ed u\u017eivatel\u016fm spojit se s ostatn\u00edmi, kte\u0159\u00ed se zaj\u00edmaj\u00ed o stejnou v\u011bc, ani\u017e by museli proch\u00e1zet pot\u00ed\u017eemi s tradi\u010dn\u00edm datov\u00e1n\u00edm. D\u00edky tomu je snadn\u00e9 naj\u00edt n\u011bkoho, kdo je na\u2026<\/p>\n","protected":false},"author":1,"featured_media":0,"parent":0,"menu_order":0,"comment_status":"closed","ping_status":"closed","template":"","meta":[],"yoast_head":"<!-- This site is optimized with the Yoast SEO plugin v17.7.1 - https:\/\/yoast.com\/wordpress\/plugins\/seo\/ -->\n<title>Diskr\u00e9tn\u00ed seznamovac\u00ed aplikace - Film Reviews<\/title>\n<meta name=\"robots\" content=\"index, follow, max-snippet:-1, max-image-preview:large, max-video-preview:-1\" \/>\n<link rel=\"canonical\" href=\"https:\/\/bellissima-films.com\/cs\/diskretni-seznamovaci-aplikace\/\" \/>\n<meta property=\"og:locale\" content=\"cs_CZ\" \/>\n<meta property=\"og:type\" content=\"article\" \/>\n<meta property=\"og:title\" content=\"Diskr\u00e9tn\u00ed seznamovac\u00ed aplikace - Film Reviews\" \/>\n<meta property=\"og:description\" content=\"K dispozici je cel\u00e1 \u0159ada diskr\u00e9tn\u00edch seznamovac\u00edch aplikac\u00ed , kter\u00e9 jsou speci\u00e1ln\u011b navr\u017eeny pro lidi, kte\u0159\u00ed se cht\u011bj\u00ed p\u0159ipojit. Tyto aplikace umo\u017e\u0148uj\u00ed u\u017eivatel\u016fm spojit se s ostatn\u00edmi, kte\u0159\u00ed se zaj\u00edmaj\u00ed o stejnou v\u011bc, ani\u017e by museli proch\u00e1zet pot\u00ed\u017eemi s tradi\u010dn\u00edm datov\u00e1n\u00edm. D\u00edky tomu je snadn\u00e9 naj\u00edt n\u011bkoho, kdo je na\u2026\" \/>\n<meta property=\"og:url\" content=\"https:\/\/bellissima-films.com\/cs\/diskretni-seznamovaci-aplikace\/\" \/>\n<meta property=\"og:site_name\" content=\"Film Reviews\" \/>\n<meta name=\"twitter:card\" content=\"summary_large_image\" \/>\n<meta name=\"twitter:label1\" content=\"Odhadovan\u00e1 doba \u010dten\u00ed\" \/>\n\t<meta name=\"twitter:data1\" content=\"4 minuty\" \/>\n<script type=\"application\/ld+json\" class=\"yoast-schema-graph\">{\"@context\":\"https:\/\/schema.org\",\"@graph\":[{\"@type\":\"WebSite\",\"@id\":\"http:\/\/bellissima-films.com\/cs\/#website\",\"url\":\"http:\/\/bellissima-films.com\/cs\/\",\"name\":\"Film Reviews\",\"description\":\"Real Hookups\",\"potentialAction\":[{\"@type\":\"SearchAction\",\"target\":{\"@type\":\"EntryPoint\",\"urlTemplate\":\"http:\/\/bellissima-films.com\/cs\/?s={search_term_string}\"},\"query-input\":\"required name=search_term_string\"}],\"inLanguage\":\"cs\"},{\"@type\":\"WebPage\",\"@id\":\"https:\/\/bellissima-films.com\/cs\/diskretni-seznamovaci-aplikace\/#webpage\",\"url\":\"https:\/\/bellissima-films.com\/cs\/diskretni-seznamovaci-aplikace\/\",\"name\":\"Diskr\\u00e9tn\\u00ed seznamovac\\u00ed aplikace - Film Reviews\",\"isPartOf\":{\"@id\":\"http:\/\/bellissima-films.com\/cs\/#website\"},\"datePublished\":\"2022-10-03T12:30:32+00:00\",\"dateModified\":\"2022-10-03T12:30:32+00:00\",\"breadcrumb\":{\"@id\":\"https:\/\/bellissima-films.com\/cs\/diskretni-seznamovaci-aplikace\/#breadcrumb\"},\"inLanguage\":\"cs\",\"potentialAction\":[{\"@type\":\"ReadAction\",\"target\":[\"https:\/\/bellissima-films.com\/cs\/diskretni-seznamovaci-aplikace\/\"]}]},{\"@type\":\"BreadcrumbList\",\"@id\":\"https:\/\/bellissima-films.com\/cs\/diskretni-seznamovaci-aplikace\/#breadcrumb\",\"itemListElement\":[{\"@type\":\"ListItem\",\"position\":1,\"name\":\"Home\",\"item\":\"https:\/\/bellissima-films.com\/cs\/\"},{\"@type\":\"ListItem\",\"position\":2,\"name\":\"Diskr\\u00e9tn\\u00ed seznamovac\\u00ed aplikace\"}]}]}<\/script>\n<!-- \/ Yoast SEO plugin. -->","yoast_head_json":{"title":"Diskr\u00e9tn\u00ed seznamovac\u00ed aplikace - Film Reviews","robots":{"index":"index","follow":"follow","max-snippet":"max-snippet:-1","max-image-preview":"max-image-preview:large","max-video-preview":"max-video-preview:-1"},"canonical":"https:\/\/bellissima-films.com\/cs\/diskretni-seznamovaci-aplikace\/","og_locale":"cs_CZ","og_type":"article","og_title":"Diskr\u00e9tn\u00ed seznamovac\u00ed aplikace - Film Reviews","og_description":"K dispozici je cel\u00e1 \u0159ada diskr\u00e9tn\u00edch seznamovac\u00edch aplikac\u00ed , kter\u00e9 jsou speci\u00e1ln\u011b navr\u017eeny pro lidi, kte\u0159\u00ed se cht\u011bj\u00ed p\u0159ipojit. Tyto aplikace umo\u017e\u0148uj\u00ed u\u017eivatel\u016fm spojit se s ostatn\u00edmi, kte\u0159\u00ed se zaj\u00edmaj\u00ed o stejnou v\u011bc, ani\u017e by museli proch\u00e1zet pot\u00ed\u017eemi s tradi\u010dn\u00edm datov\u00e1n\u00edm. D\u00edky tomu je snadn\u00e9 naj\u00edt n\u011bkoho, kdo je na\u2026","og_url":"https:\/\/bellissima-films.com\/cs\/diskretni-seznamovaci-aplikace\/","og_site_name":"Film Reviews","twitter_card":"summary_large_image","twitter_misc":{"Odhadovan\u00e1 doba \u010dten\u00ed":"4 minuty"},"schema":{"@context":"https:\/\/schema.org","@graph":[{"@type":"WebSite","@id":"http:\/\/bellissima-films.com\/cs\/#website","url":"http:\/\/bellissima-films.com\/cs\/","name":"Film Reviews","description":"Real Hookups","potentialAction":[{"@type":"SearchAction","target":{"@type":"EntryPoint","urlTemplate":"http:\/\/bellissima-films.com\/cs\/?s={search_term_string}"},"query-input":"required name=search_term_string"}],"inLanguage":"cs"},{"@type":"WebPage","@id":"https:\/\/bellissima-films.com\/cs\/diskretni-seznamovaci-aplikace\/#webpage","url":"https:\/\/bellissima-films.com\/cs\/diskretni-seznamovaci-aplikace\/","name":"Diskr\u00e9tn\u00ed seznamovac\u00ed aplikace - Film Reviews","isPartOf":{"@id":"http:\/\/bellissima-films.com\/cs\/#website"},"datePublished":"2022-10-03T12:30:32+00:00","dateModified":"2022-10-03T12:30:32+00:00","breadcrumb":{"@id":"https:\/\/bellissima-films.com\/cs\/diskretni-seznamovaci-aplikace\/#breadcrumb"},"inLanguage":"cs","potentialAction":[{"@type":"ReadAction","target":["https:\/\/bellissima-films.com\/cs\/diskretni-seznamovaci-aplikace\/"]}]},{"@type":"BreadcrumbList","@id":"https:\/\/bellissima-films.com\/cs\/diskretni-seznamovaci-aplikace\/#breadcrumb","itemListElement":[{"@type":"ListItem","position":1,"name":"Home","item":"https:\/\/bellissima-films.com\/cs\/"},{"@type":"ListItem","position":2,"name":"Diskr\u00e9tn\u00ed seznamovac\u00ed aplikace"}]}]}},"_links":{"self":[{"href":"https:\/\/bellissima-films.com\/cs\/wp-json\/wp\/v2\/pages\/152"}],"collection":[{"href":"https:\/\/bellissima-films.com\/cs\/wp-json\/wp\/v2\/pages"}],"about":[{"href":"https:\/\/bellissima-films.com\/cs\/wp-json\/wp\/v2\/types\/page"}],"author":[{"embeddable":true,"href":"https:\/\/bellissima-films.com\/cs\/wp-json\/wp\/v2\/users\/1"}],"replies":[{"embeddable":true,"href":"https:\/\/bellissima-films.com\/cs\/wp-json\/wp\/v2\/comments?post=152"}],"version-history":[{"count":0,"href":"https:\/\/bellissima-films.com\/cs\/wp-json\/wp\/v2\/pages\/152\/revisions"}],"wp:attachment":[{"href":"https:\/\/bellissima-films.com\/cs\/wp-json\/wp\/v2\/media?parent=152"}],"curies":[{"name":"wp","href":"https:\/\/api.w.org\/{rel}","templated":true}]}}