{"id":151,"date":"2022-10-03T13:29:46","date_gmt":"2022-10-03T12:29:46","guid":{"rendered":"http:\/\/bellissima-films.com\/babicka-seznamka\/"},"modified":"2022-10-03T13:29:46","modified_gmt":"2022-10-03T12:29:46","slug":"babicka-seznamka","status":"publish","type":"page","link":"https:\/\/bellissima-films.com\/cs\/babicka-seznamka\/","title":{"rendered":"Babi\u010dka Seznamka"},"content":{"rendered":"<p>Existuje mnoho babi\u010dkov\u00fdch seznamovac\u00edch str\u00e1nek, kter\u00e9 v\u00e1m umo\u017en\u00ed spojit se se star\u0161\u00edmi \u017eenami. Tyto <a href=\"http:\/\/bellissima-films.com\/cs\/online-sexting-stranky\/\">str\u00e1nky<\/a> jsou skv\u011bl\u00fdm zp\u016fsobem, jak se setkat se star\u0161\u00edmi \u017eenami, kter\u00e9 hledaj\u00ed mlad\u0161\u00edho mu\u017ee. Na t\u011bchto str\u00e1nk\u00e1ch najdete spoustu star\u0161\u00edch \u017een, kter\u00e9 hledaj\u00ed mlad\u0161\u00edho mu\u017ee. M\u016f\u017eete tak\u00e9 naj\u00edt spoustu star\u0161\u00edch \u017een, kter\u00e9 hledaj\u00ed mlad\u0161\u00edho mu\u017ee na jin\u00fdch str\u00e1nk\u00e1ch, ale tyto str\u00e1nky jsou skv\u011bl\u00fdm zp\u016fsobem, jak se setkat se star\u0161\u00edmi \u017eenami, kter\u00e9 hledaj\u00ed mlad\u0161\u00edho mu\u017ee.<\/p>\n<h2>Spojen\u00ed se zral\u00fdmi \u017eenami<\/h2>\n<p>Na rand\u011bn\u00ed se star\u0161\u00edmi \u017eenami je n\u011bco neuv\u011b\u0159iteln\u011b l\u00e1kav\u00e9ho. Maj\u00ed tendenci b\u00fdt sebev\u011bdom\u011bj\u0161\u00ed, zku\u0161en\u011bj\u0161\u00ed a v\u00edce kontroluj\u00ed sv\u016fj \u017eivot. V\u011bd\u00ed, co cht\u011bj\u00ed, a neboj\u00ed se za t\u00edm j\u00edt. To neznamen\u00e1, \u017ee rand\u011bn\u00ed s mlad\u0161\u00edmi \u017eenami je \u0161patn\u00e9 &#8211; daleko od toho. Ale pokud hled\u00e1te n\u011bco trochu zralej\u0161\u00edho, rand\u011bn\u00ed se star\u0161\u00ed \u017eenou by mohlo b\u00fdt dokonal\u00fdm zp\u016fsobem, jak j\u00edt.<\/p>\n<h2>M\u00edstn\u00ed babi\u010dka Seznamka Str\u00e1nky<\/h2>\n<p>Existuje cel\u00e1 \u0159ada babi\u010dka seznamka k dispozici pro lidi, kte\u0159\u00ed hledaj\u00ed l\u00e1sku. Tyto str\u00e1nky se staraj\u00ed o jednotlivce, kte\u0159\u00ed maj\u00ed z\u00e1jem o datov\u00e1n\u00ed star\u0161\u00edch \u017een. N\u011bkter\u00e9 z m\u00edstn\u00edch seznamovac\u00edch str\u00e1nek pro babi\u010dky zahrnuj\u00ed GrannyDatingSite.com a GrannyDate.com. Ob\u011b tyto str\u00e1nky nab\u00edzej\u00ed \u0159adu funkc\u00ed, kter\u00e9 u\u017eivatel\u016fm umo\u017e\u0148uj\u00ed spojit se s potenci\u00e1ln\u00edmi shodami a za\u010d\u00edt chatovat. Babi\u010dka seznamka poskytuje p\u0159\u00edle\u017eitost pro lidi spojit se s ostatn\u00edmi, kte\u0159\u00ed hledaj\u00ed stejnou v\u011bc.<\/p>\n<p>Existuje spousta m\u00edstn\u00edch gilf\u016f v seznamovac\u00ed sc\u00e9n\u011b, kter\u00e9 hledaj\u00ed dobr\u00fd \u010das. Jsou to typicky star\u0161\u00ed \u017eeny, kter\u00e9 p\u0159itahuj\u00ed mlad\u0161\u00ed mu\u017ei. Obvykle hledaj\u00ed vztah nebo n\u011bco neform\u00e1ln\u00edho. Mnoho gilf\u016f je otev\u0159eno zkou\u0161en\u00ed nov\u00fdch v\u011bc\u00ed a je ochotno se dob\u0159e bavit.<\/p>\n<h3>SwapFinder<\/h3>\n<p>SwapFinder je seznamovac\u00ed aplikace, kter\u00e1 v\u00e1m umo\u017en\u00ed naj\u00edt babi\u010dky, kter\u00e9 hledaj\u00ed p\u0159\u00edle\u017eitostn\u00e9 p\u0159ipojen\u00ed. Aplikace se snadno pou\u017e\u00edv\u00e1 a m\u00e1 spoustu funkc\u00ed, d\u00edky nim\u017e je skv\u011blou volbou pro babi\u010dku. Aplikace je zdarma ke sta\u017een\u00ed a pou\u017eit\u00ed a nab\u00edz\u00ed pr\u00e9miov\u00e9 p\u0159edplatn\u00e9, kter\u00e9 v\u00e1m umo\u017en\u00ed p\u0159\u00edstup k dal\u0161\u00edm funkc\u00edm. Aplikace je k dispozici pro za\u0159\u00edzen\u00ed iOS a Android.<\/p>\n<h3>Xmeets<\/h3>\n<p>Pokud hled\u00e1te babi\u010dku seznamovac\u00ed aplikaci, Xmeets je skv\u011bl\u00e1 volba. Je snadno pou\u017eiteln\u00fd a m\u00e1 mnoho funkc\u00ed, d\u00edky nim\u017e je skv\u011blou volbou pro ty, kte\u0159\u00ed hledaj\u00ed zralou \u017eenu k dne\u0161n\u00edmu dni. Funkce vyhled\u00e1v\u00e1n\u00ed je komplexn\u00ed a umo\u017e\u0148uje v\u00e1m naj\u00edt p\u0159esn\u011b to, co hled\u00e1te. Syst\u00e9m zas\u00edl\u00e1n\u00ed zpr\u00e1v je tak\u00e9 skv\u011bl\u00fd a m\u016f\u017eete snadno z\u016fstat v kontaktu se sv\u00fdmi z\u00e1pasy. Celkov\u011b je Xmeets skv\u011blou volbou pro ty, kte\u0159\u00ed hledaj\u00ed babi\u010dku seznamovac\u00ed aplikaci.<\/p>\n<h3>SextFun<\/h3>\n<p>Pokud jste do babi\u010dky datov\u00e1n\u00ed, pak budete ur\u010dit\u011b cht\u00edt pod\u00edvat na SextFun. Tato seznamovac\u00ed aplikace je speci\u00e1ln\u011b navr\u017eena pro lidi, kte\u0159\u00ed hledaj\u00ed n\u011bjakou z\u00e1bavu bez z\u00e1vazk\u016f se star\u0161\u00edmi \u017eenami. Aplikace se snadno pou\u017e\u00edv\u00e1 a je zdarma se zaregistrovat. Jakmile se zaregistrujete, m\u016f\u017eete proch\u00e1zet profily m\u00edstn\u00edch babi\u010dek, kter\u00e9 hledaj\u00ed n\u011bjakou z\u00e1bavu. Kdy\u017e najdete n\u011bkoho, kdo se v\u00e1m l\u00edb\u00ed, m\u016f\u017eete mu poslat zpr\u00e1vu a zjistit, jestli m\u00e1 z\u00e1jem se setkat. Aplikace je diskr\u00e9tn\u00ed a soukrom\u00e1, tak\u017ee si m\u016f\u017eete b\u00fdt jisti, \u017ee va\u0161e babi\u010dka datov\u00e1n\u00ed dobrodru\u017estv\u00ed z\u016fstane mezi v\u00e1mi a babi\u010dkami, kter\u00e9 potk\u00e1te.<\/p>\n","protected":false},"excerpt":{"rendered":"<p>Existuje mnoho babi\u010dkov\u00fdch seznamovac\u00edch str\u00e1nek, kter\u00e9 v\u00e1m umo\u017en\u00ed spojit se se star\u0161\u00edmi \u017eenami. Tyto str\u00e1nky jsou skv\u011bl\u00fdm zp\u016fsobem, jak se setkat se star\u0161\u00edmi \u017eenami, kter\u00e9 hledaj\u00ed mlad\u0161\u00edho mu\u017ee. Na t\u011bchto str\u00e1nk\u00e1ch najdete spoustu star\u0161\u00edch \u017een, kter\u00e9 hledaj\u00ed mlad\u0161\u00edho mu\u017ee. M\u016f\u017eete tak\u00e9 naj\u00edt spoustu star\u0161\u00edch \u017een, kter\u00e9 hledaj\u00ed mlad\u0161\u00edho mu\u017ee na\u2026<\/p>\n","protected":false},"author":1,"featured_media":0,"parent":0,"menu_order":0,"comment_status":"closed","ping_status":"closed","template":"","meta":[],"yoast_head":"<!-- This site is optimized with the Yoast SEO plugin v17.7.1 - https:\/\/yoast.com\/wordpress\/plugins\/seo\/ -->\n<title>Babi\u010dka Seznamka - Film Reviews<\/title>\n<meta name=\"robots\" content=\"index, follow, max-snippet:-1, max-image-preview:large, max-video-preview:-1\" \/>\n<link rel=\"canonical\" href=\"https:\/\/bellissima-films.com\/cs\/babicka-seznamka\/\" \/>\n<meta property=\"og:locale\" content=\"cs_CZ\" \/>\n<meta property=\"og:type\" content=\"article\" \/>\n<meta property=\"og:title\" content=\"Babi\u010dka Seznamka - Film Reviews\" \/>\n<meta property=\"og:description\" content=\"Existuje mnoho babi\u010dkov\u00fdch seznamovac\u00edch str\u00e1nek, kter\u00e9 v\u00e1m umo\u017en\u00ed spojit se se star\u0161\u00edmi \u017eenami. Tyto str\u00e1nky jsou skv\u011bl\u00fdm zp\u016fsobem, jak se setkat se star\u0161\u00edmi \u017eenami, kter\u00e9 hledaj\u00ed mlad\u0161\u00edho mu\u017ee. Na t\u011bchto str\u00e1nk\u00e1ch najdete spoustu star\u0161\u00edch \u017een, kter\u00e9 hledaj\u00ed mlad\u0161\u00edho mu\u017ee. M\u016f\u017eete tak\u00e9 naj\u00edt spoustu star\u0161\u00edch \u017een, kter\u00e9 hledaj\u00ed mlad\u0161\u00edho mu\u017ee na\u2026\" \/>\n<meta property=\"og:url\" content=\"https:\/\/bellissima-films.com\/cs\/babicka-seznamka\/\" \/>\n<meta property=\"og:site_name\" content=\"Film Reviews\" \/>\n<meta name=\"twitter:card\" content=\"summary_large_image\" \/>\n<meta name=\"twitter:label1\" content=\"Odhadovan\u00e1 doba \u010dten\u00ed\" \/>\n\t<meta name=\"twitter:data1\" content=\"3 minuty\" \/>\n<script type=\"application\/ld+json\" class=\"yoast-schema-graph\">{\"@context\":\"https:\/\/schema.org\",\"@graph\":[{\"@type\":\"WebSite\",\"@id\":\"http:\/\/bellissima-films.com\/cs\/#website\",\"url\":\"http:\/\/bellissima-films.com\/cs\/\",\"name\":\"Film Reviews\",\"description\":\"Real Hookups\",\"potentialAction\":[{\"@type\":\"SearchAction\",\"target\":{\"@type\":\"EntryPoint\",\"urlTemplate\":\"http:\/\/bellissima-films.com\/cs\/?s={search_term_string}\"},\"query-input\":\"required name=search_term_string\"}],\"inLanguage\":\"cs\"},{\"@type\":\"WebPage\",\"@id\":\"https:\/\/bellissima-films.com\/cs\/babicka-seznamka\/#webpage\",\"url\":\"https:\/\/bellissima-films.com\/cs\/babicka-seznamka\/\",\"name\":\"Babi\\u010dka Seznamka - Film Reviews\",\"isPartOf\":{\"@id\":\"http:\/\/bellissima-films.com\/cs\/#website\"},\"datePublished\":\"2022-10-03T12:29:46+00:00\",\"dateModified\":\"2022-10-03T12:29:46+00:00\",\"breadcrumb\":{\"@id\":\"https:\/\/bellissima-films.com\/cs\/babicka-seznamka\/#breadcrumb\"},\"inLanguage\":\"cs\",\"potentialAction\":[{\"@type\":\"ReadAction\",\"target\":[\"https:\/\/bellissima-films.com\/cs\/babicka-seznamka\/\"]}]},{\"@type\":\"BreadcrumbList\",\"@id\":\"https:\/\/bellissima-films.com\/cs\/babicka-seznamka\/#breadcrumb\",\"itemListElement\":[{\"@type\":\"ListItem\",\"position\":1,\"name\":\"Home\",\"item\":\"https:\/\/bellissima-films.com\/cs\/\"},{\"@type\":\"ListItem\",\"position\":2,\"name\":\"Babi\\u010dka Seznamka\"}]}]}<\/script>\n<!-- \/ Yoast SEO plugin. -->","yoast_head_json":{"title":"Babi\u010dka Seznamka - Film Reviews","robots":{"index":"index","follow":"follow","max-snippet":"max-snippet:-1","max-image-preview":"max-image-preview:large","max-video-preview":"max-video-preview:-1"},"canonical":"https:\/\/bellissima-films.com\/cs\/babicka-seznamka\/","og_locale":"cs_CZ","og_type":"article","og_title":"Babi\u010dka Seznamka - Film Reviews","og_description":"Existuje mnoho babi\u010dkov\u00fdch seznamovac\u00edch str\u00e1nek, kter\u00e9 v\u00e1m umo\u017en\u00ed spojit se se star\u0161\u00edmi \u017eenami. Tyto str\u00e1nky jsou skv\u011bl\u00fdm zp\u016fsobem, jak se setkat se star\u0161\u00edmi \u017eenami, kter\u00e9 hledaj\u00ed mlad\u0161\u00edho mu\u017ee. Na t\u011bchto str\u00e1nk\u00e1ch najdete spoustu star\u0161\u00edch \u017een, kter\u00e9 hledaj\u00ed mlad\u0161\u00edho mu\u017ee. M\u016f\u017eete tak\u00e9 naj\u00edt spoustu star\u0161\u00edch \u017een, kter\u00e9 hledaj\u00ed mlad\u0161\u00edho mu\u017ee na\u2026","og_url":"https:\/\/bellissima-films.com\/cs\/babicka-seznamka\/","og_site_name":"Film Reviews","twitter_card":"summary_large_image","twitter_misc":{"Odhadovan\u00e1 doba \u010dten\u00ed":"3 minuty"},"schema":{"@context":"https:\/\/schema.org","@graph":[{"@type":"WebSite","@id":"http:\/\/bellissima-films.com\/cs\/#website","url":"http:\/\/bellissima-films.com\/cs\/","name":"Film Reviews","description":"Real Hookups","potentialAction":[{"@type":"SearchAction","target":{"@type":"EntryPoint","urlTemplate":"http:\/\/bellissima-films.com\/cs\/?s={search_term_string}"},"query-input":"required name=search_term_string"}],"inLanguage":"cs"},{"@type":"WebPage","@id":"https:\/\/bellissima-films.com\/cs\/babicka-seznamka\/#webpage","url":"https:\/\/bellissima-films.com\/cs\/babicka-seznamka\/","name":"Babi\u010dka Seznamka - Film Reviews","isPartOf":{"@id":"http:\/\/bellissima-films.com\/cs\/#website"},"datePublished":"2022-10-03T12:29:46+00:00","dateModified":"2022-10-03T12:29:46+00:00","breadcrumb":{"@id":"https:\/\/bellissima-films.com\/cs\/babicka-seznamka\/#breadcrumb"},"inLanguage":"cs","potentialAction":[{"@type":"ReadAction","target":["https:\/\/bellissima-films.com\/cs\/babicka-seznamka\/"]}]},{"@type":"BreadcrumbList","@id":"https:\/\/bellissima-films.com\/cs\/babicka-seznamka\/#breadcrumb","itemListElement":[{"@type":"ListItem","position":1,"name":"Home","item":"https:\/\/bellissima-films.com\/cs\/"},{"@type":"ListItem","position":2,"name":"Babi\u010dka Seznamka"}]}]}},"_links":{"self":[{"href":"https:\/\/bellissima-films.com\/cs\/wp-json\/wp\/v2\/pages\/151"}],"collection":[{"href":"https:\/\/bellissima-films.com\/cs\/wp-json\/wp\/v2\/pages"}],"about":[{"href":"https:\/\/bellissima-films.com\/cs\/wp-json\/wp\/v2\/types\/page"}],"author":[{"embeddable":true,"href":"https:\/\/bellissima-films.com\/cs\/wp-json\/wp\/v2\/users\/1"}],"replies":[{"embeddable":true,"href":"https:\/\/bellissima-films.com\/cs\/wp-json\/wp\/v2\/comments?post=151"}],"version-history":[{"count":0,"href":"https:\/\/bellissima-films.com\/cs\/wp-json\/wp\/v2\/pages\/151\/revisions"}],"wp:attachment":[{"href":"https:\/\/bellissima-films.com\/cs\/wp-json\/wp\/v2\/media?parent=151"}],"curies":[{"name":"wp","href":"https:\/\/api.w.org\/{rel}","templated":true}]}}