{"id":118,"date":"2022-10-03T13:30:59","date_gmt":"2022-10-03T12:30:59","guid":{"rendered":"http:\/\/bellissima-films.com\/cross-dresser-seznamky\/"},"modified":"2022-10-03T13:30:59","modified_gmt":"2022-10-03T12:30:59","slug":"cross-dresser-seznamky","status":"publish","type":"page","link":"https:\/\/bellissima-films.com\/cs\/cross-dresser-seznamky\/","title":{"rendered":"Cross Dresser Seznamky"},"content":{"rendered":"<p>Pokud hled\u00e1te partnera, kter\u00fd se r\u00e1d obl\u00e9k\u00e1 do d\u00e1msk\u00e9ho oble\u010den\u00ed, existuje spousta seznamovac\u00edch web\u016f, kter\u00e9 v\u00e1m pomohou naj\u00edt perfektn\u00ed prot\u011bj\u0161ek. Tyto str\u00e1nky se staraj\u00ed o lidi, kte\u0159\u00ed se r\u00e1di obl\u00e9kaj\u00ed do oble\u010den\u00ed opa\u010dn\u00e9ho pohlav\u00ed, a mohou b\u00fdt skv\u011bl\u00fdm zp\u016fsobem, jak naj\u00edt partnera, kter\u00fd sd\u00edl\u00ed v\u00e1\u0161 z\u00e1jem.<\/p>\n<p>V\u011bt\u0161ina <a href=\"http:\/\/bellissima-films.com\/cs\/diskretni-seznamovaci-aplikace\/\">seznamovac\u00edch web\u016f<\/a> cross dresser funguje stejn\u011b jako ka\u017ed\u00e1 jin\u00e1 seznamka &#8211; vytvo\u0159\u00edte si profil, projdete profily ostatn\u00edch \u010dlen\u016f a pos\u00edl\u00e1te zpr\u00e1vy tam a zp\u011bt. N\u011bkter\u00e9 str\u00e1nky maj\u00ed tak\u00e9 chatovac\u00ed m\u00edstnosti a f\u00f3ra, kde m\u016f\u017eete l\u00e9pe poznat ostatn\u00ed \u010dleny. Pokud m\u00e1te z\u00e1jem o p\u0159ipojen\u00ed s k\u0159\u00ed\u017eov\u00fdm pr\u00e1deln\u00edkem, je n\u011bkolik v\u011bc\u00ed, kter\u00e9 byste m\u011bli m\u00edt na pam\u011bti. Za prv\u00e9, cross dresser lze nal\u00e9zt na jak\u00e9koli seznamce, tak\u017ee neomezujte sv\u00e9 vyhled\u00e1v\u00e1n\u00ed pouze na seznamovac\u00ed str\u00e1nky cross dresser. Za druh\u00e9, cross-dresse\u0159i jsou obvykle velmi otev\u0159en\u00ed ohledn\u011b sv\u00e9ho z\u00e1jmu, tak\u017ee se nebojte kl\u00e1st ot\u00e1zky nebo nastolit t\u00e9ma sami. A kone\u010dn\u011b, nezapome\u0148te se bavit! Cross dressing je o zkoum\u00e1n\u00ed va\u0161\u00ed sexuality a u\u017e\u00edv\u00e1n\u00ed si, tak\u017ee se ujist\u011bte, \u017ee to d\u011bl\u00e1te.<\/p>\n<h2>Crossdresser Personals<\/h2>\n<p>Crossdresser personals m\u016f\u017ee b\u00fdt skv\u011bl\u00fd zp\u016fsob, jak se setkat s dal\u0161\u00edmi lidmi, kte\u0159\u00ed sd\u00edlej\u00ed v\u00e1\u0161 z\u00e1jem o crossdressing. A\u0165 u\u017e hled\u00e1te p\u0159\u00e1telstv\u00ed, romantiku nebo jen n\u011bkoho, s k\u00fdm byste si mohli popov\u00eddat, najdete to v\u0161e na crossdresser personals. Existuj\u00ed nejr\u016fzn\u011bj\u0161\u00ed lid\u00e9, kte\u0159\u00ed pou\u017e\u00edvaj\u00ed crossdresser personals, tak\u017ee jste si jisti, \u017ee najdete n\u011bkoho, kdo sd\u00edl\u00ed va\u0161e z\u00e1jmy a s k\u00fdm jste kompatibiln\u00ed. Nejlep\u0161\u00ed ze v\u0161eho je, \u017ee je to bezpe\u010dn\u00e1 a p\u0159\u00edv\u011btiv\u00e1 komunita, kde je ka\u017ed\u00fd p\u0159ijat za to, k\u00fdm je. Tak\u017ee pokud hled\u00e1te m\u00edsto, kde m\u016f\u017eete prozkoumat sv\u00e9 crossdressingov\u00e9 z\u00e1jmy, crossdresser personals je ide\u00e1ln\u00edm m\u00edstem, kde za\u010d\u00edt.<\/p>\n<p>Pokud hled\u00e1te l\u00e1sku a n\u00e1hodou jste crossdresser, existuje n\u011bkolik v\u011bc\u00ed, kter\u00e9 m\u016f\u017eete ud\u011blat, abyste zv\u00fd\u0161ili sv\u00e9 \u0161ance na nalezen\u00ed kompatibiln\u00edho partnera. Nejprve zva\u017ete p\u0159ipojen\u00ed k podp\u016frn\u00e9 skupin\u011b crossdressingu nebo online komunit\u011b. To v\u00e1m pom\u016f\u017ee spojit se s dal\u0161\u00edmi crossdressery, kte\u0159\u00ed mohou b\u00fdt v podobn\u00e9 situaci a hledaj\u00ed l\u00e1sku. Krom\u011b toho se ujist\u011bte, \u017ee jste otev\u0159en\u00ed a up\u0159\u00edmn\u00ed ohledn\u011b va\u0161eho crossdressingu s potenci\u00e1ln\u00edmi partnery. Je d\u016fle\u017eit\u00e9 naj\u00edt n\u011bkoho, kdo p\u0159ij\u00edm\u00e1 a ch\u00e1pe v\u00e1\u0161 \u017eivotn\u00ed styl. Nakonec se nebojte d\u00e1t se tam a j\u00edt na rande. \u010c\u00edm v\u00edce chod\u00edte, t\u00edm je pravd\u011bpodobn\u011bj\u0161\u00ed, \u017ee najdete n\u011bkoho, s k\u00fdm se opravdu spoj\u00edte.<\/p>\n<h2>Seznamovac\u00ed str\u00e1nky pro crossdressery<\/h2>\n<p>Existuje spousta seznamovac\u00edch str\u00e1nek pro crossdressery. Mus\u00edte jen v\u011bd\u011bt, kde hledat! Zkuste vyhledat &#8222;crossdresser dating&#8220; nebo &#8222;transgender dating&#8220;. M\u011bli byste b\u00fdt schopni naj\u00edt spoustu v\u00fdsledk\u016f. Jen si p\u0159e\u010dt\u011bte recenze, ne\u017e se zaregistrujete na cokoli, abyste si mohli b\u00fdt jisti, \u017ee dostanete to, co chcete.<\/p>\n<h3>Datehookup<\/h3>\n<p>Datehookup je popul\u00e1rn\u00ed seznamovac\u00ed aplikace se \u0161irokou u\u017eivatelskou z\u00e1kladnou. Aplikace je zdarma ke sta\u017een\u00ed a pou\u017eit\u00ed. Nab\u00edz\u00ed v\u0161ak n\u011bkter\u00e9 n\u00e1kupy v aplikaci. Aplikace je k dispozici pro za\u0159\u00edzen\u00ed Android i iOS. Aplikace se snadno pou\u017e\u00edv\u00e1 a naviguje. U\u017eivatelsk\u00e9 rozhran\u00ed je jednoduch\u00e9 a p\u0159\u00edmo\u010dar\u00e9. Aplikace m\u00e1 mnoho funkc\u00ed, d\u00edky nim\u017e je dobrou volbou pro cross-dressery. Aplikace umo\u017e\u0148uje vyhled\u00e1vat ostatn\u00ed u\u017eivatele podle um\u00edst\u011bn\u00ed, v\u011bku, pohlav\u00ed a z\u00e1jm\u016f. M\u016f\u017eete tak\u00e9 odes\u00edlat a p\u0159ij\u00edmat zpr\u00e1vy a zobrazovat profily.<\/p>\n<p>Celkov\u011b je aplikace dobrou volbou pro cross-dressery. Je snadno pou\u017eiteln\u00fd a m\u00e1 mnoho funkc\u00ed. Aplikace je tak\u00e9 zdarma ke sta\u017een\u00ed a pou\u017eit\u00ed.<\/p>\n<h3>FlingPals<\/h3>\n<p>FlingPals je nov\u00e1 seznamovac\u00ed aplikace, kter\u00e1 je speci\u00e1ln\u011b navr\u017eena pro lidi, kte\u0159\u00ed miluj\u00ed cross-dress. Aplikace je zdarma ke sta\u017een\u00ed a pou\u017eit\u00ed a nab\u00edz\u00ed \u0161irokou \u0161k\u00e1lu funkc\u00ed, kter\u00e9 usnad\u0148uj\u00ed nalezen\u00ed a spojen\u00ed s ostatn\u00edmi cross-dressery. Aplikace tak\u00e9 obsahuje vestav\u011bnou funkci chatu, tak\u017ee m\u016f\u017eete snadno z\u016fstat v kontaktu s ostatn\u00edmi u\u017eivateli. Celkov\u011b je FlingPals skv\u011bl\u00fdm nov\u00fdm p\u0159\u00edr\u016fstkem do sv\u011bta seznamovac\u00edch web\u016f cross dresser a ur\u010dit\u011b v\u00e1m pom\u016f\u017ee naj\u00edt perfektn\u00ed z\u00e1pas.<\/p>\n<h3>Uberhorny<\/h3>\n<p>Pokud hled\u00e1te seznamku crossdresser\u016f, kter\u00e1 se snadno pou\u017e\u00edv\u00e1 a nab\u00edz\u00ed spoustu funkc\u00ed, budete se cht\u00edt pod\u00edvat na Uberhorny. Tato str\u00e1nka usnad\u0148uje hled\u00e1n\u00ed z\u00e1pas\u016f a chatov\u00e1n\u00ed s nimi. Web m\u016f\u017eete tak\u00e9 pou\u017e\u00edt k vyhled\u00e1n\u00ed ud\u00e1lost\u00ed a skupin ve va\u0161em okol\u00ed. Str\u00e1nka je zdarma k pou\u017eit\u00ed a m\u016f\u017eete upgradovat na pr\u00e9miov\u00e9 \u010dlenstv\u00ed, abyste z\u00edskali je\u0161t\u011b v\u00edce funkc\u00ed.<\/p>\n","protected":false},"excerpt":{"rendered":"<p>Pokud hled\u00e1te partnera, kter\u00fd se r\u00e1d obl\u00e9k\u00e1 do d\u00e1msk\u00e9ho oble\u010den\u00ed, existuje spousta seznamovac\u00edch web\u016f, kter\u00e9 v\u00e1m pomohou naj\u00edt perfektn\u00ed prot\u011bj\u0161ek. Tyto str\u00e1nky se staraj\u00ed o lidi, kte\u0159\u00ed se r\u00e1di obl\u00e9kaj\u00ed do oble\u010den\u00ed opa\u010dn\u00e9ho pohlav\u00ed, a mohou b\u00fdt skv\u011bl\u00fdm zp\u016fsobem, jak naj\u00edt partnera, kter\u00fd sd\u00edl\u00ed v\u00e1\u0161 z\u00e1jem. V\u011bt\u0161ina seznamovac\u00edch web\u016f cross\u2026<\/p>\n","protected":false},"author":1,"featured_media":0,"parent":0,"menu_order":0,"comment_status":"closed","ping_status":"closed","template":"","meta":[],"yoast_head":"<!-- This site is optimized with the Yoast SEO plugin v17.7.1 - https:\/\/yoast.com\/wordpress\/plugins\/seo\/ -->\n<title>Cross Dresser Seznamky - Film Reviews<\/title>\n<meta name=\"robots\" content=\"index, follow, max-snippet:-1, max-image-preview:large, max-video-preview:-1\" \/>\n<link rel=\"canonical\" href=\"https:\/\/bellissima-films.com\/cs\/cross-dresser-seznamky\/\" \/>\n<meta property=\"og:locale\" content=\"cs_CZ\" \/>\n<meta property=\"og:type\" content=\"article\" \/>\n<meta property=\"og:title\" content=\"Cross Dresser Seznamky - Film Reviews\" \/>\n<meta property=\"og:description\" content=\"Pokud hled\u00e1te partnera, kter\u00fd se r\u00e1d obl\u00e9k\u00e1 do d\u00e1msk\u00e9ho oble\u010den\u00ed, existuje spousta seznamovac\u00edch web\u016f, kter\u00e9 v\u00e1m pomohou naj\u00edt perfektn\u00ed prot\u011bj\u0161ek. Tyto str\u00e1nky se staraj\u00ed o lidi, kte\u0159\u00ed se r\u00e1di obl\u00e9kaj\u00ed do oble\u010den\u00ed opa\u010dn\u00e9ho pohlav\u00ed, a mohou b\u00fdt skv\u011bl\u00fdm zp\u016fsobem, jak naj\u00edt partnera, kter\u00fd sd\u00edl\u00ed v\u00e1\u0161 z\u00e1jem. V\u011bt\u0161ina seznamovac\u00edch web\u016f cross\u2026\" \/>\n<meta property=\"og:url\" content=\"https:\/\/bellissima-films.com\/cs\/cross-dresser-seznamky\/\" \/>\n<meta property=\"og:site_name\" content=\"Film Reviews\" \/>\n<meta name=\"twitter:card\" content=\"summary_large_image\" \/>\n<meta name=\"twitter:label1\" content=\"Odhadovan\u00e1 doba \u010dten\u00ed\" \/>\n\t<meta name=\"twitter:data1\" content=\"4 minuty\" \/>\n<script type=\"application\/ld+json\" class=\"yoast-schema-graph\">{\"@context\":\"https:\/\/schema.org\",\"@graph\":[{\"@type\":\"WebSite\",\"@id\":\"http:\/\/bellissima-films.com\/cs\/#website\",\"url\":\"http:\/\/bellissima-films.com\/cs\/\",\"name\":\"Film Reviews\",\"description\":\"Real Hookups\",\"potentialAction\":[{\"@type\":\"SearchAction\",\"target\":{\"@type\":\"EntryPoint\",\"urlTemplate\":\"http:\/\/bellissima-films.com\/cs\/?s={search_term_string}\"},\"query-input\":\"required name=search_term_string\"}],\"inLanguage\":\"cs\"},{\"@type\":\"WebPage\",\"@id\":\"https:\/\/bellissima-films.com\/cs\/cross-dresser-seznamky\/#webpage\",\"url\":\"https:\/\/bellissima-films.com\/cs\/cross-dresser-seznamky\/\",\"name\":\"Cross Dresser Seznamky - Film Reviews\",\"isPartOf\":{\"@id\":\"http:\/\/bellissima-films.com\/cs\/#website\"},\"datePublished\":\"2022-10-03T12:30:59+00:00\",\"dateModified\":\"2022-10-03T12:30:59+00:00\",\"breadcrumb\":{\"@id\":\"https:\/\/bellissima-films.com\/cs\/cross-dresser-seznamky\/#breadcrumb\"},\"inLanguage\":\"cs\",\"potentialAction\":[{\"@type\":\"ReadAction\",\"target\":[\"https:\/\/bellissima-films.com\/cs\/cross-dresser-seznamky\/\"]}]},{\"@type\":\"BreadcrumbList\",\"@id\":\"https:\/\/bellissima-films.com\/cs\/cross-dresser-seznamky\/#breadcrumb\",\"itemListElement\":[{\"@type\":\"ListItem\",\"position\":1,\"name\":\"Home\",\"item\":\"https:\/\/bellissima-films.com\/cs\/\"},{\"@type\":\"ListItem\",\"position\":2,\"name\":\"Cross Dresser Seznamky\"}]}]}<\/script>\n<!-- \/ Yoast SEO plugin. -->","yoast_head_json":{"title":"Cross Dresser Seznamky - Film Reviews","robots":{"index":"index","follow":"follow","max-snippet":"max-snippet:-1","max-image-preview":"max-image-preview:large","max-video-preview":"max-video-preview:-1"},"canonical":"https:\/\/bellissima-films.com\/cs\/cross-dresser-seznamky\/","og_locale":"cs_CZ","og_type":"article","og_title":"Cross Dresser Seznamky - Film Reviews","og_description":"Pokud hled\u00e1te partnera, kter\u00fd se r\u00e1d obl\u00e9k\u00e1 do d\u00e1msk\u00e9ho oble\u010den\u00ed, existuje spousta seznamovac\u00edch web\u016f, kter\u00e9 v\u00e1m pomohou naj\u00edt perfektn\u00ed prot\u011bj\u0161ek. Tyto str\u00e1nky se staraj\u00ed o lidi, kte\u0159\u00ed se r\u00e1di obl\u00e9kaj\u00ed do oble\u010den\u00ed opa\u010dn\u00e9ho pohlav\u00ed, a mohou b\u00fdt skv\u011bl\u00fdm zp\u016fsobem, jak naj\u00edt partnera, kter\u00fd sd\u00edl\u00ed v\u00e1\u0161 z\u00e1jem. V\u011bt\u0161ina seznamovac\u00edch web\u016f cross\u2026","og_url":"https:\/\/bellissima-films.com\/cs\/cross-dresser-seznamky\/","og_site_name":"Film Reviews","twitter_card":"summary_large_image","twitter_misc":{"Odhadovan\u00e1 doba \u010dten\u00ed":"4 minuty"},"schema":{"@context":"https:\/\/schema.org","@graph":[{"@type":"WebSite","@id":"http:\/\/bellissima-films.com\/cs\/#website","url":"http:\/\/bellissima-films.com\/cs\/","name":"Film Reviews","description":"Real Hookups","potentialAction":[{"@type":"SearchAction","target":{"@type":"EntryPoint","urlTemplate":"http:\/\/bellissima-films.com\/cs\/?s={search_term_string}"},"query-input":"required name=search_term_string"}],"inLanguage":"cs"},{"@type":"WebPage","@id":"https:\/\/bellissima-films.com\/cs\/cross-dresser-seznamky\/#webpage","url":"https:\/\/bellissima-films.com\/cs\/cross-dresser-seznamky\/","name":"Cross Dresser Seznamky - Film Reviews","isPartOf":{"@id":"http:\/\/bellissima-films.com\/cs\/#website"},"datePublished":"2022-10-03T12:30:59+00:00","dateModified":"2022-10-03T12:30:59+00:00","breadcrumb":{"@id":"https:\/\/bellissima-films.com\/cs\/cross-dresser-seznamky\/#breadcrumb"},"inLanguage":"cs","potentialAction":[{"@type":"ReadAction","target":["https:\/\/bellissima-films.com\/cs\/cross-dresser-seznamky\/"]}]},{"@type":"BreadcrumbList","@id":"https:\/\/bellissima-films.com\/cs\/cross-dresser-seznamky\/#breadcrumb","itemListElement":[{"@type":"ListItem","position":1,"name":"Home","item":"https:\/\/bellissima-films.com\/cs\/"},{"@type":"ListItem","position":2,"name":"Cross Dresser Seznamky"}]}]}},"_links":{"self":[{"href":"https:\/\/bellissima-films.com\/cs\/wp-json\/wp\/v2\/pages\/118"}],"collection":[{"href":"https:\/\/bellissima-films.com\/cs\/wp-json\/wp\/v2\/pages"}],"about":[{"href":"https:\/\/bellissima-films.com\/cs\/wp-json\/wp\/v2\/types\/page"}],"author":[{"embeddable":true,"href":"https:\/\/bellissima-films.com\/cs\/wp-json\/wp\/v2\/users\/1"}],"replies":[{"embeddable":true,"href":"https:\/\/bellissima-films.com\/cs\/wp-json\/wp\/v2\/comments?post=118"}],"version-history":[{"count":0,"href":"https:\/\/bellissima-films.com\/cs\/wp-json\/wp\/v2\/pages\/118\/revisions"}],"wp:attachment":[{"href":"https:\/\/bellissima-films.com\/cs\/wp-json\/wp\/v2\/media?parent=118"}],"curies":[{"name":"wp","href":"https:\/\/api.w.org\/{rel}","templated":true}]}}