{"id":165,"date":"2022-10-03T13:29:46","date_gmt":"2022-10-03T12:29:46","guid":{"rendered":"http:\/\/bellissima-films.com\/encontro-da-avo\/"},"modified":"2022-10-03T13:29:46","modified_gmt":"2022-10-03T12:29:46","slug":"encontro-da-avo","status":"publish","type":"page","link":"http:\/\/bellissima-films.com\/pt-pt\/encontro-da-avo\/","title":{"rendered":"Encontro da av\u00f3"},"content":{"rendered":"<p>H\u00e1 muitos sites de encontros com av\u00f3s que te permitem engatar mulheres mais velhas. Estes <a href=\"http:\/\/bellissima-films.com\/online-sexting-sites\/\">sites<\/a> s\u00e3o uma \u00f3tima maneira de conhecer mulheres mais velhas que procuram um homem mais jovem. Voc\u00ea pode encontrar um monte de mulheres mais velhas que est\u00e3o procurando um homem mais jovem nestes sites. Voc\u00ea tamb\u00e9m pode encontrar um monte de mulheres mais velhas que est\u00e3o procurando um homem mais jovem em outros sites, mas estes sites s\u00e3o uma \u00f3tima maneira de conhecer mulheres mais velhas que est\u00e3o procurando um homem mais jovem.<\/p>\n<h2>Encontro com mulheres maduras<\/h2>\n<p>H\u00e1 algo incrivelmente sedutor em namorar mulheres mais velhas. Tendem a ser mais confiantes, mais experientes e mais no controlo das suas vidas. Sabem o que querem e n\u00e3o t\u00eam medo de ir atr\u00e1s dele. N\u00e3o quer dizer que namorar mulheres mais novas esteja errado, longe disso. Mas se procura algo um pouco mais maduro, namorar com uma mulher mais velha pode ser o caminho perfeito.<\/p>\n<h2>Sites locais de namoro da av\u00f3<\/h2>\n<p>H\u00e1 uma s\u00e9rie de sites de encontros da av\u00f3 dispon\u00edveis para pessoas que procuram por amor. Estes sites atendem a indiv\u00edduos que est\u00e3o interessados em namorar mulheres mais velhas. Alguns dos sites de encontros da av\u00f3 local incluem GrannyDatingSite.com e GrannyDate.com. Ambos os sites oferecem uma variedade de funcionalidades que permitem aos utilizadores conectar-se com potenciais jogos e come\u00e7ar a conversar. Os sites de encontros da av\u00f3 proporcionam uma oportunidade para as pessoas se conectarem com outras que procuram a mesma coisa.<\/p>\n<p>H\u00e1 muitos gilfs locais na cena do namoro que est\u00e3o \u00e0 procura de divers\u00e3o. S\u00e3o tipicamente mulheres mais velhas que se sentem atra\u00eddas por homens mais jovens. Normalmente procuram uma rela\u00e7\u00e3o ou algo casual. Muitos gilfs est\u00e3o abertos a experimentar coisas novas e est\u00e3o dispostos a divertir-se.<\/p>\n<h3>SwapFinder<\/h3>\n<p>SwapFinder \u00e9 uma aplica\u00e7\u00e3o de encontros que permite encontrar av\u00f3s que est\u00e3o \u00e0 procura de uma liga\u00e7\u00e3o casual. A aplica\u00e7\u00e3o \u00e9 f\u00e1cil de usar e tem muitas funcionalidades que fazem dela uma \u00f3tima escolha para namorar a av\u00f3. A aplica\u00e7\u00e3o \u00e9 gratuita para descarregar e usar, e oferece uma subscri\u00e7\u00e3o premium que lhe d\u00e1 acesso a mais funcionalidades. A aplica\u00e7\u00e3o est\u00e1 dispon\u00edvel para dispositivos iOS e Android.<\/p>\n<h3>Xmeets<\/h3>\n<p>Se procura um aplicativo de encontros com av\u00f3s, xmeets \u00e9 uma \u00f3tima op\u00e7\u00e3o. \u00c9 f\u00e1cil de usar e tem um monte de caracter\u00edsticas que fazem com que seja uma \u00f3tima escolha para quem procura uma mulher madura at\u00e9 \u00e0 data. A fun\u00e7\u00e3o de pesquisa \u00e9 abrangente e permite-lhe encontrar exatamente o que procura. O sistema de mensagens tamb\u00e9m \u00e9 \u00f3timo, e voc\u00ea pode facilmente manter-se em contato com os seus f\u00f3sforos. No geral, xmeets \u00e9 uma \u00f3tima op\u00e7\u00e3o para quem procura uma aplica\u00e7\u00e3o de encontros de av\u00f3s.<\/p>\n<h3>SextFun<\/h3>\n<p>Se gostas de encontros com av\u00f3s, ent\u00e3o vais querer ver o SextFun. Esta aplica\u00e7\u00e3o de encontros \u00e9 especificamente concebida para pessoas que procuram divers\u00e3o sem compromissos com mulheres mais velhas. A aplica\u00e7\u00e3o \u00e9 f\u00e1cil de usar e \u00e9 livre de se inscrever. Uma vez inscrito, pode navegar atrav\u00e9s de perfis de av\u00f3s locais que est\u00e3o \u00e0 procura de divers\u00e3o. Quando encontrares algu\u00e9m de quem gostes, podes enviar-lhe uma mensagem e ver se est\u00e3o interessados em encontrar-se. A aplica\u00e7\u00e3o \u00e9 discreta e privada, por isso pode ter a certeza de que as aventuras de namoro da sua av\u00f3 ficar\u00e3o entre si e as av\u00f3s que conhece.<\/p>\n","protected":false},"excerpt":{"rendered":"<p>H\u00e1 muitos sites de encontros com av\u00f3s que te permitem engatar mulheres mais velhas. Estes sites s\u00e3o uma \u00f3tima maneira de conhecer mulheres mais velhas que procuram um homem mais jovem. Voc\u00ea pode encontrar um monte de mulheres mais velhas que est\u00e3o procurando um homem mais jovem nestes sites. Voc\u00ea\u2026<\/p>\n","protected":false},"author":1,"featured_media":0,"parent":0,"menu_order":0,"comment_status":"closed","ping_status":"closed","template":"","meta":[],"yoast_head":"<!-- This site is optimized with the Yoast SEO plugin v17.7.1 - https:\/\/yoast.com\/wordpress\/plugins\/seo\/ -->\n<title>Encontro da av\u00f3 - Film Reviews<\/title>\n<meta name=\"robots\" content=\"index, follow, max-snippet:-1, max-image-preview:large, max-video-preview:-1\" \/>\n<link rel=\"canonical\" href=\"http:\/\/bellissima-films.com\/pt-pt\/encontro-da-avo\/\" \/>\n<meta property=\"og:locale\" content=\"pt_PT\" \/>\n<meta property=\"og:type\" content=\"article\" \/>\n<meta property=\"og:title\" content=\"Encontro da av\u00f3 - Film Reviews\" \/>\n<meta property=\"og:description\" content=\"H\u00e1 muitos sites de encontros com av\u00f3s que te permitem engatar mulheres mais velhas. Estes sites s\u00e3o uma \u00f3tima maneira de conhecer mulheres mais velhas que procuram um homem mais jovem. Voc\u00ea pode encontrar um monte de mulheres mais velhas que est\u00e3o procurando um homem mais jovem nestes sites. Voc\u00ea\u2026\" \/>\n<meta property=\"og:url\" content=\"http:\/\/bellissima-films.com\/pt-pt\/encontro-da-avo\/\" \/>\n<meta property=\"og:site_name\" content=\"Film Reviews\" \/>\n<meta name=\"twitter:card\" content=\"summary_large_image\" \/>\n<meta name=\"twitter:label1\" content=\"Tempo estimado de leitura\" \/>\n\t<meta name=\"twitter:data1\" content=\"3 minutos\" \/>\n<script type=\"application\/ld+json\" class=\"yoast-schema-graph\">{\"@context\":\"https:\/\/schema.org\",\"@graph\":[{\"@type\":\"WebSite\",\"@id\":\"https:\/\/bellissima-films.com\/pt-pt\/#website\",\"url\":\"https:\/\/bellissima-films.com\/pt-pt\/\",\"name\":\"Film Reviews\",\"description\":\"Real Hookups\",\"potentialAction\":[{\"@type\":\"SearchAction\",\"target\":{\"@type\":\"EntryPoint\",\"urlTemplate\":\"https:\/\/bellissima-films.com\/pt-pt\/?s={search_term_string}\"},\"query-input\":\"required name=search_term_string\"}],\"inLanguage\":\"pt-PT\"},{\"@type\":\"WebPage\",\"@id\":\"http:\/\/bellissima-films.com\/pt-pt\/encontro-da-avo\/#webpage\",\"url\":\"http:\/\/bellissima-films.com\/pt-pt\/encontro-da-avo\/\",\"name\":\"Encontro da av\\u00f3 - Film Reviews\",\"isPartOf\":{\"@id\":\"https:\/\/bellissima-films.com\/pt-pt\/#website\"},\"datePublished\":\"2022-10-03T12:29:46+00:00\",\"dateModified\":\"2022-10-03T12:29:46+00:00\",\"breadcrumb\":{\"@id\":\"http:\/\/bellissima-films.com\/pt-pt\/encontro-da-avo\/#breadcrumb\"},\"inLanguage\":\"pt-PT\",\"potentialAction\":[{\"@type\":\"ReadAction\",\"target\":[\"http:\/\/bellissima-films.com\/pt-pt\/encontro-da-avo\/\"]}]},{\"@type\":\"BreadcrumbList\",\"@id\":\"http:\/\/bellissima-films.com\/pt-pt\/encontro-da-avo\/#breadcrumb\",\"itemListElement\":[{\"@type\":\"ListItem\",\"position\":1,\"name\":\"Home\",\"item\":\"https:\/\/bellissima-films.com\/pt-pt\/\"},{\"@type\":\"ListItem\",\"position\":2,\"name\":\"Encontro da av\\u00f3\"}]}]}<\/script>\n<!-- \/ Yoast SEO plugin. -->","yoast_head_json":{"title":"Encontro da av\u00f3 - Film Reviews","robots":{"index":"index","follow":"follow","max-snippet":"max-snippet:-1","max-image-preview":"max-image-preview:large","max-video-preview":"max-video-preview:-1"},"canonical":"http:\/\/bellissima-films.com\/pt-pt\/encontro-da-avo\/","og_locale":"pt_PT","og_type":"article","og_title":"Encontro da av\u00f3 - Film Reviews","og_description":"H\u00e1 muitos sites de encontros com av\u00f3s que te permitem engatar mulheres mais velhas. Estes sites s\u00e3o uma \u00f3tima maneira de conhecer mulheres mais velhas que procuram um homem mais jovem. Voc\u00ea pode encontrar um monte de mulheres mais velhas que est\u00e3o procurando um homem mais jovem nestes sites. Voc\u00ea\u2026","og_url":"http:\/\/bellissima-films.com\/pt-pt\/encontro-da-avo\/","og_site_name":"Film Reviews","twitter_card":"summary_large_image","twitter_misc":{"Tempo estimado de leitura":"3 minutos"},"schema":{"@context":"https:\/\/schema.org","@graph":[{"@type":"WebSite","@id":"https:\/\/bellissima-films.com\/pt-pt\/#website","url":"https:\/\/bellissima-films.com\/pt-pt\/","name":"Film Reviews","description":"Real Hookups","potentialAction":[{"@type":"SearchAction","target":{"@type":"EntryPoint","urlTemplate":"https:\/\/bellissima-films.com\/pt-pt\/?s={search_term_string}"},"query-input":"required name=search_term_string"}],"inLanguage":"pt-PT"},{"@type":"WebPage","@id":"http:\/\/bellissima-films.com\/pt-pt\/encontro-da-avo\/#webpage","url":"http:\/\/bellissima-films.com\/pt-pt\/encontro-da-avo\/","name":"Encontro da av\u00f3 - Film Reviews","isPartOf":{"@id":"https:\/\/bellissima-films.com\/pt-pt\/#website"},"datePublished":"2022-10-03T12:29:46+00:00","dateModified":"2022-10-03T12:29:46+00:00","breadcrumb":{"@id":"http:\/\/bellissima-films.com\/pt-pt\/encontro-da-avo\/#breadcrumb"},"inLanguage":"pt-PT","potentialAction":[{"@type":"ReadAction","target":["http:\/\/bellissima-films.com\/pt-pt\/encontro-da-avo\/"]}]},{"@type":"BreadcrumbList","@id":"http:\/\/bellissima-films.com\/pt-pt\/encontro-da-avo\/#breadcrumb","itemListElement":[{"@type":"ListItem","position":1,"name":"Home","item":"https:\/\/bellissima-films.com\/pt-pt\/"},{"@type":"ListItem","position":2,"name":"Encontro da av\u00f3"}]}]}},"_links":{"self":[{"href":"http:\/\/bellissima-films.com\/pt-pt\/wp-json\/wp\/v2\/pages\/165"}],"collection":[{"href":"http:\/\/bellissima-films.com\/pt-pt\/wp-json\/wp\/v2\/pages"}],"about":[{"href":"http:\/\/bellissima-films.com\/pt-pt\/wp-json\/wp\/v2\/types\/page"}],"author":[{"embeddable":true,"href":"http:\/\/bellissima-films.com\/pt-pt\/wp-json\/wp\/v2\/users\/1"}],"replies":[{"embeddable":true,"href":"http:\/\/bellissima-films.com\/pt-pt\/wp-json\/wp\/v2\/comments?post=165"}],"version-history":[{"count":0,"href":"http:\/\/bellissima-films.com\/pt-pt\/wp-json\/wp\/v2\/pages\/165\/revisions"}],"wp:attachment":[{"href":"http:\/\/bellissima-films.com\/pt-pt\/wp-json\/wp\/v2\/media?parent=165"}],"curies":[{"name":"wp","href":"https:\/\/api.w.org\/{rel}","templated":true}]}}