{"id":162,"date":"2022-10-03T13:30:04","date_gmt":"2022-10-03T12:30:04","guid":{"rendered":"http:\/\/bellissima-films.com\/sites-de-ligacao-milf-gratuitos\/"},"modified":"2022-10-03T13:30:04","modified_gmt":"2022-10-03T12:30:04","slug":"sites-de-ligacao-milf-gratuitos","status":"publish","type":"page","link":"http:\/\/bellissima-films.com\/pt-pt\/sites-de-ligacao-milf-gratuitos\/","title":{"rendered":"Sites de liga\u00e7\u00e3o MILF gratuitos"},"content":{"rendered":"<p>Existem muitos sites de liga\u00e7\u00e3o MILF gratuitos on-line, por isso \u00e9 f\u00e1cil encontrar um que seja o certo para si. Certifique-se de ler as avalia\u00e7\u00f5es antes de se inscrever em qualquer site, e n\u00e3o se esque\u00e7a de procurar um site que tenha uma boa reputa\u00e7\u00e3o. Assim que encontrar um site com o qual se sinta confort\u00e1vel, crie um perfil e comece a navegar pelos perfis de MILFs quentes na sua \u00e1rea. Quando encontrar algu\u00e9m que lhe interesse, envie-lhe uma mensagem e veja se est\u00e1 interessado em se encontrar. Se estiverem, podes marcar uma hora e um lugar para te encontrares e ver se h\u00e1 alguma qu\u00edmica. Se houver, podes levar as coisas para o pr\u00f3ximo n\u00edvel e ligar-te!<\/p>\n<h2>MILFs locais<\/h2>\n<p>H\u00e1 algo num MILF que nos deixa fracos nos joelhos. Talvez seja a confian\u00e7a deles, talvez seja a experi\u00eancia deles, ou talvez seja o facto de eles parecerem saber o que est\u00e3o a fazer. Seja qual for a raz\u00e3o, os MILF locais valem a pena namorar.<\/p>\n<p>Se procura <a href=\"http:\/\/bellissima-films.com\/granny-dating\/\">sair com um MILF<\/a>, h\u00e1 algumas coisas que deve ter em mente. Primeiro, n\u00e3o est\u00e3o \u00e0 procura de uma rela\u00e7\u00e3o. Ent\u00e3o, se est\u00e1s \u00e0 procura de algo s\u00e9rio, talvez queiras procurar noutro s\u00edtio. Segundo, costumam estar muito ocupados, por isso tens de ser flex\u00edvel com a tua agenda. Por \u00faltimo, sabem o que querem, por isso preparem-se para lhes dar o que precisam.<\/p>\n<p>Se consegues lidar com tudo isso, ent\u00e3o namorar um MILF pode ser uma experi\u00eancia incrivelmente divertida e gratificante. Apenas certifique-se de levar as coisas devagar, ser respeitoso, e estar pronto para se divertir.<\/p>\n<p>H\u00e1 muitos milfs locais perto de mim que est\u00e3o \u00e0 procura de amor. A melhor maneira de encontr\u00e1-los \u00e9 usar sites de encontros online. Desta forma, pode ver perfis de todos os milfs locais perto de mim e decidir com quem quer falar. Tamb\u00e9m pode ler coment\u00e1rios dos diferentes sites antes de se inscrever para um. Desta forma, pode ter a certeza de que est\u00e1 a usar um site respeit\u00e1vel.<\/p>\n<h2>Sites de namoro milfs<\/h2>\n<p>Existem muitos sites de encontros MILF dispon\u00edveis online e eles tornaram-se bastante populares nos \u00faltimos anos. Estes sites fornecem uma \u00f3tima maneira para as mulheres mais velhas conhecerem homens mais jovens, e vice-versa. Oferecem um ambiente seguro e divertido para as pessoas se encontrarem e interagirem, e muitas delas t\u00eam muitos membros. Isto significa que h\u00e1 muitas oportunidades para encontrar um par.<\/p>\n<p>No entanto, \u00e9 importante estar ciente de que nem todos os sites de encontros MILF s\u00e3o criados iguais. H\u00e1 alguns que s\u00e3o melhores do que outros, e \u00e9 importante fazer alguma pesquisa antes de se juntar a um. Desta forma, pode ter a certeza de que est\u00e1 a ter a melhor experi\u00eancia poss\u00edvel.<\/p>\n<h3>OneNightFriend<\/h3>\n<p>OneNightFriend dating app \u00e9 um dos melhores sites de encontros milf gratuitos. Foi projetado para ajudar homens e mulheres solteiros a encontrarem-se uns aos outros para encontros casuais e encontros. A aplica\u00e7\u00e3o \u00e9 f\u00e1cil de usar e f\u00e1cil de usar. Pode inscrever-se gratuitamente e criar o seu perfil em minutos. Uma vez criado o seu perfil, pode come\u00e7ar a procurar milfs locais na sua \u00e1rea. O OneNightFriend tem uma grande base de dados de milfs que est\u00e3o \u00e0 procura de encontros e datas casuais. Tamb\u00e9m pode usar a app para conversar com outros membros e trocar mensagens. A aplica\u00e7\u00e3o est\u00e1 dispon\u00edvel gratuitamente na App Store e na Google Play Store.<\/p>\n<h3>WetHunt<\/h3>\n<p>WetHunt \u00e9 uma nova aplica\u00e7\u00e3o de encontros que est\u00e1 rapidamente a tornar-se popular entre os f\u00e3s de encontros milf. \u00c9 gratuito para descarregar e usar, e oferece muitas funcionalidades que outras apps n\u00e3o t\u00eam. Por exemplo, pode pesquisar por localiza\u00e7\u00e3o, idade, interesses e at\u00e9 mesmo tipo de corpo. A aplica\u00e7\u00e3o tamb\u00e9m tem uma funcionalidade de mensagens, para que possa conversar com datas potenciais antes de se encontrar pessoalmente. WetHunt \u00e9 uma \u00f3tima op\u00e7\u00e3o para quem procura uma app de liga\u00e7\u00e3o milf gratuita.<\/p>\n<h3>FlingPals<\/h3>\n<p>O FlingPals \u00e9 uma nova aplica\u00e7\u00e3o de encontros que rapidamente se est\u00e1 a tornar popular entre os utilizadores de todas as idades, especialmente aqueles na casa dos 20 e 30 anos. A aplica\u00e7\u00e3o permite que os utilizadores se conectem com outros com base na sua localiza\u00e7\u00e3o e idade, e depois conversem e organizem o encontro. A aplica\u00e7\u00e3o \u00e9 gratuita para descarregar e usar, e n\u00e3o existem compras na aplica\u00e7\u00e3o. Os FlingPals t\u00eam sido elogiados pela sua simplicidade e facilidade de utiliza\u00e7\u00e3o, e muitos utilizadores acharam que era uma \u00f3tima maneira de conhecer novas pessoas na sua \u00e1rea. A aplica\u00e7\u00e3o tamb\u00e9m \u00e9 popular entre as pessoas que procuram um encontro r\u00e1pido, pois torna f\u00e1cil arranjar encontro com algu\u00e9m pr\u00f3ximo.<\/p>\n<p>No geral, o FlingPals \u00e9 uma grande nova aplica\u00e7\u00e3o de encontros que certamente apelar\u00e1 a um vasto leque de utilizadores. \u00c9 simples de usar, e oferece uma \u00f3tima maneira de conhecer novas pessoas e potencialmente encontrar um caso.<\/p>\n","protected":false},"excerpt":{"rendered":"<p>Existem muitos sites de liga\u00e7\u00e3o MILF gratuitos on-line, por isso \u00e9 f\u00e1cil encontrar um que seja o certo para si. Certifique-se de ler as avalia\u00e7\u00f5es antes de se inscrever em qualquer site, e n\u00e3o se esque\u00e7a de procurar um site que tenha uma boa reputa\u00e7\u00e3o. Assim que encontrar um site\u2026<\/p>\n","protected":false},"author":1,"featured_media":0,"parent":0,"menu_order":0,"comment_status":"closed","ping_status":"closed","template":"","meta":[],"yoast_head":"<!-- This site is optimized with the Yoast SEO plugin v17.7.1 - https:\/\/yoast.com\/wordpress\/plugins\/seo\/ -->\n<title>Sites de liga\u00e7\u00e3o MILF gratuitos - Film Reviews<\/title>\n<meta name=\"robots\" content=\"index, follow, max-snippet:-1, max-image-preview:large, max-video-preview:-1\" \/>\n<link rel=\"canonical\" href=\"http:\/\/bellissima-films.com\/pt-pt\/sites-de-ligacao-milf-gratuitos\/\" \/>\n<meta property=\"og:locale\" content=\"pt_PT\" \/>\n<meta property=\"og:type\" content=\"article\" \/>\n<meta property=\"og:title\" content=\"Sites de liga\u00e7\u00e3o MILF gratuitos - Film Reviews\" \/>\n<meta property=\"og:description\" content=\"Existem muitos sites de liga\u00e7\u00e3o MILF gratuitos on-line, por isso \u00e9 f\u00e1cil encontrar um que seja o certo para si. Certifique-se de ler as avalia\u00e7\u00f5es antes de se inscrever em qualquer site, e n\u00e3o se esque\u00e7a de procurar um site que tenha uma boa reputa\u00e7\u00e3o. Assim que encontrar um site\u2026\" \/>\n<meta property=\"og:url\" content=\"http:\/\/bellissima-films.com\/pt-pt\/sites-de-ligacao-milf-gratuitos\/\" \/>\n<meta property=\"og:site_name\" content=\"Film Reviews\" \/>\n<meta name=\"twitter:card\" content=\"summary_large_image\" \/>\n<meta name=\"twitter:label1\" content=\"Tempo estimado de leitura\" \/>\n\t<meta name=\"twitter:data1\" content=\"4 minutos\" \/>\n<script type=\"application\/ld+json\" class=\"yoast-schema-graph\">{\"@context\":\"https:\/\/schema.org\",\"@graph\":[{\"@type\":\"WebSite\",\"@id\":\"https:\/\/bellissima-films.com\/pt-pt\/#website\",\"url\":\"https:\/\/bellissima-films.com\/pt-pt\/\",\"name\":\"Film Reviews\",\"description\":\"Real Hookups\",\"potentialAction\":[{\"@type\":\"SearchAction\",\"target\":{\"@type\":\"EntryPoint\",\"urlTemplate\":\"https:\/\/bellissima-films.com\/pt-pt\/?s={search_term_string}\"},\"query-input\":\"required name=search_term_string\"}],\"inLanguage\":\"pt-PT\"},{\"@type\":\"WebPage\",\"@id\":\"http:\/\/bellissima-films.com\/pt-pt\/sites-de-ligacao-milf-gratuitos\/#webpage\",\"url\":\"http:\/\/bellissima-films.com\/pt-pt\/sites-de-ligacao-milf-gratuitos\/\",\"name\":\"Sites de liga\\u00e7\\u00e3o MILF gratuitos - Film Reviews\",\"isPartOf\":{\"@id\":\"https:\/\/bellissima-films.com\/pt-pt\/#website\"},\"datePublished\":\"2022-10-03T12:30:04+00:00\",\"dateModified\":\"2022-10-03T12:30:04+00:00\",\"breadcrumb\":{\"@id\":\"http:\/\/bellissima-films.com\/pt-pt\/sites-de-ligacao-milf-gratuitos\/#breadcrumb\"},\"inLanguage\":\"pt-PT\",\"potentialAction\":[{\"@type\":\"ReadAction\",\"target\":[\"http:\/\/bellissima-films.com\/pt-pt\/sites-de-ligacao-milf-gratuitos\/\"]}]},{\"@type\":\"BreadcrumbList\",\"@id\":\"http:\/\/bellissima-films.com\/pt-pt\/sites-de-ligacao-milf-gratuitos\/#breadcrumb\",\"itemListElement\":[{\"@type\":\"ListItem\",\"position\":1,\"name\":\"Home\",\"item\":\"https:\/\/bellissima-films.com\/pt-pt\/\"},{\"@type\":\"ListItem\",\"position\":2,\"name\":\"Sites de liga\\u00e7\\u00e3o MILF gratuitos\"}]}]}<\/script>\n<!-- \/ Yoast SEO plugin. -->","yoast_head_json":{"title":"Sites de liga\u00e7\u00e3o MILF gratuitos - Film Reviews","robots":{"index":"index","follow":"follow","max-snippet":"max-snippet:-1","max-image-preview":"max-image-preview:large","max-video-preview":"max-video-preview:-1"},"canonical":"http:\/\/bellissima-films.com\/pt-pt\/sites-de-ligacao-milf-gratuitos\/","og_locale":"pt_PT","og_type":"article","og_title":"Sites de liga\u00e7\u00e3o MILF gratuitos - Film Reviews","og_description":"Existem muitos sites de liga\u00e7\u00e3o MILF gratuitos on-line, por isso \u00e9 f\u00e1cil encontrar um que seja o certo para si. Certifique-se de ler as avalia\u00e7\u00f5es antes de se inscrever em qualquer site, e n\u00e3o se esque\u00e7a de procurar um site que tenha uma boa reputa\u00e7\u00e3o. Assim que encontrar um site\u2026","og_url":"http:\/\/bellissima-films.com\/pt-pt\/sites-de-ligacao-milf-gratuitos\/","og_site_name":"Film Reviews","twitter_card":"summary_large_image","twitter_misc":{"Tempo estimado de leitura":"4 minutos"},"schema":{"@context":"https:\/\/schema.org","@graph":[{"@type":"WebSite","@id":"https:\/\/bellissima-films.com\/pt-pt\/#website","url":"https:\/\/bellissima-films.com\/pt-pt\/","name":"Film Reviews","description":"Real Hookups","potentialAction":[{"@type":"SearchAction","target":{"@type":"EntryPoint","urlTemplate":"https:\/\/bellissima-films.com\/pt-pt\/?s={search_term_string}"},"query-input":"required name=search_term_string"}],"inLanguage":"pt-PT"},{"@type":"WebPage","@id":"http:\/\/bellissima-films.com\/pt-pt\/sites-de-ligacao-milf-gratuitos\/#webpage","url":"http:\/\/bellissima-films.com\/pt-pt\/sites-de-ligacao-milf-gratuitos\/","name":"Sites de liga\u00e7\u00e3o MILF gratuitos - Film Reviews","isPartOf":{"@id":"https:\/\/bellissima-films.com\/pt-pt\/#website"},"datePublished":"2022-10-03T12:30:04+00:00","dateModified":"2022-10-03T12:30:04+00:00","breadcrumb":{"@id":"http:\/\/bellissima-films.com\/pt-pt\/sites-de-ligacao-milf-gratuitos\/#breadcrumb"},"inLanguage":"pt-PT","potentialAction":[{"@type":"ReadAction","target":["http:\/\/bellissima-films.com\/pt-pt\/sites-de-ligacao-milf-gratuitos\/"]}]},{"@type":"BreadcrumbList","@id":"http:\/\/bellissima-films.com\/pt-pt\/sites-de-ligacao-milf-gratuitos\/#breadcrumb","itemListElement":[{"@type":"ListItem","position":1,"name":"Home","item":"https:\/\/bellissima-films.com\/pt-pt\/"},{"@type":"ListItem","position":2,"name":"Sites de liga\u00e7\u00e3o MILF gratuitos"}]}]}},"_links":{"self":[{"href":"http:\/\/bellissima-films.com\/pt-pt\/wp-json\/wp\/v2\/pages\/162"}],"collection":[{"href":"http:\/\/bellissima-films.com\/pt-pt\/wp-json\/wp\/v2\/pages"}],"about":[{"href":"http:\/\/bellissima-films.com\/pt-pt\/wp-json\/wp\/v2\/types\/page"}],"author":[{"embeddable":true,"href":"http:\/\/bellissima-films.com\/pt-pt\/wp-json\/wp\/v2\/users\/1"}],"replies":[{"embeddable":true,"href":"http:\/\/bellissima-films.com\/pt-pt\/wp-json\/wp\/v2\/comments?post=162"}],"version-history":[{"count":0,"href":"http:\/\/bellissima-films.com\/pt-pt\/wp-json\/wp\/v2\/pages\/162\/revisions"}],"wp:attachment":[{"href":"http:\/\/bellissima-films.com\/pt-pt\/wp-json\/wp\/v2\/media?parent=162"}],"curies":[{"name":"wp","href":"https:\/\/api.w.org\/{rel}","templated":true}]}}