{"id":167,"date":"2022-10-03T13:29:46","date_gmt":"2022-10-03T12:29:46","guid":{"rendered":"http:\/\/bellissima-films.com\/citas-de-abuelitas\/"},"modified":"2022-10-03T13:29:46","modified_gmt":"2022-10-03T12:29:46","slug":"citas-de-abuelitas","status":"publish","type":"page","link":"http:\/\/bellissima-films.com\/es\/citas-de-abuelitas\/","title":{"rendered":"Citas de abuelitas"},"content":{"rendered":"<p>Hay muchos sitios de citas de abuelas que te permiten conectarte con mujeres mayores. <a href=\"http:\/\/bellissima-films.com\/online-sexting-sites\/\">Estos sitios<\/a> son una excelente manera de conocer a mujeres mayores que buscan un hombre m\u00e1s joven. Puede encontrar muchas mujeres mayores que buscan un hombre m\u00e1s joven en estos sitios. Tambi\u00e9n puede encontrar muchas mujeres mayores que buscan un hombre m\u00e1s joven en otros sitios, pero estos sitios son una excelente manera de conocer a mujeres mayores que buscan un hombre m\u00e1s joven.<\/p>\n<h2>Conexi\u00f3n con mujeres maduras<\/h2>\n<p>Hay algo incre\u00edblemente atractivo en salir con mujeres mayores. Tienden a tener m\u00e1s confianza, m\u00e1s experiencia y m\u00e1s control de sus vidas. Saben lo que quieren y no tienen miedo de ir tras \u00e9l. Eso no quiere decir que salir con mujeres m\u00e1s j\u00f3venes est\u00e9 mal, ni mucho menos. Pero si est\u00e1s buscando algo un poco m\u00e1s maduro, salir con una mujer mayor podr\u00eda ser la manera perfecta de hacerlo.<\/p>\n<h2>Sitios locales de citas de abuelas<\/h2>\n<p>Hay una serie de sitios de citas de abuelas disponibles para las personas que buscan amor. Estos sitios atienden a personas que est\u00e1n interesadas en salir con mujeres mayores. Algunos de los sitios locales de citas de abuelas incluyen GrannyDatingSite.com y GrannyDate.com. Ambos sitios ofrecen una variedad de caracter\u00edsticas que permiten a los usuarios conectarse con posibles coincidencias y comenzar a chatear. Los sitios de citas de abuelita brindan una oportunidad para que las personas se conecten con otras personas que buscan lo mismo.<\/p>\n<p>Hay muchos gilfs locales en la escena de las citas que buscan pasar un buen rato. Por lo general, son mujeres mayores que se sienten atra\u00eddas por los hombres m\u00e1s j\u00f3venes. Por lo general, buscan una relaci\u00f3n o algo casual. Muchos gilfs est\u00e1n abiertos a probar cosas nuevas y est\u00e1n dispuestos a pasar un buen rato.<\/p>\n<h3>SwapFinder<\/h3>\n<p>SwapFinder es una aplicaci\u00f3n de citas que le permite encontrar abuelas que buscan una conexi\u00f3n casual. La aplicaci\u00f3n es f\u00e1cil de usar y tiene muchas caracter\u00edsticas que la convierten en una excelente opci\u00f3n para las citas de abuelas. La aplicaci\u00f3n se puede descargar y usar de forma gratuita, y ofrece una suscripci\u00f3n premium que le brinda acceso a m\u00e1s funciones. La aplicaci\u00f3n est\u00e1 disponible para dispositivos iOS y Android.<\/p>\n<h3>Xmeets<\/h3>\n<p>Si est\u00e1s buscando una aplicaci\u00f3n de citas para abuelas, Xmeets es una gran opci\u00f3n. Es f\u00e1cil de usar y tiene muchas caracter\u00edsticas que lo convierten en una excelente opci\u00f3n para aquellos que buscan una mujer madura hasta la fecha. La funci\u00f3n de b\u00fasqueda es completa y le permite encontrar exactamente lo que est\u00e1 buscando. El sistema de mensajer\u00eda tambi\u00e9n es excelente, y puede mantenerse en contacto f\u00e1cilmente con sus coincidencias. En general, Xmeets es una gran opci\u00f3n para aquellos que buscan una aplicaci\u00f3n de citas para abuelas.<\/p>\n<h3>SextFun<\/h3>\n<p>Si te gustan las citas de abuelas, entonces definitivamente querr\u00e1s echar un vistazo a SextFun. Esta aplicaci\u00f3n de citas est\u00e1 dise\u00f1ada espec\u00edficamente para personas que buscan diversi\u00f3n sin ataduras con mujeres mayores. La aplicaci\u00f3n es f\u00e1cil de usar y es gratis registrarse. Una vez que se haya registrado, puede navegar a trav\u00e9s de los perfiles de las abuelas locales que buscan diversi\u00f3n. Cuando encuentres a alguien que te guste, puedes enviarle un mensaje y ver si est\u00e1 interesado en reunirse. La aplicaci\u00f3n es discreta y privada, por lo que puede estar seguro de que sus aventuras de citas de abuelas se quedar\u00e1n entre usted y las abuelas que conozca.<\/p>\n","protected":false},"excerpt":{"rendered":"<p>Hay muchos sitios de citas de abuelas que te permiten conectarte con mujeres mayores. Estos sitios son una excelente manera de conocer a mujeres mayores que buscan un hombre m\u00e1s joven. Puede encontrar muchas mujeres mayores que buscan un hombre m\u00e1s joven en estos sitios. Tambi\u00e9n puede encontrar muchas mujeres\u2026<\/p>\n","protected":false},"author":1,"featured_media":0,"parent":0,"menu_order":0,"comment_status":"closed","ping_status":"closed","template":"","meta":[],"yoast_head":"<!-- This site is optimized with the Yoast SEO plugin v17.7.1 - https:\/\/yoast.com\/wordpress\/plugins\/seo\/ -->\n<title>Citas de abuelitas - Film Reviews<\/title>\n<meta name=\"robots\" content=\"index, follow, max-snippet:-1, max-image-preview:large, max-video-preview:-1\" \/>\n<link rel=\"canonical\" href=\"http:\/\/bellissima-films.com\/es\/citas-de-abuelitas\/\" \/>\n<meta property=\"og:locale\" content=\"es_ES\" \/>\n<meta property=\"og:type\" content=\"article\" \/>\n<meta property=\"og:title\" content=\"Citas de abuelitas - Film Reviews\" \/>\n<meta property=\"og:description\" content=\"Hay muchos sitios de citas de abuelas que te permiten conectarte con mujeres mayores. Estos sitios son una excelente manera de conocer a mujeres mayores que buscan un hombre m\u00e1s joven. Puede encontrar muchas mujeres mayores que buscan un hombre m\u00e1s joven en estos sitios. Tambi\u00e9n puede encontrar muchas mujeres\u2026\" \/>\n<meta property=\"og:url\" content=\"http:\/\/bellissima-films.com\/es\/citas-de-abuelitas\/\" \/>\n<meta property=\"og:site_name\" content=\"Film Reviews\" \/>\n<meta name=\"twitter:card\" content=\"summary_large_image\" \/>\n<meta name=\"twitter:label1\" content=\"Tiempo de lectura\" \/>\n\t<meta name=\"twitter:data1\" content=\"3 minutos\" \/>\n<script type=\"application\/ld+json\" class=\"yoast-schema-graph\">{\"@context\":\"https:\/\/schema.org\",\"@graph\":[{\"@type\":\"WebSite\",\"@id\":\"https:\/\/bellissima-films.com\/es\/#website\",\"url\":\"https:\/\/bellissima-films.com\/es\/\",\"name\":\"Film Reviews\",\"description\":\"Real Hookups\",\"potentialAction\":[{\"@type\":\"SearchAction\",\"target\":{\"@type\":\"EntryPoint\",\"urlTemplate\":\"https:\/\/bellissima-films.com\/es\/?s={search_term_string}\"},\"query-input\":\"required name=search_term_string\"}],\"inLanguage\":\"es\"},{\"@type\":\"WebPage\",\"@id\":\"http:\/\/bellissima-films.com\/es\/citas-de-abuelitas\/#webpage\",\"url\":\"http:\/\/bellissima-films.com\/es\/citas-de-abuelitas\/\",\"name\":\"Citas de abuelitas - Film Reviews\",\"isPartOf\":{\"@id\":\"https:\/\/bellissima-films.com\/es\/#website\"},\"datePublished\":\"2022-10-03T12:29:46+00:00\",\"dateModified\":\"2022-10-03T12:29:46+00:00\",\"breadcrumb\":{\"@id\":\"http:\/\/bellissima-films.com\/es\/citas-de-abuelitas\/#breadcrumb\"},\"inLanguage\":\"es\",\"potentialAction\":[{\"@type\":\"ReadAction\",\"target\":[\"http:\/\/bellissima-films.com\/es\/citas-de-abuelitas\/\"]}]},{\"@type\":\"BreadcrumbList\",\"@id\":\"http:\/\/bellissima-films.com\/es\/citas-de-abuelitas\/#breadcrumb\",\"itemListElement\":[{\"@type\":\"ListItem\",\"position\":1,\"name\":\"Home\",\"item\":\"http:\/\/bellissima-films.com\/es\/\"},{\"@type\":\"ListItem\",\"position\":2,\"name\":\"Citas de abuelitas\"}]}]}<\/script>\n<!-- \/ Yoast SEO plugin. -->","yoast_head_json":{"title":"Citas de abuelitas - Film Reviews","robots":{"index":"index","follow":"follow","max-snippet":"max-snippet:-1","max-image-preview":"max-image-preview:large","max-video-preview":"max-video-preview:-1"},"canonical":"http:\/\/bellissima-films.com\/es\/citas-de-abuelitas\/","og_locale":"es_ES","og_type":"article","og_title":"Citas de abuelitas - Film Reviews","og_description":"Hay muchos sitios de citas de abuelas que te permiten conectarte con mujeres mayores. Estos sitios son una excelente manera de conocer a mujeres mayores que buscan un hombre m\u00e1s joven. Puede encontrar muchas mujeres mayores que buscan un hombre m\u00e1s joven en estos sitios. Tambi\u00e9n puede encontrar muchas mujeres\u2026","og_url":"http:\/\/bellissima-films.com\/es\/citas-de-abuelitas\/","og_site_name":"Film Reviews","twitter_card":"summary_large_image","twitter_misc":{"Tiempo de lectura":"3 minutos"},"schema":{"@context":"https:\/\/schema.org","@graph":[{"@type":"WebSite","@id":"https:\/\/bellissima-films.com\/es\/#website","url":"https:\/\/bellissima-films.com\/es\/","name":"Film Reviews","description":"Real Hookups","potentialAction":[{"@type":"SearchAction","target":{"@type":"EntryPoint","urlTemplate":"https:\/\/bellissima-films.com\/es\/?s={search_term_string}"},"query-input":"required name=search_term_string"}],"inLanguage":"es"},{"@type":"WebPage","@id":"http:\/\/bellissima-films.com\/es\/citas-de-abuelitas\/#webpage","url":"http:\/\/bellissima-films.com\/es\/citas-de-abuelitas\/","name":"Citas de abuelitas - Film Reviews","isPartOf":{"@id":"https:\/\/bellissima-films.com\/es\/#website"},"datePublished":"2022-10-03T12:29:46+00:00","dateModified":"2022-10-03T12:29:46+00:00","breadcrumb":{"@id":"http:\/\/bellissima-films.com\/es\/citas-de-abuelitas\/#breadcrumb"},"inLanguage":"es","potentialAction":[{"@type":"ReadAction","target":["http:\/\/bellissima-films.com\/es\/citas-de-abuelitas\/"]}]},{"@type":"BreadcrumbList","@id":"http:\/\/bellissima-films.com\/es\/citas-de-abuelitas\/#breadcrumb","itemListElement":[{"@type":"ListItem","position":1,"name":"Home","item":"http:\/\/bellissima-films.com\/es\/"},{"@type":"ListItem","position":2,"name":"Citas de abuelitas"}]}]}},"_links":{"self":[{"href":"http:\/\/bellissima-films.com\/es\/wp-json\/wp\/v2\/pages\/167"}],"collection":[{"href":"http:\/\/bellissima-films.com\/es\/wp-json\/wp\/v2\/pages"}],"about":[{"href":"http:\/\/bellissima-films.com\/es\/wp-json\/wp\/v2\/types\/page"}],"author":[{"embeddable":true,"href":"http:\/\/bellissima-films.com\/es\/wp-json\/wp\/v2\/users\/1"}],"replies":[{"embeddable":true,"href":"http:\/\/bellissima-films.com\/es\/wp-json\/wp\/v2\/comments?post=167"}],"version-history":[{"count":0,"href":"http:\/\/bellissima-films.com\/es\/wp-json\/wp\/v2\/pages\/167\/revisions"}],"wp:attachment":[{"href":"http:\/\/bellissima-films.com\/es\/wp-json\/wp\/v2\/media?parent=167"}],"curies":[{"name":"wp","href":"https:\/\/api.w.org\/{rel}","templated":true}]}}