{"id":138,"date":"2022-10-03T13:30:04","date_gmt":"2022-10-03T12:30:04","guid":{"rendered":"http:\/\/bellissima-films.com\/zdarma-milf-hookup-stranky\/"},"modified":"2022-10-03T13:30:04","modified_gmt":"2022-10-03T12:30:04","slug":"zdarma-milf-hookup-stranky","status":"publish","type":"page","link":"http:\/\/bellissima-films.com\/cs\/zdarma-milf-hookup-stranky\/","title":{"rendered":"Zdarma MILF Hookup str\u00e1nky"},"content":{"rendered":"<p>Existuje mnoho bezplatn\u00fdch str\u00e1nek MILF p\u0159ipojen\u00ed online, tak\u017ee je snadn\u00e9 naj\u00edt ten, kter\u00fd je pro v\u00e1s ten prav\u00fd. Ujist\u011bte se, \u017ee jste si p\u0159e\u010detli recenze p\u0159ed registrac\u00ed na jak\u00e9mkoli webu a nezapome\u0148te hledat web, kter\u00fd m\u00e1 dobrou pov\u011bst. Jakmile najdete web, se kter\u00fdm jste spokojeni, vytvo\u0159te si profil a za\u010dn\u011bte proch\u00e1zet profily hork\u00fdch MILF ve va\u0161\u00ed oblasti. Kdy\u017e najdete n\u011bkoho, o koho m\u00e1te z\u00e1jem, po\u0161lete mu zpr\u00e1vu a zjist\u011bte, jestli m\u00e1 z\u00e1jem o sch\u016fzku. Pokud ano, pak m\u016f\u017eete nastavit \u010das a m\u00edsto, kde se setk\u00e1te a zjist\u00edte, zda existuje n\u011bjak\u00e1 chemie. Pokud ano, m\u016f\u017eete vz\u00edt v\u011bci na dal\u0161\u00ed \u00farove\u0148 a p\u0159ipojit se!<\/p>\n<h2>M\u00edstn\u00ed MILF<\/h2>\n<p>Na MILF je n\u011bco, co n\u00e1s oslabuje v kolenou. Mo\u017en\u00e1 je to jejich d\u016fv\u011bra, mo\u017en\u00e1 je to jejich zku\u0161enost, nebo mo\u017en\u00e1 je to skute\u010dnost, \u017ee se zd\u00e1, \u017ee v\u011bd\u00ed, co d\u011blaj\u00ed. A\u0165 u\u017e je d\u016fvod jak\u00fdkoli, m\u00edstn\u00ed MILF rozhodn\u011b stoj\u00ed za to chodit.<\/p>\n<p>Pokud hled\u00e1te <a href=\"http:\/\/bellissima-films.com\/cs\/babicka-seznamka\/\">rande s MILF<\/a>, existuje n\u011bkolik v\u011bc\u00ed, kter\u00e9 byste m\u011bli m\u00edt na pam\u011bti. Za prv\u00e9, nehledaj\u00ed vztah &#8211; obvykle hledaj\u00ed jen dobr\u00fd \u010das. Tak\u017ee pokud hled\u00e1te n\u011bco v\u00e1\u017en\u00e9ho, mo\u017en\u00e1 budete cht\u00edt hledat jinde. Za druh\u00e9, jsou obvykle docela zanepr\u00e1zdn\u011bni, tak\u017ee budete muset b\u00fdt flexibiln\u00ed se sv\u00fdm pl\u00e1nem. A kone\u010dn\u011b, v\u011bd\u00ed, co cht\u011bj\u00ed, tak\u017ee bu\u010fte p\u0159ipraveni jim d\u00e1t to, co pot\u0159ebuj\u00ed.<\/p>\n<p>Pokud to v\u0161echno zvl\u00e1dnete, pak datov\u00e1n\u00ed MILF m\u016f\u017ee b\u00fdt neuv\u011b\u0159iteln\u011b z\u00e1bavn\u00fd a obohacuj\u00edc\u00ed z\u00e1\u017eitek. Jen se ujist\u011bte, \u017ee v\u011bci berete pomalu, bu\u010fte uctiv\u00ed a bu\u010fte p\u0159ipraveni se dob\u0159e bavit.<\/p>\n<p>Ve m\u00e9m okol\u00ed je spousta m\u00edstn\u00edch milf\u016f, kte\u0159\u00ed hledaj\u00ed l\u00e1sku. Nejlep\u0161\u00ed zp\u016fsob, jak je naj\u00edt, je pou\u017e\u00edt online seznamovac\u00ed str\u00e1nky. T\u00edmto zp\u016fsobem m\u016f\u017eete vid\u011bt profily v\u0161ech m\u00edstn\u00edch milfs v m\u00e9m okol\u00ed a rozhodnout se, s k\u00fdm chcete mluvit. M\u016f\u017eete si tak\u00e9 p\u0159e\u010d\u00edst recenze r\u016fzn\u00fdch str\u00e1nek, ne\u017e se zaregistrujete na jeden. T\u00edmto zp\u016fsobem si m\u016f\u017eete b\u00fdt jisti, \u017ee pou\u017e\u00edv\u00e1te renomovan\u00fd web.<\/p>\n<h2>Milfs Seznamka<\/h2>\n<p>Existuje mnoho milf seznamovac\u00edch str\u00e1nek k dispozici online a v posledn\u00edch letech se staly velmi popul\u00e1rn\u00ed. Tyto str\u00e1nky poskytuj\u00ed star\u0161\u00edm \u017een\u00e1m skv\u011bl\u00fd zp\u016fsob, jak se setkat s mlad\u0161\u00edmi mu\u017ei a naopak. Nab\u00edzej\u00ed bezpe\u010dn\u00e9 a z\u00e1bavn\u00e9 prost\u0159ed\u00ed pro setk\u00e1v\u00e1n\u00ed a interakci lid\u00ed a mnoho z nich m\u00e1 mnoho \u010dlen\u016f. To znamen\u00e1, \u017ee existuje spousta p\u0159\u00edle\u017eitost\u00ed k nalezen\u00ed shody.<\/p>\n<p>Je v\u0161ak d\u016fle\u017eit\u00e9 si uv\u011bdomit, \u017ee ne v\u0161echny seznamovac\u00ed str\u00e1nky MILF jsou vytvo\u0159eny stejn\u011b. Existuj\u00ed n\u011bkter\u00e9, kter\u00e9 jsou lep\u0161\u00ed ne\u017e jin\u00e9, a je d\u016fle\u017eit\u00e9 prov\u00e9st n\u011bjak\u00fd v\u00fdzkum, ne\u017e se k n\u011bmu p\u0159ipoj\u00edte. T\u00edmto zp\u016fsobem si m\u016f\u017eete b\u00fdt jisti, \u017ee z\u00edsk\u00e1v\u00e1te nejlep\u0161\u00ed mo\u017en\u00fd z\u00e1\u017eitek.<\/p>\n<h3>OneNightFriend<\/h3>\n<p>OneNightFriend seznamovac\u00ed aplikace je jedn\u00edm z nejlep\u0161\u00edch bezplatn\u00fdch milf hookup str\u00e1nek. Byl navr\u017een tak, aby pomohl svobodn\u00fdm mu\u017e\u016fm a \u017een\u00e1m naj\u00edt se navz\u00e1jem pro p\u0159\u00edle\u017eitostn\u00e9 sch\u016fzky a spojen\u00ed. Aplikace je u\u017eivatelsky p\u0159\u00edv\u011btiv\u00e1 a snadno se pou\u017e\u00edv\u00e1. M\u016f\u017eete se zdarma zaregistrovat a vytvo\u0159it si profil b\u011bhem n\u011bkolika minut. Jakmile vytvo\u0159\u00edte sv\u016fj profil, m\u016f\u017eete za\u010d\u00edt hledat m\u00edstn\u00ed milfs ve va\u0161\u00ed oblasti. OneNightFriend m\u00e1 velkou datab\u00e1zi milf\u016f, kte\u0159\u00ed hledaj\u00ed p\u0159\u00edle\u017eitostn\u00e9 p\u0159ipojen\u00ed a data. Aplikaci m\u016f\u017eete tak\u00e9 pou\u017e\u00edt k chatov\u00e1n\u00ed s ostatn\u00edmi \u010dleny a k v\u00fdm\u011bn\u011b zpr\u00e1v. Aplikace je k dispozici zdarma v App Store a Google Play Store.<\/p>\n<h3>WetHunt<\/h3>\n<p>WetHunt je nov\u00e1 seznamovac\u00ed aplikace, kter\u00e1 se rychle st\u00e1v\u00e1 popul\u00e1rn\u00ed mezi fanou\u0161ky milf hookup. Je zdarma ke sta\u017een\u00ed a pou\u017eit\u00ed a nab\u00edz\u00ed mnoho funkc\u00ed, kter\u00e9 jin\u00e9 aplikace nemaj\u00ed. M\u016f\u017eete nap\u0159\u00edklad vyhled\u00e1vat \u010dleny podle m\u00edsta, v\u011bku, z\u00e1jm\u016f a dokonce i typu t\u011bla. Aplikace m\u00e1 tak\u00e9 funkci zas\u00edl\u00e1n\u00ed zpr\u00e1v, tak\u017ee m\u016f\u017eete chatovat s potenci\u00e1ln\u00edmi daty p\u0159ed osobn\u00edm setk\u00e1n\u00edm. WetHunt je skv\u011bl\u00e1 volba pro ka\u017ed\u00e9ho, kdo hled\u00e1 bezplatnou aplikaci pro p\u0159ipojen\u00ed milf.<\/p>\n<h3>FlingPals<\/h3>\n<p>FlingPals je nov\u00e1 seznamovac\u00ed aplikace, kter\u00e1 se rychle st\u00e1v\u00e1 popul\u00e1rn\u00ed u u\u017eivatel\u016f v\u0161ech v\u011bkov\u00fdch kategori\u00ed, zejm\u00e9na t\u011bch ve v\u011bku 20 a 30 let. Aplikace umo\u017e\u0148uje u\u017eivatel\u016fm spojit se s ostatn\u00edmi na z\u00e1klad\u011b jejich polohy a v\u011bku a pot\u00e9 chatovat a dohodnout se na setk\u00e1n\u00ed. Aplikace je zdarma ke sta\u017een\u00ed a pou\u017eit\u00ed a neexistuj\u00ed \u017e\u00e1dn\u00e9 n\u00e1kupy v aplikaci. FlingPals byl chv\u00e1len za svou jednoduchost a snadn\u00e9 pou\u017eit\u00ed a mnoho u\u017eivatel\u016f zjistilo, \u017ee je to skv\u011bl\u00fd zp\u016fsob, jak se setkat s nov\u00fdmi lidmi ve sv\u00e9 oblasti. Aplikace je tak\u00e9 obl\u00edben\u00e1 u lid\u00ed, kte\u0159\u00ed hledaj\u00ed rychl\u00e9 p\u0159ipojen\u00ed, proto\u017ee usnad\u0148uje uspo\u0159\u00e1d\u00e1n\u00ed setk\u00e1n\u00ed s n\u011bk\u00fdm v okol\u00ed.<\/p>\n<p>Celkov\u011b je FlingPals skv\u011bl\u00e1 nov\u00e1 seznamovac\u00ed aplikace, kter\u00e1 jist\u011b oslov\u00ed \u0161irokou \u0161k\u00e1lu u\u017eivatel\u016f. Je to jednoduch\u00e9 pou\u017eit\u00ed a nab\u00edz\u00ed skv\u011bl\u00fd zp\u016fsob, jak se setkat s nov\u00fdmi lidmi a potenci\u00e1ln\u011b naj\u00edt flirt.<\/p>\n","protected":false},"excerpt":{"rendered":"<p>Existuje mnoho bezplatn\u00fdch str\u00e1nek MILF p\u0159ipojen\u00ed online, tak\u017ee je snadn\u00e9 naj\u00edt ten, kter\u00fd je pro v\u00e1s ten prav\u00fd. Ujist\u011bte se, \u017ee jste si p\u0159e\u010detli recenze p\u0159ed registrac\u00ed na jak\u00e9mkoli webu a nezapome\u0148te hledat web, kter\u00fd m\u00e1 dobrou pov\u011bst. Jakmile najdete web, se kter\u00fdm jste spokojeni, vytvo\u0159te si profil a za\u010dn\u011bte\u2026<\/p>\n","protected":false},"author":1,"featured_media":0,"parent":0,"menu_order":0,"comment_status":"closed","ping_status":"closed","template":"","meta":[],"yoast_head":"<!-- This site is optimized with the Yoast SEO plugin v17.7.1 - https:\/\/yoast.com\/wordpress\/plugins\/seo\/ -->\n<title>Zdarma MILF Hookup str\u00e1nky - Film Reviews<\/title>\n<meta name=\"robots\" content=\"index, follow, max-snippet:-1, max-image-preview:large, max-video-preview:-1\" \/>\n<link rel=\"canonical\" href=\"http:\/\/bellissima-films.com\/cs\/zdarma-milf-hookup-stranky\/\" \/>\n<meta property=\"og:locale\" content=\"cs_CZ\" \/>\n<meta property=\"og:type\" content=\"article\" \/>\n<meta property=\"og:title\" content=\"Zdarma MILF Hookup str\u00e1nky - Film Reviews\" \/>\n<meta property=\"og:description\" content=\"Existuje mnoho bezplatn\u00fdch str\u00e1nek MILF p\u0159ipojen\u00ed online, tak\u017ee je snadn\u00e9 naj\u00edt ten, kter\u00fd je pro v\u00e1s ten prav\u00fd. Ujist\u011bte se, \u017ee jste si p\u0159e\u010detli recenze p\u0159ed registrac\u00ed na jak\u00e9mkoli webu a nezapome\u0148te hledat web, kter\u00fd m\u00e1 dobrou pov\u011bst. Jakmile najdete web, se kter\u00fdm jste spokojeni, vytvo\u0159te si profil a za\u010dn\u011bte\u2026\" \/>\n<meta property=\"og:url\" content=\"http:\/\/bellissima-films.com\/cs\/zdarma-milf-hookup-stranky\/\" \/>\n<meta property=\"og:site_name\" content=\"Film Reviews\" \/>\n<meta name=\"twitter:card\" content=\"summary_large_image\" \/>\n<meta name=\"twitter:label1\" content=\"Odhadovan\u00e1 doba \u010dten\u00ed\" \/>\n\t<meta name=\"twitter:data1\" content=\"5 minut\" \/>\n<script type=\"application\/ld+json\" class=\"yoast-schema-graph\">{\"@context\":\"https:\/\/schema.org\",\"@graph\":[{\"@type\":\"WebSite\",\"@id\":\"https:\/\/bellissima-films.com\/cs\/#website\",\"url\":\"https:\/\/bellissima-films.com\/cs\/\",\"name\":\"Film Reviews\",\"description\":\"Real Hookups\",\"potentialAction\":[{\"@type\":\"SearchAction\",\"target\":{\"@type\":\"EntryPoint\",\"urlTemplate\":\"https:\/\/bellissima-films.com\/cs\/?s={search_term_string}\"},\"query-input\":\"required name=search_term_string\"}],\"inLanguage\":\"cs\"},{\"@type\":\"WebPage\",\"@id\":\"http:\/\/bellissima-films.com\/cs\/zdarma-milf-hookup-stranky\/#webpage\",\"url\":\"http:\/\/bellissima-films.com\/cs\/zdarma-milf-hookup-stranky\/\",\"name\":\"Zdarma MILF Hookup str\\u00e1nky - Film Reviews\",\"isPartOf\":{\"@id\":\"https:\/\/bellissima-films.com\/cs\/#website\"},\"datePublished\":\"2022-10-03T12:30:04+00:00\",\"dateModified\":\"2022-10-03T12:30:04+00:00\",\"breadcrumb\":{\"@id\":\"http:\/\/bellissima-films.com\/cs\/zdarma-milf-hookup-stranky\/#breadcrumb\"},\"inLanguage\":\"cs\",\"potentialAction\":[{\"@type\":\"ReadAction\",\"target\":[\"http:\/\/bellissima-films.com\/cs\/zdarma-milf-hookup-stranky\/\"]}]},{\"@type\":\"BreadcrumbList\",\"@id\":\"http:\/\/bellissima-films.com\/cs\/zdarma-milf-hookup-stranky\/#breadcrumb\",\"itemListElement\":[{\"@type\":\"ListItem\",\"position\":1,\"name\":\"Home\",\"item\":\"https:\/\/bellissima-films.com\/cs\/\"},{\"@type\":\"ListItem\",\"position\":2,\"name\":\"Zdarma MILF Hookup str\\u00e1nky\"}]}]}<\/script>\n<!-- \/ Yoast SEO plugin. -->","yoast_head_json":{"title":"Zdarma MILF Hookup str\u00e1nky - Film Reviews","robots":{"index":"index","follow":"follow","max-snippet":"max-snippet:-1","max-image-preview":"max-image-preview:large","max-video-preview":"max-video-preview:-1"},"canonical":"http:\/\/bellissima-films.com\/cs\/zdarma-milf-hookup-stranky\/","og_locale":"cs_CZ","og_type":"article","og_title":"Zdarma MILF Hookup str\u00e1nky - Film Reviews","og_description":"Existuje mnoho bezplatn\u00fdch str\u00e1nek MILF p\u0159ipojen\u00ed online, tak\u017ee je snadn\u00e9 naj\u00edt ten, kter\u00fd je pro v\u00e1s ten prav\u00fd. Ujist\u011bte se, \u017ee jste si p\u0159e\u010detli recenze p\u0159ed registrac\u00ed na jak\u00e9mkoli webu a nezapome\u0148te hledat web, kter\u00fd m\u00e1 dobrou pov\u011bst. Jakmile najdete web, se kter\u00fdm jste spokojeni, vytvo\u0159te si profil a za\u010dn\u011bte\u2026","og_url":"http:\/\/bellissima-films.com\/cs\/zdarma-milf-hookup-stranky\/","og_site_name":"Film Reviews","twitter_card":"summary_large_image","twitter_misc":{"Odhadovan\u00e1 doba \u010dten\u00ed":"5 minut"},"schema":{"@context":"https:\/\/schema.org","@graph":[{"@type":"WebSite","@id":"https:\/\/bellissima-films.com\/cs\/#website","url":"https:\/\/bellissima-films.com\/cs\/","name":"Film Reviews","description":"Real Hookups","potentialAction":[{"@type":"SearchAction","target":{"@type":"EntryPoint","urlTemplate":"https:\/\/bellissima-films.com\/cs\/?s={search_term_string}"},"query-input":"required name=search_term_string"}],"inLanguage":"cs"},{"@type":"WebPage","@id":"http:\/\/bellissima-films.com\/cs\/zdarma-milf-hookup-stranky\/#webpage","url":"http:\/\/bellissima-films.com\/cs\/zdarma-milf-hookup-stranky\/","name":"Zdarma MILF Hookup str\u00e1nky - Film Reviews","isPartOf":{"@id":"https:\/\/bellissima-films.com\/cs\/#website"},"datePublished":"2022-10-03T12:30:04+00:00","dateModified":"2022-10-03T12:30:04+00:00","breadcrumb":{"@id":"http:\/\/bellissima-films.com\/cs\/zdarma-milf-hookup-stranky\/#breadcrumb"},"inLanguage":"cs","potentialAction":[{"@type":"ReadAction","target":["http:\/\/bellissima-films.com\/cs\/zdarma-milf-hookup-stranky\/"]}]},{"@type":"BreadcrumbList","@id":"http:\/\/bellissima-films.com\/cs\/zdarma-milf-hookup-stranky\/#breadcrumb","itemListElement":[{"@type":"ListItem","position":1,"name":"Home","item":"https:\/\/bellissima-films.com\/cs\/"},{"@type":"ListItem","position":2,"name":"Zdarma MILF Hookup str\u00e1nky"}]}]}},"_links":{"self":[{"href":"http:\/\/bellissima-films.com\/cs\/wp-json\/wp\/v2\/pages\/138"}],"collection":[{"href":"http:\/\/bellissima-films.com\/cs\/wp-json\/wp\/v2\/pages"}],"about":[{"href":"http:\/\/bellissima-films.com\/cs\/wp-json\/wp\/v2\/types\/page"}],"author":[{"embeddable":true,"href":"http:\/\/bellissima-films.com\/cs\/wp-json\/wp\/v2\/users\/1"}],"replies":[{"embeddable":true,"href":"http:\/\/bellissima-films.com\/cs\/wp-json\/wp\/v2\/comments?post=138"}],"version-history":[{"count":0,"href":"http:\/\/bellissima-films.com\/cs\/wp-json\/wp\/v2\/pages\/138\/revisions"}],"wp:attachment":[{"href":"http:\/\/bellissima-films.com\/cs\/wp-json\/wp\/v2\/media?parent=138"}],"curies":[{"name":"wp","href":"https:\/\/api.w.org\/{rel}","templated":true}]}}